{"id":16903,"date":"2023-12-19T19:39:29","date_gmt":"2023-12-19T18:39:29","guid":{"rendered":"https:\/\/venuspara.com\/?post_type=product&#038;p=16903"},"modified":"2023-12-19T19:40:54","modified_gmt":"2023-12-19T18:40:54","slug":"casmara-mask-lxury","status":"publish","type":"product","link":"https:\/\/pharmadreams.shop\/index.php\/product\/casmara-mask-lxury\/","title":{"rendered":"Casmara mask lxury"},"content":{"rendered":"","protected":false},"excerpt":{"rendered":"<p><strong>Masque Luxury Algae Peel-Off Mask + Ampoule revitalisante.<\/strong><\/p>\n<p>Le seul et l&rsquo;unique Algae Peel-Off Facial Mask p\u00e9n\u00e8tre votre peau en favorisant l&rsquo;absorption des principes actifs du masque et de la cr\u00e8me. Il peut s&rsquo;appliquer sur les yeux et les l\u00e8vres, l\u00e0 o\u00f9 d&rsquo;autres soins ne peuvent agir.<\/p>\n<p>Il procure un effect drainant qui aide \u00e0 r\u00e9duire les poches et les cernes.<\/p>\n<p>D\u00e9couvrez des produits cosm\u00e9tiques professionnels \u00e0 la maison gr\u00e2ce aux programmes de beaut\u00e9 CASMARA<\/p>\n","protected":false},"featured_media":16988,"comment_status":"open","ping_status":"closed","template":"","meta":[],"product_brand":[],"product_cat":[98,165],"product_tag":[],"class_list":{"0":"post-16903","1":"product","2":"type-product","3":"status-publish","4":"has-post-thumbnail","6":"product_cat-hydratation","7":"product_cat-masque","9":"first","10":"instock","11":"shipping-taxable","12":"purchasable","13":"product-type-simple"},"yoast_head":"<!-- This site is optimized with the Yoast SEO plugin v23.0 - https:\/\/yoast.com\/wordpress\/plugins\/seo\/ -->\n<title>Casmara mask lxury - pharmadreams<\/title>\n<meta name=\"robots\" content=\"index, follow, max-snippet:-1, max-image-preview:large, max-video-preview:-1\" \/>\n<link rel=\"canonical\" href=\"https:\/\/pharmadreams.shop\/index.php\/product\/casmara-mask-lxury\/\" \/>\n<meta property=\"og:locale\" content=\"fr_FR\" \/>\n<meta property=\"og:type\" content=\"article\" \/>\n<meta property=\"og:title\" content=\"Casmara mask lxury - pharmadreams\" \/>\n<meta property=\"og:description\" content=\"Masque Luxury Algae Peel-Off Mask + Ampoule revitalisante.  Le seul et l&#039;unique Algae Peel-Off Facial Mask p\u00e9n\u00e8tre votre peau en favorisant l&#039;absorption des principes actifs du masque et de la cr\u00e8me. Il peut s&#039;appliquer sur les yeux et les l\u00e8vres, l\u00e0 o\u00f9 d&#039;autres soins ne peuvent agir.  Il procure un effect drainant qui aide \u00e0 r\u00e9duire les poches et les cernes.  D\u00e9couvrez des produits cosm\u00e9tiques professionnels \u00e0 la maison gr\u00e2ce aux programmes de beaut\u00e9 CASMARA\" \/>\n<meta property=\"og:url\" content=\"https:\/\/pharmadreams.shop\/index.php\/product\/casmara-mask-lxury\/\" \/>\n<meta property=\"og:site_name\" content=\"pharmadreams\" \/>\n<meta property=\"article:modified_time\" content=\"2023-12-19T18:40:54+00:00\" \/>\n<meta property=\"og:image\" content=\"https:\/\/pharmadreams.shop\/wp-content\/uploads\/2023\/12\/Sans-titre-34.png\" \/>\n\t<meta property=\"og:image:width\" content=\"1818\" \/>\n\t<meta property=\"og:image:height\" content=\"1302\" \/>\n\t<meta property=\"og:image:type\" content=\"image\/png\" \/>\n<meta name=\"twitter:card\" content=\"summary_large_image\" \/>\n<script type=\"application\/ld+json\" class=\"yoast-schema-graph\">{\"@context\":\"https:\/\/schema.org\",\"@graph\":[{\"@type\":\"WebPage\",\"@id\":\"https:\/\/pharmadreams.shop\/index.php\/product\/casmara-mask-lxury\/\",\"url\":\"https:\/\/pharmadreams.shop\/index.php\/product\/casmara-mask-lxury\/\",\"name\":\"Casmara mask lxury - pharmadreams\",\"isPartOf\":{\"@id\":\"https:\/\/pharmadreams.shop\/#website\"},\"primaryImageOfPage\":{\"@id\":\"https:\/\/pharmadreams.shop\/index.php\/product\/casmara-mask-lxury\/#primaryimage\"},\"image\":{\"@id\":\"https:\/\/pharmadreams.shop\/index.php\/product\/casmara-mask-lxury\/#primaryimage\"},\"thumbnailUrl\":\"https:\/\/pharmadreams.shop\/wp-content\/uploads\/2023\/12\/Sans-titre-34.png\",\"datePublished\":\"2023-12-19T18:39:29+00:00\",\"dateModified\":\"2023-12-19T18:40:54+00:00\",\"breadcrumb\":{\"@id\":\"https:\/\/pharmadreams.shop\/index.php\/product\/casmara-mask-lxury\/#breadcrumb\"},\"inLanguage\":\"fr-FR\",\"potentialAction\":[{\"@type\":\"ReadAction\",\"target\":[\"https:\/\/pharmadreams.shop\/index.php\/product\/casmara-mask-lxury\/\"]}]},{\"@type\":\"ImageObject\",\"inLanguage\":\"fr-FR\",\"@id\":\"https:\/\/pharmadreams.shop\/index.php\/product\/casmara-mask-lxury\/#primaryimage\",\"url\":\"https:\/\/pharmadreams.shop\/wp-content\/uploads\/2023\/12\/Sans-titre-34.png\",\"contentUrl\":\"https:\/\/pharmadreams.shop\/wp-content\/uploads\/2023\/12\/Sans-titre-34.png\",\"width\":1818,\"height\":1302},{\"@type\":\"BreadcrumbList\",\"@id\":\"https:\/\/pharmadreams.shop\/index.php\/product\/casmara-mask-lxury\/#breadcrumb\",\"itemListElement\":[{\"@type\":\"ListItem\",\"position\":1,\"name\":\"Accueil\",\"item\":\"https:\/\/pharmadreams.shop\/\"},{\"@type\":\"ListItem\",\"position\":2,\"name\":\"Shop\",\"item\":\"https:\/\/pharmadreams.shop\/index.php\/shop\/\"},{\"@type\":\"ListItem\",\"position\":3,\"name\":\"Casmara mask lxury\"}]},{\"@type\":\"WebSite\",\"@id\":\"https:\/\/pharmadreams.shop\/#website\",\"url\":\"https:\/\/pharmadreams.shop\/\",\"name\":\"pharmadreams\",\"description\":\"Parapharmacie en ligne\",\"potentialAction\":[{\"@type\":\"SearchAction\",\"target\":{\"@type\":\"EntryPoint\",\"urlTemplate\":\"https:\/\/pharmadreams.shop\/?s={search_term_string}\"},\"query-input\":\"required name=search_term_string\"}],\"inLanguage\":\"fr-FR\"}]}<\/script>\n<!-- \/ Yoast SEO plugin. -->","yoast_head_json":{"title":"Casmara mask lxury - pharmadreams","robots":{"index":"index","follow":"follow","max-snippet":"max-snippet:-1","max-image-preview":"max-image-preview:large","max-video-preview":"max-video-preview:-1"},"canonical":"https:\/\/pharmadreams.shop\/index.php\/product\/casmara-mask-lxury\/","og_locale":"fr_FR","og_type":"article","og_title":"Casmara mask lxury - pharmadreams","og_description":"Masque Luxury Algae Peel-Off Mask + Ampoule revitalisante.  Le seul et l'unique Algae Peel-Off Facial Mask p\u00e9n\u00e8tre votre peau en favorisant l'absorption des principes actifs du masque et de la cr\u00e8me. Il peut s'appliquer sur les yeux et les l\u00e8vres, l\u00e0 o\u00f9 d'autres soins ne peuvent agir.  Il procure un effect drainant qui aide \u00e0 r\u00e9duire les poches et les cernes.  D\u00e9couvrez des produits cosm\u00e9tiques professionnels \u00e0 la maison gr\u00e2ce aux programmes de beaut\u00e9 CASMARA","og_url":"https:\/\/pharmadreams.shop\/index.php\/product\/casmara-mask-lxury\/","og_site_name":"pharmadreams","article_modified_time":"2023-12-19T18:40:54+00:00","og_image":[{"width":1818,"height":1302,"url":"https:\/\/pharmadreams.shop\/wp-content\/uploads\/2023\/12\/Sans-titre-34.png","type":"image\/png"}],"twitter_card":"summary_large_image","schema":{"@context":"https:\/\/schema.org","@graph":[{"@type":"WebPage","@id":"https:\/\/pharmadreams.shop\/index.php\/product\/casmara-mask-lxury\/","url":"https:\/\/pharmadreams.shop\/index.php\/product\/casmara-mask-lxury\/","name":"Casmara mask lxury - pharmadreams","isPartOf":{"@id":"https:\/\/pharmadreams.shop\/#website"},"primaryImageOfPage":{"@id":"https:\/\/pharmadreams.shop\/index.php\/product\/casmara-mask-lxury\/#primaryimage"},"image":{"@id":"https:\/\/pharmadreams.shop\/index.php\/product\/casmara-mask-lxury\/#primaryimage"},"thumbnailUrl":"https:\/\/pharmadreams.shop\/wp-content\/uploads\/2023\/12\/Sans-titre-34.png","datePublished":"2023-12-19T18:39:29+00:00","dateModified":"2023-12-19T18:40:54+00:00","breadcrumb":{"@id":"https:\/\/pharmadreams.shop\/index.php\/product\/casmara-mask-lxury\/#breadcrumb"},"inLanguage":"fr-FR","potentialAction":[{"@type":"ReadAction","target":["https:\/\/pharmadreams.shop\/index.php\/product\/casmara-mask-lxury\/"]}]},{"@type":"ImageObject","inLanguage":"fr-FR","@id":"https:\/\/pharmadreams.shop\/index.php\/product\/casmara-mask-lxury\/#primaryimage","url":"https:\/\/pharmadreams.shop\/wp-content\/uploads\/2023\/12\/Sans-titre-34.png","contentUrl":"https:\/\/pharmadreams.shop\/wp-content\/uploads\/2023\/12\/Sans-titre-34.png","width":1818,"height":1302},{"@type":"BreadcrumbList","@id":"https:\/\/pharmadreams.shop\/index.php\/product\/casmara-mask-lxury\/#breadcrumb","itemListElement":[{"@type":"ListItem","position":1,"name":"Accueil","item":"https:\/\/pharmadreams.shop\/"},{"@type":"ListItem","position":2,"name":"Shop","item":"https:\/\/pharmadreams.shop\/index.php\/shop\/"},{"@type":"ListItem","position":3,"name":"Casmara mask lxury"}]},{"@type":"WebSite","@id":"https:\/\/pharmadreams.shop\/#website","url":"https:\/\/pharmadreams.shop\/","name":"pharmadreams","description":"Parapharmacie en ligne","potentialAction":[{"@type":"SearchAction","target":{"@type":"EntryPoint","urlTemplate":"https:\/\/pharmadreams.shop\/?s={search_term_string}"},"query-input":"required name=search_term_string"}],"inLanguage":"fr-FR"}]}},"_links":{"self":[{"href":"https:\/\/pharmadreams.shop\/index.php\/wp-json\/wp\/v2\/product\/16903","targetHints":{"allow":["GET"]}}],"collection":[{"href":"https:\/\/pharmadreams.shop\/index.php\/wp-json\/wp\/v2\/product"}],"about":[{"href":"https:\/\/pharmadreams.shop\/index.php\/wp-json\/wp\/v2\/types\/product"}],"replies":[{"embeddable":true,"href":"https:\/\/pharmadreams.shop\/index.php\/wp-json\/wp\/v2\/comments?post=16903"}],"version-history":[{"count":0,"href":"https:\/\/pharmadreams.shop\/index.php\/wp-json\/wp\/v2\/product\/16903\/revisions"}],"wp:featuredmedia":[{"embeddable":true,"href":"https:\/\/pharmadreams.shop\/index.php\/wp-json\/wp\/v2\/media\/16988"}],"wp:attachment":[{"href":"https:\/\/pharmadreams.shop\/index.php\/wp-json\/wp\/v2\/media?parent=16903"}],"wp:term":[{"taxonomy":"product_brand","embeddable":true,"href":"https:\/\/pharmadreams.shop\/index.php\/wp-json\/wp\/v2\/product_brand?post=16903"},{"taxonomy":"product_cat","embeddable":true,"href":"https:\/\/pharmadreams.shop\/index.php\/wp-json\/wp\/v2\/product_cat?post=16903"},{"taxonomy":"product_tag","embeddable":true,"href":"https:\/\/pharmadreams.shop\/index.php\/wp-json\/wp\/v2\/product_tag?post=16903"}],"curies":[{"name":"wp","href":"https:\/\/api.w.org\/{rel}","templated":true}]}}