{"id":16918,"date":"2023-12-19T19:39:53","date_gmt":"2023-12-19T18:39:53","guid":{"rendered":"https:\/\/venuspara.com\/?post_type=product&#038;p=16918"},"modified":"2023-12-19T19:40:56","modified_gmt":"2023-12-19T18:40:56","slug":"lirene-coconut-illuminatrice-dore-150ml","status":"publish","type":"product","link":"https:\/\/pharmadreams.shop\/index.php\/product\/lirene-coconut-illuminatrice-dore-150ml\/","title":{"rendered":"Lirene coconut illuminatrice dor\u00e9 150ml"},"content":{"rendered":"","protected":false},"excerpt":{"rendered":"<p>COCONUT SHINE Illumination Cream de Lirene. Cr\u00e8me visage et corps. Il contient 90% d\u2019ingr\u00e9dients d\u2019origine naturelle et est vegan. Il soulignera parfaitement le bronzage et lui donnera un \u00e9clat dor\u00e9. Il contient des pigments min\u00e9raux sp\u00e9ciaux qui r\u00e9fl\u00e9chissent la lumi\u00e8re et donnent \u00e0 la peau un \u00e9clat radieux. De plus, la cr\u00e8me unifie efficacement la couleur, lisse et camoufle les imperfections du bronzage. Dans le m\u00eame temps, le cosm\u00e9tique a \u00e9t\u00e9 enrichi en eau de coco biologique, en huile d\u2019amande et en huile de canola, qui nourrissent, hydratent et r\u00e9g\u00e9n\u00e8rent intens\u00e9ment. La cr\u00e8me peut \u00eatre utilis\u00e9e seule ou en compl\u00e9ment du fond de teint. Il est disponible en tube de 150 ml. Cr\u00e8me corps et visage. Illumine visiblement la peau. Met magnifiquement en valeur le bronzage. Peut \u00eatre utilis\u00e9 avec un appr\u00eat.<\/p>\n","protected":false},"featured_media":16990,"comment_status":"open","ping_status":"closed","template":"","meta":[],"product_brand":[],"product_cat":[28,78,20],"product_tag":[],"class_list":{"0":"post-16918","1":"product","2":"type-product","3":"status-publish","4":"has-post-thumbnail","6":"product_cat-corps","7":"product_cat-cremes","8":"product_cat-visage","10":"first","11":"instock","12":"shipping-taxable","13":"purchasable","14":"product-type-simple"},"yoast_head":"<!-- This site is optimized with the Yoast SEO plugin v23.0 - https:\/\/yoast.com\/wordpress\/plugins\/seo\/ -->\n<title>Lirene coconut illuminatrice dor\u00e9 150ml - pharmadreams<\/title>\n<meta name=\"robots\" content=\"index, follow, max-snippet:-1, max-image-preview:large, max-video-preview:-1\" \/>\n<link rel=\"canonical\" href=\"https:\/\/pharmadreams.shop\/index.php\/product\/lirene-coconut-illuminatrice-dore-150ml\/\" \/>\n<meta property=\"og:locale\" content=\"fr_FR\" \/>\n<meta property=\"og:type\" content=\"article\" \/>\n<meta property=\"og:title\" content=\"Lirene coconut illuminatrice dor\u00e9 150ml - pharmadreams\" \/>\n<meta property=\"og:description\" content=\"COCONUT SHINE Illumination Cream de Lirene. Cr\u00e8me visage et corps. Il contient 90% d\u2019ingr\u00e9dients d\u2019origine naturelle et est vegan. Il soulignera parfaitement le bronzage et lui donnera un \u00e9clat dor\u00e9. Il contient des pigments min\u00e9raux sp\u00e9ciaux qui r\u00e9fl\u00e9chissent la lumi\u00e8re et donnent \u00e0 la peau un \u00e9clat radieux. De plus, la cr\u00e8me unifie efficacement la couleur, lisse et camoufle les imperfections du bronzage. Dans le m\u00eame temps, le cosm\u00e9tique a \u00e9t\u00e9 enrichi en eau de coco biologique, en huile d\u2019amande et en huile de canola, qui nourrissent, hydratent et r\u00e9g\u00e9n\u00e8rent intens\u00e9ment. La cr\u00e8me peut \u00eatre utilis\u00e9e seule ou en compl\u00e9ment du fond de teint. Il est disponible en tube de 150 ml. Cr\u00e8me corps et visage. Illumine visiblement la peau. Met magnifiquement en valeur le bronzage. Peut \u00eatre utilis\u00e9 avec un appr\u00eat.\" \/>\n<meta property=\"og:url\" content=\"https:\/\/pharmadreams.shop\/index.php\/product\/lirene-coconut-illuminatrice-dore-150ml\/\" \/>\n<meta property=\"og:site_name\" content=\"pharmadreams\" \/>\n<meta property=\"article:modified_time\" content=\"2023-12-19T18:40:56+00:00\" \/>\n<meta property=\"og:image\" content=\"https:\/\/pharmadreams.shop\/wp-content\/uploads\/2023\/12\/Sans-titre-35.png\" \/>\n\t<meta property=\"og:image:width\" content=\"832\" \/>\n\t<meta property=\"og:image:height\" content=\"872\" \/>\n\t<meta property=\"og:image:type\" content=\"image\/png\" \/>\n<meta name=\"twitter:card\" content=\"summary_large_image\" \/>\n<script type=\"application\/ld+json\" class=\"yoast-schema-graph\">{\"@context\":\"https:\/\/schema.org\",\"@graph\":[{\"@type\":\"WebPage\",\"@id\":\"https:\/\/pharmadreams.shop\/index.php\/product\/lirene-coconut-illuminatrice-dore-150ml\/\",\"url\":\"https:\/\/pharmadreams.shop\/index.php\/product\/lirene-coconut-illuminatrice-dore-150ml\/\",\"name\":\"Lirene coconut illuminatrice dor\u00e9 150ml - pharmadreams\",\"isPartOf\":{\"@id\":\"https:\/\/pharmadreams.shop\/#website\"},\"primaryImageOfPage\":{\"@id\":\"https:\/\/pharmadreams.shop\/index.php\/product\/lirene-coconut-illuminatrice-dore-150ml\/#primaryimage\"},\"image\":{\"@id\":\"https:\/\/pharmadreams.shop\/index.php\/product\/lirene-coconut-illuminatrice-dore-150ml\/#primaryimage\"},\"thumbnailUrl\":\"https:\/\/pharmadreams.shop\/wp-content\/uploads\/2023\/12\/Sans-titre-35.png\",\"datePublished\":\"2023-12-19T18:39:53+00:00\",\"dateModified\":\"2023-12-19T18:40:56+00:00\",\"breadcrumb\":{\"@id\":\"https:\/\/pharmadreams.shop\/index.php\/product\/lirene-coconut-illuminatrice-dore-150ml\/#breadcrumb\"},\"inLanguage\":\"fr-FR\",\"potentialAction\":[{\"@type\":\"ReadAction\",\"target\":[\"https:\/\/pharmadreams.shop\/index.php\/product\/lirene-coconut-illuminatrice-dore-150ml\/\"]}]},{\"@type\":\"ImageObject\",\"inLanguage\":\"fr-FR\",\"@id\":\"https:\/\/pharmadreams.shop\/index.php\/product\/lirene-coconut-illuminatrice-dore-150ml\/#primaryimage\",\"url\":\"https:\/\/pharmadreams.shop\/wp-content\/uploads\/2023\/12\/Sans-titre-35.png\",\"contentUrl\":\"https:\/\/pharmadreams.shop\/wp-content\/uploads\/2023\/12\/Sans-titre-35.png\",\"width\":832,\"height\":872},{\"@type\":\"BreadcrumbList\",\"@id\":\"https:\/\/pharmadreams.shop\/index.php\/product\/lirene-coconut-illuminatrice-dore-150ml\/#breadcrumb\",\"itemListElement\":[{\"@type\":\"ListItem\",\"position\":1,\"name\":\"Accueil\",\"item\":\"https:\/\/pharmadreams.shop\/\"},{\"@type\":\"ListItem\",\"position\":2,\"name\":\"Shop\",\"item\":\"https:\/\/pharmadreams.shop\/index.php\/shop\/\"},{\"@type\":\"ListItem\",\"position\":3,\"name\":\"Lirene coconut illuminatrice dor\u00e9 150ml\"}]},{\"@type\":\"WebSite\",\"@id\":\"https:\/\/pharmadreams.shop\/#website\",\"url\":\"https:\/\/pharmadreams.shop\/\",\"name\":\"pharmadreams\",\"description\":\"Parapharmacie en ligne\",\"potentialAction\":[{\"@type\":\"SearchAction\",\"target\":{\"@type\":\"EntryPoint\",\"urlTemplate\":\"https:\/\/pharmadreams.shop\/?s={search_term_string}\"},\"query-input\":\"required name=search_term_string\"}],\"inLanguage\":\"fr-FR\"}]}<\/script>\n<!-- \/ Yoast SEO plugin. -->","yoast_head_json":{"title":"Lirene coconut illuminatrice dor\u00e9 150ml - pharmadreams","robots":{"index":"index","follow":"follow","max-snippet":"max-snippet:-1","max-image-preview":"max-image-preview:large","max-video-preview":"max-video-preview:-1"},"canonical":"https:\/\/pharmadreams.shop\/index.php\/product\/lirene-coconut-illuminatrice-dore-150ml\/","og_locale":"fr_FR","og_type":"article","og_title":"Lirene coconut illuminatrice dor\u00e9 150ml - pharmadreams","og_description":"COCONUT SHINE Illumination Cream de Lirene. Cr\u00e8me visage et corps. Il contient 90% d\u2019ingr\u00e9dients d\u2019origine naturelle et est vegan. Il soulignera parfaitement le bronzage et lui donnera un \u00e9clat dor\u00e9. Il contient des pigments min\u00e9raux sp\u00e9ciaux qui r\u00e9fl\u00e9chissent la lumi\u00e8re et donnent \u00e0 la peau un \u00e9clat radieux. De plus, la cr\u00e8me unifie efficacement la couleur, lisse et camoufle les imperfections du bronzage. Dans le m\u00eame temps, le cosm\u00e9tique a \u00e9t\u00e9 enrichi en eau de coco biologique, en huile d\u2019amande et en huile de canola, qui nourrissent, hydratent et r\u00e9g\u00e9n\u00e8rent intens\u00e9ment. La cr\u00e8me peut \u00eatre utilis\u00e9e seule ou en compl\u00e9ment du fond de teint. Il est disponible en tube de 150 ml. Cr\u00e8me corps et visage. Illumine visiblement la peau. Met magnifiquement en valeur le bronzage. Peut \u00eatre utilis\u00e9 avec un appr\u00eat.","og_url":"https:\/\/pharmadreams.shop\/index.php\/product\/lirene-coconut-illuminatrice-dore-150ml\/","og_site_name":"pharmadreams","article_modified_time":"2023-12-19T18:40:56+00:00","og_image":[{"width":832,"height":872,"url":"https:\/\/pharmadreams.shop\/wp-content\/uploads\/2023\/12\/Sans-titre-35.png","type":"image\/png"}],"twitter_card":"summary_large_image","schema":{"@context":"https:\/\/schema.org","@graph":[{"@type":"WebPage","@id":"https:\/\/pharmadreams.shop\/index.php\/product\/lirene-coconut-illuminatrice-dore-150ml\/","url":"https:\/\/pharmadreams.shop\/index.php\/product\/lirene-coconut-illuminatrice-dore-150ml\/","name":"Lirene coconut illuminatrice dor\u00e9 150ml - pharmadreams","isPartOf":{"@id":"https:\/\/pharmadreams.shop\/#website"},"primaryImageOfPage":{"@id":"https:\/\/pharmadreams.shop\/index.php\/product\/lirene-coconut-illuminatrice-dore-150ml\/#primaryimage"},"image":{"@id":"https:\/\/pharmadreams.shop\/index.php\/product\/lirene-coconut-illuminatrice-dore-150ml\/#primaryimage"},"thumbnailUrl":"https:\/\/pharmadreams.shop\/wp-content\/uploads\/2023\/12\/Sans-titre-35.png","datePublished":"2023-12-19T18:39:53+00:00","dateModified":"2023-12-19T18:40:56+00:00","breadcrumb":{"@id":"https:\/\/pharmadreams.shop\/index.php\/product\/lirene-coconut-illuminatrice-dore-150ml\/#breadcrumb"},"inLanguage":"fr-FR","potentialAction":[{"@type":"ReadAction","target":["https:\/\/pharmadreams.shop\/index.php\/product\/lirene-coconut-illuminatrice-dore-150ml\/"]}]},{"@type":"ImageObject","inLanguage":"fr-FR","@id":"https:\/\/pharmadreams.shop\/index.php\/product\/lirene-coconut-illuminatrice-dore-150ml\/#primaryimage","url":"https:\/\/pharmadreams.shop\/wp-content\/uploads\/2023\/12\/Sans-titre-35.png","contentUrl":"https:\/\/pharmadreams.shop\/wp-content\/uploads\/2023\/12\/Sans-titre-35.png","width":832,"height":872},{"@type":"BreadcrumbList","@id":"https:\/\/pharmadreams.shop\/index.php\/product\/lirene-coconut-illuminatrice-dore-150ml\/#breadcrumb","itemListElement":[{"@type":"ListItem","position":1,"name":"Accueil","item":"https:\/\/pharmadreams.shop\/"},{"@type":"ListItem","position":2,"name":"Shop","item":"https:\/\/pharmadreams.shop\/index.php\/shop\/"},{"@type":"ListItem","position":3,"name":"Lirene coconut illuminatrice dor\u00e9 150ml"}]},{"@type":"WebSite","@id":"https:\/\/pharmadreams.shop\/#website","url":"https:\/\/pharmadreams.shop\/","name":"pharmadreams","description":"Parapharmacie en ligne","potentialAction":[{"@type":"SearchAction","target":{"@type":"EntryPoint","urlTemplate":"https:\/\/pharmadreams.shop\/?s={search_term_string}"},"query-input":"required name=search_term_string"}],"inLanguage":"fr-FR"}]}},"_links":{"self":[{"href":"https:\/\/pharmadreams.shop\/index.php\/wp-json\/wp\/v2\/product\/16918","targetHints":{"allow":["GET"]}}],"collection":[{"href":"https:\/\/pharmadreams.shop\/index.php\/wp-json\/wp\/v2\/product"}],"about":[{"href":"https:\/\/pharmadreams.shop\/index.php\/wp-json\/wp\/v2\/types\/product"}],"replies":[{"embeddable":true,"href":"https:\/\/pharmadreams.shop\/index.php\/wp-json\/wp\/v2\/comments?post=16918"}],"version-history":[{"count":0,"href":"https:\/\/pharmadreams.shop\/index.php\/wp-json\/wp\/v2\/product\/16918\/revisions"}],"wp:featuredmedia":[{"embeddable":true,"href":"https:\/\/pharmadreams.shop\/index.php\/wp-json\/wp\/v2\/media\/16990"}],"wp:attachment":[{"href":"https:\/\/pharmadreams.shop\/index.php\/wp-json\/wp\/v2\/media?parent=16918"}],"wp:term":[{"taxonomy":"product_brand","embeddable":true,"href":"https:\/\/pharmadreams.shop\/index.php\/wp-json\/wp\/v2\/product_brand?post=16918"},{"taxonomy":"product_cat","embeddable":true,"href":"https:\/\/pharmadreams.shop\/index.php\/wp-json\/wp\/v2\/product_cat?post=16918"},{"taxonomy":"product_tag","embeddable":true,"href":"https:\/\/pharmadreams.shop\/index.php\/wp-json\/wp\/v2\/product_tag?post=16918"}],"curies":[{"name":"wp","href":"https:\/\/api.w.org\/{rel}","templated":true}]}}