{"id":16919,"date":"2023-12-19T19:39:53","date_gmt":"2023-12-19T18:39:53","guid":{"rendered":"https:\/\/venuspara.com\/?post_type=product&#038;p=16919"},"modified":"2023-12-19T19:40:57","modified_gmt":"2023-12-19T18:40:57","slug":"inolins-aloha-by-inoderma-huile-au-monoi-100ml","status":"publish","type":"product","link":"https:\/\/pharmadreams.shop\/index.php\/product\/inolins-aloha-by-inoderma-huile-au-monoi-100ml\/","title":{"rendered":"Inolins aloha by inoderma huile au monoi 100ml"},"content":{"rendered":"","protected":false},"excerpt":{"rendered":"<p>Aloha est une huile au Mono\u00cf de Tahiti d\u2019origine Polyn\u00e9sienne, obtenue gr\u00e2ce \u00e0 la mac\u00e9rationde fleurs de Tiar\u00e9 dans l\u2019huile de noix de coco. Dot\u00e9e d\u2019un parfum doux et envo\u00fbtant, Aloha est appr\u00e9ci\u00e9e pour ses vertus hydratantes, adoucissantes et assouplissantes.<br \/>\nAloha facilite le bronzage en emp\u00eachant la peau de se dess\u00e9cher.<\/p>\n","protected":false},"featured_media":16992,"comment_status":"open","ping_status":"closed","template":"","meta":[],"product_brand":[],"product_cat":[153,98,276],"product_tag":[],"class_list":{"0":"post-16919","1":"product","2":"type-product","3":"status-publish","4":"has-post-thumbnail","6":"product_cat-huile","7":"product_cat-hydratation","8":"product_cat-peaux","10":"first","11":"instock","12":"shipping-taxable","13":"purchasable","14":"product-type-simple"},"yoast_head":"<!-- This site is optimized with the Yoast SEO plugin v23.0 - https:\/\/yoast.com\/wordpress\/plugins\/seo\/ -->\n<title>Inolins aloha by inoderma huile au monoi 100ml - pharmadreams<\/title>\n<meta name=\"robots\" content=\"index, follow, max-snippet:-1, max-image-preview:large, max-video-preview:-1\" \/>\n<link rel=\"canonical\" href=\"https:\/\/pharmadreams.shop\/index.php\/product\/inolins-aloha-by-inoderma-huile-au-monoi-100ml\/\" \/>\n<meta property=\"og:locale\" content=\"fr_FR\" \/>\n<meta property=\"og:type\" content=\"article\" \/>\n<meta property=\"og:title\" content=\"Inolins aloha by inoderma huile au monoi 100ml - pharmadreams\" \/>\n<meta property=\"og:description\" content=\"Aloha est une huile au Mono\u00cf de Tahiti d\u2019origine Polyn\u00e9sienne, obtenue gr\u00e2ce \u00e0 la mac\u00e9rationde fleurs de Tiar\u00e9 dans l\u2019huile de noix de coco. Dot\u00e9e d\u2019un parfum doux et envo\u00fbtant, Aloha est appr\u00e9ci\u00e9e pour ses vertus hydratantes, adoucissantes et assouplissantes. Aloha facilite le bronzage en emp\u00eachant la peau de se dess\u00e9cher.\" \/>\n<meta property=\"og:url\" content=\"https:\/\/pharmadreams.shop\/index.php\/product\/inolins-aloha-by-inoderma-huile-au-monoi-100ml\/\" \/>\n<meta property=\"og:site_name\" content=\"pharmadreams\" \/>\n<meta property=\"article:modified_time\" content=\"2023-12-19T18:40:57+00:00\" \/>\n<meta property=\"og:image\" content=\"https:\/\/pharmadreams.shop\/wp-content\/uploads\/2023\/12\/Sans-titre-36.png\" \/>\n\t<meta property=\"og:image:width\" content=\"700\" \/>\n\t<meta property=\"og:image:height\" content=\"748\" \/>\n\t<meta property=\"og:image:type\" content=\"image\/png\" \/>\n<meta name=\"twitter:card\" content=\"summary_large_image\" \/>\n<script type=\"application\/ld+json\" class=\"yoast-schema-graph\">{\"@context\":\"https:\/\/schema.org\",\"@graph\":[{\"@type\":\"WebPage\",\"@id\":\"https:\/\/pharmadreams.shop\/index.php\/product\/inolins-aloha-by-inoderma-huile-au-monoi-100ml\/\",\"url\":\"https:\/\/pharmadreams.shop\/index.php\/product\/inolins-aloha-by-inoderma-huile-au-monoi-100ml\/\",\"name\":\"Inolins aloha by inoderma huile au monoi 100ml - pharmadreams\",\"isPartOf\":{\"@id\":\"https:\/\/pharmadreams.shop\/#website\"},\"primaryImageOfPage\":{\"@id\":\"https:\/\/pharmadreams.shop\/index.php\/product\/inolins-aloha-by-inoderma-huile-au-monoi-100ml\/#primaryimage\"},\"image\":{\"@id\":\"https:\/\/pharmadreams.shop\/index.php\/product\/inolins-aloha-by-inoderma-huile-au-monoi-100ml\/#primaryimage\"},\"thumbnailUrl\":\"https:\/\/pharmadreams.shop\/wp-content\/uploads\/2023\/12\/Sans-titre-36.png\",\"datePublished\":\"2023-12-19T18:39:53+00:00\",\"dateModified\":\"2023-12-19T18:40:57+00:00\",\"breadcrumb\":{\"@id\":\"https:\/\/pharmadreams.shop\/index.php\/product\/inolins-aloha-by-inoderma-huile-au-monoi-100ml\/#breadcrumb\"},\"inLanguage\":\"fr-FR\",\"potentialAction\":[{\"@type\":\"ReadAction\",\"target\":[\"https:\/\/pharmadreams.shop\/index.php\/product\/inolins-aloha-by-inoderma-huile-au-monoi-100ml\/\"]}]},{\"@type\":\"ImageObject\",\"inLanguage\":\"fr-FR\",\"@id\":\"https:\/\/pharmadreams.shop\/index.php\/product\/inolins-aloha-by-inoderma-huile-au-monoi-100ml\/#primaryimage\",\"url\":\"https:\/\/pharmadreams.shop\/wp-content\/uploads\/2023\/12\/Sans-titre-36.png\",\"contentUrl\":\"https:\/\/pharmadreams.shop\/wp-content\/uploads\/2023\/12\/Sans-titre-36.png\",\"width\":700,\"height\":748},{\"@type\":\"BreadcrumbList\",\"@id\":\"https:\/\/pharmadreams.shop\/index.php\/product\/inolins-aloha-by-inoderma-huile-au-monoi-100ml\/#breadcrumb\",\"itemListElement\":[{\"@type\":\"ListItem\",\"position\":1,\"name\":\"Accueil\",\"item\":\"https:\/\/pharmadreams.shop\/\"},{\"@type\":\"ListItem\",\"position\":2,\"name\":\"Shop\",\"item\":\"https:\/\/pharmadreams.shop\/index.php\/shop\/\"},{\"@type\":\"ListItem\",\"position\":3,\"name\":\"Inolins aloha by inoderma huile au monoi 100ml\"}]},{\"@type\":\"WebSite\",\"@id\":\"https:\/\/pharmadreams.shop\/#website\",\"url\":\"https:\/\/pharmadreams.shop\/\",\"name\":\"pharmadreams\",\"description\":\"Parapharmacie en ligne\",\"potentialAction\":[{\"@type\":\"SearchAction\",\"target\":{\"@type\":\"EntryPoint\",\"urlTemplate\":\"https:\/\/pharmadreams.shop\/?s={search_term_string}\"},\"query-input\":\"required name=search_term_string\"}],\"inLanguage\":\"fr-FR\"}]}<\/script>\n<!-- \/ Yoast SEO plugin. -->","yoast_head_json":{"title":"Inolins aloha by inoderma huile au monoi 100ml - pharmadreams","robots":{"index":"index","follow":"follow","max-snippet":"max-snippet:-1","max-image-preview":"max-image-preview:large","max-video-preview":"max-video-preview:-1"},"canonical":"https:\/\/pharmadreams.shop\/index.php\/product\/inolins-aloha-by-inoderma-huile-au-monoi-100ml\/","og_locale":"fr_FR","og_type":"article","og_title":"Inolins aloha by inoderma huile au monoi 100ml - pharmadreams","og_description":"Aloha est une huile au Mono\u00cf de Tahiti d\u2019origine Polyn\u00e9sienne, obtenue gr\u00e2ce \u00e0 la mac\u00e9rationde fleurs de Tiar\u00e9 dans l\u2019huile de noix de coco. Dot\u00e9e d\u2019un parfum doux et envo\u00fbtant, Aloha est appr\u00e9ci\u00e9e pour ses vertus hydratantes, adoucissantes et assouplissantes. Aloha facilite le bronzage en emp\u00eachant la peau de se dess\u00e9cher.","og_url":"https:\/\/pharmadreams.shop\/index.php\/product\/inolins-aloha-by-inoderma-huile-au-monoi-100ml\/","og_site_name":"pharmadreams","article_modified_time":"2023-12-19T18:40:57+00:00","og_image":[{"width":700,"height":748,"url":"https:\/\/pharmadreams.shop\/wp-content\/uploads\/2023\/12\/Sans-titre-36.png","type":"image\/png"}],"twitter_card":"summary_large_image","schema":{"@context":"https:\/\/schema.org","@graph":[{"@type":"WebPage","@id":"https:\/\/pharmadreams.shop\/index.php\/product\/inolins-aloha-by-inoderma-huile-au-monoi-100ml\/","url":"https:\/\/pharmadreams.shop\/index.php\/product\/inolins-aloha-by-inoderma-huile-au-monoi-100ml\/","name":"Inolins aloha by inoderma huile au monoi 100ml - pharmadreams","isPartOf":{"@id":"https:\/\/pharmadreams.shop\/#website"},"primaryImageOfPage":{"@id":"https:\/\/pharmadreams.shop\/index.php\/product\/inolins-aloha-by-inoderma-huile-au-monoi-100ml\/#primaryimage"},"image":{"@id":"https:\/\/pharmadreams.shop\/index.php\/product\/inolins-aloha-by-inoderma-huile-au-monoi-100ml\/#primaryimage"},"thumbnailUrl":"https:\/\/pharmadreams.shop\/wp-content\/uploads\/2023\/12\/Sans-titre-36.png","datePublished":"2023-12-19T18:39:53+00:00","dateModified":"2023-12-19T18:40:57+00:00","breadcrumb":{"@id":"https:\/\/pharmadreams.shop\/index.php\/product\/inolins-aloha-by-inoderma-huile-au-monoi-100ml\/#breadcrumb"},"inLanguage":"fr-FR","potentialAction":[{"@type":"ReadAction","target":["https:\/\/pharmadreams.shop\/index.php\/product\/inolins-aloha-by-inoderma-huile-au-monoi-100ml\/"]}]},{"@type":"ImageObject","inLanguage":"fr-FR","@id":"https:\/\/pharmadreams.shop\/index.php\/product\/inolins-aloha-by-inoderma-huile-au-monoi-100ml\/#primaryimage","url":"https:\/\/pharmadreams.shop\/wp-content\/uploads\/2023\/12\/Sans-titre-36.png","contentUrl":"https:\/\/pharmadreams.shop\/wp-content\/uploads\/2023\/12\/Sans-titre-36.png","width":700,"height":748},{"@type":"BreadcrumbList","@id":"https:\/\/pharmadreams.shop\/index.php\/product\/inolins-aloha-by-inoderma-huile-au-monoi-100ml\/#breadcrumb","itemListElement":[{"@type":"ListItem","position":1,"name":"Accueil","item":"https:\/\/pharmadreams.shop\/"},{"@type":"ListItem","position":2,"name":"Shop","item":"https:\/\/pharmadreams.shop\/index.php\/shop\/"},{"@type":"ListItem","position":3,"name":"Inolins aloha by inoderma huile au monoi 100ml"}]},{"@type":"WebSite","@id":"https:\/\/pharmadreams.shop\/#website","url":"https:\/\/pharmadreams.shop\/","name":"pharmadreams","description":"Parapharmacie en ligne","potentialAction":[{"@type":"SearchAction","target":{"@type":"EntryPoint","urlTemplate":"https:\/\/pharmadreams.shop\/?s={search_term_string}"},"query-input":"required name=search_term_string"}],"inLanguage":"fr-FR"}]}},"_links":{"self":[{"href":"https:\/\/pharmadreams.shop\/index.php\/wp-json\/wp\/v2\/product\/16919","targetHints":{"allow":["GET"]}}],"collection":[{"href":"https:\/\/pharmadreams.shop\/index.php\/wp-json\/wp\/v2\/product"}],"about":[{"href":"https:\/\/pharmadreams.shop\/index.php\/wp-json\/wp\/v2\/types\/product"}],"replies":[{"embeddable":true,"href":"https:\/\/pharmadreams.shop\/index.php\/wp-json\/wp\/v2\/comments?post=16919"}],"version-history":[{"count":0,"href":"https:\/\/pharmadreams.shop\/index.php\/wp-json\/wp\/v2\/product\/16919\/revisions"}],"wp:featuredmedia":[{"embeddable":true,"href":"https:\/\/pharmadreams.shop\/index.php\/wp-json\/wp\/v2\/media\/16992"}],"wp:attachment":[{"href":"https:\/\/pharmadreams.shop\/index.php\/wp-json\/wp\/v2\/media?parent=16919"}],"wp:term":[{"taxonomy":"product_brand","embeddable":true,"href":"https:\/\/pharmadreams.shop\/index.php\/wp-json\/wp\/v2\/product_brand?post=16919"},{"taxonomy":"product_cat","embeddable":true,"href":"https:\/\/pharmadreams.shop\/index.php\/wp-json\/wp\/v2\/product_cat?post=16919"},{"taxonomy":"product_tag","embeddable":true,"href":"https:\/\/pharmadreams.shop\/index.php\/wp-json\/wp\/v2\/product_tag?post=16919"}],"curies":[{"name":"wp","href":"https:\/\/api.w.org\/{rel}","templated":true}]}}