{"id":16920,"date":"2023-12-19T19:39:53","date_gmt":"2023-12-19T18:39:53","guid":{"rendered":"https:\/\/venuspara.com\/?post_type=product&#038;p=16920"},"modified":"2023-12-19T19:40:59","modified_gmt":"2023-12-19T18:40:59","slug":"auracy-gel-douche-energisant-bergamote-bamboo","status":"publish","type":"product","link":"https:\/\/pharmadreams.shop\/index.php\/product\/auracy-gel-douche-energisant-bergamote-bamboo\/","title":{"rendered":"Auracy gel douche \u00e9nergisant bergamote &#038; bamboo"},"content":{"rendered":"","protected":false},"excerpt":{"rendered":"<p>Appr\u00e9ciez les ondes positives de l&rsquo;\u00e9t\u00e9 avec le gel douche Auracy joy of soul , ce gel douche est un cocktail parfum\u00e9e de bergamote et de bamboo pour un moment plein d&rsquo;\u00e9nergie. sa texture unique laisse la peau douce et d\u00e9licatement parfum\u00e9e de notes estivales, qui am\u00e9liorent instantan\u00e9ment votre humeur. Invitez l&rsquo;\u00e9t\u00e9 chez vous tout au long de l&rsquo;ann\u00e9e avec la collection AURACY joy of soul.<\/p>\n","protected":false},"featured_media":16994,"comment_status":"open","ping_status":"closed","template":"","meta":[],"product_brand":[],"product_cat":[105],"product_tag":[],"class_list":{"0":"post-16920","1":"product","2":"type-product","3":"status-publish","4":"has-post-thumbnail","6":"product_cat-gel-douche","8":"first","9":"instock","10":"shipping-taxable","11":"purchasable","12":"product-type-simple"},"yoast_head":"<!-- This site is optimized with the Yoast SEO plugin v23.0 - https:\/\/yoast.com\/wordpress\/plugins\/seo\/ -->\n<title>Auracy gel douche \u00e9nergisant bergamote &amp; bamboo - pharmadreams<\/title>\n<meta name=\"robots\" content=\"index, follow, max-snippet:-1, max-image-preview:large, max-video-preview:-1\" \/>\n<link rel=\"canonical\" href=\"https:\/\/pharmadreams.shop\/index.php\/product\/auracy-gel-douche-energisant-bergamote-bamboo\/\" \/>\n<meta property=\"og:locale\" content=\"fr_FR\" \/>\n<meta property=\"og:type\" content=\"article\" \/>\n<meta property=\"og:title\" content=\"Auracy gel douche \u00e9nergisant bergamote &amp; bamboo - pharmadreams\" \/>\n<meta property=\"og:description\" content=\"Appr\u00e9ciez les ondes positives de l&#039;\u00e9t\u00e9 avec le gel douche Auracy joy of soul , ce gel douche est un cocktail parfum\u00e9e de bergamote et de bamboo pour un moment plein d&#039;\u00e9nergie. sa texture unique laisse la peau douce et d\u00e9licatement parfum\u00e9e de notes estivales, qui am\u00e9liorent instantan\u00e9ment votre humeur. Invitez l&#039;\u00e9t\u00e9 chez vous tout au long de l&#039;ann\u00e9e avec la collection AURACY joy of soul.\" \/>\n<meta property=\"og:url\" content=\"https:\/\/pharmadreams.shop\/index.php\/product\/auracy-gel-douche-energisant-bergamote-bamboo\/\" \/>\n<meta property=\"og:site_name\" content=\"pharmadreams\" \/>\n<meta property=\"article:modified_time\" content=\"2023-12-19T18:40:59+00:00\" \/>\n<meta property=\"og:image\" content=\"https:\/\/pharmadreams.shop\/wp-content\/uploads\/2023\/12\/Sans-titre-37.png\" \/>\n\t<meta property=\"og:image:width\" content=\"780\" \/>\n\t<meta property=\"og:image:height\" content=\"820\" \/>\n\t<meta property=\"og:image:type\" content=\"image\/png\" \/>\n<meta name=\"twitter:card\" content=\"summary_large_image\" \/>\n<script type=\"application\/ld+json\" class=\"yoast-schema-graph\">{\"@context\":\"https:\/\/schema.org\",\"@graph\":[{\"@type\":\"WebPage\",\"@id\":\"https:\/\/pharmadreams.shop\/index.php\/product\/auracy-gel-douche-energisant-bergamote-bamboo\/\",\"url\":\"https:\/\/pharmadreams.shop\/index.php\/product\/auracy-gel-douche-energisant-bergamote-bamboo\/\",\"name\":\"Auracy gel douche \u00e9nergisant bergamote & bamboo - pharmadreams\",\"isPartOf\":{\"@id\":\"https:\/\/pharmadreams.shop\/#website\"},\"primaryImageOfPage\":{\"@id\":\"https:\/\/pharmadreams.shop\/index.php\/product\/auracy-gel-douche-energisant-bergamote-bamboo\/#primaryimage\"},\"image\":{\"@id\":\"https:\/\/pharmadreams.shop\/index.php\/product\/auracy-gel-douche-energisant-bergamote-bamboo\/#primaryimage\"},\"thumbnailUrl\":\"https:\/\/pharmadreams.shop\/wp-content\/uploads\/2023\/12\/Sans-titre-37.png\",\"datePublished\":\"2023-12-19T18:39:53+00:00\",\"dateModified\":\"2023-12-19T18:40:59+00:00\",\"breadcrumb\":{\"@id\":\"https:\/\/pharmadreams.shop\/index.php\/product\/auracy-gel-douche-energisant-bergamote-bamboo\/#breadcrumb\"},\"inLanguage\":\"fr-FR\",\"potentialAction\":[{\"@type\":\"ReadAction\",\"target\":[\"https:\/\/pharmadreams.shop\/index.php\/product\/auracy-gel-douche-energisant-bergamote-bamboo\/\"]}]},{\"@type\":\"ImageObject\",\"inLanguage\":\"fr-FR\",\"@id\":\"https:\/\/pharmadreams.shop\/index.php\/product\/auracy-gel-douche-energisant-bergamote-bamboo\/#primaryimage\",\"url\":\"https:\/\/pharmadreams.shop\/wp-content\/uploads\/2023\/12\/Sans-titre-37.png\",\"contentUrl\":\"https:\/\/pharmadreams.shop\/wp-content\/uploads\/2023\/12\/Sans-titre-37.png\",\"width\":780,\"height\":820},{\"@type\":\"BreadcrumbList\",\"@id\":\"https:\/\/pharmadreams.shop\/index.php\/product\/auracy-gel-douche-energisant-bergamote-bamboo\/#breadcrumb\",\"itemListElement\":[{\"@type\":\"ListItem\",\"position\":1,\"name\":\"Accueil\",\"item\":\"https:\/\/pharmadreams.shop\/\"},{\"@type\":\"ListItem\",\"position\":2,\"name\":\"Shop\",\"item\":\"https:\/\/pharmadreams.shop\/index.php\/shop\/\"},{\"@type\":\"ListItem\",\"position\":3,\"name\":\"Auracy gel douche \u00e9nergisant bergamote &#038; bamboo\"}]},{\"@type\":\"WebSite\",\"@id\":\"https:\/\/pharmadreams.shop\/#website\",\"url\":\"https:\/\/pharmadreams.shop\/\",\"name\":\"pharmadreams\",\"description\":\"Parapharmacie en ligne\",\"potentialAction\":[{\"@type\":\"SearchAction\",\"target\":{\"@type\":\"EntryPoint\",\"urlTemplate\":\"https:\/\/pharmadreams.shop\/?s={search_term_string}\"},\"query-input\":\"required name=search_term_string\"}],\"inLanguage\":\"fr-FR\"}]}<\/script>\n<!-- \/ Yoast SEO plugin. -->","yoast_head_json":{"title":"Auracy gel douche \u00e9nergisant bergamote & bamboo - pharmadreams","robots":{"index":"index","follow":"follow","max-snippet":"max-snippet:-1","max-image-preview":"max-image-preview:large","max-video-preview":"max-video-preview:-1"},"canonical":"https:\/\/pharmadreams.shop\/index.php\/product\/auracy-gel-douche-energisant-bergamote-bamboo\/","og_locale":"fr_FR","og_type":"article","og_title":"Auracy gel douche \u00e9nergisant bergamote & bamboo - pharmadreams","og_description":"Appr\u00e9ciez les ondes positives de l'\u00e9t\u00e9 avec le gel douche Auracy joy of soul , ce gel douche est un cocktail parfum\u00e9e de bergamote et de bamboo pour un moment plein d'\u00e9nergie. sa texture unique laisse la peau douce et d\u00e9licatement parfum\u00e9e de notes estivales, qui am\u00e9liorent instantan\u00e9ment votre humeur. Invitez l'\u00e9t\u00e9 chez vous tout au long de l'ann\u00e9e avec la collection AURACY joy of soul.","og_url":"https:\/\/pharmadreams.shop\/index.php\/product\/auracy-gel-douche-energisant-bergamote-bamboo\/","og_site_name":"pharmadreams","article_modified_time":"2023-12-19T18:40:59+00:00","og_image":[{"width":780,"height":820,"url":"https:\/\/pharmadreams.shop\/wp-content\/uploads\/2023\/12\/Sans-titre-37.png","type":"image\/png"}],"twitter_card":"summary_large_image","schema":{"@context":"https:\/\/schema.org","@graph":[{"@type":"WebPage","@id":"https:\/\/pharmadreams.shop\/index.php\/product\/auracy-gel-douche-energisant-bergamote-bamboo\/","url":"https:\/\/pharmadreams.shop\/index.php\/product\/auracy-gel-douche-energisant-bergamote-bamboo\/","name":"Auracy gel douche \u00e9nergisant bergamote & bamboo - pharmadreams","isPartOf":{"@id":"https:\/\/pharmadreams.shop\/#website"},"primaryImageOfPage":{"@id":"https:\/\/pharmadreams.shop\/index.php\/product\/auracy-gel-douche-energisant-bergamote-bamboo\/#primaryimage"},"image":{"@id":"https:\/\/pharmadreams.shop\/index.php\/product\/auracy-gel-douche-energisant-bergamote-bamboo\/#primaryimage"},"thumbnailUrl":"https:\/\/pharmadreams.shop\/wp-content\/uploads\/2023\/12\/Sans-titre-37.png","datePublished":"2023-12-19T18:39:53+00:00","dateModified":"2023-12-19T18:40:59+00:00","breadcrumb":{"@id":"https:\/\/pharmadreams.shop\/index.php\/product\/auracy-gel-douche-energisant-bergamote-bamboo\/#breadcrumb"},"inLanguage":"fr-FR","potentialAction":[{"@type":"ReadAction","target":["https:\/\/pharmadreams.shop\/index.php\/product\/auracy-gel-douche-energisant-bergamote-bamboo\/"]}]},{"@type":"ImageObject","inLanguage":"fr-FR","@id":"https:\/\/pharmadreams.shop\/index.php\/product\/auracy-gel-douche-energisant-bergamote-bamboo\/#primaryimage","url":"https:\/\/pharmadreams.shop\/wp-content\/uploads\/2023\/12\/Sans-titre-37.png","contentUrl":"https:\/\/pharmadreams.shop\/wp-content\/uploads\/2023\/12\/Sans-titre-37.png","width":780,"height":820},{"@type":"BreadcrumbList","@id":"https:\/\/pharmadreams.shop\/index.php\/product\/auracy-gel-douche-energisant-bergamote-bamboo\/#breadcrumb","itemListElement":[{"@type":"ListItem","position":1,"name":"Accueil","item":"https:\/\/pharmadreams.shop\/"},{"@type":"ListItem","position":2,"name":"Shop","item":"https:\/\/pharmadreams.shop\/index.php\/shop\/"},{"@type":"ListItem","position":3,"name":"Auracy gel douche \u00e9nergisant bergamote &#038; bamboo"}]},{"@type":"WebSite","@id":"https:\/\/pharmadreams.shop\/#website","url":"https:\/\/pharmadreams.shop\/","name":"pharmadreams","description":"Parapharmacie en ligne","potentialAction":[{"@type":"SearchAction","target":{"@type":"EntryPoint","urlTemplate":"https:\/\/pharmadreams.shop\/?s={search_term_string}"},"query-input":"required name=search_term_string"}],"inLanguage":"fr-FR"}]}},"_links":{"self":[{"href":"https:\/\/pharmadreams.shop\/index.php\/wp-json\/wp\/v2\/product\/16920","targetHints":{"allow":["GET"]}}],"collection":[{"href":"https:\/\/pharmadreams.shop\/index.php\/wp-json\/wp\/v2\/product"}],"about":[{"href":"https:\/\/pharmadreams.shop\/index.php\/wp-json\/wp\/v2\/types\/product"}],"replies":[{"embeddable":true,"href":"https:\/\/pharmadreams.shop\/index.php\/wp-json\/wp\/v2\/comments?post=16920"}],"version-history":[{"count":0,"href":"https:\/\/pharmadreams.shop\/index.php\/wp-json\/wp\/v2\/product\/16920\/revisions"}],"wp:featuredmedia":[{"embeddable":true,"href":"https:\/\/pharmadreams.shop\/index.php\/wp-json\/wp\/v2\/media\/16994"}],"wp:attachment":[{"href":"https:\/\/pharmadreams.shop\/index.php\/wp-json\/wp\/v2\/media?parent=16920"}],"wp:term":[{"taxonomy":"product_brand","embeddable":true,"href":"https:\/\/pharmadreams.shop\/index.php\/wp-json\/wp\/v2\/product_brand?post=16920"},{"taxonomy":"product_cat","embeddable":true,"href":"https:\/\/pharmadreams.shop\/index.php\/wp-json\/wp\/v2\/product_cat?post=16920"},{"taxonomy":"product_tag","embeddable":true,"href":"https:\/\/pharmadreams.shop\/index.php\/wp-json\/wp\/v2\/product_tag?post=16920"}],"curies":[{"name":"wp","href":"https:\/\/api.w.org\/{rel}","templated":true}]}}