{"id":16922,"date":"2023-12-19T19:39:54","date_gmt":"2023-12-19T18:39:54","guid":{"rendered":"https:\/\/venuspara.com\/?post_type=product&#038;p=16922"},"modified":"2023-12-19T19:41:02","modified_gmt":"2023-12-19T18:41:02","slug":"zynia-pink-trip-brume-parfumee-sublime","status":"publish","type":"product","link":"https:\/\/pharmadreams.shop\/index.php\/product\/zynia-pink-trip-brume-parfumee-sublime\/","title":{"rendered":"Zynia pink trip brume parfum\u00e9e sublime"},"content":{"rendered":"","protected":false},"excerpt":{"rendered":"<p>La brume parfum\u00e9e \u00e9dition limit\u00e9e Pink trip sp\u00e9cialement cr\u00e9\u00e9e pour notre unique Raya Bouall\u00e8gue embaumera votre corps et vos cheveux de senteurs gourmandes. Vaporiser sur votre corps pour une sensation de fra\u00eecheur extr\u00eame et d&rsquo;hydratation intense.<\/p>\n","protected":false},"featured_media":16998,"comment_status":"open","ping_status":"closed","template":"","meta":[],"product_brand":[],"product_cat":[278],"product_tag":[],"class_list":{"0":"post-16922","1":"product","2":"type-product","3":"status-publish","4":"has-post-thumbnail","6":"product_cat-brume-parfumee","8":"first","9":"instock","10":"shipping-taxable","11":"purchasable","12":"product-type-simple"},"yoast_head":"<!-- This site is optimized with the Yoast SEO plugin v23.0 - https:\/\/yoast.com\/wordpress\/plugins\/seo\/ -->\n<title>Zynia pink trip brume parfum\u00e9e sublime - pharmadreams<\/title>\n<meta name=\"robots\" content=\"index, follow, max-snippet:-1, max-image-preview:large, max-video-preview:-1\" \/>\n<link rel=\"canonical\" href=\"https:\/\/pharmadreams.shop\/index.php\/product\/zynia-pink-trip-brume-parfumee-sublime\/\" \/>\n<meta property=\"og:locale\" content=\"fr_FR\" \/>\n<meta property=\"og:type\" content=\"article\" \/>\n<meta property=\"og:title\" content=\"Zynia pink trip brume parfum\u00e9e sublime - pharmadreams\" \/>\n<meta property=\"og:description\" content=\"La brume parfum\u00e9e \u00e9dition limit\u00e9e Pink trip sp\u00e9cialement cr\u00e9\u00e9e pour notre unique Raya Bouall\u00e8gue embaumera votre corps et vos cheveux de senteurs gourmandes. Vaporiser sur votre corps pour une sensation de fra\u00eecheur extr\u00eame et d&#039;hydratation intense.\" \/>\n<meta property=\"og:url\" content=\"https:\/\/pharmadreams.shop\/index.php\/product\/zynia-pink-trip-brume-parfumee-sublime\/\" \/>\n<meta property=\"og:site_name\" content=\"pharmadreams\" \/>\n<meta property=\"article:modified_time\" content=\"2023-12-19T18:41:02+00:00\" \/>\n<meta property=\"og:image\" content=\"https:\/\/pharmadreams.shop\/wp-content\/uploads\/2023\/12\/Sans-titre-39.png\" \/>\n\t<meta property=\"og:image:width\" content=\"596\" \/>\n\t<meta property=\"og:image:height\" content=\"676\" \/>\n\t<meta property=\"og:image:type\" content=\"image\/png\" \/>\n<meta name=\"twitter:card\" content=\"summary_large_image\" \/>\n<script type=\"application\/ld+json\" class=\"yoast-schema-graph\">{\"@context\":\"https:\/\/schema.org\",\"@graph\":[{\"@type\":\"WebPage\",\"@id\":\"https:\/\/pharmadreams.shop\/index.php\/product\/zynia-pink-trip-brume-parfumee-sublime\/\",\"url\":\"https:\/\/pharmadreams.shop\/index.php\/product\/zynia-pink-trip-brume-parfumee-sublime\/\",\"name\":\"Zynia pink trip brume parfum\u00e9e sublime - pharmadreams\",\"isPartOf\":{\"@id\":\"https:\/\/pharmadreams.shop\/#website\"},\"primaryImageOfPage\":{\"@id\":\"https:\/\/pharmadreams.shop\/index.php\/product\/zynia-pink-trip-brume-parfumee-sublime\/#primaryimage\"},\"image\":{\"@id\":\"https:\/\/pharmadreams.shop\/index.php\/product\/zynia-pink-trip-brume-parfumee-sublime\/#primaryimage\"},\"thumbnailUrl\":\"https:\/\/pharmadreams.shop\/wp-content\/uploads\/2023\/12\/Sans-titre-39.png\",\"datePublished\":\"2023-12-19T18:39:54+00:00\",\"dateModified\":\"2023-12-19T18:41:02+00:00\",\"breadcrumb\":{\"@id\":\"https:\/\/pharmadreams.shop\/index.php\/product\/zynia-pink-trip-brume-parfumee-sublime\/#breadcrumb\"},\"inLanguage\":\"fr-FR\",\"potentialAction\":[{\"@type\":\"ReadAction\",\"target\":[\"https:\/\/pharmadreams.shop\/index.php\/product\/zynia-pink-trip-brume-parfumee-sublime\/\"]}]},{\"@type\":\"ImageObject\",\"inLanguage\":\"fr-FR\",\"@id\":\"https:\/\/pharmadreams.shop\/index.php\/product\/zynia-pink-trip-brume-parfumee-sublime\/#primaryimage\",\"url\":\"https:\/\/pharmadreams.shop\/wp-content\/uploads\/2023\/12\/Sans-titre-39.png\",\"contentUrl\":\"https:\/\/pharmadreams.shop\/wp-content\/uploads\/2023\/12\/Sans-titre-39.png\",\"width\":596,\"height\":676},{\"@type\":\"BreadcrumbList\",\"@id\":\"https:\/\/pharmadreams.shop\/index.php\/product\/zynia-pink-trip-brume-parfumee-sublime\/#breadcrumb\",\"itemListElement\":[{\"@type\":\"ListItem\",\"position\":1,\"name\":\"Accueil\",\"item\":\"https:\/\/pharmadreams.shop\/\"},{\"@type\":\"ListItem\",\"position\":2,\"name\":\"Shop\",\"item\":\"https:\/\/pharmadreams.shop\/index.php\/shop\/\"},{\"@type\":\"ListItem\",\"position\":3,\"name\":\"Zynia pink trip brume parfum\u00e9e sublime\"}]},{\"@type\":\"WebSite\",\"@id\":\"https:\/\/pharmadreams.shop\/#website\",\"url\":\"https:\/\/pharmadreams.shop\/\",\"name\":\"pharmadreams\",\"description\":\"Parapharmacie en ligne\",\"potentialAction\":[{\"@type\":\"SearchAction\",\"target\":{\"@type\":\"EntryPoint\",\"urlTemplate\":\"https:\/\/pharmadreams.shop\/?s={search_term_string}\"},\"query-input\":\"required name=search_term_string\"}],\"inLanguage\":\"fr-FR\"}]}<\/script>\n<!-- \/ Yoast SEO plugin. -->","yoast_head_json":{"title":"Zynia pink trip brume parfum\u00e9e sublime - pharmadreams","robots":{"index":"index","follow":"follow","max-snippet":"max-snippet:-1","max-image-preview":"max-image-preview:large","max-video-preview":"max-video-preview:-1"},"canonical":"https:\/\/pharmadreams.shop\/index.php\/product\/zynia-pink-trip-brume-parfumee-sublime\/","og_locale":"fr_FR","og_type":"article","og_title":"Zynia pink trip brume parfum\u00e9e sublime - pharmadreams","og_description":"La brume parfum\u00e9e \u00e9dition limit\u00e9e Pink trip sp\u00e9cialement cr\u00e9\u00e9e pour notre unique Raya Bouall\u00e8gue embaumera votre corps et vos cheveux de senteurs gourmandes. Vaporiser sur votre corps pour une sensation de fra\u00eecheur extr\u00eame et d'hydratation intense.","og_url":"https:\/\/pharmadreams.shop\/index.php\/product\/zynia-pink-trip-brume-parfumee-sublime\/","og_site_name":"pharmadreams","article_modified_time":"2023-12-19T18:41:02+00:00","og_image":[{"width":596,"height":676,"url":"https:\/\/pharmadreams.shop\/wp-content\/uploads\/2023\/12\/Sans-titre-39.png","type":"image\/png"}],"twitter_card":"summary_large_image","schema":{"@context":"https:\/\/schema.org","@graph":[{"@type":"WebPage","@id":"https:\/\/pharmadreams.shop\/index.php\/product\/zynia-pink-trip-brume-parfumee-sublime\/","url":"https:\/\/pharmadreams.shop\/index.php\/product\/zynia-pink-trip-brume-parfumee-sublime\/","name":"Zynia pink trip brume parfum\u00e9e sublime - pharmadreams","isPartOf":{"@id":"https:\/\/pharmadreams.shop\/#website"},"primaryImageOfPage":{"@id":"https:\/\/pharmadreams.shop\/index.php\/product\/zynia-pink-trip-brume-parfumee-sublime\/#primaryimage"},"image":{"@id":"https:\/\/pharmadreams.shop\/index.php\/product\/zynia-pink-trip-brume-parfumee-sublime\/#primaryimage"},"thumbnailUrl":"https:\/\/pharmadreams.shop\/wp-content\/uploads\/2023\/12\/Sans-titre-39.png","datePublished":"2023-12-19T18:39:54+00:00","dateModified":"2023-12-19T18:41:02+00:00","breadcrumb":{"@id":"https:\/\/pharmadreams.shop\/index.php\/product\/zynia-pink-trip-brume-parfumee-sublime\/#breadcrumb"},"inLanguage":"fr-FR","potentialAction":[{"@type":"ReadAction","target":["https:\/\/pharmadreams.shop\/index.php\/product\/zynia-pink-trip-brume-parfumee-sublime\/"]}]},{"@type":"ImageObject","inLanguage":"fr-FR","@id":"https:\/\/pharmadreams.shop\/index.php\/product\/zynia-pink-trip-brume-parfumee-sublime\/#primaryimage","url":"https:\/\/pharmadreams.shop\/wp-content\/uploads\/2023\/12\/Sans-titre-39.png","contentUrl":"https:\/\/pharmadreams.shop\/wp-content\/uploads\/2023\/12\/Sans-titre-39.png","width":596,"height":676},{"@type":"BreadcrumbList","@id":"https:\/\/pharmadreams.shop\/index.php\/product\/zynia-pink-trip-brume-parfumee-sublime\/#breadcrumb","itemListElement":[{"@type":"ListItem","position":1,"name":"Accueil","item":"https:\/\/pharmadreams.shop\/"},{"@type":"ListItem","position":2,"name":"Shop","item":"https:\/\/pharmadreams.shop\/index.php\/shop\/"},{"@type":"ListItem","position":3,"name":"Zynia pink trip brume parfum\u00e9e sublime"}]},{"@type":"WebSite","@id":"https:\/\/pharmadreams.shop\/#website","url":"https:\/\/pharmadreams.shop\/","name":"pharmadreams","description":"Parapharmacie en ligne","potentialAction":[{"@type":"SearchAction","target":{"@type":"EntryPoint","urlTemplate":"https:\/\/pharmadreams.shop\/?s={search_term_string}"},"query-input":"required name=search_term_string"}],"inLanguage":"fr-FR"}]}},"_links":{"self":[{"href":"https:\/\/pharmadreams.shop\/index.php\/wp-json\/wp\/v2\/product\/16922","targetHints":{"allow":["GET"]}}],"collection":[{"href":"https:\/\/pharmadreams.shop\/index.php\/wp-json\/wp\/v2\/product"}],"about":[{"href":"https:\/\/pharmadreams.shop\/index.php\/wp-json\/wp\/v2\/types\/product"}],"replies":[{"embeddable":true,"href":"https:\/\/pharmadreams.shop\/index.php\/wp-json\/wp\/v2\/comments?post=16922"}],"version-history":[{"count":0,"href":"https:\/\/pharmadreams.shop\/index.php\/wp-json\/wp\/v2\/product\/16922\/revisions"}],"wp:featuredmedia":[{"embeddable":true,"href":"https:\/\/pharmadreams.shop\/index.php\/wp-json\/wp\/v2\/media\/16998"}],"wp:attachment":[{"href":"https:\/\/pharmadreams.shop\/index.php\/wp-json\/wp\/v2\/media?parent=16922"}],"wp:term":[{"taxonomy":"product_brand","embeddable":true,"href":"https:\/\/pharmadreams.shop\/index.php\/wp-json\/wp\/v2\/product_brand?post=16922"},{"taxonomy":"product_cat","embeddable":true,"href":"https:\/\/pharmadreams.shop\/index.php\/wp-json\/wp\/v2\/product_cat?post=16922"},{"taxonomy":"product_tag","embeddable":true,"href":"https:\/\/pharmadreams.shop\/index.php\/wp-json\/wp\/v2\/product_tag?post=16922"}],"curies":[{"name":"wp","href":"https:\/\/api.w.org\/{rel}","templated":true}]}}