{"id":16924,"date":"2023-12-19T19:39:54","date_gmt":"2023-12-19T18:39:54","guid":{"rendered":"https:\/\/venuspara.com\/?post_type=product&#038;p=16924"},"modified":"2023-12-19T19:41:05","modified_gmt":"2023-12-19T18:41:05","slug":"papulex-isocorrexion-creme-hydrate","status":"publish","type":"product","link":"https:\/\/pharmadreams.shop\/index.php\/product\/papulex-isocorrexion-creme-hydrate\/","title":{"rendered":"Papulex isocorrexion cr\u00e8me hydrate+"},"content":{"rendered":"","protected":false},"excerpt":{"rendered":"<p>La\u00a0<strong>Cr\u00e8me Hydrate+ Papulex Isocorrexion<\/strong>\u00a0est destin\u00e9e aux<strong>\u00a0peaux \u00e0 imperfections<\/strong>\u00a0ou peaux \u00e0 probl\u00e8mes.<\/p>\n<p>Les peaux \u00e0 imperfections ont tendance \u00e0 produire trop de s\u00e9bum. Cette surproduction\u00a0va entrainer l&rsquo;apparition d&rsquo;imperfections telles que des boutons, de l&rsquo;acn\u00e9 ou des points noirs. La peau laisse appara\u00eetre des zones de brillance, plus grasses, principalement sur la zone T du visage (front-nez-menton). C&rsquo;est notamment le cas \u00e0 l&rsquo;adolescence, sous l&rsquo;influence des hormones, que ces petites imperfections commencent \u00e0 appara\u00eetre, mais ces derni\u00e8res peuvent faire leur apparition \u00e0 tout \u00e2ge, aussi bien sur le visage que sur le reste du corps.<\/p>\n","protected":false},"featured_media":17002,"comment_status":"open","ping_status":"closed","template":"","meta":[],"product_brand":[],"product_cat":[78,98,276],"product_tag":[],"class_list":{"0":"post-16924","1":"product","2":"type-product","3":"status-publish","4":"has-post-thumbnail","6":"product_cat-cremes","7":"product_cat-hydratation","8":"product_cat-peaux","10":"first","11":"instock","12":"shipping-taxable","13":"purchasable","14":"product-type-simple"},"yoast_head":"<!-- This site is optimized with the Yoast SEO plugin v23.0 - https:\/\/yoast.com\/wordpress\/plugins\/seo\/ -->\n<title>Papulex isocorrexion cr\u00e8me hydrate+ - pharmadreams<\/title>\n<meta name=\"robots\" content=\"index, follow, max-snippet:-1, max-image-preview:large, max-video-preview:-1\" \/>\n<link rel=\"canonical\" href=\"https:\/\/pharmadreams.shop\/index.php\/product\/papulex-isocorrexion-creme-hydrate\/\" \/>\n<meta property=\"og:locale\" content=\"fr_FR\" \/>\n<meta property=\"og:type\" content=\"article\" \/>\n<meta property=\"og:title\" content=\"Papulex isocorrexion cr\u00e8me hydrate+ - pharmadreams\" \/>\n<meta property=\"og:description\" content=\"La\u00a0Cr\u00e8me Hydrate+ Papulex Isocorrexion\u00a0est destin\u00e9e aux\u00a0peaux \u00e0 imperfections\u00a0ou peaux \u00e0 probl\u00e8mes.  Les peaux \u00e0 imperfections ont tendance \u00e0 produire trop de s\u00e9bum. Cette surproduction\u00a0va entrainer l&#039;apparition d&#039;imperfections telles que des boutons, de l&#039;acn\u00e9 ou des points noirs. La peau laisse appara\u00eetre des zones de brillance, plus grasses, principalement sur la zone T du visage (front-nez-menton). C&#039;est notamment le cas \u00e0 l&#039;adolescence, sous l&#039;influence des hormones, que ces petites imperfections commencent \u00e0 appara\u00eetre, mais ces derni\u00e8res peuvent faire leur apparition \u00e0 tout \u00e2ge, aussi bien sur le visage que sur le reste du corps.\" \/>\n<meta property=\"og:url\" content=\"https:\/\/pharmadreams.shop\/index.php\/product\/papulex-isocorrexion-creme-hydrate\/\" \/>\n<meta property=\"og:site_name\" content=\"pharmadreams\" \/>\n<meta property=\"article:modified_time\" content=\"2023-12-19T18:41:05+00:00\" \/>\n<meta property=\"og:image\" content=\"https:\/\/pharmadreams.shop\/wp-content\/uploads\/2023\/12\/Sans-titre-41.png\" \/>\n\t<meta property=\"og:image:width\" content=\"728\" \/>\n\t<meta property=\"og:image:height\" content=\"764\" \/>\n\t<meta property=\"og:image:type\" content=\"image\/png\" \/>\n<meta name=\"twitter:card\" content=\"summary_large_image\" \/>\n<script type=\"application\/ld+json\" class=\"yoast-schema-graph\">{\"@context\":\"https:\/\/schema.org\",\"@graph\":[{\"@type\":\"WebPage\",\"@id\":\"https:\/\/pharmadreams.shop\/index.php\/product\/papulex-isocorrexion-creme-hydrate\/\",\"url\":\"https:\/\/pharmadreams.shop\/index.php\/product\/papulex-isocorrexion-creme-hydrate\/\",\"name\":\"Papulex isocorrexion cr\u00e8me hydrate+ - pharmadreams\",\"isPartOf\":{\"@id\":\"https:\/\/pharmadreams.shop\/#website\"},\"primaryImageOfPage\":{\"@id\":\"https:\/\/pharmadreams.shop\/index.php\/product\/papulex-isocorrexion-creme-hydrate\/#primaryimage\"},\"image\":{\"@id\":\"https:\/\/pharmadreams.shop\/index.php\/product\/papulex-isocorrexion-creme-hydrate\/#primaryimage\"},\"thumbnailUrl\":\"https:\/\/pharmadreams.shop\/wp-content\/uploads\/2023\/12\/Sans-titre-41.png\",\"datePublished\":\"2023-12-19T18:39:54+00:00\",\"dateModified\":\"2023-12-19T18:41:05+00:00\",\"breadcrumb\":{\"@id\":\"https:\/\/pharmadreams.shop\/index.php\/product\/papulex-isocorrexion-creme-hydrate\/#breadcrumb\"},\"inLanguage\":\"fr-FR\",\"potentialAction\":[{\"@type\":\"ReadAction\",\"target\":[\"https:\/\/pharmadreams.shop\/index.php\/product\/papulex-isocorrexion-creme-hydrate\/\"]}]},{\"@type\":\"ImageObject\",\"inLanguage\":\"fr-FR\",\"@id\":\"https:\/\/pharmadreams.shop\/index.php\/product\/papulex-isocorrexion-creme-hydrate\/#primaryimage\",\"url\":\"https:\/\/pharmadreams.shop\/wp-content\/uploads\/2023\/12\/Sans-titre-41.png\",\"contentUrl\":\"https:\/\/pharmadreams.shop\/wp-content\/uploads\/2023\/12\/Sans-titre-41.png\",\"width\":728,\"height\":764},{\"@type\":\"BreadcrumbList\",\"@id\":\"https:\/\/pharmadreams.shop\/index.php\/product\/papulex-isocorrexion-creme-hydrate\/#breadcrumb\",\"itemListElement\":[{\"@type\":\"ListItem\",\"position\":1,\"name\":\"Accueil\",\"item\":\"https:\/\/pharmadreams.shop\/\"},{\"@type\":\"ListItem\",\"position\":2,\"name\":\"Shop\",\"item\":\"https:\/\/pharmadreams.shop\/index.php\/shop\/\"},{\"@type\":\"ListItem\",\"position\":3,\"name\":\"Papulex isocorrexion cr\u00e8me hydrate+\"}]},{\"@type\":\"WebSite\",\"@id\":\"https:\/\/pharmadreams.shop\/#website\",\"url\":\"https:\/\/pharmadreams.shop\/\",\"name\":\"pharmadreams\",\"description\":\"Parapharmacie en ligne\",\"potentialAction\":[{\"@type\":\"SearchAction\",\"target\":{\"@type\":\"EntryPoint\",\"urlTemplate\":\"https:\/\/pharmadreams.shop\/?s={search_term_string}\"},\"query-input\":\"required name=search_term_string\"}],\"inLanguage\":\"fr-FR\"}]}<\/script>\n<!-- \/ Yoast SEO plugin. -->","yoast_head_json":{"title":"Papulex isocorrexion cr\u00e8me hydrate+ - pharmadreams","robots":{"index":"index","follow":"follow","max-snippet":"max-snippet:-1","max-image-preview":"max-image-preview:large","max-video-preview":"max-video-preview:-1"},"canonical":"https:\/\/pharmadreams.shop\/index.php\/product\/papulex-isocorrexion-creme-hydrate\/","og_locale":"fr_FR","og_type":"article","og_title":"Papulex isocorrexion cr\u00e8me hydrate+ - pharmadreams","og_description":"La\u00a0Cr\u00e8me Hydrate+ Papulex Isocorrexion\u00a0est destin\u00e9e aux\u00a0peaux \u00e0 imperfections\u00a0ou peaux \u00e0 probl\u00e8mes.  Les peaux \u00e0 imperfections ont tendance \u00e0 produire trop de s\u00e9bum. Cette surproduction\u00a0va entrainer l'apparition d'imperfections telles que des boutons, de l'acn\u00e9 ou des points noirs. La peau laisse appara\u00eetre des zones de brillance, plus grasses, principalement sur la zone T du visage (front-nez-menton). C'est notamment le cas \u00e0 l'adolescence, sous l'influence des hormones, que ces petites imperfections commencent \u00e0 appara\u00eetre, mais ces derni\u00e8res peuvent faire leur apparition \u00e0 tout \u00e2ge, aussi bien sur le visage que sur le reste du corps.","og_url":"https:\/\/pharmadreams.shop\/index.php\/product\/papulex-isocorrexion-creme-hydrate\/","og_site_name":"pharmadreams","article_modified_time":"2023-12-19T18:41:05+00:00","og_image":[{"width":728,"height":764,"url":"https:\/\/pharmadreams.shop\/wp-content\/uploads\/2023\/12\/Sans-titre-41.png","type":"image\/png"}],"twitter_card":"summary_large_image","schema":{"@context":"https:\/\/schema.org","@graph":[{"@type":"WebPage","@id":"https:\/\/pharmadreams.shop\/index.php\/product\/papulex-isocorrexion-creme-hydrate\/","url":"https:\/\/pharmadreams.shop\/index.php\/product\/papulex-isocorrexion-creme-hydrate\/","name":"Papulex isocorrexion cr\u00e8me hydrate+ - pharmadreams","isPartOf":{"@id":"https:\/\/pharmadreams.shop\/#website"},"primaryImageOfPage":{"@id":"https:\/\/pharmadreams.shop\/index.php\/product\/papulex-isocorrexion-creme-hydrate\/#primaryimage"},"image":{"@id":"https:\/\/pharmadreams.shop\/index.php\/product\/papulex-isocorrexion-creme-hydrate\/#primaryimage"},"thumbnailUrl":"https:\/\/pharmadreams.shop\/wp-content\/uploads\/2023\/12\/Sans-titre-41.png","datePublished":"2023-12-19T18:39:54+00:00","dateModified":"2023-12-19T18:41:05+00:00","breadcrumb":{"@id":"https:\/\/pharmadreams.shop\/index.php\/product\/papulex-isocorrexion-creme-hydrate\/#breadcrumb"},"inLanguage":"fr-FR","potentialAction":[{"@type":"ReadAction","target":["https:\/\/pharmadreams.shop\/index.php\/product\/papulex-isocorrexion-creme-hydrate\/"]}]},{"@type":"ImageObject","inLanguage":"fr-FR","@id":"https:\/\/pharmadreams.shop\/index.php\/product\/papulex-isocorrexion-creme-hydrate\/#primaryimage","url":"https:\/\/pharmadreams.shop\/wp-content\/uploads\/2023\/12\/Sans-titre-41.png","contentUrl":"https:\/\/pharmadreams.shop\/wp-content\/uploads\/2023\/12\/Sans-titre-41.png","width":728,"height":764},{"@type":"BreadcrumbList","@id":"https:\/\/pharmadreams.shop\/index.php\/product\/papulex-isocorrexion-creme-hydrate\/#breadcrumb","itemListElement":[{"@type":"ListItem","position":1,"name":"Accueil","item":"https:\/\/pharmadreams.shop\/"},{"@type":"ListItem","position":2,"name":"Shop","item":"https:\/\/pharmadreams.shop\/index.php\/shop\/"},{"@type":"ListItem","position":3,"name":"Papulex isocorrexion cr\u00e8me hydrate+"}]},{"@type":"WebSite","@id":"https:\/\/pharmadreams.shop\/#website","url":"https:\/\/pharmadreams.shop\/","name":"pharmadreams","description":"Parapharmacie en ligne","potentialAction":[{"@type":"SearchAction","target":{"@type":"EntryPoint","urlTemplate":"https:\/\/pharmadreams.shop\/?s={search_term_string}"},"query-input":"required name=search_term_string"}],"inLanguage":"fr-FR"}]}},"_links":{"self":[{"href":"https:\/\/pharmadreams.shop\/index.php\/wp-json\/wp\/v2\/product\/16924","targetHints":{"allow":["GET"]}}],"collection":[{"href":"https:\/\/pharmadreams.shop\/index.php\/wp-json\/wp\/v2\/product"}],"about":[{"href":"https:\/\/pharmadreams.shop\/index.php\/wp-json\/wp\/v2\/types\/product"}],"replies":[{"embeddable":true,"href":"https:\/\/pharmadreams.shop\/index.php\/wp-json\/wp\/v2\/comments?post=16924"}],"version-history":[{"count":0,"href":"https:\/\/pharmadreams.shop\/index.php\/wp-json\/wp\/v2\/product\/16924\/revisions"}],"wp:featuredmedia":[{"embeddable":true,"href":"https:\/\/pharmadreams.shop\/index.php\/wp-json\/wp\/v2\/media\/17002"}],"wp:attachment":[{"href":"https:\/\/pharmadreams.shop\/index.php\/wp-json\/wp\/v2\/media?parent=16924"}],"wp:term":[{"taxonomy":"product_brand","embeddable":true,"href":"https:\/\/pharmadreams.shop\/index.php\/wp-json\/wp\/v2\/product_brand?post=16924"},{"taxonomy":"product_cat","embeddable":true,"href":"https:\/\/pharmadreams.shop\/index.php\/wp-json\/wp\/v2\/product_cat?post=16924"},{"taxonomy":"product_tag","embeddable":true,"href":"https:\/\/pharmadreams.shop\/index.php\/wp-json\/wp\/v2\/product_tag?post=16924"}],"curies":[{"name":"wp","href":"https:\/\/api.w.org\/{rel}","templated":true}]}}