{"id":16948,"date":"2023-12-19T19:40:19","date_gmt":"2023-12-19T18:40:19","guid":{"rendered":"https:\/\/venuspara.com\/?post_type=product&#038;p=16948"},"modified":"2023-12-19T19:41:16","modified_gmt":"2023-12-19T18:41:16","slug":"papulex-gel-controler-40ml","status":"publish","type":"product","link":"https:\/\/pharmadreams.shop\/index.php\/product\/papulex-gel-controler-40ml\/","title":{"rendered":"Papulex gel controler 40ml"},"content":{"rendered":"","protected":false},"excerpt":{"rendered":"<p><strong>Papulex\u00a0Contr\u00f4ler gel<\/strong>\u00a0est sp\u00e9cialement con\u00e7u pour les\u00a0<strong>peaux \u00e0 imperfections, \u00e0 tendance acn\u00e9ique<\/strong>.\u00a0Les imperfections marquent visiblement la peau : rougeurs, pores dilat\u00e9s et bouch\u00e9s, com\u00e9dons\u2026 C\u2019est un terrain favorable \u00e0 la prolif\u00e9ration bact\u00e9rienne.\u00a0Les glandes s\u00e9bac\u00e9es \u00e9mettrices de s\u00e9bum risquent alors de subir une inflammation et des boutons rouges vont appara\u00eetre. C\u2019est ce que l\u2019on appelle l\u2019acn\u00e9. Celle-ci est mal v\u00e9cue, car inesth\u00e9tique, et elle est susceptible de laisser des marques et des cicatrices.<\/p>\n","protected":false},"featured_media":17022,"comment_status":"open","ping_status":"closed","template":"","meta":[],"product_brand":[],"product_cat":[97,114],"product_tag":[],"class_list":{"0":"post-16948","1":"product","2":"type-product","3":"status-publish","4":"has-post-thumbnail","6":"product_cat-anti-imperfection","7":"product_cat-gel","9":"first","10":"instock","11":"shipping-taxable","12":"purchasable","13":"product-type-simple"},"yoast_head":"<!-- This site is optimized with the Yoast SEO plugin v23.0 - https:\/\/yoast.com\/wordpress\/plugins\/seo\/ -->\n<title>Papulex gel controler 40ml - pharmadreams<\/title>\n<meta name=\"robots\" content=\"index, follow, max-snippet:-1, max-image-preview:large, max-video-preview:-1\" \/>\n<link rel=\"canonical\" href=\"https:\/\/pharmadreams.shop\/index.php\/product\/papulex-gel-controler-40ml\/\" \/>\n<meta property=\"og:locale\" content=\"fr_FR\" \/>\n<meta property=\"og:type\" content=\"article\" \/>\n<meta property=\"og:title\" content=\"Papulex gel controler 40ml - pharmadreams\" \/>\n<meta property=\"og:description\" content=\"Papulex\u00a0Contr\u00f4ler gel\u00a0est sp\u00e9cialement con\u00e7u pour les\u00a0peaux \u00e0 imperfections, \u00e0 tendance acn\u00e9ique.\u00a0Les imperfections marquent visiblement la peau : rougeurs, pores dilat\u00e9s et bouch\u00e9s, com\u00e9dons\u2026 C\u2019est un terrain favorable \u00e0 la prolif\u00e9ration bact\u00e9rienne.\u00a0Les glandes s\u00e9bac\u00e9es \u00e9mettrices de s\u00e9bum risquent alors de subir une inflammation et des boutons rouges vont appara\u00eetre. C\u2019est ce que l\u2019on appelle l\u2019acn\u00e9. Celle-ci est mal v\u00e9cue, car inesth\u00e9tique, et elle est susceptible de laisser des marques et des cicatrices.\" \/>\n<meta property=\"og:url\" content=\"https:\/\/pharmadreams.shop\/index.php\/product\/papulex-gel-controler-40ml\/\" \/>\n<meta property=\"og:site_name\" content=\"pharmadreams\" \/>\n<meta property=\"article:modified_time\" content=\"2023-12-19T18:41:16+00:00\" \/>\n<meta property=\"og:image\" content=\"https:\/\/pharmadreams.shop\/wp-content\/uploads\/2023\/12\/Sans-titre-44.png\" \/>\n\t<meta property=\"og:image:width\" content=\"508\" \/>\n\t<meta property=\"og:image:height\" content=\"580\" \/>\n\t<meta property=\"og:image:type\" content=\"image\/png\" \/>\n<meta name=\"twitter:card\" content=\"summary_large_image\" \/>\n<script type=\"application\/ld+json\" class=\"yoast-schema-graph\">{\"@context\":\"https:\/\/schema.org\",\"@graph\":[{\"@type\":\"WebPage\",\"@id\":\"https:\/\/pharmadreams.shop\/index.php\/product\/papulex-gel-controler-40ml\/\",\"url\":\"https:\/\/pharmadreams.shop\/index.php\/product\/papulex-gel-controler-40ml\/\",\"name\":\"Papulex gel controler 40ml - pharmadreams\",\"isPartOf\":{\"@id\":\"https:\/\/pharmadreams.shop\/#website\"},\"primaryImageOfPage\":{\"@id\":\"https:\/\/pharmadreams.shop\/index.php\/product\/papulex-gel-controler-40ml\/#primaryimage\"},\"image\":{\"@id\":\"https:\/\/pharmadreams.shop\/index.php\/product\/papulex-gel-controler-40ml\/#primaryimage\"},\"thumbnailUrl\":\"https:\/\/pharmadreams.shop\/wp-content\/uploads\/2023\/12\/Sans-titre-44.png\",\"datePublished\":\"2023-12-19T18:40:19+00:00\",\"dateModified\":\"2023-12-19T18:41:16+00:00\",\"breadcrumb\":{\"@id\":\"https:\/\/pharmadreams.shop\/index.php\/product\/papulex-gel-controler-40ml\/#breadcrumb\"},\"inLanguage\":\"fr-FR\",\"potentialAction\":[{\"@type\":\"ReadAction\",\"target\":[\"https:\/\/pharmadreams.shop\/index.php\/product\/papulex-gel-controler-40ml\/\"]}]},{\"@type\":\"ImageObject\",\"inLanguage\":\"fr-FR\",\"@id\":\"https:\/\/pharmadreams.shop\/index.php\/product\/papulex-gel-controler-40ml\/#primaryimage\",\"url\":\"https:\/\/pharmadreams.shop\/wp-content\/uploads\/2023\/12\/Sans-titre-44.png\",\"contentUrl\":\"https:\/\/pharmadreams.shop\/wp-content\/uploads\/2023\/12\/Sans-titre-44.png\",\"width\":508,\"height\":580},{\"@type\":\"BreadcrumbList\",\"@id\":\"https:\/\/pharmadreams.shop\/index.php\/product\/papulex-gel-controler-40ml\/#breadcrumb\",\"itemListElement\":[{\"@type\":\"ListItem\",\"position\":1,\"name\":\"Accueil\",\"item\":\"https:\/\/pharmadreams.shop\/\"},{\"@type\":\"ListItem\",\"position\":2,\"name\":\"Shop\",\"item\":\"https:\/\/pharmadreams.shop\/index.php\/shop\/\"},{\"@type\":\"ListItem\",\"position\":3,\"name\":\"Papulex gel controler 40ml\"}]},{\"@type\":\"WebSite\",\"@id\":\"https:\/\/pharmadreams.shop\/#website\",\"url\":\"https:\/\/pharmadreams.shop\/\",\"name\":\"pharmadreams\",\"description\":\"Parapharmacie en ligne\",\"potentialAction\":[{\"@type\":\"SearchAction\",\"target\":{\"@type\":\"EntryPoint\",\"urlTemplate\":\"https:\/\/pharmadreams.shop\/?s={search_term_string}\"},\"query-input\":\"required name=search_term_string\"}],\"inLanguage\":\"fr-FR\"}]}<\/script>\n<!-- \/ Yoast SEO plugin. -->","yoast_head_json":{"title":"Papulex gel controler 40ml - pharmadreams","robots":{"index":"index","follow":"follow","max-snippet":"max-snippet:-1","max-image-preview":"max-image-preview:large","max-video-preview":"max-video-preview:-1"},"canonical":"https:\/\/pharmadreams.shop\/index.php\/product\/papulex-gel-controler-40ml\/","og_locale":"fr_FR","og_type":"article","og_title":"Papulex gel controler 40ml - pharmadreams","og_description":"Papulex\u00a0Contr\u00f4ler gel\u00a0est sp\u00e9cialement con\u00e7u pour les\u00a0peaux \u00e0 imperfections, \u00e0 tendance acn\u00e9ique.\u00a0Les imperfections marquent visiblement la peau : rougeurs, pores dilat\u00e9s et bouch\u00e9s, com\u00e9dons\u2026 C\u2019est un terrain favorable \u00e0 la prolif\u00e9ration bact\u00e9rienne.\u00a0Les glandes s\u00e9bac\u00e9es \u00e9mettrices de s\u00e9bum risquent alors de subir une inflammation et des boutons rouges vont appara\u00eetre. C\u2019est ce que l\u2019on appelle l\u2019acn\u00e9. Celle-ci est mal v\u00e9cue, car inesth\u00e9tique, et elle est susceptible de laisser des marques et des cicatrices.","og_url":"https:\/\/pharmadreams.shop\/index.php\/product\/papulex-gel-controler-40ml\/","og_site_name":"pharmadreams","article_modified_time":"2023-12-19T18:41:16+00:00","og_image":[{"width":508,"height":580,"url":"https:\/\/pharmadreams.shop\/wp-content\/uploads\/2023\/12\/Sans-titre-44.png","type":"image\/png"}],"twitter_card":"summary_large_image","schema":{"@context":"https:\/\/schema.org","@graph":[{"@type":"WebPage","@id":"https:\/\/pharmadreams.shop\/index.php\/product\/papulex-gel-controler-40ml\/","url":"https:\/\/pharmadreams.shop\/index.php\/product\/papulex-gel-controler-40ml\/","name":"Papulex gel controler 40ml - pharmadreams","isPartOf":{"@id":"https:\/\/pharmadreams.shop\/#website"},"primaryImageOfPage":{"@id":"https:\/\/pharmadreams.shop\/index.php\/product\/papulex-gel-controler-40ml\/#primaryimage"},"image":{"@id":"https:\/\/pharmadreams.shop\/index.php\/product\/papulex-gel-controler-40ml\/#primaryimage"},"thumbnailUrl":"https:\/\/pharmadreams.shop\/wp-content\/uploads\/2023\/12\/Sans-titre-44.png","datePublished":"2023-12-19T18:40:19+00:00","dateModified":"2023-12-19T18:41:16+00:00","breadcrumb":{"@id":"https:\/\/pharmadreams.shop\/index.php\/product\/papulex-gel-controler-40ml\/#breadcrumb"},"inLanguage":"fr-FR","potentialAction":[{"@type":"ReadAction","target":["https:\/\/pharmadreams.shop\/index.php\/product\/papulex-gel-controler-40ml\/"]}]},{"@type":"ImageObject","inLanguage":"fr-FR","@id":"https:\/\/pharmadreams.shop\/index.php\/product\/papulex-gel-controler-40ml\/#primaryimage","url":"https:\/\/pharmadreams.shop\/wp-content\/uploads\/2023\/12\/Sans-titre-44.png","contentUrl":"https:\/\/pharmadreams.shop\/wp-content\/uploads\/2023\/12\/Sans-titre-44.png","width":508,"height":580},{"@type":"BreadcrumbList","@id":"https:\/\/pharmadreams.shop\/index.php\/product\/papulex-gel-controler-40ml\/#breadcrumb","itemListElement":[{"@type":"ListItem","position":1,"name":"Accueil","item":"https:\/\/pharmadreams.shop\/"},{"@type":"ListItem","position":2,"name":"Shop","item":"https:\/\/pharmadreams.shop\/index.php\/shop\/"},{"@type":"ListItem","position":3,"name":"Papulex gel controler 40ml"}]},{"@type":"WebSite","@id":"https:\/\/pharmadreams.shop\/#website","url":"https:\/\/pharmadreams.shop\/","name":"pharmadreams","description":"Parapharmacie en ligne","potentialAction":[{"@type":"SearchAction","target":{"@type":"EntryPoint","urlTemplate":"https:\/\/pharmadreams.shop\/?s={search_term_string}"},"query-input":"required name=search_term_string"}],"inLanguage":"fr-FR"}]}},"_links":{"self":[{"href":"https:\/\/pharmadreams.shop\/index.php\/wp-json\/wp\/v2\/product\/16948","targetHints":{"allow":["GET"]}}],"collection":[{"href":"https:\/\/pharmadreams.shop\/index.php\/wp-json\/wp\/v2\/product"}],"about":[{"href":"https:\/\/pharmadreams.shop\/index.php\/wp-json\/wp\/v2\/types\/product"}],"replies":[{"embeddable":true,"href":"https:\/\/pharmadreams.shop\/index.php\/wp-json\/wp\/v2\/comments?post=16948"}],"version-history":[{"count":0,"href":"https:\/\/pharmadreams.shop\/index.php\/wp-json\/wp\/v2\/product\/16948\/revisions"}],"wp:featuredmedia":[{"embeddable":true,"href":"https:\/\/pharmadreams.shop\/index.php\/wp-json\/wp\/v2\/media\/17022"}],"wp:attachment":[{"href":"https:\/\/pharmadreams.shop\/index.php\/wp-json\/wp\/v2\/media?parent=16948"}],"wp:term":[{"taxonomy":"product_brand","embeddable":true,"href":"https:\/\/pharmadreams.shop\/index.php\/wp-json\/wp\/v2\/product_brand?post=16948"},{"taxonomy":"product_cat","embeddable":true,"href":"https:\/\/pharmadreams.shop\/index.php\/wp-json\/wp\/v2\/product_cat?post=16948"},{"taxonomy":"product_tag","embeddable":true,"href":"https:\/\/pharmadreams.shop\/index.php\/wp-json\/wp\/v2\/product_tag?post=16948"}],"curies":[{"name":"wp","href":"https:\/\/api.w.org\/{rel}","templated":true}]}}