{"id":16949,"date":"2023-12-19T19:40:19","date_gmt":"2023-12-19T18:40:19","guid":{"rendered":"https:\/\/venuspara.com\/?post_type=product&#038;p=16949"},"modified":"2023-12-19T19:41:17","modified_gmt":"2023-12-19T18:41:17","slug":"biowhite-skin-spray-concentre-hydratant","status":"publish","type":"product","link":"https:\/\/pharmadreams.shop\/index.php\/product\/biowhite-skin-spray-concentre-hydratant\/","title":{"rendered":"Biowhite skin spray concentr\u00e9 hydratant"},"content":{"rendered":"","protected":false},"excerpt":{"rendered":"<p style=\"font-weight: 400;\">Le spray concentr\u00e9 hydratant r\u00e9parateur de\u00a0<b><strong>Biowhite Skin Hydratation<\/strong><\/b><\/p>\n<p style=\"font-weight: 400;\">R\u00e9sultat une touche lisse satin\u00e9e sur votre peau avec une fra\u00eecheur sans \u00e9gale et un aspect ferme et soyeux. Un effet imm\u00e9diat est garanti et l\u2019hydratation est boost\u00e9e en profondeur<\/p>\n","protected":false},"featured_media":17024,"comment_status":"open","ping_status":"closed","template":"","meta":[],"product_brand":[],"product_cat":[98,263],"product_tag":[],"class_list":{"0":"post-16949","1":"product","2":"type-product","3":"status-publish","4":"has-post-thumbnail","6":"product_cat-hydratation","7":"product_cat-spray","9":"first","10":"instock","11":"shipping-taxable","12":"purchasable","13":"product-type-simple"},"yoast_head":"<!-- This site is optimized with the Yoast SEO plugin v23.0 - https:\/\/yoast.com\/wordpress\/plugins\/seo\/ -->\n<title>Biowhite skin spray concentr\u00e9 hydratant - pharmadreams<\/title>\n<meta name=\"robots\" content=\"index, follow, max-snippet:-1, max-image-preview:large, max-video-preview:-1\" \/>\n<link rel=\"canonical\" href=\"https:\/\/pharmadreams.shop\/index.php\/product\/biowhite-skin-spray-concentre-hydratant\/\" \/>\n<meta property=\"og:locale\" content=\"fr_FR\" \/>\n<meta property=\"og:type\" content=\"article\" \/>\n<meta property=\"og:title\" content=\"Biowhite skin spray concentr\u00e9 hydratant - pharmadreams\" \/>\n<meta property=\"og:description\" content=\"Le spray concentr\u00e9 hydratant r\u00e9parateur de\u00a0Biowhite Skin Hydratation R\u00e9sultat une touche lisse satin\u00e9e sur votre peau avec une fra\u00eecheur sans \u00e9gale et un aspect ferme et soyeux. Un effet imm\u00e9diat est garanti et l\u2019hydratation est boost\u00e9e en profondeur\" \/>\n<meta property=\"og:url\" content=\"https:\/\/pharmadreams.shop\/index.php\/product\/biowhite-skin-spray-concentre-hydratant\/\" \/>\n<meta property=\"og:site_name\" content=\"pharmadreams\" \/>\n<meta property=\"article:modified_time\" content=\"2023-12-19T18:41:17+00:00\" \/>\n<meta property=\"og:image\" content=\"https:\/\/pharmadreams.shop\/wp-content\/uploads\/2023\/12\/Sans-titre-45.png\" \/>\n\t<meta property=\"og:image:width\" content=\"688\" \/>\n\t<meta property=\"og:image:height\" content=\"884\" \/>\n\t<meta property=\"og:image:type\" content=\"image\/png\" \/>\n<meta name=\"twitter:card\" content=\"summary_large_image\" \/>\n<script type=\"application\/ld+json\" class=\"yoast-schema-graph\">{\"@context\":\"https:\/\/schema.org\",\"@graph\":[{\"@type\":\"WebPage\",\"@id\":\"https:\/\/pharmadreams.shop\/index.php\/product\/biowhite-skin-spray-concentre-hydratant\/\",\"url\":\"https:\/\/pharmadreams.shop\/index.php\/product\/biowhite-skin-spray-concentre-hydratant\/\",\"name\":\"Biowhite skin spray concentr\u00e9 hydratant - pharmadreams\",\"isPartOf\":{\"@id\":\"https:\/\/pharmadreams.shop\/#website\"},\"primaryImageOfPage\":{\"@id\":\"https:\/\/pharmadreams.shop\/index.php\/product\/biowhite-skin-spray-concentre-hydratant\/#primaryimage\"},\"image\":{\"@id\":\"https:\/\/pharmadreams.shop\/index.php\/product\/biowhite-skin-spray-concentre-hydratant\/#primaryimage\"},\"thumbnailUrl\":\"https:\/\/pharmadreams.shop\/wp-content\/uploads\/2023\/12\/Sans-titre-45.png\",\"datePublished\":\"2023-12-19T18:40:19+00:00\",\"dateModified\":\"2023-12-19T18:41:17+00:00\",\"breadcrumb\":{\"@id\":\"https:\/\/pharmadreams.shop\/index.php\/product\/biowhite-skin-spray-concentre-hydratant\/#breadcrumb\"},\"inLanguage\":\"fr-FR\",\"potentialAction\":[{\"@type\":\"ReadAction\",\"target\":[\"https:\/\/pharmadreams.shop\/index.php\/product\/biowhite-skin-spray-concentre-hydratant\/\"]}]},{\"@type\":\"ImageObject\",\"inLanguage\":\"fr-FR\",\"@id\":\"https:\/\/pharmadreams.shop\/index.php\/product\/biowhite-skin-spray-concentre-hydratant\/#primaryimage\",\"url\":\"https:\/\/pharmadreams.shop\/wp-content\/uploads\/2023\/12\/Sans-titre-45.png\",\"contentUrl\":\"https:\/\/pharmadreams.shop\/wp-content\/uploads\/2023\/12\/Sans-titre-45.png\",\"width\":688,\"height\":884},{\"@type\":\"BreadcrumbList\",\"@id\":\"https:\/\/pharmadreams.shop\/index.php\/product\/biowhite-skin-spray-concentre-hydratant\/#breadcrumb\",\"itemListElement\":[{\"@type\":\"ListItem\",\"position\":1,\"name\":\"Accueil\",\"item\":\"https:\/\/pharmadreams.shop\/\"},{\"@type\":\"ListItem\",\"position\":2,\"name\":\"Shop\",\"item\":\"https:\/\/pharmadreams.shop\/index.php\/shop\/\"},{\"@type\":\"ListItem\",\"position\":3,\"name\":\"Biowhite skin spray concentr\u00e9 hydratant\"}]},{\"@type\":\"WebSite\",\"@id\":\"https:\/\/pharmadreams.shop\/#website\",\"url\":\"https:\/\/pharmadreams.shop\/\",\"name\":\"pharmadreams\",\"description\":\"Parapharmacie en ligne\",\"potentialAction\":[{\"@type\":\"SearchAction\",\"target\":{\"@type\":\"EntryPoint\",\"urlTemplate\":\"https:\/\/pharmadreams.shop\/?s={search_term_string}\"},\"query-input\":\"required name=search_term_string\"}],\"inLanguage\":\"fr-FR\"}]}<\/script>\n<!-- \/ Yoast SEO plugin. -->","yoast_head_json":{"title":"Biowhite skin spray concentr\u00e9 hydratant - pharmadreams","robots":{"index":"index","follow":"follow","max-snippet":"max-snippet:-1","max-image-preview":"max-image-preview:large","max-video-preview":"max-video-preview:-1"},"canonical":"https:\/\/pharmadreams.shop\/index.php\/product\/biowhite-skin-spray-concentre-hydratant\/","og_locale":"fr_FR","og_type":"article","og_title":"Biowhite skin spray concentr\u00e9 hydratant - pharmadreams","og_description":"Le spray concentr\u00e9 hydratant r\u00e9parateur de\u00a0Biowhite Skin Hydratation R\u00e9sultat une touche lisse satin\u00e9e sur votre peau avec une fra\u00eecheur sans \u00e9gale et un aspect ferme et soyeux. Un effet imm\u00e9diat est garanti et l\u2019hydratation est boost\u00e9e en profondeur","og_url":"https:\/\/pharmadreams.shop\/index.php\/product\/biowhite-skin-spray-concentre-hydratant\/","og_site_name":"pharmadreams","article_modified_time":"2023-12-19T18:41:17+00:00","og_image":[{"width":688,"height":884,"url":"https:\/\/pharmadreams.shop\/wp-content\/uploads\/2023\/12\/Sans-titre-45.png","type":"image\/png"}],"twitter_card":"summary_large_image","schema":{"@context":"https:\/\/schema.org","@graph":[{"@type":"WebPage","@id":"https:\/\/pharmadreams.shop\/index.php\/product\/biowhite-skin-spray-concentre-hydratant\/","url":"https:\/\/pharmadreams.shop\/index.php\/product\/biowhite-skin-spray-concentre-hydratant\/","name":"Biowhite skin spray concentr\u00e9 hydratant - pharmadreams","isPartOf":{"@id":"https:\/\/pharmadreams.shop\/#website"},"primaryImageOfPage":{"@id":"https:\/\/pharmadreams.shop\/index.php\/product\/biowhite-skin-spray-concentre-hydratant\/#primaryimage"},"image":{"@id":"https:\/\/pharmadreams.shop\/index.php\/product\/biowhite-skin-spray-concentre-hydratant\/#primaryimage"},"thumbnailUrl":"https:\/\/pharmadreams.shop\/wp-content\/uploads\/2023\/12\/Sans-titre-45.png","datePublished":"2023-12-19T18:40:19+00:00","dateModified":"2023-12-19T18:41:17+00:00","breadcrumb":{"@id":"https:\/\/pharmadreams.shop\/index.php\/product\/biowhite-skin-spray-concentre-hydratant\/#breadcrumb"},"inLanguage":"fr-FR","potentialAction":[{"@type":"ReadAction","target":["https:\/\/pharmadreams.shop\/index.php\/product\/biowhite-skin-spray-concentre-hydratant\/"]}]},{"@type":"ImageObject","inLanguage":"fr-FR","@id":"https:\/\/pharmadreams.shop\/index.php\/product\/biowhite-skin-spray-concentre-hydratant\/#primaryimage","url":"https:\/\/pharmadreams.shop\/wp-content\/uploads\/2023\/12\/Sans-titre-45.png","contentUrl":"https:\/\/pharmadreams.shop\/wp-content\/uploads\/2023\/12\/Sans-titre-45.png","width":688,"height":884},{"@type":"BreadcrumbList","@id":"https:\/\/pharmadreams.shop\/index.php\/product\/biowhite-skin-spray-concentre-hydratant\/#breadcrumb","itemListElement":[{"@type":"ListItem","position":1,"name":"Accueil","item":"https:\/\/pharmadreams.shop\/"},{"@type":"ListItem","position":2,"name":"Shop","item":"https:\/\/pharmadreams.shop\/index.php\/shop\/"},{"@type":"ListItem","position":3,"name":"Biowhite skin spray concentr\u00e9 hydratant"}]},{"@type":"WebSite","@id":"https:\/\/pharmadreams.shop\/#website","url":"https:\/\/pharmadreams.shop\/","name":"pharmadreams","description":"Parapharmacie en ligne","potentialAction":[{"@type":"SearchAction","target":{"@type":"EntryPoint","urlTemplate":"https:\/\/pharmadreams.shop\/?s={search_term_string}"},"query-input":"required name=search_term_string"}],"inLanguage":"fr-FR"}]}},"_links":{"self":[{"href":"https:\/\/pharmadreams.shop\/index.php\/wp-json\/wp\/v2\/product\/16949","targetHints":{"allow":["GET"]}}],"collection":[{"href":"https:\/\/pharmadreams.shop\/index.php\/wp-json\/wp\/v2\/product"}],"about":[{"href":"https:\/\/pharmadreams.shop\/index.php\/wp-json\/wp\/v2\/types\/product"}],"replies":[{"embeddable":true,"href":"https:\/\/pharmadreams.shop\/index.php\/wp-json\/wp\/v2\/comments?post=16949"}],"version-history":[{"count":0,"href":"https:\/\/pharmadreams.shop\/index.php\/wp-json\/wp\/v2\/product\/16949\/revisions"}],"wp:featuredmedia":[{"embeddable":true,"href":"https:\/\/pharmadreams.shop\/index.php\/wp-json\/wp\/v2\/media\/17024"}],"wp:attachment":[{"href":"https:\/\/pharmadreams.shop\/index.php\/wp-json\/wp\/v2\/media?parent=16949"}],"wp:term":[{"taxonomy":"product_brand","embeddable":true,"href":"https:\/\/pharmadreams.shop\/index.php\/wp-json\/wp\/v2\/product_brand?post=16949"},{"taxonomy":"product_cat","embeddable":true,"href":"https:\/\/pharmadreams.shop\/index.php\/wp-json\/wp\/v2\/product_cat?post=16949"},{"taxonomy":"product_tag","embeddable":true,"href":"https:\/\/pharmadreams.shop\/index.php\/wp-json\/wp\/v2\/product_tag?post=16949"}],"curies":[{"name":"wp","href":"https:\/\/api.w.org\/{rel}","templated":true}]}}