{"id":16950,"date":"2023-12-19T19:40:19","date_gmt":"2023-12-19T18:40:19","guid":{"rendered":"https:\/\/venuspara.com\/?post_type=product&#038;p=16950"},"modified":"2023-12-19T19:41:18","modified_gmt":"2023-12-19T18:41:18","slug":"biowhite-mousse-nettoyante-eclaircissante","status":"publish","type":"product","link":"https:\/\/pharmadreams.shop\/index.php\/product\/biowhite-mousse-nettoyante-eclaircissante\/","title":{"rendered":"Biowhite mousse nettoyante \u00e9claircissante"},"content":{"rendered":"","protected":false},"excerpt":{"rendered":"<p style=\"font-weight: 400;\">Le premier geste bonheur chaque matin\u00e9e est d\u2019offrir \u00e0 votre peau nettoyage satin\u00e9, une mousse cr\u00e9meuse et onctueuse qui nettoie votre peau en profondeur et laisse votre peau hydrat\u00e9e avec un parfum doux et frais pour commencer votre journ\u00e9e.<\/p>\n","protected":false},"featured_media":17026,"comment_status":"open","ping_status":"closed","template":"","meta":[],"product_brand":[],"product_cat":[214],"product_tag":[],"class_list":{"0":"post-16950","1":"product","2":"type-product","3":"status-publish","4":"has-post-thumbnail","6":"product_cat-mousse-nettoyante","8":"first","9":"instock","10":"shipping-taxable","11":"purchasable","12":"product-type-simple"},"yoast_head":"<!-- This site is optimized with the Yoast SEO plugin v23.0 - https:\/\/yoast.com\/wordpress\/plugins\/seo\/ -->\n<title>Biowhite mousse nettoyante \u00e9claircissante - pharmadreams<\/title>\n<meta name=\"robots\" content=\"index, follow, max-snippet:-1, max-image-preview:large, max-video-preview:-1\" \/>\n<link rel=\"canonical\" href=\"https:\/\/pharmadreams.shop\/index.php\/product\/biowhite-mousse-nettoyante-eclaircissante\/\" \/>\n<meta property=\"og:locale\" content=\"fr_FR\" \/>\n<meta property=\"og:type\" content=\"article\" \/>\n<meta property=\"og:title\" content=\"Biowhite mousse nettoyante \u00e9claircissante - pharmadreams\" \/>\n<meta property=\"og:description\" content=\"Le premier geste bonheur chaque matin\u00e9e est d\u2019offrir \u00e0 votre peau nettoyage satin\u00e9, une mousse cr\u00e9meuse et onctueuse qui nettoie votre peau en profondeur et laisse votre peau hydrat\u00e9e avec un parfum doux et frais pour commencer votre journ\u00e9e.\" \/>\n<meta property=\"og:url\" content=\"https:\/\/pharmadreams.shop\/index.php\/product\/biowhite-mousse-nettoyante-eclaircissante\/\" \/>\n<meta property=\"og:site_name\" content=\"pharmadreams\" \/>\n<meta property=\"article:modified_time\" content=\"2023-12-19T18:41:18+00:00\" \/>\n<meta property=\"og:image\" content=\"https:\/\/pharmadreams.shop\/wp-content\/uploads\/2023\/12\/Sans-titre-46.png\" \/>\n\t<meta property=\"og:image:width\" content=\"704\" \/>\n\t<meta property=\"og:image:height\" content=\"828\" \/>\n\t<meta property=\"og:image:type\" content=\"image\/png\" \/>\n<meta name=\"twitter:card\" content=\"summary_large_image\" \/>\n<script type=\"application\/ld+json\" class=\"yoast-schema-graph\">{\"@context\":\"https:\/\/schema.org\",\"@graph\":[{\"@type\":\"WebPage\",\"@id\":\"https:\/\/pharmadreams.shop\/index.php\/product\/biowhite-mousse-nettoyante-eclaircissante\/\",\"url\":\"https:\/\/pharmadreams.shop\/index.php\/product\/biowhite-mousse-nettoyante-eclaircissante\/\",\"name\":\"Biowhite mousse nettoyante \u00e9claircissante - pharmadreams\",\"isPartOf\":{\"@id\":\"https:\/\/pharmadreams.shop\/#website\"},\"primaryImageOfPage\":{\"@id\":\"https:\/\/pharmadreams.shop\/index.php\/product\/biowhite-mousse-nettoyante-eclaircissante\/#primaryimage\"},\"image\":{\"@id\":\"https:\/\/pharmadreams.shop\/index.php\/product\/biowhite-mousse-nettoyante-eclaircissante\/#primaryimage\"},\"thumbnailUrl\":\"https:\/\/pharmadreams.shop\/wp-content\/uploads\/2023\/12\/Sans-titre-46.png\",\"datePublished\":\"2023-12-19T18:40:19+00:00\",\"dateModified\":\"2023-12-19T18:41:18+00:00\",\"breadcrumb\":{\"@id\":\"https:\/\/pharmadreams.shop\/index.php\/product\/biowhite-mousse-nettoyante-eclaircissante\/#breadcrumb\"},\"inLanguage\":\"fr-FR\",\"potentialAction\":[{\"@type\":\"ReadAction\",\"target\":[\"https:\/\/pharmadreams.shop\/index.php\/product\/biowhite-mousse-nettoyante-eclaircissante\/\"]}]},{\"@type\":\"ImageObject\",\"inLanguage\":\"fr-FR\",\"@id\":\"https:\/\/pharmadreams.shop\/index.php\/product\/biowhite-mousse-nettoyante-eclaircissante\/#primaryimage\",\"url\":\"https:\/\/pharmadreams.shop\/wp-content\/uploads\/2023\/12\/Sans-titre-46.png\",\"contentUrl\":\"https:\/\/pharmadreams.shop\/wp-content\/uploads\/2023\/12\/Sans-titre-46.png\",\"width\":704,\"height\":828},{\"@type\":\"BreadcrumbList\",\"@id\":\"https:\/\/pharmadreams.shop\/index.php\/product\/biowhite-mousse-nettoyante-eclaircissante\/#breadcrumb\",\"itemListElement\":[{\"@type\":\"ListItem\",\"position\":1,\"name\":\"Accueil\",\"item\":\"https:\/\/pharmadreams.shop\/\"},{\"@type\":\"ListItem\",\"position\":2,\"name\":\"Shop\",\"item\":\"https:\/\/pharmadreams.shop\/index.php\/shop\/\"},{\"@type\":\"ListItem\",\"position\":3,\"name\":\"Biowhite mousse nettoyante \u00e9claircissante\"}]},{\"@type\":\"WebSite\",\"@id\":\"https:\/\/pharmadreams.shop\/#website\",\"url\":\"https:\/\/pharmadreams.shop\/\",\"name\":\"pharmadreams\",\"description\":\"Parapharmacie en ligne\",\"potentialAction\":[{\"@type\":\"SearchAction\",\"target\":{\"@type\":\"EntryPoint\",\"urlTemplate\":\"https:\/\/pharmadreams.shop\/?s={search_term_string}\"},\"query-input\":\"required name=search_term_string\"}],\"inLanguage\":\"fr-FR\"}]}<\/script>\n<!-- \/ Yoast SEO plugin. -->","yoast_head_json":{"title":"Biowhite mousse nettoyante \u00e9claircissante - pharmadreams","robots":{"index":"index","follow":"follow","max-snippet":"max-snippet:-1","max-image-preview":"max-image-preview:large","max-video-preview":"max-video-preview:-1"},"canonical":"https:\/\/pharmadreams.shop\/index.php\/product\/biowhite-mousse-nettoyante-eclaircissante\/","og_locale":"fr_FR","og_type":"article","og_title":"Biowhite mousse nettoyante \u00e9claircissante - pharmadreams","og_description":"Le premier geste bonheur chaque matin\u00e9e est d\u2019offrir \u00e0 votre peau nettoyage satin\u00e9, une mousse cr\u00e9meuse et onctueuse qui nettoie votre peau en profondeur et laisse votre peau hydrat\u00e9e avec un parfum doux et frais pour commencer votre journ\u00e9e.","og_url":"https:\/\/pharmadreams.shop\/index.php\/product\/biowhite-mousse-nettoyante-eclaircissante\/","og_site_name":"pharmadreams","article_modified_time":"2023-12-19T18:41:18+00:00","og_image":[{"width":704,"height":828,"url":"https:\/\/pharmadreams.shop\/wp-content\/uploads\/2023\/12\/Sans-titre-46.png","type":"image\/png"}],"twitter_card":"summary_large_image","schema":{"@context":"https:\/\/schema.org","@graph":[{"@type":"WebPage","@id":"https:\/\/pharmadreams.shop\/index.php\/product\/biowhite-mousse-nettoyante-eclaircissante\/","url":"https:\/\/pharmadreams.shop\/index.php\/product\/biowhite-mousse-nettoyante-eclaircissante\/","name":"Biowhite mousse nettoyante \u00e9claircissante - pharmadreams","isPartOf":{"@id":"https:\/\/pharmadreams.shop\/#website"},"primaryImageOfPage":{"@id":"https:\/\/pharmadreams.shop\/index.php\/product\/biowhite-mousse-nettoyante-eclaircissante\/#primaryimage"},"image":{"@id":"https:\/\/pharmadreams.shop\/index.php\/product\/biowhite-mousse-nettoyante-eclaircissante\/#primaryimage"},"thumbnailUrl":"https:\/\/pharmadreams.shop\/wp-content\/uploads\/2023\/12\/Sans-titre-46.png","datePublished":"2023-12-19T18:40:19+00:00","dateModified":"2023-12-19T18:41:18+00:00","breadcrumb":{"@id":"https:\/\/pharmadreams.shop\/index.php\/product\/biowhite-mousse-nettoyante-eclaircissante\/#breadcrumb"},"inLanguage":"fr-FR","potentialAction":[{"@type":"ReadAction","target":["https:\/\/pharmadreams.shop\/index.php\/product\/biowhite-mousse-nettoyante-eclaircissante\/"]}]},{"@type":"ImageObject","inLanguage":"fr-FR","@id":"https:\/\/pharmadreams.shop\/index.php\/product\/biowhite-mousse-nettoyante-eclaircissante\/#primaryimage","url":"https:\/\/pharmadreams.shop\/wp-content\/uploads\/2023\/12\/Sans-titre-46.png","contentUrl":"https:\/\/pharmadreams.shop\/wp-content\/uploads\/2023\/12\/Sans-titre-46.png","width":704,"height":828},{"@type":"BreadcrumbList","@id":"https:\/\/pharmadreams.shop\/index.php\/product\/biowhite-mousse-nettoyante-eclaircissante\/#breadcrumb","itemListElement":[{"@type":"ListItem","position":1,"name":"Accueil","item":"https:\/\/pharmadreams.shop\/"},{"@type":"ListItem","position":2,"name":"Shop","item":"https:\/\/pharmadreams.shop\/index.php\/shop\/"},{"@type":"ListItem","position":3,"name":"Biowhite mousse nettoyante \u00e9claircissante"}]},{"@type":"WebSite","@id":"https:\/\/pharmadreams.shop\/#website","url":"https:\/\/pharmadreams.shop\/","name":"pharmadreams","description":"Parapharmacie en ligne","potentialAction":[{"@type":"SearchAction","target":{"@type":"EntryPoint","urlTemplate":"https:\/\/pharmadreams.shop\/?s={search_term_string}"},"query-input":"required name=search_term_string"}],"inLanguage":"fr-FR"}]}},"_links":{"self":[{"href":"https:\/\/pharmadreams.shop\/index.php\/wp-json\/wp\/v2\/product\/16950","targetHints":{"allow":["GET"]}}],"collection":[{"href":"https:\/\/pharmadreams.shop\/index.php\/wp-json\/wp\/v2\/product"}],"about":[{"href":"https:\/\/pharmadreams.shop\/index.php\/wp-json\/wp\/v2\/types\/product"}],"replies":[{"embeddable":true,"href":"https:\/\/pharmadreams.shop\/index.php\/wp-json\/wp\/v2\/comments?post=16950"}],"version-history":[{"count":0,"href":"https:\/\/pharmadreams.shop\/index.php\/wp-json\/wp\/v2\/product\/16950\/revisions"}],"wp:featuredmedia":[{"embeddable":true,"href":"https:\/\/pharmadreams.shop\/index.php\/wp-json\/wp\/v2\/media\/17026"}],"wp:attachment":[{"href":"https:\/\/pharmadreams.shop\/index.php\/wp-json\/wp\/v2\/media?parent=16950"}],"wp:term":[{"taxonomy":"product_brand","embeddable":true,"href":"https:\/\/pharmadreams.shop\/index.php\/wp-json\/wp\/v2\/product_brand?post=16950"},{"taxonomy":"product_cat","embeddable":true,"href":"https:\/\/pharmadreams.shop\/index.php\/wp-json\/wp\/v2\/product_cat?post=16950"},{"taxonomy":"product_tag","embeddable":true,"href":"https:\/\/pharmadreams.shop\/index.php\/wp-json\/wp\/v2\/product_tag?post=16950"}],"curies":[{"name":"wp","href":"https:\/\/api.w.org\/{rel}","templated":true}]}}