{"id":16951,"date":"2023-12-19T19:40:20","date_gmt":"2023-12-19T18:40:20","guid":{"rendered":"https:\/\/venuspara.com\/?post_type=product&#038;p=16951"},"modified":"2023-12-19T19:41:20","modified_gmt":"2023-12-19T18:41:20","slug":"dermaceutic-yellow-cream","status":"publish","type":"product","link":"https:\/\/pharmadreams.shop\/index.php\/product\/dermaceutic-yellow-cream\/","title":{"rendered":"Dermaceutic yellow cream"},"content":{"rendered":"","protected":false},"excerpt":{"rendered":"<h3 class=\"product-title\"><\/h3>\n<form id=\"contact-form\" role=\"form\" action=\"https:\/\/www.parapharm.tn\/\" method=\"post\" name=\"contact\">\n<div class=\"row col-md-12 pr-0\">\n<div class=\"product-description more\"><strong>Yellow cream\u00a0<\/strong>est un concentr\u00e9 d\u00e9pigmentant \u00e0 recommander lors de traitements contre les hyperpigmentations, rebond pigmentaires post laser ou peeling, melasma ou taches hormonales. Le concentr\u00e9 d\u00e9pigmentant Yellow cream est bas\u00e9 sur l&rsquo;action de plus de 20<span class=\"morecontent\">% d&rsquo;actifs d\u00e9pigmentant les plus performants, associ\u00e9s \u00e0 des agents exfoliants. Ce concentr\u00e9 r\u00e9gule la biosynth\u00e8se de la m\u00e9lanine (inhibition de la tyrosinase).<\/span><\/div>\n<\/div>\n<\/form>\n","protected":false},"featured_media":17028,"comment_status":"open","ping_status":"closed","template":"","meta":[],"product_brand":[],"product_cat":[97,90],"product_tag":[],"class_list":{"0":"post-16951","1":"product","2":"type-product","3":"status-publish","4":"has-post-thumbnail","6":"product_cat-anti-imperfection","7":"product_cat-anti-tache","9":"first","10":"instock","11":"shipping-taxable","12":"purchasable","13":"product-type-simple"},"yoast_head":"<!-- This site is optimized with the Yoast SEO plugin v23.0 - https:\/\/yoast.com\/wordpress\/plugins\/seo\/ -->\n<title>Dermaceutic yellow cream - pharmadreams<\/title>\n<meta name=\"robots\" content=\"index, follow, max-snippet:-1, max-image-preview:large, max-video-preview:-1\" \/>\n<link rel=\"canonical\" href=\"https:\/\/pharmadreams.shop\/index.php\/product\/dermaceutic-yellow-cream\/\" \/>\n<meta property=\"og:locale\" content=\"fr_FR\" \/>\n<meta property=\"og:type\" content=\"article\" \/>\n<meta property=\"og:title\" content=\"Dermaceutic yellow cream - pharmadreams\" \/>\n<meta property=\"og:description\" content=\"Yellow cream\u00a0est un concentr\u00e9 d\u00e9pigmentant \u00e0 recommander lors de traitements contre les hyperpigmentations, rebond pigmentaires post laser ou peeling, melasma ou taches hormonales. Le concentr\u00e9 d\u00e9pigmentant Yellow cream est bas\u00e9 sur l&#039;action de plus de 20% d&#039;actifs d\u00e9pigmentant les plus performants, associ\u00e9s \u00e0 des agents exfoliants. Ce concentr\u00e9 r\u00e9gule la biosynth\u00e8se de la m\u00e9lanine (inhibition de la tyrosinase).\" \/>\n<meta property=\"og:url\" content=\"https:\/\/pharmadreams.shop\/index.php\/product\/dermaceutic-yellow-cream\/\" \/>\n<meta property=\"og:site_name\" content=\"pharmadreams\" \/>\n<meta property=\"article:modified_time\" content=\"2023-12-19T18:41:20+00:00\" \/>\n<meta property=\"og:image\" content=\"https:\/\/pharmadreams.shop\/wp-content\/uploads\/2023\/12\/Sans-titre-47.png\" \/>\n\t<meta property=\"og:image:width\" content=\"1240\" \/>\n\t<meta property=\"og:image:height\" content=\"1280\" \/>\n\t<meta property=\"og:image:type\" content=\"image\/png\" \/>\n<meta name=\"twitter:card\" content=\"summary_large_image\" \/>\n<script type=\"application\/ld+json\" class=\"yoast-schema-graph\">{\"@context\":\"https:\/\/schema.org\",\"@graph\":[{\"@type\":\"WebPage\",\"@id\":\"https:\/\/pharmadreams.shop\/index.php\/product\/dermaceutic-yellow-cream\/\",\"url\":\"https:\/\/pharmadreams.shop\/index.php\/product\/dermaceutic-yellow-cream\/\",\"name\":\"Dermaceutic yellow cream - pharmadreams\",\"isPartOf\":{\"@id\":\"https:\/\/pharmadreams.shop\/#website\"},\"primaryImageOfPage\":{\"@id\":\"https:\/\/pharmadreams.shop\/index.php\/product\/dermaceutic-yellow-cream\/#primaryimage\"},\"image\":{\"@id\":\"https:\/\/pharmadreams.shop\/index.php\/product\/dermaceutic-yellow-cream\/#primaryimage\"},\"thumbnailUrl\":\"https:\/\/pharmadreams.shop\/wp-content\/uploads\/2023\/12\/Sans-titre-47.png\",\"datePublished\":\"2023-12-19T18:40:20+00:00\",\"dateModified\":\"2023-12-19T18:41:20+00:00\",\"breadcrumb\":{\"@id\":\"https:\/\/pharmadreams.shop\/index.php\/product\/dermaceutic-yellow-cream\/#breadcrumb\"},\"inLanguage\":\"fr-FR\",\"potentialAction\":[{\"@type\":\"ReadAction\",\"target\":[\"https:\/\/pharmadreams.shop\/index.php\/product\/dermaceutic-yellow-cream\/\"]}]},{\"@type\":\"ImageObject\",\"inLanguage\":\"fr-FR\",\"@id\":\"https:\/\/pharmadreams.shop\/index.php\/product\/dermaceutic-yellow-cream\/#primaryimage\",\"url\":\"https:\/\/pharmadreams.shop\/wp-content\/uploads\/2023\/12\/Sans-titre-47.png\",\"contentUrl\":\"https:\/\/pharmadreams.shop\/wp-content\/uploads\/2023\/12\/Sans-titre-47.png\",\"width\":1240,\"height\":1280},{\"@type\":\"BreadcrumbList\",\"@id\":\"https:\/\/pharmadreams.shop\/index.php\/product\/dermaceutic-yellow-cream\/#breadcrumb\",\"itemListElement\":[{\"@type\":\"ListItem\",\"position\":1,\"name\":\"Accueil\",\"item\":\"https:\/\/pharmadreams.shop\/\"},{\"@type\":\"ListItem\",\"position\":2,\"name\":\"Shop\",\"item\":\"https:\/\/pharmadreams.shop\/index.php\/shop\/\"},{\"@type\":\"ListItem\",\"position\":3,\"name\":\"Dermaceutic yellow cream\"}]},{\"@type\":\"WebSite\",\"@id\":\"https:\/\/pharmadreams.shop\/#website\",\"url\":\"https:\/\/pharmadreams.shop\/\",\"name\":\"pharmadreams\",\"description\":\"Parapharmacie en ligne\",\"potentialAction\":[{\"@type\":\"SearchAction\",\"target\":{\"@type\":\"EntryPoint\",\"urlTemplate\":\"https:\/\/pharmadreams.shop\/?s={search_term_string}\"},\"query-input\":\"required name=search_term_string\"}],\"inLanguage\":\"fr-FR\"}]}<\/script>\n<!-- \/ Yoast SEO plugin. -->","yoast_head_json":{"title":"Dermaceutic yellow cream - pharmadreams","robots":{"index":"index","follow":"follow","max-snippet":"max-snippet:-1","max-image-preview":"max-image-preview:large","max-video-preview":"max-video-preview:-1"},"canonical":"https:\/\/pharmadreams.shop\/index.php\/product\/dermaceutic-yellow-cream\/","og_locale":"fr_FR","og_type":"article","og_title":"Dermaceutic yellow cream - pharmadreams","og_description":"Yellow cream\u00a0est un concentr\u00e9 d\u00e9pigmentant \u00e0 recommander lors de traitements contre les hyperpigmentations, rebond pigmentaires post laser ou peeling, melasma ou taches hormonales. Le concentr\u00e9 d\u00e9pigmentant Yellow cream est bas\u00e9 sur l'action de plus de 20% d'actifs d\u00e9pigmentant les plus performants, associ\u00e9s \u00e0 des agents exfoliants. Ce concentr\u00e9 r\u00e9gule la biosynth\u00e8se de la m\u00e9lanine (inhibition de la tyrosinase).","og_url":"https:\/\/pharmadreams.shop\/index.php\/product\/dermaceutic-yellow-cream\/","og_site_name":"pharmadreams","article_modified_time":"2023-12-19T18:41:20+00:00","og_image":[{"width":1240,"height":1280,"url":"https:\/\/pharmadreams.shop\/wp-content\/uploads\/2023\/12\/Sans-titre-47.png","type":"image\/png"}],"twitter_card":"summary_large_image","schema":{"@context":"https:\/\/schema.org","@graph":[{"@type":"WebPage","@id":"https:\/\/pharmadreams.shop\/index.php\/product\/dermaceutic-yellow-cream\/","url":"https:\/\/pharmadreams.shop\/index.php\/product\/dermaceutic-yellow-cream\/","name":"Dermaceutic yellow cream - pharmadreams","isPartOf":{"@id":"https:\/\/pharmadreams.shop\/#website"},"primaryImageOfPage":{"@id":"https:\/\/pharmadreams.shop\/index.php\/product\/dermaceutic-yellow-cream\/#primaryimage"},"image":{"@id":"https:\/\/pharmadreams.shop\/index.php\/product\/dermaceutic-yellow-cream\/#primaryimage"},"thumbnailUrl":"https:\/\/pharmadreams.shop\/wp-content\/uploads\/2023\/12\/Sans-titre-47.png","datePublished":"2023-12-19T18:40:20+00:00","dateModified":"2023-12-19T18:41:20+00:00","breadcrumb":{"@id":"https:\/\/pharmadreams.shop\/index.php\/product\/dermaceutic-yellow-cream\/#breadcrumb"},"inLanguage":"fr-FR","potentialAction":[{"@type":"ReadAction","target":["https:\/\/pharmadreams.shop\/index.php\/product\/dermaceutic-yellow-cream\/"]}]},{"@type":"ImageObject","inLanguage":"fr-FR","@id":"https:\/\/pharmadreams.shop\/index.php\/product\/dermaceutic-yellow-cream\/#primaryimage","url":"https:\/\/pharmadreams.shop\/wp-content\/uploads\/2023\/12\/Sans-titre-47.png","contentUrl":"https:\/\/pharmadreams.shop\/wp-content\/uploads\/2023\/12\/Sans-titre-47.png","width":1240,"height":1280},{"@type":"BreadcrumbList","@id":"https:\/\/pharmadreams.shop\/index.php\/product\/dermaceutic-yellow-cream\/#breadcrumb","itemListElement":[{"@type":"ListItem","position":1,"name":"Accueil","item":"https:\/\/pharmadreams.shop\/"},{"@type":"ListItem","position":2,"name":"Shop","item":"https:\/\/pharmadreams.shop\/index.php\/shop\/"},{"@type":"ListItem","position":3,"name":"Dermaceutic yellow cream"}]},{"@type":"WebSite","@id":"https:\/\/pharmadreams.shop\/#website","url":"https:\/\/pharmadreams.shop\/","name":"pharmadreams","description":"Parapharmacie en ligne","potentialAction":[{"@type":"SearchAction","target":{"@type":"EntryPoint","urlTemplate":"https:\/\/pharmadreams.shop\/?s={search_term_string}"},"query-input":"required name=search_term_string"}],"inLanguage":"fr-FR"}]}},"_links":{"self":[{"href":"https:\/\/pharmadreams.shop\/index.php\/wp-json\/wp\/v2\/product\/16951","targetHints":{"allow":["GET"]}}],"collection":[{"href":"https:\/\/pharmadreams.shop\/index.php\/wp-json\/wp\/v2\/product"}],"about":[{"href":"https:\/\/pharmadreams.shop\/index.php\/wp-json\/wp\/v2\/types\/product"}],"replies":[{"embeddable":true,"href":"https:\/\/pharmadreams.shop\/index.php\/wp-json\/wp\/v2\/comments?post=16951"}],"version-history":[{"count":0,"href":"https:\/\/pharmadreams.shop\/index.php\/wp-json\/wp\/v2\/product\/16951\/revisions"}],"wp:featuredmedia":[{"embeddable":true,"href":"https:\/\/pharmadreams.shop\/index.php\/wp-json\/wp\/v2\/media\/17028"}],"wp:attachment":[{"href":"https:\/\/pharmadreams.shop\/index.php\/wp-json\/wp\/v2\/media?parent=16951"}],"wp:term":[{"taxonomy":"product_brand","embeddable":true,"href":"https:\/\/pharmadreams.shop\/index.php\/wp-json\/wp\/v2\/product_brand?post=16951"},{"taxonomy":"product_cat","embeddable":true,"href":"https:\/\/pharmadreams.shop\/index.php\/wp-json\/wp\/v2\/product_cat?post=16951"},{"taxonomy":"product_tag","embeddable":true,"href":"https:\/\/pharmadreams.shop\/index.php\/wp-json\/wp\/v2\/product_tag?post=16951"}],"curies":[{"name":"wp","href":"https:\/\/api.w.org\/{rel}","templated":true}]}}