{"id":16952,"date":"2023-12-19T19:40:20","date_gmt":"2023-12-19T18:40:20","guid":{"rendered":"https:\/\/venuspara.com\/?post_type=product&#038;p=16952"},"modified":"2023-12-19T19:41:22","modified_gmt":"2023-12-19T18:41:22","slug":"martiderm-pigment-zero-dsp-bright-30-ampoules","status":"publish","type":"product","link":"https:\/\/pharmadreams.shop\/index.php\/product\/martiderm-pigment-zero-dsp-bright-30-ampoules\/","title":{"rendered":"Martiderm pigment zero dsp bright 30 ampoules"},"content":{"rendered":"","protected":false},"excerpt":{"rendered":"<p>Martiderm pigment zero dsp bright sont des Ampoules d\u00e9pigmentantes qui unifient le teint et donnent de l\u2019\u00e9clat \u00e0 la peau. Formule \u00e0 base d\u2019acide tranexamique pour traiter et pr\u00e9venir les taches. Ces ampoules permettent Protection contre l\u2019apparition de taches apr\u00e8s stimulation solaire R\u00e9duction du taux de m\u00e9lanine Teint plus uniforme Peau plus lumineuseComposition: 5 % de vitamine C-Tech : Antioxydante. Acide tranexamique : Double action d\u00e9pigmentante.<\/p>\n","protected":false},"featured_media":17030,"comment_status":"open","ping_status":"closed","template":"","meta":[],"product_brand":[],"product_cat":[134,104],"product_tag":[],"class_list":{"0":"post-16952","1":"product","2":"type-product","3":"status-publish","4":"has-post-thumbnail","6":"product_cat-eclat","7":"product_cat-protection","9":"first","10":"instock","11":"shipping-taxable","12":"purchasable","13":"product-type-simple"},"yoast_head":"<!-- This site is optimized with the Yoast SEO plugin v23.0 - https:\/\/yoast.com\/wordpress\/plugins\/seo\/ -->\n<title>Martiderm pigment zero dsp bright 30 ampoules - pharmadreams<\/title>\n<meta name=\"robots\" content=\"index, follow, max-snippet:-1, max-image-preview:large, max-video-preview:-1\" \/>\n<link rel=\"canonical\" href=\"https:\/\/pharmadreams.shop\/index.php\/product\/martiderm-pigment-zero-dsp-bright-30-ampoules\/\" \/>\n<meta property=\"og:locale\" content=\"fr_FR\" \/>\n<meta property=\"og:type\" content=\"article\" \/>\n<meta property=\"og:title\" content=\"Martiderm pigment zero dsp bright 30 ampoules - pharmadreams\" \/>\n<meta property=\"og:description\" content=\"Martiderm pigment zero dsp bright sont des Ampoules d\u00e9pigmentantes qui unifient le teint et donnent de l\u2019\u00e9clat \u00e0 la peau. Formule \u00e0 base d\u2019acide tranexamique pour traiter et pr\u00e9venir les taches. Ces ampoules permettent Protection contre l\u2019apparition de taches apr\u00e8s stimulation solaire R\u00e9duction du taux de m\u00e9lanine Teint plus uniforme Peau plus lumineuseComposition: 5 % de vitamine C-Tech : Antioxydante. Acide tranexamique : Double action d\u00e9pigmentante.\" \/>\n<meta property=\"og:url\" content=\"https:\/\/pharmadreams.shop\/index.php\/product\/martiderm-pigment-zero-dsp-bright-30-ampoules\/\" \/>\n<meta property=\"og:site_name\" content=\"pharmadreams\" \/>\n<meta property=\"article:modified_time\" content=\"2023-12-19T18:41:22+00:00\" \/>\n<meta property=\"og:image\" content=\"https:\/\/pharmadreams.shop\/wp-content\/uploads\/2023\/12\/Sans-titre-48.png\" \/>\n\t<meta property=\"og:image:width\" content=\"1048\" \/>\n\t<meta property=\"og:image:height\" content=\"792\" \/>\n\t<meta property=\"og:image:type\" content=\"image\/png\" \/>\n<meta name=\"twitter:card\" content=\"summary_large_image\" \/>\n<script type=\"application\/ld+json\" class=\"yoast-schema-graph\">{\"@context\":\"https:\/\/schema.org\",\"@graph\":[{\"@type\":\"WebPage\",\"@id\":\"https:\/\/pharmadreams.shop\/index.php\/product\/martiderm-pigment-zero-dsp-bright-30-ampoules\/\",\"url\":\"https:\/\/pharmadreams.shop\/index.php\/product\/martiderm-pigment-zero-dsp-bright-30-ampoules\/\",\"name\":\"Martiderm pigment zero dsp bright 30 ampoules - pharmadreams\",\"isPartOf\":{\"@id\":\"https:\/\/pharmadreams.shop\/#website\"},\"primaryImageOfPage\":{\"@id\":\"https:\/\/pharmadreams.shop\/index.php\/product\/martiderm-pigment-zero-dsp-bright-30-ampoules\/#primaryimage\"},\"image\":{\"@id\":\"https:\/\/pharmadreams.shop\/index.php\/product\/martiderm-pigment-zero-dsp-bright-30-ampoules\/#primaryimage\"},\"thumbnailUrl\":\"https:\/\/pharmadreams.shop\/wp-content\/uploads\/2023\/12\/Sans-titre-48.png\",\"datePublished\":\"2023-12-19T18:40:20+00:00\",\"dateModified\":\"2023-12-19T18:41:22+00:00\",\"breadcrumb\":{\"@id\":\"https:\/\/pharmadreams.shop\/index.php\/product\/martiderm-pigment-zero-dsp-bright-30-ampoules\/#breadcrumb\"},\"inLanguage\":\"fr-FR\",\"potentialAction\":[{\"@type\":\"ReadAction\",\"target\":[\"https:\/\/pharmadreams.shop\/index.php\/product\/martiderm-pigment-zero-dsp-bright-30-ampoules\/\"]}]},{\"@type\":\"ImageObject\",\"inLanguage\":\"fr-FR\",\"@id\":\"https:\/\/pharmadreams.shop\/index.php\/product\/martiderm-pigment-zero-dsp-bright-30-ampoules\/#primaryimage\",\"url\":\"https:\/\/pharmadreams.shop\/wp-content\/uploads\/2023\/12\/Sans-titre-48.png\",\"contentUrl\":\"https:\/\/pharmadreams.shop\/wp-content\/uploads\/2023\/12\/Sans-titre-48.png\",\"width\":1048,\"height\":792},{\"@type\":\"BreadcrumbList\",\"@id\":\"https:\/\/pharmadreams.shop\/index.php\/product\/martiderm-pigment-zero-dsp-bright-30-ampoules\/#breadcrumb\",\"itemListElement\":[{\"@type\":\"ListItem\",\"position\":1,\"name\":\"Accueil\",\"item\":\"https:\/\/pharmadreams.shop\/\"},{\"@type\":\"ListItem\",\"position\":2,\"name\":\"Shop\",\"item\":\"https:\/\/pharmadreams.shop\/index.php\/shop\/\"},{\"@type\":\"ListItem\",\"position\":3,\"name\":\"Martiderm pigment zero dsp bright 30 ampoules\"}]},{\"@type\":\"WebSite\",\"@id\":\"https:\/\/pharmadreams.shop\/#website\",\"url\":\"https:\/\/pharmadreams.shop\/\",\"name\":\"pharmadreams\",\"description\":\"Parapharmacie en ligne\",\"potentialAction\":[{\"@type\":\"SearchAction\",\"target\":{\"@type\":\"EntryPoint\",\"urlTemplate\":\"https:\/\/pharmadreams.shop\/?s={search_term_string}\"},\"query-input\":\"required name=search_term_string\"}],\"inLanguage\":\"fr-FR\"}]}<\/script>\n<!-- \/ Yoast SEO plugin. -->","yoast_head_json":{"title":"Martiderm pigment zero dsp bright 30 ampoules - pharmadreams","robots":{"index":"index","follow":"follow","max-snippet":"max-snippet:-1","max-image-preview":"max-image-preview:large","max-video-preview":"max-video-preview:-1"},"canonical":"https:\/\/pharmadreams.shop\/index.php\/product\/martiderm-pigment-zero-dsp-bright-30-ampoules\/","og_locale":"fr_FR","og_type":"article","og_title":"Martiderm pigment zero dsp bright 30 ampoules - pharmadreams","og_description":"Martiderm pigment zero dsp bright sont des Ampoules d\u00e9pigmentantes qui unifient le teint et donnent de l\u2019\u00e9clat \u00e0 la peau. Formule \u00e0 base d\u2019acide tranexamique pour traiter et pr\u00e9venir les taches. Ces ampoules permettent Protection contre l\u2019apparition de taches apr\u00e8s stimulation solaire R\u00e9duction du taux de m\u00e9lanine Teint plus uniforme Peau plus lumineuseComposition: 5 % de vitamine C-Tech : Antioxydante. Acide tranexamique : Double action d\u00e9pigmentante.","og_url":"https:\/\/pharmadreams.shop\/index.php\/product\/martiderm-pigment-zero-dsp-bright-30-ampoules\/","og_site_name":"pharmadreams","article_modified_time":"2023-12-19T18:41:22+00:00","og_image":[{"width":1048,"height":792,"url":"https:\/\/pharmadreams.shop\/wp-content\/uploads\/2023\/12\/Sans-titre-48.png","type":"image\/png"}],"twitter_card":"summary_large_image","schema":{"@context":"https:\/\/schema.org","@graph":[{"@type":"WebPage","@id":"https:\/\/pharmadreams.shop\/index.php\/product\/martiderm-pigment-zero-dsp-bright-30-ampoules\/","url":"https:\/\/pharmadreams.shop\/index.php\/product\/martiderm-pigment-zero-dsp-bright-30-ampoules\/","name":"Martiderm pigment zero dsp bright 30 ampoules - pharmadreams","isPartOf":{"@id":"https:\/\/pharmadreams.shop\/#website"},"primaryImageOfPage":{"@id":"https:\/\/pharmadreams.shop\/index.php\/product\/martiderm-pigment-zero-dsp-bright-30-ampoules\/#primaryimage"},"image":{"@id":"https:\/\/pharmadreams.shop\/index.php\/product\/martiderm-pigment-zero-dsp-bright-30-ampoules\/#primaryimage"},"thumbnailUrl":"https:\/\/pharmadreams.shop\/wp-content\/uploads\/2023\/12\/Sans-titre-48.png","datePublished":"2023-12-19T18:40:20+00:00","dateModified":"2023-12-19T18:41:22+00:00","breadcrumb":{"@id":"https:\/\/pharmadreams.shop\/index.php\/product\/martiderm-pigment-zero-dsp-bright-30-ampoules\/#breadcrumb"},"inLanguage":"fr-FR","potentialAction":[{"@type":"ReadAction","target":["https:\/\/pharmadreams.shop\/index.php\/product\/martiderm-pigment-zero-dsp-bright-30-ampoules\/"]}]},{"@type":"ImageObject","inLanguage":"fr-FR","@id":"https:\/\/pharmadreams.shop\/index.php\/product\/martiderm-pigment-zero-dsp-bright-30-ampoules\/#primaryimage","url":"https:\/\/pharmadreams.shop\/wp-content\/uploads\/2023\/12\/Sans-titre-48.png","contentUrl":"https:\/\/pharmadreams.shop\/wp-content\/uploads\/2023\/12\/Sans-titre-48.png","width":1048,"height":792},{"@type":"BreadcrumbList","@id":"https:\/\/pharmadreams.shop\/index.php\/product\/martiderm-pigment-zero-dsp-bright-30-ampoules\/#breadcrumb","itemListElement":[{"@type":"ListItem","position":1,"name":"Accueil","item":"https:\/\/pharmadreams.shop\/"},{"@type":"ListItem","position":2,"name":"Shop","item":"https:\/\/pharmadreams.shop\/index.php\/shop\/"},{"@type":"ListItem","position":3,"name":"Martiderm pigment zero dsp bright 30 ampoules"}]},{"@type":"WebSite","@id":"https:\/\/pharmadreams.shop\/#website","url":"https:\/\/pharmadreams.shop\/","name":"pharmadreams","description":"Parapharmacie en ligne","potentialAction":[{"@type":"SearchAction","target":{"@type":"EntryPoint","urlTemplate":"https:\/\/pharmadreams.shop\/?s={search_term_string}"},"query-input":"required name=search_term_string"}],"inLanguage":"fr-FR"}]}},"_links":{"self":[{"href":"https:\/\/pharmadreams.shop\/index.php\/wp-json\/wp\/v2\/product\/16952","targetHints":{"allow":["GET"]}}],"collection":[{"href":"https:\/\/pharmadreams.shop\/index.php\/wp-json\/wp\/v2\/product"}],"about":[{"href":"https:\/\/pharmadreams.shop\/index.php\/wp-json\/wp\/v2\/types\/product"}],"replies":[{"embeddable":true,"href":"https:\/\/pharmadreams.shop\/index.php\/wp-json\/wp\/v2\/comments?post=16952"}],"version-history":[{"count":0,"href":"https:\/\/pharmadreams.shop\/index.php\/wp-json\/wp\/v2\/product\/16952\/revisions"}],"wp:featuredmedia":[{"embeddable":true,"href":"https:\/\/pharmadreams.shop\/index.php\/wp-json\/wp\/v2\/media\/17030"}],"wp:attachment":[{"href":"https:\/\/pharmadreams.shop\/index.php\/wp-json\/wp\/v2\/media?parent=16952"}],"wp:term":[{"taxonomy":"product_brand","embeddable":true,"href":"https:\/\/pharmadreams.shop\/index.php\/wp-json\/wp\/v2\/product_brand?post=16952"},{"taxonomy":"product_cat","embeddable":true,"href":"https:\/\/pharmadreams.shop\/index.php\/wp-json\/wp\/v2\/product_cat?post=16952"},{"taxonomy":"product_tag","embeddable":true,"href":"https:\/\/pharmadreams.shop\/index.php\/wp-json\/wp\/v2\/product_tag?post=16952"}],"curies":[{"name":"wp","href":"https:\/\/api.w.org\/{rel}","templated":true}]}}