{"id":16954,"date":"2023-12-19T19:40:20","date_gmt":"2023-12-19T18:40:20","guid":{"rendered":"https:\/\/venuspara.com\/?post_type=product&#038;p=16954"},"modified":"2024-03-16T00:01:49","modified_gmt":"2024-03-15T23:01:49","slug":"xen-forti-q10-shampooing-stimulant","status":"publish","type":"product","link":"https:\/\/pharmadreams.shop\/index.php\/product\/xen-forti-q10-shampooing-stimulant\/","title":{"rendered":"Xen forti q10 shampooing stimulant"},"content":{"rendered":"","protected":false},"excerpt":{"rendered":"<p style=\"font-weight: 400;\">Les laboratoires Xen a s\u00e9lectionn\u00e9\u00a0<strong style=\"font-weight: 400;\">Forti Q10 shampoing anti-chute<\/strong>\u00a0\u00e0 forte concentration d&rsquo;actifs principalement d&rsquo;origine naturelle, qui interviennent de mani\u00e8re compl\u00e9mentaire et synergique.<\/p>\n<p style=\"font-weight: 400;\">Forti Q10 shampoing cible les principales causes de l&rsquo;alop\u00e9cie: la micro-circulation, l&rsquo;atrophie du follicule caus\u00e9e par la dihydrotestost\u00e9rone et le vieillissement folliculaire.<\/p>\n<p style=\"font-weight: 400;\">L&rsquo;acide ol\u00e9anolique inhibe la 5-r\u00e9ductase, la pig\u00e9nine am\u00e9liore la micro-circulation et le biotinyl-GHK stimule le m\u00e9tabolisme cellulaire.<\/p>\n","protected":false},"featured_media":17034,"comment_status":"open","ping_status":"closed","template":"","meta":[],"product_brand":[],"product_cat":[115,82],"product_tag":[],"class_list":{"0":"post-16954","1":"product","2":"type-product","3":"status-publish","4":"has-post-thumbnail","6":"product_cat-anti-chute","7":"product_cat-shampooing","9":"first","10":"instock","11":"shipping-taxable","12":"purchasable","13":"product-type-simple"},"yoast_head":"<!-- This site is optimized with the Yoast SEO plugin v23.0 - https:\/\/yoast.com\/wordpress\/plugins\/seo\/ -->\n<title>Xen forti q10 shampooing stimulant - pharmadreams<\/title>\n<meta name=\"robots\" content=\"index, follow, max-snippet:-1, max-image-preview:large, max-video-preview:-1\" \/>\n<link rel=\"canonical\" href=\"https:\/\/pharmadreams.shop\/index.php\/product\/xen-forti-q10-shampooing-stimulant\/\" \/>\n<meta property=\"og:locale\" content=\"fr_FR\" \/>\n<meta property=\"og:type\" content=\"article\" \/>\n<meta property=\"og:title\" content=\"Xen forti q10 shampooing stimulant - pharmadreams\" \/>\n<meta property=\"og:description\" content=\"Les laboratoires Xen a s\u00e9lectionn\u00e9\u00a0Forti Q10 shampoing anti-chute\u00a0\u00e0 forte concentration d&#039;actifs principalement d&#039;origine naturelle, qui interviennent de mani\u00e8re compl\u00e9mentaire et synergique. Forti Q10 shampoing cible les principales causes de l&#039;alop\u00e9cie: la micro-circulation, l&#039;atrophie du follicule caus\u00e9e par la dihydrotestost\u00e9rone et le vieillissement folliculaire. L&#039;acide ol\u00e9anolique inhibe la 5-r\u00e9ductase, la pig\u00e9nine am\u00e9liore la micro-circulation et le biotinyl-GHK stimule le m\u00e9tabolisme cellulaire.\" \/>\n<meta property=\"og:url\" content=\"https:\/\/pharmadreams.shop\/index.php\/product\/xen-forti-q10-shampooing-stimulant\/\" \/>\n<meta property=\"og:site_name\" content=\"pharmadreams\" \/>\n<meta property=\"article:modified_time\" content=\"2024-03-15T23:01:49+00:00\" \/>\n<meta property=\"og:image\" content=\"https:\/\/pharmadreams.shop\/wp-content\/uploads\/2023\/12\/Sans-titre-50.png\" \/>\n\t<meta property=\"og:image:width\" content=\"936\" \/>\n\t<meta property=\"og:image:height\" content=\"908\" \/>\n\t<meta property=\"og:image:type\" content=\"image\/png\" \/>\n<meta name=\"twitter:card\" content=\"summary_large_image\" \/>\n<meta name=\"twitter:label1\" content=\"Dur\u00e9e de lecture estim\u00e9e\" \/>\n\t<meta name=\"twitter:data1\" content=\"1 minute\" \/>\n<script type=\"application\/ld+json\" class=\"yoast-schema-graph\">{\"@context\":\"https:\/\/schema.org\",\"@graph\":[{\"@type\":\"WebPage\",\"@id\":\"https:\/\/pharmadreams.shop\/index.php\/product\/xen-forti-q10-shampooing-stimulant\/\",\"url\":\"https:\/\/pharmadreams.shop\/index.php\/product\/xen-forti-q10-shampooing-stimulant\/\",\"name\":\"Xen forti q10 shampooing stimulant - pharmadreams\",\"isPartOf\":{\"@id\":\"https:\/\/pharmadreams.shop\/#website\"},\"primaryImageOfPage\":{\"@id\":\"https:\/\/pharmadreams.shop\/index.php\/product\/xen-forti-q10-shampooing-stimulant\/#primaryimage\"},\"image\":{\"@id\":\"https:\/\/pharmadreams.shop\/index.php\/product\/xen-forti-q10-shampooing-stimulant\/#primaryimage\"},\"thumbnailUrl\":\"https:\/\/pharmadreams.shop\/wp-content\/uploads\/2023\/12\/Sans-titre-50.png\",\"datePublished\":\"2023-12-19T18:40:20+00:00\",\"dateModified\":\"2024-03-15T23:01:49+00:00\",\"breadcrumb\":{\"@id\":\"https:\/\/pharmadreams.shop\/index.php\/product\/xen-forti-q10-shampooing-stimulant\/#breadcrumb\"},\"inLanguage\":\"fr-FR\",\"potentialAction\":[{\"@type\":\"ReadAction\",\"target\":[\"https:\/\/pharmadreams.shop\/index.php\/product\/xen-forti-q10-shampooing-stimulant\/\"]}]},{\"@type\":\"ImageObject\",\"inLanguage\":\"fr-FR\",\"@id\":\"https:\/\/pharmadreams.shop\/index.php\/product\/xen-forti-q10-shampooing-stimulant\/#primaryimage\",\"url\":\"https:\/\/pharmadreams.shop\/wp-content\/uploads\/2023\/12\/Sans-titre-50.png\",\"contentUrl\":\"https:\/\/pharmadreams.shop\/wp-content\/uploads\/2023\/12\/Sans-titre-50.png\",\"width\":936,\"height\":908},{\"@type\":\"BreadcrumbList\",\"@id\":\"https:\/\/pharmadreams.shop\/index.php\/product\/xen-forti-q10-shampooing-stimulant\/#breadcrumb\",\"itemListElement\":[{\"@type\":\"ListItem\",\"position\":1,\"name\":\"Accueil\",\"item\":\"https:\/\/pharmadreams.shop\/\"},{\"@type\":\"ListItem\",\"position\":2,\"name\":\"Shop\",\"item\":\"https:\/\/pharmadreams.shop\/index.php\/shop\/\"},{\"@type\":\"ListItem\",\"position\":3,\"name\":\"Xen forti q10 shampooing stimulant\"}]},{\"@type\":\"WebSite\",\"@id\":\"https:\/\/pharmadreams.shop\/#website\",\"url\":\"https:\/\/pharmadreams.shop\/\",\"name\":\"pharmadreams\",\"description\":\"Parapharmacie en ligne\",\"potentialAction\":[{\"@type\":\"SearchAction\",\"target\":{\"@type\":\"EntryPoint\",\"urlTemplate\":\"https:\/\/pharmadreams.shop\/?s={search_term_string}\"},\"query-input\":\"required name=search_term_string\"}],\"inLanguage\":\"fr-FR\"}]}<\/script>\n<!-- \/ Yoast SEO plugin. -->","yoast_head_json":{"title":"Xen forti q10 shampooing stimulant - pharmadreams","robots":{"index":"index","follow":"follow","max-snippet":"max-snippet:-1","max-image-preview":"max-image-preview:large","max-video-preview":"max-video-preview:-1"},"canonical":"https:\/\/pharmadreams.shop\/index.php\/product\/xen-forti-q10-shampooing-stimulant\/","og_locale":"fr_FR","og_type":"article","og_title":"Xen forti q10 shampooing stimulant - pharmadreams","og_description":"Les laboratoires Xen a s\u00e9lectionn\u00e9\u00a0Forti Q10 shampoing anti-chute\u00a0\u00e0 forte concentration d'actifs principalement d'origine naturelle, qui interviennent de mani\u00e8re compl\u00e9mentaire et synergique. Forti Q10 shampoing cible les principales causes de l'alop\u00e9cie: la micro-circulation, l'atrophie du follicule caus\u00e9e par la dihydrotestost\u00e9rone et le vieillissement folliculaire. L'acide ol\u00e9anolique inhibe la 5-r\u00e9ductase, la pig\u00e9nine am\u00e9liore la micro-circulation et le biotinyl-GHK stimule le m\u00e9tabolisme cellulaire.","og_url":"https:\/\/pharmadreams.shop\/index.php\/product\/xen-forti-q10-shampooing-stimulant\/","og_site_name":"pharmadreams","article_modified_time":"2024-03-15T23:01:49+00:00","og_image":[{"width":936,"height":908,"url":"https:\/\/pharmadreams.shop\/wp-content\/uploads\/2023\/12\/Sans-titre-50.png","type":"image\/png"}],"twitter_card":"summary_large_image","twitter_misc":{"Dur\u00e9e de lecture estim\u00e9e":"1 minute"},"schema":{"@context":"https:\/\/schema.org","@graph":[{"@type":"WebPage","@id":"https:\/\/pharmadreams.shop\/index.php\/product\/xen-forti-q10-shampooing-stimulant\/","url":"https:\/\/pharmadreams.shop\/index.php\/product\/xen-forti-q10-shampooing-stimulant\/","name":"Xen forti q10 shampooing stimulant - pharmadreams","isPartOf":{"@id":"https:\/\/pharmadreams.shop\/#website"},"primaryImageOfPage":{"@id":"https:\/\/pharmadreams.shop\/index.php\/product\/xen-forti-q10-shampooing-stimulant\/#primaryimage"},"image":{"@id":"https:\/\/pharmadreams.shop\/index.php\/product\/xen-forti-q10-shampooing-stimulant\/#primaryimage"},"thumbnailUrl":"https:\/\/pharmadreams.shop\/wp-content\/uploads\/2023\/12\/Sans-titre-50.png","datePublished":"2023-12-19T18:40:20+00:00","dateModified":"2024-03-15T23:01:49+00:00","breadcrumb":{"@id":"https:\/\/pharmadreams.shop\/index.php\/product\/xen-forti-q10-shampooing-stimulant\/#breadcrumb"},"inLanguage":"fr-FR","potentialAction":[{"@type":"ReadAction","target":["https:\/\/pharmadreams.shop\/index.php\/product\/xen-forti-q10-shampooing-stimulant\/"]}]},{"@type":"ImageObject","inLanguage":"fr-FR","@id":"https:\/\/pharmadreams.shop\/index.php\/product\/xen-forti-q10-shampooing-stimulant\/#primaryimage","url":"https:\/\/pharmadreams.shop\/wp-content\/uploads\/2023\/12\/Sans-titre-50.png","contentUrl":"https:\/\/pharmadreams.shop\/wp-content\/uploads\/2023\/12\/Sans-titre-50.png","width":936,"height":908},{"@type":"BreadcrumbList","@id":"https:\/\/pharmadreams.shop\/index.php\/product\/xen-forti-q10-shampooing-stimulant\/#breadcrumb","itemListElement":[{"@type":"ListItem","position":1,"name":"Accueil","item":"https:\/\/pharmadreams.shop\/"},{"@type":"ListItem","position":2,"name":"Shop","item":"https:\/\/pharmadreams.shop\/index.php\/shop\/"},{"@type":"ListItem","position":3,"name":"Xen forti q10 shampooing stimulant"}]},{"@type":"WebSite","@id":"https:\/\/pharmadreams.shop\/#website","url":"https:\/\/pharmadreams.shop\/","name":"pharmadreams","description":"Parapharmacie en ligne","potentialAction":[{"@type":"SearchAction","target":{"@type":"EntryPoint","urlTemplate":"https:\/\/pharmadreams.shop\/?s={search_term_string}"},"query-input":"required name=search_term_string"}],"inLanguage":"fr-FR"}]}},"_links":{"self":[{"href":"https:\/\/pharmadreams.shop\/index.php\/wp-json\/wp\/v2\/product\/16954","targetHints":{"allow":["GET"]}}],"collection":[{"href":"https:\/\/pharmadreams.shop\/index.php\/wp-json\/wp\/v2\/product"}],"about":[{"href":"https:\/\/pharmadreams.shop\/index.php\/wp-json\/wp\/v2\/types\/product"}],"replies":[{"embeddable":true,"href":"https:\/\/pharmadreams.shop\/index.php\/wp-json\/wp\/v2\/comments?post=16954"}],"version-history":[{"count":0,"href":"https:\/\/pharmadreams.shop\/index.php\/wp-json\/wp\/v2\/product\/16954\/revisions"}],"wp:featuredmedia":[{"embeddable":true,"href":"https:\/\/pharmadreams.shop\/index.php\/wp-json\/wp\/v2\/media\/17034"}],"wp:attachment":[{"href":"https:\/\/pharmadreams.shop\/index.php\/wp-json\/wp\/v2\/media?parent=16954"}],"wp:term":[{"taxonomy":"product_brand","embeddable":true,"href":"https:\/\/pharmadreams.shop\/index.php\/wp-json\/wp\/v2\/product_brand?post=16954"},{"taxonomy":"product_cat","embeddable":true,"href":"https:\/\/pharmadreams.shop\/index.php\/wp-json\/wp\/v2\/product_cat?post=16954"},{"taxonomy":"product_tag","embeddable":true,"href":"https:\/\/pharmadreams.shop\/index.php\/wp-json\/wp\/v2\/product_tag?post=16954"}],"curies":[{"name":"wp","href":"https:\/\/api.w.org\/{rel}","templated":true}]}}