{"id":16975,"date":"2023-12-19T19:40:45","date_gmt":"2023-12-19T18:40:45","guid":{"rendered":"https:\/\/venuspara.com\/?post_type=product&#038;p=16975"},"modified":"2023-12-19T19:41:30","modified_gmt":"2023-12-19T18:41:30","slug":"eucerin-senitive-protec-spray-spf50","status":"publish","type":"product","link":"https:\/\/pharmadreams.shop\/index.php\/product\/eucerin-senitive-protec-spray-spf50\/","title":{"rendered":"Eucerin senitive protec spray spf50"},"content":{"rendered":"","protected":false},"excerpt":{"rendered":"<p>Contient l&rsquo;Advencer Spectral Technology : une combinaison de filtres UVA et UVB pour une tr\u00e8s haute protection contre les UV, associ\u00e9e \u00e0 de la Licochalcone A un antioxydant qui agit sur les radicaux libres g\u00e9n\u00e9r\u00e9s par les UV et la lumi\u00e8re visible de haute \u00e9n\u00e9rgie.<\/p>\n<p>R\u00e9siste \u00e0 l&rsquo;eau et \u00e0 la sueur.<br \/>\nTexture non grasse transparente qui ne laisse pas de r\u00e9sidus.<\/p>\n<p>Tol\u00e9rance cutan\u00e9e prouv\u00e9e cliniquement, m\u00eame sur peau \u00e0 tendance acn\u00e9ique.<\/p>\n","protected":false},"featured_media":17040,"comment_status":"open","ping_status":"closed","template":"","meta":[],"product_brand":[],"product_cat":[146,80],"product_tag":[],"class_list":{"0":"post-16975","1":"product","2":"type-product","3":"status-publish","4":"has-post-thumbnail","6":"product_cat-antioxydant","7":"product_cat-soins","9":"first","10":"instock","11":"shipping-taxable","12":"purchasable","13":"product-type-simple"},"yoast_head":"<!-- This site is optimized with the Yoast SEO plugin v23.0 - https:\/\/yoast.com\/wordpress\/plugins\/seo\/ -->\n<title>Eucerin senitive protec spray spf50 - pharmadreams<\/title>\n<meta name=\"robots\" content=\"index, follow, max-snippet:-1, max-image-preview:large, max-video-preview:-1\" \/>\n<link rel=\"canonical\" href=\"https:\/\/pharmadreams.shop\/index.php\/product\/eucerin-senitive-protec-spray-spf50\/\" \/>\n<meta property=\"og:locale\" content=\"fr_FR\" \/>\n<meta property=\"og:type\" content=\"article\" \/>\n<meta property=\"og:title\" content=\"Eucerin senitive protec spray spf50 - pharmadreams\" \/>\n<meta property=\"og:description\" content=\"Contient l&#039;Advencer Spectral Technology : une combinaison de filtres UVA et UVB pour une tr\u00e8s haute protection contre les UV, associ\u00e9e \u00e0 de la Licochalcone A un antioxydant qui agit sur les radicaux libres g\u00e9n\u00e9r\u00e9s par les UV et la lumi\u00e8re visible de haute \u00e9n\u00e9rgie.  R\u00e9siste \u00e0 l&#039;eau et \u00e0 la sueur. Texture non grasse transparente qui ne laisse pas de r\u00e9sidus.  Tol\u00e9rance cutan\u00e9e prouv\u00e9e cliniquement, m\u00eame sur peau \u00e0 tendance acn\u00e9ique.\" \/>\n<meta property=\"og:url\" content=\"https:\/\/pharmadreams.shop\/index.php\/product\/eucerin-senitive-protec-spray-spf50\/\" \/>\n<meta property=\"og:site_name\" content=\"pharmadreams\" \/>\n<meta property=\"article:modified_time\" content=\"2023-12-19T18:41:30+00:00\" \/>\n<meta property=\"og:image\" content=\"https:\/\/pharmadreams.shop\/wp-content\/uploads\/2023\/12\/Sans-titre-53.png\" \/>\n\t<meta property=\"og:image:width\" content=\"704\" \/>\n\t<meta property=\"og:image:height\" content=\"832\" \/>\n\t<meta property=\"og:image:type\" content=\"image\/png\" \/>\n<meta name=\"twitter:card\" content=\"summary_large_image\" \/>\n<script type=\"application\/ld+json\" class=\"yoast-schema-graph\">{\"@context\":\"https:\/\/schema.org\",\"@graph\":[{\"@type\":\"WebPage\",\"@id\":\"https:\/\/pharmadreams.shop\/index.php\/product\/eucerin-senitive-protec-spray-spf50\/\",\"url\":\"https:\/\/pharmadreams.shop\/index.php\/product\/eucerin-senitive-protec-spray-spf50\/\",\"name\":\"Eucerin senitive protec spray spf50 - pharmadreams\",\"isPartOf\":{\"@id\":\"https:\/\/pharmadreams.shop\/#website\"},\"primaryImageOfPage\":{\"@id\":\"https:\/\/pharmadreams.shop\/index.php\/product\/eucerin-senitive-protec-spray-spf50\/#primaryimage\"},\"image\":{\"@id\":\"https:\/\/pharmadreams.shop\/index.php\/product\/eucerin-senitive-protec-spray-spf50\/#primaryimage\"},\"thumbnailUrl\":\"https:\/\/pharmadreams.shop\/wp-content\/uploads\/2023\/12\/Sans-titre-53.png\",\"datePublished\":\"2023-12-19T18:40:45+00:00\",\"dateModified\":\"2023-12-19T18:41:30+00:00\",\"breadcrumb\":{\"@id\":\"https:\/\/pharmadreams.shop\/index.php\/product\/eucerin-senitive-protec-spray-spf50\/#breadcrumb\"},\"inLanguage\":\"fr-FR\",\"potentialAction\":[{\"@type\":\"ReadAction\",\"target\":[\"https:\/\/pharmadreams.shop\/index.php\/product\/eucerin-senitive-protec-spray-spf50\/\"]}]},{\"@type\":\"ImageObject\",\"inLanguage\":\"fr-FR\",\"@id\":\"https:\/\/pharmadreams.shop\/index.php\/product\/eucerin-senitive-protec-spray-spf50\/#primaryimage\",\"url\":\"https:\/\/pharmadreams.shop\/wp-content\/uploads\/2023\/12\/Sans-titre-53.png\",\"contentUrl\":\"https:\/\/pharmadreams.shop\/wp-content\/uploads\/2023\/12\/Sans-titre-53.png\",\"width\":704,\"height\":832},{\"@type\":\"BreadcrumbList\",\"@id\":\"https:\/\/pharmadreams.shop\/index.php\/product\/eucerin-senitive-protec-spray-spf50\/#breadcrumb\",\"itemListElement\":[{\"@type\":\"ListItem\",\"position\":1,\"name\":\"Accueil\",\"item\":\"https:\/\/pharmadreams.shop\/\"},{\"@type\":\"ListItem\",\"position\":2,\"name\":\"Shop\",\"item\":\"https:\/\/pharmadreams.shop\/index.php\/shop\/\"},{\"@type\":\"ListItem\",\"position\":3,\"name\":\"Eucerin senitive protec spray spf50\"}]},{\"@type\":\"WebSite\",\"@id\":\"https:\/\/pharmadreams.shop\/#website\",\"url\":\"https:\/\/pharmadreams.shop\/\",\"name\":\"pharmadreams\",\"description\":\"Parapharmacie en ligne\",\"potentialAction\":[{\"@type\":\"SearchAction\",\"target\":{\"@type\":\"EntryPoint\",\"urlTemplate\":\"https:\/\/pharmadreams.shop\/?s={search_term_string}\"},\"query-input\":\"required name=search_term_string\"}],\"inLanguage\":\"fr-FR\"}]}<\/script>\n<!-- \/ Yoast SEO plugin. -->","yoast_head_json":{"title":"Eucerin senitive protec spray spf50 - pharmadreams","robots":{"index":"index","follow":"follow","max-snippet":"max-snippet:-1","max-image-preview":"max-image-preview:large","max-video-preview":"max-video-preview:-1"},"canonical":"https:\/\/pharmadreams.shop\/index.php\/product\/eucerin-senitive-protec-spray-spf50\/","og_locale":"fr_FR","og_type":"article","og_title":"Eucerin senitive protec spray spf50 - pharmadreams","og_description":"Contient l'Advencer Spectral Technology : une combinaison de filtres UVA et UVB pour une tr\u00e8s haute protection contre les UV, associ\u00e9e \u00e0 de la Licochalcone A un antioxydant qui agit sur les radicaux libres g\u00e9n\u00e9r\u00e9s par les UV et la lumi\u00e8re visible de haute \u00e9n\u00e9rgie.  R\u00e9siste \u00e0 l'eau et \u00e0 la sueur. Texture non grasse transparente qui ne laisse pas de r\u00e9sidus.  Tol\u00e9rance cutan\u00e9e prouv\u00e9e cliniquement, m\u00eame sur peau \u00e0 tendance acn\u00e9ique.","og_url":"https:\/\/pharmadreams.shop\/index.php\/product\/eucerin-senitive-protec-spray-spf50\/","og_site_name":"pharmadreams","article_modified_time":"2023-12-19T18:41:30+00:00","og_image":[{"width":704,"height":832,"url":"https:\/\/pharmadreams.shop\/wp-content\/uploads\/2023\/12\/Sans-titre-53.png","type":"image\/png"}],"twitter_card":"summary_large_image","schema":{"@context":"https:\/\/schema.org","@graph":[{"@type":"WebPage","@id":"https:\/\/pharmadreams.shop\/index.php\/product\/eucerin-senitive-protec-spray-spf50\/","url":"https:\/\/pharmadreams.shop\/index.php\/product\/eucerin-senitive-protec-spray-spf50\/","name":"Eucerin senitive protec spray spf50 - pharmadreams","isPartOf":{"@id":"https:\/\/pharmadreams.shop\/#website"},"primaryImageOfPage":{"@id":"https:\/\/pharmadreams.shop\/index.php\/product\/eucerin-senitive-protec-spray-spf50\/#primaryimage"},"image":{"@id":"https:\/\/pharmadreams.shop\/index.php\/product\/eucerin-senitive-protec-spray-spf50\/#primaryimage"},"thumbnailUrl":"https:\/\/pharmadreams.shop\/wp-content\/uploads\/2023\/12\/Sans-titre-53.png","datePublished":"2023-12-19T18:40:45+00:00","dateModified":"2023-12-19T18:41:30+00:00","breadcrumb":{"@id":"https:\/\/pharmadreams.shop\/index.php\/product\/eucerin-senitive-protec-spray-spf50\/#breadcrumb"},"inLanguage":"fr-FR","potentialAction":[{"@type":"ReadAction","target":["https:\/\/pharmadreams.shop\/index.php\/product\/eucerin-senitive-protec-spray-spf50\/"]}]},{"@type":"ImageObject","inLanguage":"fr-FR","@id":"https:\/\/pharmadreams.shop\/index.php\/product\/eucerin-senitive-protec-spray-spf50\/#primaryimage","url":"https:\/\/pharmadreams.shop\/wp-content\/uploads\/2023\/12\/Sans-titre-53.png","contentUrl":"https:\/\/pharmadreams.shop\/wp-content\/uploads\/2023\/12\/Sans-titre-53.png","width":704,"height":832},{"@type":"BreadcrumbList","@id":"https:\/\/pharmadreams.shop\/index.php\/product\/eucerin-senitive-protec-spray-spf50\/#breadcrumb","itemListElement":[{"@type":"ListItem","position":1,"name":"Accueil","item":"https:\/\/pharmadreams.shop\/"},{"@type":"ListItem","position":2,"name":"Shop","item":"https:\/\/pharmadreams.shop\/index.php\/shop\/"},{"@type":"ListItem","position":3,"name":"Eucerin senitive protec spray spf50"}]},{"@type":"WebSite","@id":"https:\/\/pharmadreams.shop\/#website","url":"https:\/\/pharmadreams.shop\/","name":"pharmadreams","description":"Parapharmacie en ligne","potentialAction":[{"@type":"SearchAction","target":{"@type":"EntryPoint","urlTemplate":"https:\/\/pharmadreams.shop\/?s={search_term_string}"},"query-input":"required name=search_term_string"}],"inLanguage":"fr-FR"}]}},"_links":{"self":[{"href":"https:\/\/pharmadreams.shop\/index.php\/wp-json\/wp\/v2\/product\/16975","targetHints":{"allow":["GET"]}}],"collection":[{"href":"https:\/\/pharmadreams.shop\/index.php\/wp-json\/wp\/v2\/product"}],"about":[{"href":"https:\/\/pharmadreams.shop\/index.php\/wp-json\/wp\/v2\/types\/product"}],"replies":[{"embeddable":true,"href":"https:\/\/pharmadreams.shop\/index.php\/wp-json\/wp\/v2\/comments?post=16975"}],"version-history":[{"count":0,"href":"https:\/\/pharmadreams.shop\/index.php\/wp-json\/wp\/v2\/product\/16975\/revisions"}],"wp:featuredmedia":[{"embeddable":true,"href":"https:\/\/pharmadreams.shop\/index.php\/wp-json\/wp\/v2\/media\/17040"}],"wp:attachment":[{"href":"https:\/\/pharmadreams.shop\/index.php\/wp-json\/wp\/v2\/media?parent=16975"}],"wp:term":[{"taxonomy":"product_brand","embeddable":true,"href":"https:\/\/pharmadreams.shop\/index.php\/wp-json\/wp\/v2\/product_brand?post=16975"},{"taxonomy":"product_cat","embeddable":true,"href":"https:\/\/pharmadreams.shop\/index.php\/wp-json\/wp\/v2\/product_cat?post=16975"},{"taxonomy":"product_tag","embeddable":true,"href":"https:\/\/pharmadreams.shop\/index.php\/wp-json\/wp\/v2\/product_tag?post=16975"}],"curies":[{"name":"wp","href":"https:\/\/api.w.org\/{rel}","templated":true}]}}