{"id":16976,"date":"2023-12-19T19:40:45","date_gmt":"2023-12-19T18:40:45","guid":{"rendered":"https:\/\/venuspara.com\/?post_type=product&#038;p=16976"},"modified":"2024-05-11T10:42:09","modified_gmt":"2024-05-11T09:42:09","slug":"la-roche-posay-anthelios-50","status":"publish","type":"product","link":"https:\/\/pharmadreams.shop\/index.php\/product\/la-roche-posay-anthelios-50\/","title":{"rendered":"LA ROCHE POSAY ANTHELIOS UVMUNE 400 OIL CONTROL GEL CREME TEINTE SPF50+ 50ML"},"content":{"rendered":"","protected":false},"excerpt":{"rendered":"<p>Peau sensible ou sujette aux intol\u00e9rances solaires, commun\u00e9ment appel\u00e9es allergies solaires.<br \/>\nEnsoleillement extr\u00eame.<br \/>\nPr\u00e9vient les t\u00e2ches de pigmentation (grossesse, photosensbiliisation&#8230;).<\/p>\n<p>Tr\u00e8s haute protection UVA\/UVB, large et photostable.<br \/>\nProtection optimale SPF 50+ renforc\u00e9e contre les UVA (niveau plus strict que la recommandation europ\u00e9enne) gr\u00e2ce \u00e0 un nouveau syst\u00e8me filtrant brevet\u00e9 Mexoplex\u00ae associ\u00e9 \u00e0 l\u2019eau thermale de La Roche-Posay, apaisante et antioxydante<\/p>\n<ul>\n<li>Texture toucher sec : double action anti-brillance, absorption imm\u00e9diate, fini ultra-sec, sans trace blanche. Sans effet gras.<\/li>\n<li>Id\u00e9al pour les peaux grasses.<\/li>\n<\/ul>\n","protected":false},"featured_media":17054,"comment_status":"open","ping_status":"closed","template":"","meta":[],"product_brand":[],"product_cat":[146,225],"product_tag":[],"class_list":{"0":"post-16976","1":"product","2":"type-product","3":"status-publish","4":"has-post-thumbnail","6":"product_cat-antioxydant","7":"product_cat-peaux-grasses","9":"first","10":"instock","11":"sale","12":"shipping-taxable","13":"purchasable","14":"product-type-simple"},"yoast_head":"<!-- This site is optimized with the Yoast SEO plugin v23.0 - https:\/\/yoast.com\/wordpress\/plugins\/seo\/ -->\n<title>LA ROCHE POSAY ANTHELIOS UVMUNE 400 OIL CONTROL GEL CREME TEINTE SPF50+ 50ML - pharmadreams<\/title>\n<meta name=\"robots\" content=\"index, follow, max-snippet:-1, max-image-preview:large, max-video-preview:-1\" \/>\n<link rel=\"canonical\" href=\"https:\/\/pharmadreams.shop\/index.php\/product\/la-roche-posay-anthelios-50\/\" \/>\n<meta property=\"og:locale\" content=\"fr_FR\" \/>\n<meta property=\"og:type\" content=\"article\" \/>\n<meta property=\"og:title\" content=\"LA ROCHE POSAY ANTHELIOS UVMUNE 400 OIL CONTROL GEL CREME TEINTE SPF50+ 50ML - pharmadreams\" \/>\n<meta property=\"og:description\" content=\"Peau sensible ou sujette aux intol\u00e9rances solaires, commun\u00e9ment appel\u00e9es allergies solaires. Ensoleillement extr\u00eame. Pr\u00e9vient les t\u00e2ches de pigmentation (grossesse, photosensbiliisation...).  Tr\u00e8s haute protection UVA\/UVB, large et photostable. Protection optimale SPF 50+ renforc\u00e9e contre les UVA (niveau plus strict que la recommandation europ\u00e9enne) gr\u00e2ce \u00e0 un nouveau syst\u00e8me filtrant brevet\u00e9 Mexoplex\u00ae associ\u00e9 \u00e0 l\u2019eau thermale de La Roche-Posay, apaisante et antioxydante   Texture toucher sec : double action anti-brillance, absorption imm\u00e9diate, fini ultra-sec, sans trace blanche. Sans effet gras.  Id\u00e9al pour les peaux grasses.\" \/>\n<meta property=\"og:url\" content=\"https:\/\/pharmadreams.shop\/index.php\/product\/la-roche-posay-anthelios-50\/\" \/>\n<meta property=\"og:site_name\" content=\"pharmadreams\" \/>\n<meta property=\"article:modified_time\" content=\"2024-05-11T09:42:09+00:00\" \/>\n<meta property=\"og:image\" content=\"https:\/\/pharmadreams.shop\/wp-content\/uploads\/2023\/12\/Sans-titre-54.png\" \/>\n\t<meta property=\"og:image:width\" content=\"636\" \/>\n\t<meta property=\"og:image:height\" content=\"728\" \/>\n\t<meta property=\"og:image:type\" content=\"image\/png\" \/>\n<meta name=\"twitter:card\" content=\"summary_large_image\" \/>\n<meta name=\"twitter:label1\" content=\"Dur\u00e9e de lecture estim\u00e9e\" \/>\n\t<meta name=\"twitter:data1\" content=\"1 minute\" \/>\n<script type=\"application\/ld+json\" class=\"yoast-schema-graph\">{\"@context\":\"https:\/\/schema.org\",\"@graph\":[{\"@type\":\"WebPage\",\"@id\":\"https:\/\/pharmadreams.shop\/index.php\/product\/la-roche-posay-anthelios-50\/\",\"url\":\"https:\/\/pharmadreams.shop\/index.php\/product\/la-roche-posay-anthelios-50\/\",\"name\":\"LA ROCHE POSAY ANTHELIOS UVMUNE 400 OIL CONTROL GEL CREME TEINTE SPF50+ 50ML - pharmadreams\",\"isPartOf\":{\"@id\":\"https:\/\/pharmadreams.shop\/#website\"},\"primaryImageOfPage\":{\"@id\":\"https:\/\/pharmadreams.shop\/index.php\/product\/la-roche-posay-anthelios-50\/#primaryimage\"},\"image\":{\"@id\":\"https:\/\/pharmadreams.shop\/index.php\/product\/la-roche-posay-anthelios-50\/#primaryimage\"},\"thumbnailUrl\":\"https:\/\/pharmadreams.shop\/wp-content\/uploads\/2023\/12\/Sans-titre-54.png\",\"datePublished\":\"2023-12-19T18:40:45+00:00\",\"dateModified\":\"2024-05-11T09:42:09+00:00\",\"breadcrumb\":{\"@id\":\"https:\/\/pharmadreams.shop\/index.php\/product\/la-roche-posay-anthelios-50\/#breadcrumb\"},\"inLanguage\":\"fr-FR\",\"potentialAction\":[{\"@type\":\"ReadAction\",\"target\":[\"https:\/\/pharmadreams.shop\/index.php\/product\/la-roche-posay-anthelios-50\/\"]}]},{\"@type\":\"ImageObject\",\"inLanguage\":\"fr-FR\",\"@id\":\"https:\/\/pharmadreams.shop\/index.php\/product\/la-roche-posay-anthelios-50\/#primaryimage\",\"url\":\"https:\/\/pharmadreams.shop\/wp-content\/uploads\/2023\/12\/Sans-titre-54.png\",\"contentUrl\":\"https:\/\/pharmadreams.shop\/wp-content\/uploads\/2023\/12\/Sans-titre-54.png\",\"width\":636,\"height\":728},{\"@type\":\"BreadcrumbList\",\"@id\":\"https:\/\/pharmadreams.shop\/index.php\/product\/la-roche-posay-anthelios-50\/#breadcrumb\",\"itemListElement\":[{\"@type\":\"ListItem\",\"position\":1,\"name\":\"Accueil\",\"item\":\"https:\/\/pharmadreams.shop\/\"},{\"@type\":\"ListItem\",\"position\":2,\"name\":\"Shop\",\"item\":\"https:\/\/pharmadreams.shop\/index.php\/shop\/\"},{\"@type\":\"ListItem\",\"position\":3,\"name\":\"LA ROCHE POSAY ANTHELIOS UVMUNE 400 OIL CONTROL GEL CREME TEINTE SPF50+ 50ML\"}]},{\"@type\":\"WebSite\",\"@id\":\"https:\/\/pharmadreams.shop\/#website\",\"url\":\"https:\/\/pharmadreams.shop\/\",\"name\":\"pharmadreams\",\"description\":\"Parapharmacie en ligne\",\"potentialAction\":[{\"@type\":\"SearchAction\",\"target\":{\"@type\":\"EntryPoint\",\"urlTemplate\":\"https:\/\/pharmadreams.shop\/?s={search_term_string}\"},\"query-input\":\"required name=search_term_string\"}],\"inLanguage\":\"fr-FR\"}]}<\/script>\n<!-- \/ Yoast SEO plugin. -->","yoast_head_json":{"title":"LA ROCHE POSAY ANTHELIOS UVMUNE 400 OIL CONTROL GEL CREME TEINTE SPF50+ 50ML - pharmadreams","robots":{"index":"index","follow":"follow","max-snippet":"max-snippet:-1","max-image-preview":"max-image-preview:large","max-video-preview":"max-video-preview:-1"},"canonical":"https:\/\/pharmadreams.shop\/index.php\/product\/la-roche-posay-anthelios-50\/","og_locale":"fr_FR","og_type":"article","og_title":"LA ROCHE POSAY ANTHELIOS UVMUNE 400 OIL CONTROL GEL CREME TEINTE SPF50+ 50ML - pharmadreams","og_description":"Peau sensible ou sujette aux intol\u00e9rances solaires, commun\u00e9ment appel\u00e9es allergies solaires. Ensoleillement extr\u00eame. Pr\u00e9vient les t\u00e2ches de pigmentation (grossesse, photosensbiliisation...).  Tr\u00e8s haute protection UVA\/UVB, large et photostable. Protection optimale SPF 50+ renforc\u00e9e contre les UVA (niveau plus strict que la recommandation europ\u00e9enne) gr\u00e2ce \u00e0 un nouveau syst\u00e8me filtrant brevet\u00e9 Mexoplex\u00ae associ\u00e9 \u00e0 l\u2019eau thermale de La Roche-Posay, apaisante et antioxydante   Texture toucher sec : double action anti-brillance, absorption imm\u00e9diate, fini ultra-sec, sans trace blanche. Sans effet gras.  Id\u00e9al pour les peaux grasses.","og_url":"https:\/\/pharmadreams.shop\/index.php\/product\/la-roche-posay-anthelios-50\/","og_site_name":"pharmadreams","article_modified_time":"2024-05-11T09:42:09+00:00","og_image":[{"width":636,"height":728,"url":"https:\/\/pharmadreams.shop\/wp-content\/uploads\/2023\/12\/Sans-titre-54.png","type":"image\/png"}],"twitter_card":"summary_large_image","twitter_misc":{"Dur\u00e9e de lecture estim\u00e9e":"1 minute"},"schema":{"@context":"https:\/\/schema.org","@graph":[{"@type":"WebPage","@id":"https:\/\/pharmadreams.shop\/index.php\/product\/la-roche-posay-anthelios-50\/","url":"https:\/\/pharmadreams.shop\/index.php\/product\/la-roche-posay-anthelios-50\/","name":"LA ROCHE POSAY ANTHELIOS UVMUNE 400 OIL CONTROL GEL CREME TEINTE SPF50+ 50ML - pharmadreams","isPartOf":{"@id":"https:\/\/pharmadreams.shop\/#website"},"primaryImageOfPage":{"@id":"https:\/\/pharmadreams.shop\/index.php\/product\/la-roche-posay-anthelios-50\/#primaryimage"},"image":{"@id":"https:\/\/pharmadreams.shop\/index.php\/product\/la-roche-posay-anthelios-50\/#primaryimage"},"thumbnailUrl":"https:\/\/pharmadreams.shop\/wp-content\/uploads\/2023\/12\/Sans-titre-54.png","datePublished":"2023-12-19T18:40:45+00:00","dateModified":"2024-05-11T09:42:09+00:00","breadcrumb":{"@id":"https:\/\/pharmadreams.shop\/index.php\/product\/la-roche-posay-anthelios-50\/#breadcrumb"},"inLanguage":"fr-FR","potentialAction":[{"@type":"ReadAction","target":["https:\/\/pharmadreams.shop\/index.php\/product\/la-roche-posay-anthelios-50\/"]}]},{"@type":"ImageObject","inLanguage":"fr-FR","@id":"https:\/\/pharmadreams.shop\/index.php\/product\/la-roche-posay-anthelios-50\/#primaryimage","url":"https:\/\/pharmadreams.shop\/wp-content\/uploads\/2023\/12\/Sans-titre-54.png","contentUrl":"https:\/\/pharmadreams.shop\/wp-content\/uploads\/2023\/12\/Sans-titre-54.png","width":636,"height":728},{"@type":"BreadcrumbList","@id":"https:\/\/pharmadreams.shop\/index.php\/product\/la-roche-posay-anthelios-50\/#breadcrumb","itemListElement":[{"@type":"ListItem","position":1,"name":"Accueil","item":"https:\/\/pharmadreams.shop\/"},{"@type":"ListItem","position":2,"name":"Shop","item":"https:\/\/pharmadreams.shop\/index.php\/shop\/"},{"@type":"ListItem","position":3,"name":"LA ROCHE POSAY ANTHELIOS UVMUNE 400 OIL CONTROL GEL CREME TEINTE SPF50+ 50ML"}]},{"@type":"WebSite","@id":"https:\/\/pharmadreams.shop\/#website","url":"https:\/\/pharmadreams.shop\/","name":"pharmadreams","description":"Parapharmacie en ligne","potentialAction":[{"@type":"SearchAction","target":{"@type":"EntryPoint","urlTemplate":"https:\/\/pharmadreams.shop\/?s={search_term_string}"},"query-input":"required name=search_term_string"}],"inLanguage":"fr-FR"}]}},"_links":{"self":[{"href":"https:\/\/pharmadreams.shop\/index.php\/wp-json\/wp\/v2\/product\/16976","targetHints":{"allow":["GET"]}}],"collection":[{"href":"https:\/\/pharmadreams.shop\/index.php\/wp-json\/wp\/v2\/product"}],"about":[{"href":"https:\/\/pharmadreams.shop\/index.php\/wp-json\/wp\/v2\/types\/product"}],"replies":[{"embeddable":true,"href":"https:\/\/pharmadreams.shop\/index.php\/wp-json\/wp\/v2\/comments?post=16976"}],"version-history":[{"count":0,"href":"https:\/\/pharmadreams.shop\/index.php\/wp-json\/wp\/v2\/product\/16976\/revisions"}],"wp:featuredmedia":[{"embeddable":true,"href":"https:\/\/pharmadreams.shop\/index.php\/wp-json\/wp\/v2\/media\/17054"}],"wp:attachment":[{"href":"https:\/\/pharmadreams.shop\/index.php\/wp-json\/wp\/v2\/media?parent=16976"}],"wp:term":[{"taxonomy":"product_brand","embeddable":true,"href":"https:\/\/pharmadreams.shop\/index.php\/wp-json\/wp\/v2\/product_brand?post=16976"},{"taxonomy":"product_cat","embeddable":true,"href":"https:\/\/pharmadreams.shop\/index.php\/wp-json\/wp\/v2\/product_cat?post=16976"},{"taxonomy":"product_tag","embeddable":true,"href":"https:\/\/pharmadreams.shop\/index.php\/wp-json\/wp\/v2\/product_tag?post=16976"}],"curies":[{"name":"wp","href":"https:\/\/api.w.org\/{rel}","templated":true}]}}