{"id":16977,"date":"2023-12-19T19:40:45","date_gmt":"2023-12-19T18:40:45","guid":{"rendered":"https:\/\/venuspara.com\/?post_type=product&#038;p=16977"},"modified":"2024-03-16T00:20:26","modified_gmt":"2024-03-15T23:20:26","slug":"la-roche-posay-anthelios-gel-creme-toucher-sec-anti-brillance-spf50-50ml","status":"publish","type":"product","link":"https:\/\/pharmadreams.shop\/index.php\/product\/la-roche-posay-anthelios-gel-creme-toucher-sec-anti-brillance-spf50-50ml\/","title":{"rendered":"La roche posay anthelios gel cr\u00e8me toucher sec anti brillance spf50+, 50ml"},"content":{"rendered":"","protected":false},"excerpt":{"rendered":"<p style=\"font-weight: 400;\">La Roche-Posay Anthelios XL Gel-Cr\u00e8me Toucher Sec SPF 50+ 50 ml pour le visage a \u00e9t\u00e9 sp\u00e9cialement con\u00e7u pour la peau sensible ou sujette aux intol\u00e9rances solaires, commun\u00e9ment appel\u00e9es allergies solaires. Il peut \u00eatre utilis\u00e9e en pr\u00e9vention des taches pigmentaires dues au soleil (grossesse, photosensibilisations&#8230;) et est particuli\u00e8rement adapt\u00e9 lors d&rsquo;ensoleillement extr\u00eame. Avec son SPF 50+ et son syst\u00e8me filtrant brevet\u00e9 Menoplex, il prot\u00e8ge des UVA courts et longs. Id\u00e9al pour les peaux grasses, sa double action anti-brillance apporte un fini ultra-sec, sans trace blanche et une absorption imm\u00e9diate. Sa texture toucher sec ne laisse pas d&rsquo;effet gras. Sans paraben. Sans parfum. Non com\u00e9dog\u00e8ne. R\u00e9sistant \u00e0 l&rsquo;eau.<\/p>\n","protected":false},"featured_media":17056,"comment_status":"open","ping_status":"closed","template":"","meta":[],"product_brand":[],"product_cat":[276,104,20],"product_tag":[],"class_list":{"0":"post-16977","1":"product","2":"type-product","3":"status-publish","4":"has-post-thumbnail","6":"product_cat-peaux","7":"product_cat-protection","8":"product_cat-visage","10":"first","11":"instock","12":"shipping-taxable","13":"purchasable","14":"product-type-simple"},"yoast_head":"<!-- This site is optimized with the Yoast SEO plugin v23.0 - https:\/\/yoast.com\/wordpress\/plugins\/seo\/ -->\n<title>La roche posay anthelios gel cr\u00e8me toucher sec anti brillance spf50+, 50ml - pharmadreams<\/title>\n<meta name=\"robots\" content=\"index, follow, max-snippet:-1, max-image-preview:large, max-video-preview:-1\" \/>\n<link rel=\"canonical\" href=\"https:\/\/pharmadreams.shop\/index.php\/product\/la-roche-posay-anthelios-gel-creme-toucher-sec-anti-brillance-spf50-50ml\/\" \/>\n<meta property=\"og:locale\" content=\"fr_FR\" \/>\n<meta property=\"og:type\" content=\"article\" \/>\n<meta property=\"og:title\" content=\"La roche posay anthelios gel cr\u00e8me toucher sec anti brillance spf50+, 50ml - pharmadreams\" \/>\n<meta property=\"og:description\" content=\"La Roche-Posay Anthelios XL Gel-Cr\u00e8me Toucher Sec SPF 50+ 50 ml pour le visage a \u00e9t\u00e9 sp\u00e9cialement con\u00e7u pour la peau sensible ou sujette aux intol\u00e9rances solaires, commun\u00e9ment appel\u00e9es allergies solaires. Il peut \u00eatre utilis\u00e9e en pr\u00e9vention des taches pigmentaires dues au soleil (grossesse, photosensibilisations...) et est particuli\u00e8rement adapt\u00e9 lors d&#039;ensoleillement extr\u00eame. Avec son SPF 50+ et son syst\u00e8me filtrant brevet\u00e9 Menoplex, il prot\u00e8ge des UVA courts et longs. Id\u00e9al pour les peaux grasses, sa double action anti-brillance apporte un fini ultra-sec, sans trace blanche et une absorption imm\u00e9diate. Sa texture toucher sec ne laisse pas d&#039;effet gras. Sans paraben. Sans parfum. Non com\u00e9dog\u00e8ne. R\u00e9sistant \u00e0 l&#039;eau.\" \/>\n<meta property=\"og:url\" content=\"https:\/\/pharmadreams.shop\/index.php\/product\/la-roche-posay-anthelios-gel-creme-toucher-sec-anti-brillance-spf50-50ml\/\" \/>\n<meta property=\"og:site_name\" content=\"pharmadreams\" \/>\n<meta property=\"article:modified_time\" content=\"2024-03-15T23:20:26+00:00\" \/>\n<meta property=\"og:image\" content=\"https:\/\/pharmadreams.shop\/wp-content\/uploads\/2023\/12\/Sans-titre-55.png\" \/>\n\t<meta property=\"og:image:width\" content=\"592\" \/>\n\t<meta property=\"og:image:height\" content=\"652\" \/>\n\t<meta property=\"og:image:type\" content=\"image\/png\" \/>\n<meta name=\"twitter:card\" content=\"summary_large_image\" \/>\n<meta name=\"twitter:label1\" content=\"Dur\u00e9e de lecture estim\u00e9e\" \/>\n\t<meta name=\"twitter:data1\" content=\"1 minute\" \/>\n<script type=\"application\/ld+json\" class=\"yoast-schema-graph\">{\"@context\":\"https:\/\/schema.org\",\"@graph\":[{\"@type\":\"WebPage\",\"@id\":\"https:\/\/pharmadreams.shop\/index.php\/product\/la-roche-posay-anthelios-gel-creme-toucher-sec-anti-brillance-spf50-50ml\/\",\"url\":\"https:\/\/pharmadreams.shop\/index.php\/product\/la-roche-posay-anthelios-gel-creme-toucher-sec-anti-brillance-spf50-50ml\/\",\"name\":\"La roche posay anthelios gel cr\u00e8me toucher sec anti brillance spf50+, 50ml - pharmadreams\",\"isPartOf\":{\"@id\":\"https:\/\/pharmadreams.shop\/#website\"},\"primaryImageOfPage\":{\"@id\":\"https:\/\/pharmadreams.shop\/index.php\/product\/la-roche-posay-anthelios-gel-creme-toucher-sec-anti-brillance-spf50-50ml\/#primaryimage\"},\"image\":{\"@id\":\"https:\/\/pharmadreams.shop\/index.php\/product\/la-roche-posay-anthelios-gel-creme-toucher-sec-anti-brillance-spf50-50ml\/#primaryimage\"},\"thumbnailUrl\":\"https:\/\/pharmadreams.shop\/wp-content\/uploads\/2023\/12\/Sans-titre-55.png\",\"datePublished\":\"2023-12-19T18:40:45+00:00\",\"dateModified\":\"2024-03-15T23:20:26+00:00\",\"breadcrumb\":{\"@id\":\"https:\/\/pharmadreams.shop\/index.php\/product\/la-roche-posay-anthelios-gel-creme-toucher-sec-anti-brillance-spf50-50ml\/#breadcrumb\"},\"inLanguage\":\"fr-FR\",\"potentialAction\":[{\"@type\":\"ReadAction\",\"target\":[\"https:\/\/pharmadreams.shop\/index.php\/product\/la-roche-posay-anthelios-gel-creme-toucher-sec-anti-brillance-spf50-50ml\/\"]}]},{\"@type\":\"ImageObject\",\"inLanguage\":\"fr-FR\",\"@id\":\"https:\/\/pharmadreams.shop\/index.php\/product\/la-roche-posay-anthelios-gel-creme-toucher-sec-anti-brillance-spf50-50ml\/#primaryimage\",\"url\":\"https:\/\/pharmadreams.shop\/wp-content\/uploads\/2023\/12\/Sans-titre-55.png\",\"contentUrl\":\"https:\/\/pharmadreams.shop\/wp-content\/uploads\/2023\/12\/Sans-titre-55.png\",\"width\":592,\"height\":652},{\"@type\":\"BreadcrumbList\",\"@id\":\"https:\/\/pharmadreams.shop\/index.php\/product\/la-roche-posay-anthelios-gel-creme-toucher-sec-anti-brillance-spf50-50ml\/#breadcrumb\",\"itemListElement\":[{\"@type\":\"ListItem\",\"position\":1,\"name\":\"Accueil\",\"item\":\"https:\/\/pharmadreams.shop\/\"},{\"@type\":\"ListItem\",\"position\":2,\"name\":\"Shop\",\"item\":\"https:\/\/pharmadreams.shop\/index.php\/shop\/\"},{\"@type\":\"ListItem\",\"position\":3,\"name\":\"La roche posay anthelios gel cr\u00e8me toucher sec anti brillance spf50+, 50ml\"}]},{\"@type\":\"WebSite\",\"@id\":\"https:\/\/pharmadreams.shop\/#website\",\"url\":\"https:\/\/pharmadreams.shop\/\",\"name\":\"pharmadreams\",\"description\":\"Parapharmacie en ligne\",\"potentialAction\":[{\"@type\":\"SearchAction\",\"target\":{\"@type\":\"EntryPoint\",\"urlTemplate\":\"https:\/\/pharmadreams.shop\/?s={search_term_string}\"},\"query-input\":\"required name=search_term_string\"}],\"inLanguage\":\"fr-FR\"}]}<\/script>\n<!-- \/ Yoast SEO plugin. -->","yoast_head_json":{"title":"La roche posay anthelios gel cr\u00e8me toucher sec anti brillance spf50+, 50ml - pharmadreams","robots":{"index":"index","follow":"follow","max-snippet":"max-snippet:-1","max-image-preview":"max-image-preview:large","max-video-preview":"max-video-preview:-1"},"canonical":"https:\/\/pharmadreams.shop\/index.php\/product\/la-roche-posay-anthelios-gel-creme-toucher-sec-anti-brillance-spf50-50ml\/","og_locale":"fr_FR","og_type":"article","og_title":"La roche posay anthelios gel cr\u00e8me toucher sec anti brillance spf50+, 50ml - pharmadreams","og_description":"La Roche-Posay Anthelios XL Gel-Cr\u00e8me Toucher Sec SPF 50+ 50 ml pour le visage a \u00e9t\u00e9 sp\u00e9cialement con\u00e7u pour la peau sensible ou sujette aux intol\u00e9rances solaires, commun\u00e9ment appel\u00e9es allergies solaires. Il peut \u00eatre utilis\u00e9e en pr\u00e9vention des taches pigmentaires dues au soleil (grossesse, photosensibilisations...) et est particuli\u00e8rement adapt\u00e9 lors d'ensoleillement extr\u00eame. Avec son SPF 50+ et son syst\u00e8me filtrant brevet\u00e9 Menoplex, il prot\u00e8ge des UVA courts et longs. Id\u00e9al pour les peaux grasses, sa double action anti-brillance apporte un fini ultra-sec, sans trace blanche et une absorption imm\u00e9diate. Sa texture toucher sec ne laisse pas d'effet gras. Sans paraben. Sans parfum. Non com\u00e9dog\u00e8ne. R\u00e9sistant \u00e0 l'eau.","og_url":"https:\/\/pharmadreams.shop\/index.php\/product\/la-roche-posay-anthelios-gel-creme-toucher-sec-anti-brillance-spf50-50ml\/","og_site_name":"pharmadreams","article_modified_time":"2024-03-15T23:20:26+00:00","og_image":[{"width":592,"height":652,"url":"https:\/\/pharmadreams.shop\/wp-content\/uploads\/2023\/12\/Sans-titre-55.png","type":"image\/png"}],"twitter_card":"summary_large_image","twitter_misc":{"Dur\u00e9e de lecture estim\u00e9e":"1 minute"},"schema":{"@context":"https:\/\/schema.org","@graph":[{"@type":"WebPage","@id":"https:\/\/pharmadreams.shop\/index.php\/product\/la-roche-posay-anthelios-gel-creme-toucher-sec-anti-brillance-spf50-50ml\/","url":"https:\/\/pharmadreams.shop\/index.php\/product\/la-roche-posay-anthelios-gel-creme-toucher-sec-anti-brillance-spf50-50ml\/","name":"La roche posay anthelios gel cr\u00e8me toucher sec anti brillance spf50+, 50ml - pharmadreams","isPartOf":{"@id":"https:\/\/pharmadreams.shop\/#website"},"primaryImageOfPage":{"@id":"https:\/\/pharmadreams.shop\/index.php\/product\/la-roche-posay-anthelios-gel-creme-toucher-sec-anti-brillance-spf50-50ml\/#primaryimage"},"image":{"@id":"https:\/\/pharmadreams.shop\/index.php\/product\/la-roche-posay-anthelios-gel-creme-toucher-sec-anti-brillance-spf50-50ml\/#primaryimage"},"thumbnailUrl":"https:\/\/pharmadreams.shop\/wp-content\/uploads\/2023\/12\/Sans-titre-55.png","datePublished":"2023-12-19T18:40:45+00:00","dateModified":"2024-03-15T23:20:26+00:00","breadcrumb":{"@id":"https:\/\/pharmadreams.shop\/index.php\/product\/la-roche-posay-anthelios-gel-creme-toucher-sec-anti-brillance-spf50-50ml\/#breadcrumb"},"inLanguage":"fr-FR","potentialAction":[{"@type":"ReadAction","target":["https:\/\/pharmadreams.shop\/index.php\/product\/la-roche-posay-anthelios-gel-creme-toucher-sec-anti-brillance-spf50-50ml\/"]}]},{"@type":"ImageObject","inLanguage":"fr-FR","@id":"https:\/\/pharmadreams.shop\/index.php\/product\/la-roche-posay-anthelios-gel-creme-toucher-sec-anti-brillance-spf50-50ml\/#primaryimage","url":"https:\/\/pharmadreams.shop\/wp-content\/uploads\/2023\/12\/Sans-titre-55.png","contentUrl":"https:\/\/pharmadreams.shop\/wp-content\/uploads\/2023\/12\/Sans-titre-55.png","width":592,"height":652},{"@type":"BreadcrumbList","@id":"https:\/\/pharmadreams.shop\/index.php\/product\/la-roche-posay-anthelios-gel-creme-toucher-sec-anti-brillance-spf50-50ml\/#breadcrumb","itemListElement":[{"@type":"ListItem","position":1,"name":"Accueil","item":"https:\/\/pharmadreams.shop\/"},{"@type":"ListItem","position":2,"name":"Shop","item":"https:\/\/pharmadreams.shop\/index.php\/shop\/"},{"@type":"ListItem","position":3,"name":"La roche posay anthelios gel cr\u00e8me toucher sec anti brillance spf50+, 50ml"}]},{"@type":"WebSite","@id":"https:\/\/pharmadreams.shop\/#website","url":"https:\/\/pharmadreams.shop\/","name":"pharmadreams","description":"Parapharmacie en ligne","potentialAction":[{"@type":"SearchAction","target":{"@type":"EntryPoint","urlTemplate":"https:\/\/pharmadreams.shop\/?s={search_term_string}"},"query-input":"required name=search_term_string"}],"inLanguage":"fr-FR"}]}},"_links":{"self":[{"href":"https:\/\/pharmadreams.shop\/index.php\/wp-json\/wp\/v2\/product\/16977","targetHints":{"allow":["GET"]}}],"collection":[{"href":"https:\/\/pharmadreams.shop\/index.php\/wp-json\/wp\/v2\/product"}],"about":[{"href":"https:\/\/pharmadreams.shop\/index.php\/wp-json\/wp\/v2\/types\/product"}],"replies":[{"embeddable":true,"href":"https:\/\/pharmadreams.shop\/index.php\/wp-json\/wp\/v2\/comments?post=16977"}],"version-history":[{"count":0,"href":"https:\/\/pharmadreams.shop\/index.php\/wp-json\/wp\/v2\/product\/16977\/revisions"}],"wp:featuredmedia":[{"embeddable":true,"href":"https:\/\/pharmadreams.shop\/index.php\/wp-json\/wp\/v2\/media\/17056"}],"wp:attachment":[{"href":"https:\/\/pharmadreams.shop\/index.php\/wp-json\/wp\/v2\/media?parent=16977"}],"wp:term":[{"taxonomy":"product_brand","embeddable":true,"href":"https:\/\/pharmadreams.shop\/index.php\/wp-json\/wp\/v2\/product_brand?post=16977"},{"taxonomy":"product_cat","embeddable":true,"href":"https:\/\/pharmadreams.shop\/index.php\/wp-json\/wp\/v2\/product_cat?post=16977"},{"taxonomy":"product_tag","embeddable":true,"href":"https:\/\/pharmadreams.shop\/index.php\/wp-json\/wp\/v2\/product_tag?post=16977"}],"curies":[{"name":"wp","href":"https:\/\/api.w.org\/{rel}","templated":true}]}}