{"id":16978,"date":"2023-12-19T19:40:46","date_gmt":"2023-12-19T18:40:46","guid":{"rendered":"https:\/\/venuspara.com\/?post_type=product&#038;p=16978"},"modified":"2024-05-11T10:36:27","modified_gmt":"2024-05-11T09:36:27","slug":"la-roche-posay-anthelios-uvmune-400","status":"publish","type":"product","link":"https:\/\/pharmadreams.shop\/index.php\/product\/la-roche-posay-anthelios-uvmune-400\/","title":{"rendered":"LA ROCHE-POSAY ANTHELIOS UVMUNE 400 FLUID INVISIBLE SPF50 50ML"},"content":{"rendered":"","protected":false},"excerpt":{"rendered":"<p>LA ROCHE POSAY ANTHELIOS UVMUNE 400 FLUIDE INVISIBLE\u00a0est un soin visage SPF 50 qui est formule avec le nouveau filtre UV MEXORYL400\u00a0efficace contre les rayons UV les plus insidieux: UVA ULTRA-LONGS.<\/p>\n<p>LA ROCHE POSAY ANTHELIOS UVMUNE 400 FLUIDE INVISIBLE convient \u00e0 tous les types de peau, tous les phototypes.\u00a0La formulation de ANTHELIOS UVMUNE 400 FLUIDE\u00a0sans parfum haute tol\u00e9rance limite les risques de r\u00e9action cutan\u00e9e et permet l\u2019application de la cr\u00e8me solaire sur le contour des yeux.<\/p>\n<p>LA ROCHE POSAY ANTHELIOS UVMUNE 400 FLUIDE INVISIBLE offre une protection ultime \u00e0 large spectre anti-UVA + UVB + UVA ultra-longs et apporte plus de r\u00e9sistance \u00e0 la peau.<\/p>\n","protected":false},"featured_media":17058,"comment_status":"open","ping_status":"closed","template":"","meta":[],"product_brand":[],"product_cat":[276,194,104,20],"product_tag":[],"class_list":{"0":"post-16978","1":"product","2":"type-product","3":"status-publish","4":"has-post-thumbnail","6":"product_cat-peaux","7":"product_cat-peaux-sensibles","8":"product_cat-protection","9":"product_cat-visage","11":"first","12":"instock","13":"sale","14":"shipping-taxable","15":"purchasable","16":"product-type-simple"},"yoast_head":"<!-- This site is optimized with the Yoast SEO plugin v23.0 - https:\/\/yoast.com\/wordpress\/plugins\/seo\/ -->\n<title>LA ROCHE-POSAY ANTHELIOS UVMUNE 400 FLUID INVISIBLE SPF50 50ML - pharmadreams<\/title>\n<meta name=\"robots\" content=\"index, follow, max-snippet:-1, max-image-preview:large, max-video-preview:-1\" \/>\n<link rel=\"canonical\" href=\"https:\/\/pharmadreams.shop\/index.php\/product\/la-roche-posay-anthelios-uvmune-400\/\" \/>\n<meta property=\"og:locale\" content=\"fr_FR\" \/>\n<meta property=\"og:type\" content=\"article\" \/>\n<meta property=\"og:title\" content=\"LA ROCHE-POSAY ANTHELIOS UVMUNE 400 FLUID INVISIBLE SPF50 50ML - pharmadreams\" \/>\n<meta property=\"og:description\" content=\"LA ROCHE POSAY ANTHELIOS UVMUNE 400 FLUIDE INVISIBLE\u00a0est un soin visage SPF 50 qui est formule avec le nouveau filtre UV MEXORYL400\u00a0efficace contre les rayons UV les plus insidieux: UVA ULTRA-LONGS.  LA ROCHE POSAY ANTHELIOS UVMUNE 400 FLUIDE INVISIBLE convient \u00e0 tous les types de peau, tous les phototypes.\u00a0La formulation de ANTHELIOS UVMUNE 400 FLUIDE\u00a0sans parfum haute tol\u00e9rance limite les risques de r\u00e9action cutan\u00e9e et permet l\u2019application de la cr\u00e8me solaire sur le contour des yeux.  LA ROCHE POSAY ANTHELIOS UVMUNE 400 FLUIDE INVISIBLE offre une protection ultime \u00e0 large spectre anti-UVA + UVB + UVA ultra-longs et apporte plus de r\u00e9sistance \u00e0 la peau.\" \/>\n<meta property=\"og:url\" content=\"https:\/\/pharmadreams.shop\/index.php\/product\/la-roche-posay-anthelios-uvmune-400\/\" \/>\n<meta property=\"og:site_name\" content=\"pharmadreams\" \/>\n<meta property=\"article:modified_time\" content=\"2024-05-11T09:36:27+00:00\" \/>\n<meta property=\"og:image\" content=\"https:\/\/pharmadreams.shop\/wp-content\/uploads\/2023\/12\/Sans-titre-56.png\" \/>\n\t<meta property=\"og:image:width\" content=\"732\" \/>\n\t<meta property=\"og:image:height\" content=\"708\" \/>\n\t<meta property=\"og:image:type\" content=\"image\/png\" \/>\n<meta name=\"twitter:card\" content=\"summary_large_image\" \/>\n<meta name=\"twitter:label1\" content=\"Dur\u00e9e de lecture estim\u00e9e\" \/>\n\t<meta name=\"twitter:data1\" content=\"1 minute\" \/>\n<script type=\"application\/ld+json\" class=\"yoast-schema-graph\">{\"@context\":\"https:\/\/schema.org\",\"@graph\":[{\"@type\":\"WebPage\",\"@id\":\"https:\/\/pharmadreams.shop\/index.php\/product\/la-roche-posay-anthelios-uvmune-400\/\",\"url\":\"https:\/\/pharmadreams.shop\/index.php\/product\/la-roche-posay-anthelios-uvmune-400\/\",\"name\":\"LA ROCHE-POSAY ANTHELIOS UVMUNE 400 FLUID INVISIBLE SPF50 50ML - pharmadreams\",\"isPartOf\":{\"@id\":\"https:\/\/pharmadreams.shop\/#website\"},\"primaryImageOfPage\":{\"@id\":\"https:\/\/pharmadreams.shop\/index.php\/product\/la-roche-posay-anthelios-uvmune-400\/#primaryimage\"},\"image\":{\"@id\":\"https:\/\/pharmadreams.shop\/index.php\/product\/la-roche-posay-anthelios-uvmune-400\/#primaryimage\"},\"thumbnailUrl\":\"https:\/\/pharmadreams.shop\/wp-content\/uploads\/2023\/12\/Sans-titre-56.png\",\"datePublished\":\"2023-12-19T18:40:46+00:00\",\"dateModified\":\"2024-05-11T09:36:27+00:00\",\"breadcrumb\":{\"@id\":\"https:\/\/pharmadreams.shop\/index.php\/product\/la-roche-posay-anthelios-uvmune-400\/#breadcrumb\"},\"inLanguage\":\"fr-FR\",\"potentialAction\":[{\"@type\":\"ReadAction\",\"target\":[\"https:\/\/pharmadreams.shop\/index.php\/product\/la-roche-posay-anthelios-uvmune-400\/\"]}]},{\"@type\":\"ImageObject\",\"inLanguage\":\"fr-FR\",\"@id\":\"https:\/\/pharmadreams.shop\/index.php\/product\/la-roche-posay-anthelios-uvmune-400\/#primaryimage\",\"url\":\"https:\/\/pharmadreams.shop\/wp-content\/uploads\/2023\/12\/Sans-titre-56.png\",\"contentUrl\":\"https:\/\/pharmadreams.shop\/wp-content\/uploads\/2023\/12\/Sans-titre-56.png\",\"width\":732,\"height\":708},{\"@type\":\"BreadcrumbList\",\"@id\":\"https:\/\/pharmadreams.shop\/index.php\/product\/la-roche-posay-anthelios-uvmune-400\/#breadcrumb\",\"itemListElement\":[{\"@type\":\"ListItem\",\"position\":1,\"name\":\"Accueil\",\"item\":\"https:\/\/pharmadreams.shop\/\"},{\"@type\":\"ListItem\",\"position\":2,\"name\":\"Shop\",\"item\":\"https:\/\/pharmadreams.shop\/index.php\/shop\/\"},{\"@type\":\"ListItem\",\"position\":3,\"name\":\"LA ROCHE-POSAY ANTHELIOS UVMUNE 400 FLUID INVISIBLE SPF50 50ML\"}]},{\"@type\":\"WebSite\",\"@id\":\"https:\/\/pharmadreams.shop\/#website\",\"url\":\"https:\/\/pharmadreams.shop\/\",\"name\":\"pharmadreams\",\"description\":\"Parapharmacie en ligne\",\"potentialAction\":[{\"@type\":\"SearchAction\",\"target\":{\"@type\":\"EntryPoint\",\"urlTemplate\":\"https:\/\/pharmadreams.shop\/?s={search_term_string}\"},\"query-input\":\"required name=search_term_string\"}],\"inLanguage\":\"fr-FR\"}]}<\/script>\n<!-- \/ Yoast SEO plugin. -->","yoast_head_json":{"title":"LA ROCHE-POSAY ANTHELIOS UVMUNE 400 FLUID INVISIBLE SPF50 50ML - pharmadreams","robots":{"index":"index","follow":"follow","max-snippet":"max-snippet:-1","max-image-preview":"max-image-preview:large","max-video-preview":"max-video-preview:-1"},"canonical":"https:\/\/pharmadreams.shop\/index.php\/product\/la-roche-posay-anthelios-uvmune-400\/","og_locale":"fr_FR","og_type":"article","og_title":"LA ROCHE-POSAY ANTHELIOS UVMUNE 400 FLUID INVISIBLE SPF50 50ML - pharmadreams","og_description":"LA ROCHE POSAY ANTHELIOS UVMUNE 400 FLUIDE INVISIBLE\u00a0est un soin visage SPF 50 qui est formule avec le nouveau filtre UV MEXORYL400\u00a0efficace contre les rayons UV les plus insidieux: UVA ULTRA-LONGS.  LA ROCHE POSAY ANTHELIOS UVMUNE 400 FLUIDE INVISIBLE convient \u00e0 tous les types de peau, tous les phototypes.\u00a0La formulation de ANTHELIOS UVMUNE 400 FLUIDE\u00a0sans parfum haute tol\u00e9rance limite les risques de r\u00e9action cutan\u00e9e et permet l\u2019application de la cr\u00e8me solaire sur le contour des yeux.  LA ROCHE POSAY ANTHELIOS UVMUNE 400 FLUIDE INVISIBLE offre une protection ultime \u00e0 large spectre anti-UVA + UVB + UVA ultra-longs et apporte plus de r\u00e9sistance \u00e0 la peau.","og_url":"https:\/\/pharmadreams.shop\/index.php\/product\/la-roche-posay-anthelios-uvmune-400\/","og_site_name":"pharmadreams","article_modified_time":"2024-05-11T09:36:27+00:00","og_image":[{"width":732,"height":708,"url":"https:\/\/pharmadreams.shop\/wp-content\/uploads\/2023\/12\/Sans-titre-56.png","type":"image\/png"}],"twitter_card":"summary_large_image","twitter_misc":{"Dur\u00e9e de lecture estim\u00e9e":"1 minute"},"schema":{"@context":"https:\/\/schema.org","@graph":[{"@type":"WebPage","@id":"https:\/\/pharmadreams.shop\/index.php\/product\/la-roche-posay-anthelios-uvmune-400\/","url":"https:\/\/pharmadreams.shop\/index.php\/product\/la-roche-posay-anthelios-uvmune-400\/","name":"LA ROCHE-POSAY ANTHELIOS UVMUNE 400 FLUID INVISIBLE SPF50 50ML - pharmadreams","isPartOf":{"@id":"https:\/\/pharmadreams.shop\/#website"},"primaryImageOfPage":{"@id":"https:\/\/pharmadreams.shop\/index.php\/product\/la-roche-posay-anthelios-uvmune-400\/#primaryimage"},"image":{"@id":"https:\/\/pharmadreams.shop\/index.php\/product\/la-roche-posay-anthelios-uvmune-400\/#primaryimage"},"thumbnailUrl":"https:\/\/pharmadreams.shop\/wp-content\/uploads\/2023\/12\/Sans-titre-56.png","datePublished":"2023-12-19T18:40:46+00:00","dateModified":"2024-05-11T09:36:27+00:00","breadcrumb":{"@id":"https:\/\/pharmadreams.shop\/index.php\/product\/la-roche-posay-anthelios-uvmune-400\/#breadcrumb"},"inLanguage":"fr-FR","potentialAction":[{"@type":"ReadAction","target":["https:\/\/pharmadreams.shop\/index.php\/product\/la-roche-posay-anthelios-uvmune-400\/"]}]},{"@type":"ImageObject","inLanguage":"fr-FR","@id":"https:\/\/pharmadreams.shop\/index.php\/product\/la-roche-posay-anthelios-uvmune-400\/#primaryimage","url":"https:\/\/pharmadreams.shop\/wp-content\/uploads\/2023\/12\/Sans-titre-56.png","contentUrl":"https:\/\/pharmadreams.shop\/wp-content\/uploads\/2023\/12\/Sans-titre-56.png","width":732,"height":708},{"@type":"BreadcrumbList","@id":"https:\/\/pharmadreams.shop\/index.php\/product\/la-roche-posay-anthelios-uvmune-400\/#breadcrumb","itemListElement":[{"@type":"ListItem","position":1,"name":"Accueil","item":"https:\/\/pharmadreams.shop\/"},{"@type":"ListItem","position":2,"name":"Shop","item":"https:\/\/pharmadreams.shop\/index.php\/shop\/"},{"@type":"ListItem","position":3,"name":"LA ROCHE-POSAY ANTHELIOS UVMUNE 400 FLUID INVISIBLE SPF50 50ML"}]},{"@type":"WebSite","@id":"https:\/\/pharmadreams.shop\/#website","url":"https:\/\/pharmadreams.shop\/","name":"pharmadreams","description":"Parapharmacie en ligne","potentialAction":[{"@type":"SearchAction","target":{"@type":"EntryPoint","urlTemplate":"https:\/\/pharmadreams.shop\/?s={search_term_string}"},"query-input":"required name=search_term_string"}],"inLanguage":"fr-FR"}]}},"_links":{"self":[{"href":"https:\/\/pharmadreams.shop\/index.php\/wp-json\/wp\/v2\/product\/16978","targetHints":{"allow":["GET"]}}],"collection":[{"href":"https:\/\/pharmadreams.shop\/index.php\/wp-json\/wp\/v2\/product"}],"about":[{"href":"https:\/\/pharmadreams.shop\/index.php\/wp-json\/wp\/v2\/types\/product"}],"replies":[{"embeddable":true,"href":"https:\/\/pharmadreams.shop\/index.php\/wp-json\/wp\/v2\/comments?post=16978"}],"version-history":[{"count":0,"href":"https:\/\/pharmadreams.shop\/index.php\/wp-json\/wp\/v2\/product\/16978\/revisions"}],"wp:featuredmedia":[{"embeddable":true,"href":"https:\/\/pharmadreams.shop\/index.php\/wp-json\/wp\/v2\/media\/17058"}],"wp:attachment":[{"href":"https:\/\/pharmadreams.shop\/index.php\/wp-json\/wp\/v2\/media?parent=16978"}],"wp:term":[{"taxonomy":"product_brand","embeddable":true,"href":"https:\/\/pharmadreams.shop\/index.php\/wp-json\/wp\/v2\/product_brand?post=16978"},{"taxonomy":"product_cat","embeddable":true,"href":"https:\/\/pharmadreams.shop\/index.php\/wp-json\/wp\/v2\/product_cat?post=16978"},{"taxonomy":"product_tag","embeddable":true,"href":"https:\/\/pharmadreams.shop\/index.php\/wp-json\/wp\/v2\/product_tag?post=16978"}],"curies":[{"name":"wp","href":"https:\/\/api.w.org\/{rel}","templated":true}]}}