{"id":16979,"date":"2023-12-19T19:40:46","date_gmt":"2023-12-19T18:40:46","guid":{"rendered":"https:\/\/venuspara.com\/?post_type=product&#038;p=16979"},"modified":"2024-03-16T00:19:42","modified_gmt":"2024-03-15T23:19:42","slug":"la-roche-posay-anthelios-pigment-correct-spf50","status":"publish","type":"product","link":"https:\/\/pharmadreams.shop\/index.php\/product\/la-roche-posay-anthelios-pigment-correct-spf50\/","title":{"rendered":"La roche posay anthelios pigment correct spf50+"},"content":{"rendered":"","protected":false},"excerpt":{"rendered":"<p>LA ROCHE POSAY ANTHELIOS PIGMENT CORRECT SPF50 est une creme solaire anti pigmentation, elle presente la nouvelle g\u00e9n\u00e9ration de soins solaires qui prot\u00e8ge contre le photovieillissement et l&rsquo;hyperpigmentation induits par l&rsquo;exposition quotidienne aux UV gr\u00e2ce \u00e0 sa technologie exclusive CELLOX-B3 TECH et aux actifs correcteurs dermatologiques : Niacinamide et Procerad.<\/p>\n","protected":false},"featured_media":17060,"comment_status":"open","ping_status":"closed","template":"","meta":[],"product_brand":[],"product_cat":[78,233,107],"product_tag":[],"class_list":{"0":"post-16979","1":"product","2":"type-product","3":"status-publish","4":"has-post-thumbnail","6":"product_cat-cremes","7":"product_cat-protection-solaire","8":"product_cat-soin-solaire","10":"first","11":"instock","12":"shipping-taxable","13":"purchasable","14":"product-type-simple"},"yoast_head":"<!-- This site is optimized with the Yoast SEO plugin v23.0 - https:\/\/yoast.com\/wordpress\/plugins\/seo\/ -->\n<title>La roche posay anthelios pigment correct spf50+ - pharmadreams<\/title>\n<meta name=\"robots\" content=\"index, follow, max-snippet:-1, max-image-preview:large, max-video-preview:-1\" \/>\n<link rel=\"canonical\" href=\"https:\/\/pharmadreams.shop\/index.php\/product\/la-roche-posay-anthelios-pigment-correct-spf50\/\" \/>\n<meta property=\"og:locale\" content=\"fr_FR\" \/>\n<meta property=\"og:type\" content=\"article\" \/>\n<meta property=\"og:title\" content=\"La roche posay anthelios pigment correct spf50+ - pharmadreams\" \/>\n<meta property=\"og:description\" content=\"LA ROCHE POSAY ANTHELIOS PIGMENT CORRECT SPF50 est une creme solaire anti pigmentation, elle presente la nouvelle g\u00e9n\u00e9ration de soins solaires qui prot\u00e8ge contre le photovieillissement et l&#039;hyperpigmentation induits par l&#039;exposition quotidienne aux UV gr\u00e2ce \u00e0 sa technologie exclusive CELLOX-B3 TECH et aux actifs correcteurs dermatologiques : Niacinamide et Procerad.\" \/>\n<meta property=\"og:url\" content=\"https:\/\/pharmadreams.shop\/index.php\/product\/la-roche-posay-anthelios-pigment-correct-spf50\/\" \/>\n<meta property=\"og:site_name\" content=\"pharmadreams\" \/>\n<meta property=\"article:modified_time\" content=\"2024-03-15T23:19:42+00:00\" \/>\n<meta property=\"og:image\" content=\"https:\/\/pharmadreams.shop\/wp-content\/uploads\/2023\/12\/Sans-titre-57.png\" \/>\n\t<meta property=\"og:image:width\" content=\"700\" \/>\n\t<meta property=\"og:image:height\" content=\"776\" \/>\n\t<meta property=\"og:image:type\" content=\"image\/png\" \/>\n<meta name=\"twitter:card\" content=\"summary_large_image\" \/>\n<meta name=\"twitter:label1\" content=\"Dur\u00e9e de lecture estim\u00e9e\" \/>\n\t<meta name=\"twitter:data1\" content=\"1 minute\" \/>\n<script type=\"application\/ld+json\" class=\"yoast-schema-graph\">{\"@context\":\"https:\/\/schema.org\",\"@graph\":[{\"@type\":\"WebPage\",\"@id\":\"https:\/\/pharmadreams.shop\/index.php\/product\/la-roche-posay-anthelios-pigment-correct-spf50\/\",\"url\":\"https:\/\/pharmadreams.shop\/index.php\/product\/la-roche-posay-anthelios-pigment-correct-spf50\/\",\"name\":\"La roche posay anthelios pigment correct spf50+ - pharmadreams\",\"isPartOf\":{\"@id\":\"https:\/\/pharmadreams.shop\/#website\"},\"primaryImageOfPage\":{\"@id\":\"https:\/\/pharmadreams.shop\/index.php\/product\/la-roche-posay-anthelios-pigment-correct-spf50\/#primaryimage\"},\"image\":{\"@id\":\"https:\/\/pharmadreams.shop\/index.php\/product\/la-roche-posay-anthelios-pigment-correct-spf50\/#primaryimage\"},\"thumbnailUrl\":\"https:\/\/pharmadreams.shop\/wp-content\/uploads\/2023\/12\/Sans-titre-57.png\",\"datePublished\":\"2023-12-19T18:40:46+00:00\",\"dateModified\":\"2024-03-15T23:19:42+00:00\",\"breadcrumb\":{\"@id\":\"https:\/\/pharmadreams.shop\/index.php\/product\/la-roche-posay-anthelios-pigment-correct-spf50\/#breadcrumb\"},\"inLanguage\":\"fr-FR\",\"potentialAction\":[{\"@type\":\"ReadAction\",\"target\":[\"https:\/\/pharmadreams.shop\/index.php\/product\/la-roche-posay-anthelios-pigment-correct-spf50\/\"]}]},{\"@type\":\"ImageObject\",\"inLanguage\":\"fr-FR\",\"@id\":\"https:\/\/pharmadreams.shop\/index.php\/product\/la-roche-posay-anthelios-pigment-correct-spf50\/#primaryimage\",\"url\":\"https:\/\/pharmadreams.shop\/wp-content\/uploads\/2023\/12\/Sans-titre-57.png\",\"contentUrl\":\"https:\/\/pharmadreams.shop\/wp-content\/uploads\/2023\/12\/Sans-titre-57.png\",\"width\":700,\"height\":776},{\"@type\":\"BreadcrumbList\",\"@id\":\"https:\/\/pharmadreams.shop\/index.php\/product\/la-roche-posay-anthelios-pigment-correct-spf50\/#breadcrumb\",\"itemListElement\":[{\"@type\":\"ListItem\",\"position\":1,\"name\":\"Accueil\",\"item\":\"https:\/\/pharmadreams.shop\/\"},{\"@type\":\"ListItem\",\"position\":2,\"name\":\"Shop\",\"item\":\"https:\/\/pharmadreams.shop\/index.php\/shop\/\"},{\"@type\":\"ListItem\",\"position\":3,\"name\":\"La roche posay anthelios pigment correct spf50+\"}]},{\"@type\":\"WebSite\",\"@id\":\"https:\/\/pharmadreams.shop\/#website\",\"url\":\"https:\/\/pharmadreams.shop\/\",\"name\":\"pharmadreams\",\"description\":\"Parapharmacie en ligne\",\"potentialAction\":[{\"@type\":\"SearchAction\",\"target\":{\"@type\":\"EntryPoint\",\"urlTemplate\":\"https:\/\/pharmadreams.shop\/?s={search_term_string}\"},\"query-input\":\"required name=search_term_string\"}],\"inLanguage\":\"fr-FR\"}]}<\/script>\n<!-- \/ Yoast SEO plugin. -->","yoast_head_json":{"title":"La roche posay anthelios pigment correct spf50+ - pharmadreams","robots":{"index":"index","follow":"follow","max-snippet":"max-snippet:-1","max-image-preview":"max-image-preview:large","max-video-preview":"max-video-preview:-1"},"canonical":"https:\/\/pharmadreams.shop\/index.php\/product\/la-roche-posay-anthelios-pigment-correct-spf50\/","og_locale":"fr_FR","og_type":"article","og_title":"La roche posay anthelios pigment correct spf50+ - pharmadreams","og_description":"LA ROCHE POSAY ANTHELIOS PIGMENT CORRECT SPF50 est une creme solaire anti pigmentation, elle presente la nouvelle g\u00e9n\u00e9ration de soins solaires qui prot\u00e8ge contre le photovieillissement et l'hyperpigmentation induits par l'exposition quotidienne aux UV gr\u00e2ce \u00e0 sa technologie exclusive CELLOX-B3 TECH et aux actifs correcteurs dermatologiques : Niacinamide et Procerad.","og_url":"https:\/\/pharmadreams.shop\/index.php\/product\/la-roche-posay-anthelios-pigment-correct-spf50\/","og_site_name":"pharmadreams","article_modified_time":"2024-03-15T23:19:42+00:00","og_image":[{"width":700,"height":776,"url":"https:\/\/pharmadreams.shop\/wp-content\/uploads\/2023\/12\/Sans-titre-57.png","type":"image\/png"}],"twitter_card":"summary_large_image","twitter_misc":{"Dur\u00e9e de lecture estim\u00e9e":"1 minute"},"schema":{"@context":"https:\/\/schema.org","@graph":[{"@type":"WebPage","@id":"https:\/\/pharmadreams.shop\/index.php\/product\/la-roche-posay-anthelios-pigment-correct-spf50\/","url":"https:\/\/pharmadreams.shop\/index.php\/product\/la-roche-posay-anthelios-pigment-correct-spf50\/","name":"La roche posay anthelios pigment correct spf50+ - pharmadreams","isPartOf":{"@id":"https:\/\/pharmadreams.shop\/#website"},"primaryImageOfPage":{"@id":"https:\/\/pharmadreams.shop\/index.php\/product\/la-roche-posay-anthelios-pigment-correct-spf50\/#primaryimage"},"image":{"@id":"https:\/\/pharmadreams.shop\/index.php\/product\/la-roche-posay-anthelios-pigment-correct-spf50\/#primaryimage"},"thumbnailUrl":"https:\/\/pharmadreams.shop\/wp-content\/uploads\/2023\/12\/Sans-titre-57.png","datePublished":"2023-12-19T18:40:46+00:00","dateModified":"2024-03-15T23:19:42+00:00","breadcrumb":{"@id":"https:\/\/pharmadreams.shop\/index.php\/product\/la-roche-posay-anthelios-pigment-correct-spf50\/#breadcrumb"},"inLanguage":"fr-FR","potentialAction":[{"@type":"ReadAction","target":["https:\/\/pharmadreams.shop\/index.php\/product\/la-roche-posay-anthelios-pigment-correct-spf50\/"]}]},{"@type":"ImageObject","inLanguage":"fr-FR","@id":"https:\/\/pharmadreams.shop\/index.php\/product\/la-roche-posay-anthelios-pigment-correct-spf50\/#primaryimage","url":"https:\/\/pharmadreams.shop\/wp-content\/uploads\/2023\/12\/Sans-titre-57.png","contentUrl":"https:\/\/pharmadreams.shop\/wp-content\/uploads\/2023\/12\/Sans-titre-57.png","width":700,"height":776},{"@type":"BreadcrumbList","@id":"https:\/\/pharmadreams.shop\/index.php\/product\/la-roche-posay-anthelios-pigment-correct-spf50\/#breadcrumb","itemListElement":[{"@type":"ListItem","position":1,"name":"Accueil","item":"https:\/\/pharmadreams.shop\/"},{"@type":"ListItem","position":2,"name":"Shop","item":"https:\/\/pharmadreams.shop\/index.php\/shop\/"},{"@type":"ListItem","position":3,"name":"La roche posay anthelios pigment correct spf50+"}]},{"@type":"WebSite","@id":"https:\/\/pharmadreams.shop\/#website","url":"https:\/\/pharmadreams.shop\/","name":"pharmadreams","description":"Parapharmacie en ligne","potentialAction":[{"@type":"SearchAction","target":{"@type":"EntryPoint","urlTemplate":"https:\/\/pharmadreams.shop\/?s={search_term_string}"},"query-input":"required name=search_term_string"}],"inLanguage":"fr-FR"}]}},"_links":{"self":[{"href":"https:\/\/pharmadreams.shop\/index.php\/wp-json\/wp\/v2\/product\/16979","targetHints":{"allow":["GET"]}}],"collection":[{"href":"https:\/\/pharmadreams.shop\/index.php\/wp-json\/wp\/v2\/product"}],"about":[{"href":"https:\/\/pharmadreams.shop\/index.php\/wp-json\/wp\/v2\/types\/product"}],"replies":[{"embeddable":true,"href":"https:\/\/pharmadreams.shop\/index.php\/wp-json\/wp\/v2\/comments?post=16979"}],"version-history":[{"count":0,"href":"https:\/\/pharmadreams.shop\/index.php\/wp-json\/wp\/v2\/product\/16979\/revisions"}],"wp:featuredmedia":[{"embeddable":true,"href":"https:\/\/pharmadreams.shop\/index.php\/wp-json\/wp\/v2\/media\/17060"}],"wp:attachment":[{"href":"https:\/\/pharmadreams.shop\/index.php\/wp-json\/wp\/v2\/media?parent=16979"}],"wp:term":[{"taxonomy":"product_brand","embeddable":true,"href":"https:\/\/pharmadreams.shop\/index.php\/wp-json\/wp\/v2\/product_brand?post=16979"},{"taxonomy":"product_cat","embeddable":true,"href":"https:\/\/pharmadreams.shop\/index.php\/wp-json\/wp\/v2\/product_cat?post=16979"},{"taxonomy":"product_tag","embeddable":true,"href":"https:\/\/pharmadreams.shop\/index.php\/wp-json\/wp\/v2\/product_tag?post=16979"}],"curies":[{"name":"wp","href":"https:\/\/api.w.org\/{rel}","templated":true}]}}