{"id":17007,"date":"2023-12-19T19:41:10","date_gmt":"2023-12-19T18:41:10","guid":{"rendered":"https:\/\/venuspara.com\/?post_type=product&#038;p=17007"},"modified":"2023-12-19T19:41:44","modified_gmt":"2023-12-19T18:41:44","slug":"dermedic-oilage-anti-ageing-creme-de-nuit","status":"publish","type":"product","link":"https:\/\/pharmadreams.shop\/index.php\/product\/dermedic-oilage-anti-ageing-creme-de-nuit\/","title":{"rendered":"Dermedic oilage anti-ageing cr\u00e8me de nuit"},"content":{"rendered":"","protected":false},"excerpt":{"rendered":"<ul>\n<li>Les peaux matures et sensibles n\u00e9cessitent des soins complexes et sp\u00e9cialis\u00e9s qui retarderont et r\u00e9duiront visiblement les signes de l\u2019\u00e2ge.<\/li>\n<li>Elle n\u00e9cessite des cr\u00e8mes qui vont non seulement l\u2019hydrater mais aussi restaurer sa barri\u00e8re protectrice lipidique et maintenir efficacement l\u2019hydratation dans les cellules de la peau.<\/li>\n<li>Les formules innovantes Oilage \u00e0 base d\u2019huile inversent le processus de vieillissement pr\u00e9m\u00e9nopausique de la peau ; ils nourrissent et r\u00e9g\u00e9n\u00e8rent la peau et la prot\u00e8gent des m\u00e9faits de l\u2019air pollu\u00e9<\/li>\n<li>Les produits de la ligne Oilage am\u00e9liorent visiblement l\u2019\u00e9tat de la peau et restaurent les param\u00e8tres caract\u00e9ristiques d\u2019une peau d\u2019apparence jeune tels que la densit\u00e9, l\u2019\u00e9lasticit\u00e9, la coh\u00e9sion, l\u2019hydratation et la douceur. Ainsi les rides et irr\u00e9gularit\u00e9s de la peau sont liss\u00e9es et l\u2019ovale du visage est lift\u00e9.<\/li>\n<li>Aide \u00e0 la production de collag\u00e8ne<\/li>\n<li>Garder l\u2019humidit\u00e9 dans les cellules de la peau<\/li>\n<li>Prot\u00e8ge contre les effets nocifs de l\u2019air pollu\u00e9<\/li>\n<\/ul>\n","protected":false},"featured_media":17068,"comment_status":"open","ping_status":"closed","template":"","meta":[],"product_brand":[],"product_cat":[95,80,81],"product_tag":[],"class_list":{"0":"post-17007","1":"product","2":"type-product","3":"status-publish","4":"has-post-thumbnail","6":"product_cat-skin-care","7":"product_cat-soins","8":"product_cat-soins-hydratants","10":"first","11":"instock","12":"shipping-taxable","13":"purchasable","14":"product-type-simple"},"yoast_head":"<!-- This site is optimized with the Yoast SEO plugin v23.0 - https:\/\/yoast.com\/wordpress\/plugins\/seo\/ -->\n<title>Dermedic oilage anti-ageing cr\u00e8me de nuit - pharmadreams<\/title>\n<meta name=\"robots\" content=\"index, follow, max-snippet:-1, max-image-preview:large, max-video-preview:-1\" \/>\n<link rel=\"canonical\" href=\"https:\/\/pharmadreams.shop\/index.php\/product\/dermedic-oilage-anti-ageing-creme-de-nuit\/\" \/>\n<meta property=\"og:locale\" content=\"fr_FR\" \/>\n<meta property=\"og:type\" content=\"article\" \/>\n<meta property=\"og:title\" content=\"Dermedic oilage anti-ageing cr\u00e8me de nuit - pharmadreams\" \/>\n<meta property=\"og:description\" content=\"Les peaux matures et sensibles n\u00e9cessitent des soins complexes et sp\u00e9cialis\u00e9s qui retarderont et r\u00e9duiront visiblement les signes de l\u2019\u00e2ge.  Elle n\u00e9cessite des cr\u00e8mes qui vont non seulement l\u2019hydrater mais aussi restaurer sa barri\u00e8re protectrice lipidique et maintenir efficacement l\u2019hydratation dans les cellules de la peau.  Les formules innovantes Oilage \u00e0 base d\u2019huile inversent le processus de vieillissement pr\u00e9m\u00e9nopausique de la peau ; ils nourrissent et r\u00e9g\u00e9n\u00e8rent la peau et la prot\u00e8gent des m\u00e9faits de l\u2019air pollu\u00e9  Les produits de la ligne Oilage am\u00e9liorent visiblement l\u2019\u00e9tat de la peau et restaurent les param\u00e8tres caract\u00e9ristiques d\u2019une peau d\u2019apparence jeune tels que la densit\u00e9, l\u2019\u00e9lasticit\u00e9, la coh\u00e9sion, l\u2019hydratation et la douceur. Ainsi les rides et irr\u00e9gularit\u00e9s de la peau sont liss\u00e9es et l\u2019ovale du visage est lift\u00e9.  Aide \u00e0 la production de collag\u00e8ne  Garder l\u2019humidit\u00e9 dans les cellules de la peau  Prot\u00e8ge contre les effets nocifs de l\u2019air pollu\u00e9\" \/>\n<meta property=\"og:url\" content=\"https:\/\/pharmadreams.shop\/index.php\/product\/dermedic-oilage-anti-ageing-creme-de-nuit\/\" \/>\n<meta property=\"og:site_name\" content=\"pharmadreams\" \/>\n<meta property=\"article:modified_time\" content=\"2023-12-19T18:41:44+00:00\" \/>\n<meta property=\"og:image\" content=\"https:\/\/pharmadreams.shop\/wp-content\/uploads\/2023\/12\/Sans-titre-61.png\" \/>\n\t<meta property=\"og:image:width\" content=\"1032\" \/>\n\t<meta property=\"og:image:height\" content=\"704\" \/>\n\t<meta property=\"og:image:type\" content=\"image\/png\" \/>\n<meta name=\"twitter:card\" content=\"summary_large_image\" \/>\n<script type=\"application\/ld+json\" class=\"yoast-schema-graph\">{\"@context\":\"https:\/\/schema.org\",\"@graph\":[{\"@type\":\"WebPage\",\"@id\":\"https:\/\/pharmadreams.shop\/index.php\/product\/dermedic-oilage-anti-ageing-creme-de-nuit\/\",\"url\":\"https:\/\/pharmadreams.shop\/index.php\/product\/dermedic-oilage-anti-ageing-creme-de-nuit\/\",\"name\":\"Dermedic oilage anti-ageing cr\u00e8me de nuit - pharmadreams\",\"isPartOf\":{\"@id\":\"https:\/\/pharmadreams.shop\/#website\"},\"primaryImageOfPage\":{\"@id\":\"https:\/\/pharmadreams.shop\/index.php\/product\/dermedic-oilage-anti-ageing-creme-de-nuit\/#primaryimage\"},\"image\":{\"@id\":\"https:\/\/pharmadreams.shop\/index.php\/product\/dermedic-oilage-anti-ageing-creme-de-nuit\/#primaryimage\"},\"thumbnailUrl\":\"https:\/\/pharmadreams.shop\/wp-content\/uploads\/2023\/12\/Sans-titre-61.png\",\"datePublished\":\"2023-12-19T18:41:10+00:00\",\"dateModified\":\"2023-12-19T18:41:44+00:00\",\"breadcrumb\":{\"@id\":\"https:\/\/pharmadreams.shop\/index.php\/product\/dermedic-oilage-anti-ageing-creme-de-nuit\/#breadcrumb\"},\"inLanguage\":\"fr-FR\",\"potentialAction\":[{\"@type\":\"ReadAction\",\"target\":[\"https:\/\/pharmadreams.shop\/index.php\/product\/dermedic-oilage-anti-ageing-creme-de-nuit\/\"]}]},{\"@type\":\"ImageObject\",\"inLanguage\":\"fr-FR\",\"@id\":\"https:\/\/pharmadreams.shop\/index.php\/product\/dermedic-oilage-anti-ageing-creme-de-nuit\/#primaryimage\",\"url\":\"https:\/\/pharmadreams.shop\/wp-content\/uploads\/2023\/12\/Sans-titre-61.png\",\"contentUrl\":\"https:\/\/pharmadreams.shop\/wp-content\/uploads\/2023\/12\/Sans-titre-61.png\",\"width\":1032,\"height\":704},{\"@type\":\"BreadcrumbList\",\"@id\":\"https:\/\/pharmadreams.shop\/index.php\/product\/dermedic-oilage-anti-ageing-creme-de-nuit\/#breadcrumb\",\"itemListElement\":[{\"@type\":\"ListItem\",\"position\":1,\"name\":\"Accueil\",\"item\":\"https:\/\/pharmadreams.shop\/\"},{\"@type\":\"ListItem\",\"position\":2,\"name\":\"Shop\",\"item\":\"https:\/\/pharmadreams.shop\/index.php\/shop\/\"},{\"@type\":\"ListItem\",\"position\":3,\"name\":\"Dermedic oilage anti-ageing cr\u00e8me de nuit\"}]},{\"@type\":\"WebSite\",\"@id\":\"https:\/\/pharmadreams.shop\/#website\",\"url\":\"https:\/\/pharmadreams.shop\/\",\"name\":\"pharmadreams\",\"description\":\"Parapharmacie en ligne\",\"potentialAction\":[{\"@type\":\"SearchAction\",\"target\":{\"@type\":\"EntryPoint\",\"urlTemplate\":\"https:\/\/pharmadreams.shop\/?s={search_term_string}\"},\"query-input\":\"required name=search_term_string\"}],\"inLanguage\":\"fr-FR\"}]}<\/script>\n<!-- \/ Yoast SEO plugin. -->","yoast_head_json":{"title":"Dermedic oilage anti-ageing cr\u00e8me de nuit - pharmadreams","robots":{"index":"index","follow":"follow","max-snippet":"max-snippet:-1","max-image-preview":"max-image-preview:large","max-video-preview":"max-video-preview:-1"},"canonical":"https:\/\/pharmadreams.shop\/index.php\/product\/dermedic-oilage-anti-ageing-creme-de-nuit\/","og_locale":"fr_FR","og_type":"article","og_title":"Dermedic oilage anti-ageing cr\u00e8me de nuit - pharmadreams","og_description":"Les peaux matures et sensibles n\u00e9cessitent des soins complexes et sp\u00e9cialis\u00e9s qui retarderont et r\u00e9duiront visiblement les signes de l\u2019\u00e2ge.  Elle n\u00e9cessite des cr\u00e8mes qui vont non seulement l\u2019hydrater mais aussi restaurer sa barri\u00e8re protectrice lipidique et maintenir efficacement l\u2019hydratation dans les cellules de la peau.  Les formules innovantes Oilage \u00e0 base d\u2019huile inversent le processus de vieillissement pr\u00e9m\u00e9nopausique de la peau ; ils nourrissent et r\u00e9g\u00e9n\u00e8rent la peau et la prot\u00e8gent des m\u00e9faits de l\u2019air pollu\u00e9  Les produits de la ligne Oilage am\u00e9liorent visiblement l\u2019\u00e9tat de la peau et restaurent les param\u00e8tres caract\u00e9ristiques d\u2019une peau d\u2019apparence jeune tels que la densit\u00e9, l\u2019\u00e9lasticit\u00e9, la coh\u00e9sion, l\u2019hydratation et la douceur. Ainsi les rides et irr\u00e9gularit\u00e9s de la peau sont liss\u00e9es et l\u2019ovale du visage est lift\u00e9.  Aide \u00e0 la production de collag\u00e8ne  Garder l\u2019humidit\u00e9 dans les cellules de la peau  Prot\u00e8ge contre les effets nocifs de l\u2019air pollu\u00e9","og_url":"https:\/\/pharmadreams.shop\/index.php\/product\/dermedic-oilage-anti-ageing-creme-de-nuit\/","og_site_name":"pharmadreams","article_modified_time":"2023-12-19T18:41:44+00:00","og_image":[{"width":1032,"height":704,"url":"https:\/\/pharmadreams.shop\/wp-content\/uploads\/2023\/12\/Sans-titre-61.png","type":"image\/png"}],"twitter_card":"summary_large_image","schema":{"@context":"https:\/\/schema.org","@graph":[{"@type":"WebPage","@id":"https:\/\/pharmadreams.shop\/index.php\/product\/dermedic-oilage-anti-ageing-creme-de-nuit\/","url":"https:\/\/pharmadreams.shop\/index.php\/product\/dermedic-oilage-anti-ageing-creme-de-nuit\/","name":"Dermedic oilage anti-ageing cr\u00e8me de nuit - pharmadreams","isPartOf":{"@id":"https:\/\/pharmadreams.shop\/#website"},"primaryImageOfPage":{"@id":"https:\/\/pharmadreams.shop\/index.php\/product\/dermedic-oilage-anti-ageing-creme-de-nuit\/#primaryimage"},"image":{"@id":"https:\/\/pharmadreams.shop\/index.php\/product\/dermedic-oilage-anti-ageing-creme-de-nuit\/#primaryimage"},"thumbnailUrl":"https:\/\/pharmadreams.shop\/wp-content\/uploads\/2023\/12\/Sans-titre-61.png","datePublished":"2023-12-19T18:41:10+00:00","dateModified":"2023-12-19T18:41:44+00:00","breadcrumb":{"@id":"https:\/\/pharmadreams.shop\/index.php\/product\/dermedic-oilage-anti-ageing-creme-de-nuit\/#breadcrumb"},"inLanguage":"fr-FR","potentialAction":[{"@type":"ReadAction","target":["https:\/\/pharmadreams.shop\/index.php\/product\/dermedic-oilage-anti-ageing-creme-de-nuit\/"]}]},{"@type":"ImageObject","inLanguage":"fr-FR","@id":"https:\/\/pharmadreams.shop\/index.php\/product\/dermedic-oilage-anti-ageing-creme-de-nuit\/#primaryimage","url":"https:\/\/pharmadreams.shop\/wp-content\/uploads\/2023\/12\/Sans-titre-61.png","contentUrl":"https:\/\/pharmadreams.shop\/wp-content\/uploads\/2023\/12\/Sans-titre-61.png","width":1032,"height":704},{"@type":"BreadcrumbList","@id":"https:\/\/pharmadreams.shop\/index.php\/product\/dermedic-oilage-anti-ageing-creme-de-nuit\/#breadcrumb","itemListElement":[{"@type":"ListItem","position":1,"name":"Accueil","item":"https:\/\/pharmadreams.shop\/"},{"@type":"ListItem","position":2,"name":"Shop","item":"https:\/\/pharmadreams.shop\/index.php\/shop\/"},{"@type":"ListItem","position":3,"name":"Dermedic oilage anti-ageing cr\u00e8me de nuit"}]},{"@type":"WebSite","@id":"https:\/\/pharmadreams.shop\/#website","url":"https:\/\/pharmadreams.shop\/","name":"pharmadreams","description":"Parapharmacie en ligne","potentialAction":[{"@type":"SearchAction","target":{"@type":"EntryPoint","urlTemplate":"https:\/\/pharmadreams.shop\/?s={search_term_string}"},"query-input":"required name=search_term_string"}],"inLanguage":"fr-FR"}]}},"_links":{"self":[{"href":"https:\/\/pharmadreams.shop\/index.php\/wp-json\/wp\/v2\/product\/17007","targetHints":{"allow":["GET"]}}],"collection":[{"href":"https:\/\/pharmadreams.shop\/index.php\/wp-json\/wp\/v2\/product"}],"about":[{"href":"https:\/\/pharmadreams.shop\/index.php\/wp-json\/wp\/v2\/types\/product"}],"replies":[{"embeddable":true,"href":"https:\/\/pharmadreams.shop\/index.php\/wp-json\/wp\/v2\/comments?post=17007"}],"version-history":[{"count":0,"href":"https:\/\/pharmadreams.shop\/index.php\/wp-json\/wp\/v2\/product\/17007\/revisions"}],"wp:featuredmedia":[{"embeddable":true,"href":"https:\/\/pharmadreams.shop\/index.php\/wp-json\/wp\/v2\/media\/17068"}],"wp:attachment":[{"href":"https:\/\/pharmadreams.shop\/index.php\/wp-json\/wp\/v2\/media?parent=17007"}],"wp:term":[{"taxonomy":"product_brand","embeddable":true,"href":"https:\/\/pharmadreams.shop\/index.php\/wp-json\/wp\/v2\/product_brand?post=17007"},{"taxonomy":"product_cat","embeddable":true,"href":"https:\/\/pharmadreams.shop\/index.php\/wp-json\/wp\/v2\/product_cat?post=17007"},{"taxonomy":"product_tag","embeddable":true,"href":"https:\/\/pharmadreams.shop\/index.php\/wp-json\/wp\/v2\/product_tag?post=17007"}],"curies":[{"name":"wp","href":"https:\/\/api.w.org\/{rel}","templated":true}]}}