{"id":17009,"date":"2023-12-19T19:41:10","date_gmt":"2023-12-19T18:41:10","guid":{"rendered":"https:\/\/venuspara.com\/?post_type=product&#038;p=17009"},"modified":"2024-03-14T00:44:42","modified_gmt":"2024-03-13T23:44:42","slug":"vichy-ideal-soleil-spf50","status":"publish","type":"product","link":"https:\/\/pharmadreams.shop\/index.php\/product\/vichy-ideal-soleil-spf50\/","title":{"rendered":"Vichy id\u00e9al soleil spf50+"},"content":{"rendered":"","protected":false},"excerpt":{"rendered":"<p>Vichy Id\u00e9al Soleil Cr\u00e8me Onctueuse Visage SPF 50+ 50 ml est une cr\u00e8me\u00a0<strong>anti-UV<\/strong>\u00a0renforc\u00e9e et\u00a0<strong>perfectrice<\/strong>\u00a0de peau. Elle\u00a0<strong>prot\u00e8ge<\/strong>\u00a0la peau des\u00a0<strong>coups de soleil<\/strong>\u00a0et des dommages que peut procurer le soleil. Elle att\u00e9nue les\u00a0<strong>rides<\/strong>\u00a0et les\u00a0<strong>t\u00e2ches solaires<\/strong>. Cette cr\u00e8me\u00a0<strong>velout\u00e9<\/strong>\u00a0et\u00a0<strong>r\u00e9sistante \u00e0 l\u2019eau<\/strong>\u00a0permet \u00e0 la peau d\u2019\u00eatre\u00a0<strong>hydrat\u00e9e<\/strong>\u00a0durant 24h et\u00a0<strong>unifi\u00e9e<\/strong>.<br \/>\nSa texture\u00a0<strong>douce<\/strong>\u00a0et\u00a0<strong>soyeuse<\/strong>\u00a0enrichie en\u00a0<strong>Acide Hyaluronique<\/strong>\u00a0fond dans la peau et la\u00a0<strong>repulpe<\/strong>\u00a0imm\u00e9diatement. Elle est plus\u00a0<strong>lisse<\/strong>, plus\u00a0<strong>douce<\/strong>, plus\u00a0<strong>souple<\/strong>.<\/p>\n","protected":false},"featured_media":17072,"comment_status":"open","ping_status":"closed","template":"","meta":[],"product_brand":[],"product_cat":[210,104,107,81],"product_tag":[],"class_list":{"0":"post-17009","1":"product","2":"type-product","3":"status-publish","4":"has-post-thumbnail","6":"product_cat-creme-depilatoire","7":"product_cat-protection","8":"product_cat-soin-solaire","9":"product_cat-soins-hydratants","11":"first","12":"instock","13":"shipping-taxable","14":"purchasable","15":"product-type-simple"},"yoast_head":"<!-- This site is optimized with the Yoast SEO plugin v23.0 - https:\/\/yoast.com\/wordpress\/plugins\/seo\/ -->\n<title>Vichy id\u00e9al soleil spf50+ - pharmadreams<\/title>\n<meta name=\"robots\" content=\"index, follow, max-snippet:-1, max-image-preview:large, max-video-preview:-1\" \/>\n<link rel=\"canonical\" href=\"https:\/\/pharmadreams.shop\/index.php\/product\/vichy-ideal-soleil-spf50\/\" \/>\n<meta property=\"og:locale\" content=\"fr_FR\" \/>\n<meta property=\"og:type\" content=\"article\" \/>\n<meta property=\"og:title\" content=\"Vichy id\u00e9al soleil spf50+ - pharmadreams\" \/>\n<meta property=\"og:description\" content=\"Vichy Id\u00e9al Soleil Cr\u00e8me Onctueuse Visage SPF 50+ 50 ml est une cr\u00e8me\u00a0anti-UV\u00a0renforc\u00e9e et\u00a0perfectrice\u00a0de peau. Elle\u00a0prot\u00e8ge\u00a0la peau des\u00a0coups de soleil\u00a0et des dommages que peut procurer le soleil. Elle att\u00e9nue les\u00a0rides\u00a0et les\u00a0t\u00e2ches solaires. Cette cr\u00e8me\u00a0velout\u00e9\u00a0et\u00a0r\u00e9sistante \u00e0 l\u2019eau\u00a0permet \u00e0 la peau d\u2019\u00eatre\u00a0hydrat\u00e9e\u00a0durant 24h et\u00a0unifi\u00e9e. Sa texture\u00a0douce\u00a0et\u00a0soyeuse\u00a0enrichie en\u00a0Acide Hyaluronique\u00a0fond dans la peau et la\u00a0repulpe\u00a0imm\u00e9diatement. Elle est plus\u00a0lisse, plus\u00a0douce, plus\u00a0souple.\" \/>\n<meta property=\"og:url\" content=\"https:\/\/pharmadreams.shop\/index.php\/product\/vichy-ideal-soleil-spf50\/\" \/>\n<meta property=\"og:site_name\" content=\"pharmadreams\" \/>\n<meta property=\"article:modified_time\" content=\"2024-03-13T23:44:42+00:00\" \/>\n<meta property=\"og:image\" content=\"https:\/\/pharmadreams.shop\/wp-content\/uploads\/2023\/12\/Sans-titre-64.png\" \/>\n\t<meta property=\"og:image:width\" content=\"1080\" \/>\n\t<meta property=\"og:image:height\" content=\"1040\" \/>\n\t<meta property=\"og:image:type\" content=\"image\/png\" \/>\n<meta name=\"twitter:card\" content=\"summary_large_image\" \/>\n<meta name=\"twitter:label1\" content=\"Dur\u00e9e de lecture estim\u00e9e\" \/>\n\t<meta name=\"twitter:data1\" content=\"1 minute\" \/>\n<script type=\"application\/ld+json\" class=\"yoast-schema-graph\">{\"@context\":\"https:\/\/schema.org\",\"@graph\":[{\"@type\":\"WebPage\",\"@id\":\"https:\/\/pharmadreams.shop\/index.php\/product\/vichy-ideal-soleil-spf50\/\",\"url\":\"https:\/\/pharmadreams.shop\/index.php\/product\/vichy-ideal-soleil-spf50\/\",\"name\":\"Vichy id\u00e9al soleil spf50+ - pharmadreams\",\"isPartOf\":{\"@id\":\"https:\/\/pharmadreams.shop\/#website\"},\"primaryImageOfPage\":{\"@id\":\"https:\/\/pharmadreams.shop\/index.php\/product\/vichy-ideal-soleil-spf50\/#primaryimage\"},\"image\":{\"@id\":\"https:\/\/pharmadreams.shop\/index.php\/product\/vichy-ideal-soleil-spf50\/#primaryimage\"},\"thumbnailUrl\":\"https:\/\/pharmadreams.shop\/wp-content\/uploads\/2023\/12\/Sans-titre-64.png\",\"datePublished\":\"2023-12-19T18:41:10+00:00\",\"dateModified\":\"2024-03-13T23:44:42+00:00\",\"breadcrumb\":{\"@id\":\"https:\/\/pharmadreams.shop\/index.php\/product\/vichy-ideal-soleil-spf50\/#breadcrumb\"},\"inLanguage\":\"fr-FR\",\"potentialAction\":[{\"@type\":\"ReadAction\",\"target\":[\"https:\/\/pharmadreams.shop\/index.php\/product\/vichy-ideal-soleil-spf50\/\"]}]},{\"@type\":\"ImageObject\",\"inLanguage\":\"fr-FR\",\"@id\":\"https:\/\/pharmadreams.shop\/index.php\/product\/vichy-ideal-soleil-spf50\/#primaryimage\",\"url\":\"https:\/\/pharmadreams.shop\/wp-content\/uploads\/2023\/12\/Sans-titre-64.png\",\"contentUrl\":\"https:\/\/pharmadreams.shop\/wp-content\/uploads\/2023\/12\/Sans-titre-64.png\",\"width\":1080,\"height\":1040},{\"@type\":\"BreadcrumbList\",\"@id\":\"https:\/\/pharmadreams.shop\/index.php\/product\/vichy-ideal-soleil-spf50\/#breadcrumb\",\"itemListElement\":[{\"@type\":\"ListItem\",\"position\":1,\"name\":\"Accueil\",\"item\":\"https:\/\/pharmadreams.shop\/\"},{\"@type\":\"ListItem\",\"position\":2,\"name\":\"Shop\",\"item\":\"https:\/\/pharmadreams.shop\/index.php\/shop\/\"},{\"@type\":\"ListItem\",\"position\":3,\"name\":\"Vichy id\u00e9al soleil spf50+\"}]},{\"@type\":\"WebSite\",\"@id\":\"https:\/\/pharmadreams.shop\/#website\",\"url\":\"https:\/\/pharmadreams.shop\/\",\"name\":\"pharmadreams\",\"description\":\"Parapharmacie en ligne\",\"potentialAction\":[{\"@type\":\"SearchAction\",\"target\":{\"@type\":\"EntryPoint\",\"urlTemplate\":\"https:\/\/pharmadreams.shop\/?s={search_term_string}\"},\"query-input\":\"required name=search_term_string\"}],\"inLanguage\":\"fr-FR\"}]}<\/script>\n<!-- \/ Yoast SEO plugin. -->","yoast_head_json":{"title":"Vichy id\u00e9al soleil spf50+ - pharmadreams","robots":{"index":"index","follow":"follow","max-snippet":"max-snippet:-1","max-image-preview":"max-image-preview:large","max-video-preview":"max-video-preview:-1"},"canonical":"https:\/\/pharmadreams.shop\/index.php\/product\/vichy-ideal-soleil-spf50\/","og_locale":"fr_FR","og_type":"article","og_title":"Vichy id\u00e9al soleil spf50+ - pharmadreams","og_description":"Vichy Id\u00e9al Soleil Cr\u00e8me Onctueuse Visage SPF 50+ 50 ml est une cr\u00e8me\u00a0anti-UV\u00a0renforc\u00e9e et\u00a0perfectrice\u00a0de peau. Elle\u00a0prot\u00e8ge\u00a0la peau des\u00a0coups de soleil\u00a0et des dommages que peut procurer le soleil. Elle att\u00e9nue les\u00a0rides\u00a0et les\u00a0t\u00e2ches solaires. Cette cr\u00e8me\u00a0velout\u00e9\u00a0et\u00a0r\u00e9sistante \u00e0 l\u2019eau\u00a0permet \u00e0 la peau d\u2019\u00eatre\u00a0hydrat\u00e9e\u00a0durant 24h et\u00a0unifi\u00e9e. Sa texture\u00a0douce\u00a0et\u00a0soyeuse\u00a0enrichie en\u00a0Acide Hyaluronique\u00a0fond dans la peau et la\u00a0repulpe\u00a0imm\u00e9diatement. Elle est plus\u00a0lisse, plus\u00a0douce, plus\u00a0souple.","og_url":"https:\/\/pharmadreams.shop\/index.php\/product\/vichy-ideal-soleil-spf50\/","og_site_name":"pharmadreams","article_modified_time":"2024-03-13T23:44:42+00:00","og_image":[{"width":1080,"height":1040,"url":"https:\/\/pharmadreams.shop\/wp-content\/uploads\/2023\/12\/Sans-titre-64.png","type":"image\/png"}],"twitter_card":"summary_large_image","twitter_misc":{"Dur\u00e9e de lecture estim\u00e9e":"1 minute"},"schema":{"@context":"https:\/\/schema.org","@graph":[{"@type":"WebPage","@id":"https:\/\/pharmadreams.shop\/index.php\/product\/vichy-ideal-soleil-spf50\/","url":"https:\/\/pharmadreams.shop\/index.php\/product\/vichy-ideal-soleil-spf50\/","name":"Vichy id\u00e9al soleil spf50+ - pharmadreams","isPartOf":{"@id":"https:\/\/pharmadreams.shop\/#website"},"primaryImageOfPage":{"@id":"https:\/\/pharmadreams.shop\/index.php\/product\/vichy-ideal-soleil-spf50\/#primaryimage"},"image":{"@id":"https:\/\/pharmadreams.shop\/index.php\/product\/vichy-ideal-soleil-spf50\/#primaryimage"},"thumbnailUrl":"https:\/\/pharmadreams.shop\/wp-content\/uploads\/2023\/12\/Sans-titre-64.png","datePublished":"2023-12-19T18:41:10+00:00","dateModified":"2024-03-13T23:44:42+00:00","breadcrumb":{"@id":"https:\/\/pharmadreams.shop\/index.php\/product\/vichy-ideal-soleil-spf50\/#breadcrumb"},"inLanguage":"fr-FR","potentialAction":[{"@type":"ReadAction","target":["https:\/\/pharmadreams.shop\/index.php\/product\/vichy-ideal-soleil-spf50\/"]}]},{"@type":"ImageObject","inLanguage":"fr-FR","@id":"https:\/\/pharmadreams.shop\/index.php\/product\/vichy-ideal-soleil-spf50\/#primaryimage","url":"https:\/\/pharmadreams.shop\/wp-content\/uploads\/2023\/12\/Sans-titre-64.png","contentUrl":"https:\/\/pharmadreams.shop\/wp-content\/uploads\/2023\/12\/Sans-titre-64.png","width":1080,"height":1040},{"@type":"BreadcrumbList","@id":"https:\/\/pharmadreams.shop\/index.php\/product\/vichy-ideal-soleil-spf50\/#breadcrumb","itemListElement":[{"@type":"ListItem","position":1,"name":"Accueil","item":"https:\/\/pharmadreams.shop\/"},{"@type":"ListItem","position":2,"name":"Shop","item":"https:\/\/pharmadreams.shop\/index.php\/shop\/"},{"@type":"ListItem","position":3,"name":"Vichy id\u00e9al soleil spf50+"}]},{"@type":"WebSite","@id":"https:\/\/pharmadreams.shop\/#website","url":"https:\/\/pharmadreams.shop\/","name":"pharmadreams","description":"Parapharmacie en ligne","potentialAction":[{"@type":"SearchAction","target":{"@type":"EntryPoint","urlTemplate":"https:\/\/pharmadreams.shop\/?s={search_term_string}"},"query-input":"required name=search_term_string"}],"inLanguage":"fr-FR"}]}},"_links":{"self":[{"href":"https:\/\/pharmadreams.shop\/index.php\/wp-json\/wp\/v2\/product\/17009","targetHints":{"allow":["GET"]}}],"collection":[{"href":"https:\/\/pharmadreams.shop\/index.php\/wp-json\/wp\/v2\/product"}],"about":[{"href":"https:\/\/pharmadreams.shop\/index.php\/wp-json\/wp\/v2\/types\/product"}],"replies":[{"embeddable":true,"href":"https:\/\/pharmadreams.shop\/index.php\/wp-json\/wp\/v2\/comments?post=17009"}],"version-history":[{"count":0,"href":"https:\/\/pharmadreams.shop\/index.php\/wp-json\/wp\/v2\/product\/17009\/revisions"}],"wp:featuredmedia":[{"embeddable":true,"href":"https:\/\/pharmadreams.shop\/index.php\/wp-json\/wp\/v2\/media\/17072"}],"wp:attachment":[{"href":"https:\/\/pharmadreams.shop\/index.php\/wp-json\/wp\/v2\/media?parent=17009"}],"wp:term":[{"taxonomy":"product_brand","embeddable":true,"href":"https:\/\/pharmadreams.shop\/index.php\/wp-json\/wp\/v2\/product_brand?post=17009"},{"taxonomy":"product_cat","embeddable":true,"href":"https:\/\/pharmadreams.shop\/index.php\/wp-json\/wp\/v2\/product_cat?post=17009"},{"taxonomy":"product_tag","embeddable":true,"href":"https:\/\/pharmadreams.shop\/index.php\/wp-json\/wp\/v2\/product_tag?post=17009"}],"curies":[{"name":"wp","href":"https:\/\/api.w.org\/{rel}","templated":true}]}}