{"id":17010,"date":"2023-12-19T19:41:10","date_gmt":"2023-12-19T18:41:10","guid":{"rendered":"https:\/\/venuspara.com\/?post_type=product&#038;p=17010"},"modified":"2024-03-14T12:48:18","modified_gmt":"2024-03-14T11:48:18","slug":"vichy-innovation-capital-soleil-uv-age-daily","status":"publish","type":"product","link":"https:\/\/pharmadreams.shop\/index.php\/product\/vichy-innovation-capital-soleil-uv-age-daily\/","title":{"rendered":"Vichy innovation capital soleil uv-age daily"},"content":{"rendered":"","protected":false},"excerpt":{"rendered":"<p>Pour pr\u00e9venir le photoviellissement de la peau, il est important d\u2019appliquer quotidiennement une protection solaire visage \u00e9t\u00e9 comme hiver.<\/p>\n<p>UV Age Daily Teint\u00e9 SPF50+ CAPITAL SOLEIL est un fluide solaire SPF50+ teint\u00e9 qui offre une protection avanc\u00e9e contre les rayons UVA et UVB gr\u00e2ce \u00e0 sa technologie multi-brevet\u00e9e Netlock. Les actifs anti-\u00e2ge (4 % de peptides et 2 % niacinamide) de cette cr\u00e8me solaire visage pr\u00e9viennent et corrigent les rides et les taches brunes li\u00e9es au soleil. Sa formule est cliniquement prouv\u00e9e sur les signes du photovieillissement, dont les taches pigmentaires, les rides et le manque de fermet\u00e9.<\/p>\n<p>Con\u00e7ue pour tous les types de peaux, sa texture fluide ultra l\u00e9g\u00e8re agit comme un film protecteur tr\u00e8s r\u00e9sistant contre les UV et invisible sur la peau, comme une sensation peau nue. Sa formule teint\u00e9e, enrichie en pigments min\u00e9raux, procure une couvrance l\u00e9g\u00e8re pour unifier et sublimer le teint.<\/p>\n<p>Chaque jour, la peau est prot\u00e9g\u00e9e des m\u00e9faits du soleil et retrouve de la fermet\u00e9 et de l\u2019\u00e9clat, pour un teint unifi\u00e9 et homog\u00e8ne<\/p>\n","protected":false},"featured_media":17074,"comment_status":"open","ping_status":"closed","template":"","meta":[],"product_brand":[],"product_cat":[120,90,233,107,20],"product_tag":[],"class_list":{"0":"post-17010","1":"product","2":"type-product","3":"status-publish","4":"has-post-thumbnail","6":"product_cat-anti-rides","7":"product_cat-anti-tache","8":"product_cat-protection-solaire","9":"product_cat-soin-solaire","10":"product_cat-visage","12":"first","13":"instock","14":"shipping-taxable","15":"purchasable","16":"product-type-simple"},"yoast_head":"<!-- This site is optimized with the Yoast SEO plugin v23.0 - https:\/\/yoast.com\/wordpress\/plugins\/seo\/ -->\n<title>Vichy innovation capital soleil uv-age daily - pharmadreams<\/title>\n<meta name=\"robots\" content=\"index, follow, max-snippet:-1, max-image-preview:large, max-video-preview:-1\" \/>\n<link rel=\"canonical\" href=\"https:\/\/pharmadreams.shop\/index.php\/product\/vichy-innovation-capital-soleil-uv-age-daily\/\" \/>\n<meta property=\"og:locale\" content=\"fr_FR\" \/>\n<meta property=\"og:type\" content=\"article\" \/>\n<meta property=\"og:title\" content=\"Vichy innovation capital soleil uv-age daily - pharmadreams\" \/>\n<meta property=\"og:description\" content=\"Pour pr\u00e9venir le photoviellissement de la peau, il est important d\u2019appliquer quotidiennement une protection solaire visage \u00e9t\u00e9 comme hiver.  UV Age Daily Teint\u00e9 SPF50+ CAPITAL SOLEIL est un fluide solaire SPF50+ teint\u00e9 qui offre une protection avanc\u00e9e contre les rayons UVA et UVB gr\u00e2ce \u00e0 sa technologie multi-brevet\u00e9e Netlock. Les actifs anti-\u00e2ge (4 % de peptides et 2 % niacinamide) de cette cr\u00e8me solaire visage pr\u00e9viennent et corrigent les rides et les taches brunes li\u00e9es au soleil. Sa formule est cliniquement prouv\u00e9e sur les signes du photovieillissement, dont les taches pigmentaires, les rides et le manque de fermet\u00e9.  Con\u00e7ue pour tous les types de peaux, sa texture fluide ultra l\u00e9g\u00e8re agit comme un film protecteur tr\u00e8s r\u00e9sistant contre les UV et invisible sur la peau, comme une sensation peau nue. Sa formule teint\u00e9e, enrichie en pigments min\u00e9raux, procure une couvrance l\u00e9g\u00e8re pour unifier et sublimer le teint.  Chaque jour, la peau est prot\u00e9g\u00e9e des m\u00e9faits du soleil et retrouve de la fermet\u00e9 et de l\u2019\u00e9clat, pour un teint unifi\u00e9 et homog\u00e8ne\" \/>\n<meta property=\"og:url\" content=\"https:\/\/pharmadreams.shop\/index.php\/product\/vichy-innovation-capital-soleil-uv-age-daily\/\" \/>\n<meta property=\"og:site_name\" content=\"pharmadreams\" \/>\n<meta property=\"article:modified_time\" content=\"2024-03-14T11:48:18+00:00\" \/>\n<meta property=\"og:image\" content=\"https:\/\/pharmadreams.shop\/wp-content\/uploads\/2023\/12\/Sans-titre-65.png\" \/>\n\t<meta property=\"og:image:width\" content=\"1112\" \/>\n\t<meta property=\"og:image:height\" content=\"984\" \/>\n\t<meta property=\"og:image:type\" content=\"image\/png\" \/>\n<meta name=\"twitter:card\" content=\"summary_large_image\" \/>\n<meta name=\"twitter:label1\" content=\"Dur\u00e9e de lecture estim\u00e9e\" \/>\n\t<meta name=\"twitter:data1\" content=\"1 minute\" \/>\n<script type=\"application\/ld+json\" class=\"yoast-schema-graph\">{\"@context\":\"https:\/\/schema.org\",\"@graph\":[{\"@type\":\"WebPage\",\"@id\":\"https:\/\/pharmadreams.shop\/index.php\/product\/vichy-innovation-capital-soleil-uv-age-daily\/\",\"url\":\"https:\/\/pharmadreams.shop\/index.php\/product\/vichy-innovation-capital-soleil-uv-age-daily\/\",\"name\":\"Vichy innovation capital soleil uv-age daily - pharmadreams\",\"isPartOf\":{\"@id\":\"https:\/\/pharmadreams.shop\/#website\"},\"primaryImageOfPage\":{\"@id\":\"https:\/\/pharmadreams.shop\/index.php\/product\/vichy-innovation-capital-soleil-uv-age-daily\/#primaryimage\"},\"image\":{\"@id\":\"https:\/\/pharmadreams.shop\/index.php\/product\/vichy-innovation-capital-soleil-uv-age-daily\/#primaryimage\"},\"thumbnailUrl\":\"https:\/\/pharmadreams.shop\/wp-content\/uploads\/2023\/12\/Sans-titre-65.png\",\"datePublished\":\"2023-12-19T18:41:10+00:00\",\"dateModified\":\"2024-03-14T11:48:18+00:00\",\"breadcrumb\":{\"@id\":\"https:\/\/pharmadreams.shop\/index.php\/product\/vichy-innovation-capital-soleil-uv-age-daily\/#breadcrumb\"},\"inLanguage\":\"fr-FR\",\"potentialAction\":[{\"@type\":\"ReadAction\",\"target\":[\"https:\/\/pharmadreams.shop\/index.php\/product\/vichy-innovation-capital-soleil-uv-age-daily\/\"]}]},{\"@type\":\"ImageObject\",\"inLanguage\":\"fr-FR\",\"@id\":\"https:\/\/pharmadreams.shop\/index.php\/product\/vichy-innovation-capital-soleil-uv-age-daily\/#primaryimage\",\"url\":\"https:\/\/pharmadreams.shop\/wp-content\/uploads\/2023\/12\/Sans-titre-65.png\",\"contentUrl\":\"https:\/\/pharmadreams.shop\/wp-content\/uploads\/2023\/12\/Sans-titre-65.png\",\"width\":1112,\"height\":984},{\"@type\":\"BreadcrumbList\",\"@id\":\"https:\/\/pharmadreams.shop\/index.php\/product\/vichy-innovation-capital-soleil-uv-age-daily\/#breadcrumb\",\"itemListElement\":[{\"@type\":\"ListItem\",\"position\":1,\"name\":\"Accueil\",\"item\":\"https:\/\/pharmadreams.shop\/\"},{\"@type\":\"ListItem\",\"position\":2,\"name\":\"Shop\",\"item\":\"https:\/\/pharmadreams.shop\/index.php\/shop\/\"},{\"@type\":\"ListItem\",\"position\":3,\"name\":\"Vichy innovation capital soleil uv-age daily\"}]},{\"@type\":\"WebSite\",\"@id\":\"https:\/\/pharmadreams.shop\/#website\",\"url\":\"https:\/\/pharmadreams.shop\/\",\"name\":\"pharmadreams\",\"description\":\"Parapharmacie en ligne\",\"potentialAction\":[{\"@type\":\"SearchAction\",\"target\":{\"@type\":\"EntryPoint\",\"urlTemplate\":\"https:\/\/pharmadreams.shop\/?s={search_term_string}\"},\"query-input\":\"required name=search_term_string\"}],\"inLanguage\":\"fr-FR\"}]}<\/script>\n<!-- \/ Yoast SEO plugin. -->","yoast_head_json":{"title":"Vichy innovation capital soleil uv-age daily - pharmadreams","robots":{"index":"index","follow":"follow","max-snippet":"max-snippet:-1","max-image-preview":"max-image-preview:large","max-video-preview":"max-video-preview:-1"},"canonical":"https:\/\/pharmadreams.shop\/index.php\/product\/vichy-innovation-capital-soleil-uv-age-daily\/","og_locale":"fr_FR","og_type":"article","og_title":"Vichy innovation capital soleil uv-age daily - pharmadreams","og_description":"Pour pr\u00e9venir le photoviellissement de la peau, il est important d\u2019appliquer quotidiennement une protection solaire visage \u00e9t\u00e9 comme hiver.  UV Age Daily Teint\u00e9 SPF50+ CAPITAL SOLEIL est un fluide solaire SPF50+ teint\u00e9 qui offre une protection avanc\u00e9e contre les rayons UVA et UVB gr\u00e2ce \u00e0 sa technologie multi-brevet\u00e9e Netlock. Les actifs anti-\u00e2ge (4 % de peptides et 2 % niacinamide) de cette cr\u00e8me solaire visage pr\u00e9viennent et corrigent les rides et les taches brunes li\u00e9es au soleil. Sa formule est cliniquement prouv\u00e9e sur les signes du photovieillissement, dont les taches pigmentaires, les rides et le manque de fermet\u00e9.  Con\u00e7ue pour tous les types de peaux, sa texture fluide ultra l\u00e9g\u00e8re agit comme un film protecteur tr\u00e8s r\u00e9sistant contre les UV et invisible sur la peau, comme une sensation peau nue. Sa formule teint\u00e9e, enrichie en pigments min\u00e9raux, procure une couvrance l\u00e9g\u00e8re pour unifier et sublimer le teint.  Chaque jour, la peau est prot\u00e9g\u00e9e des m\u00e9faits du soleil et retrouve de la fermet\u00e9 et de l\u2019\u00e9clat, pour un teint unifi\u00e9 et homog\u00e8ne","og_url":"https:\/\/pharmadreams.shop\/index.php\/product\/vichy-innovation-capital-soleil-uv-age-daily\/","og_site_name":"pharmadreams","article_modified_time":"2024-03-14T11:48:18+00:00","og_image":[{"width":1112,"height":984,"url":"https:\/\/pharmadreams.shop\/wp-content\/uploads\/2023\/12\/Sans-titre-65.png","type":"image\/png"}],"twitter_card":"summary_large_image","twitter_misc":{"Dur\u00e9e de lecture estim\u00e9e":"1 minute"},"schema":{"@context":"https:\/\/schema.org","@graph":[{"@type":"WebPage","@id":"https:\/\/pharmadreams.shop\/index.php\/product\/vichy-innovation-capital-soleil-uv-age-daily\/","url":"https:\/\/pharmadreams.shop\/index.php\/product\/vichy-innovation-capital-soleil-uv-age-daily\/","name":"Vichy innovation capital soleil uv-age daily - pharmadreams","isPartOf":{"@id":"https:\/\/pharmadreams.shop\/#website"},"primaryImageOfPage":{"@id":"https:\/\/pharmadreams.shop\/index.php\/product\/vichy-innovation-capital-soleil-uv-age-daily\/#primaryimage"},"image":{"@id":"https:\/\/pharmadreams.shop\/index.php\/product\/vichy-innovation-capital-soleil-uv-age-daily\/#primaryimage"},"thumbnailUrl":"https:\/\/pharmadreams.shop\/wp-content\/uploads\/2023\/12\/Sans-titre-65.png","datePublished":"2023-12-19T18:41:10+00:00","dateModified":"2024-03-14T11:48:18+00:00","breadcrumb":{"@id":"https:\/\/pharmadreams.shop\/index.php\/product\/vichy-innovation-capital-soleil-uv-age-daily\/#breadcrumb"},"inLanguage":"fr-FR","potentialAction":[{"@type":"ReadAction","target":["https:\/\/pharmadreams.shop\/index.php\/product\/vichy-innovation-capital-soleil-uv-age-daily\/"]}]},{"@type":"ImageObject","inLanguage":"fr-FR","@id":"https:\/\/pharmadreams.shop\/index.php\/product\/vichy-innovation-capital-soleil-uv-age-daily\/#primaryimage","url":"https:\/\/pharmadreams.shop\/wp-content\/uploads\/2023\/12\/Sans-titre-65.png","contentUrl":"https:\/\/pharmadreams.shop\/wp-content\/uploads\/2023\/12\/Sans-titre-65.png","width":1112,"height":984},{"@type":"BreadcrumbList","@id":"https:\/\/pharmadreams.shop\/index.php\/product\/vichy-innovation-capital-soleil-uv-age-daily\/#breadcrumb","itemListElement":[{"@type":"ListItem","position":1,"name":"Accueil","item":"https:\/\/pharmadreams.shop\/"},{"@type":"ListItem","position":2,"name":"Shop","item":"https:\/\/pharmadreams.shop\/index.php\/shop\/"},{"@type":"ListItem","position":3,"name":"Vichy innovation capital soleil uv-age daily"}]},{"@type":"WebSite","@id":"https:\/\/pharmadreams.shop\/#website","url":"https:\/\/pharmadreams.shop\/","name":"pharmadreams","description":"Parapharmacie en ligne","potentialAction":[{"@type":"SearchAction","target":{"@type":"EntryPoint","urlTemplate":"https:\/\/pharmadreams.shop\/?s={search_term_string}"},"query-input":"required name=search_term_string"}],"inLanguage":"fr-FR"}]}},"_links":{"self":[{"href":"https:\/\/pharmadreams.shop\/index.php\/wp-json\/wp\/v2\/product\/17010","targetHints":{"allow":["GET"]}}],"collection":[{"href":"https:\/\/pharmadreams.shop\/index.php\/wp-json\/wp\/v2\/product"}],"about":[{"href":"https:\/\/pharmadreams.shop\/index.php\/wp-json\/wp\/v2\/types\/product"}],"replies":[{"embeddable":true,"href":"https:\/\/pharmadreams.shop\/index.php\/wp-json\/wp\/v2\/comments?post=17010"}],"version-history":[{"count":0,"href":"https:\/\/pharmadreams.shop\/index.php\/wp-json\/wp\/v2\/product\/17010\/revisions"}],"wp:featuredmedia":[{"embeddable":true,"href":"https:\/\/pharmadreams.shop\/index.php\/wp-json\/wp\/v2\/media\/17074"}],"wp:attachment":[{"href":"https:\/\/pharmadreams.shop\/index.php\/wp-json\/wp\/v2\/media?parent=17010"}],"wp:term":[{"taxonomy":"product_brand","embeddable":true,"href":"https:\/\/pharmadreams.shop\/index.php\/wp-json\/wp\/v2\/product_brand?post=17010"},{"taxonomy":"product_cat","embeddable":true,"href":"https:\/\/pharmadreams.shop\/index.php\/wp-json\/wp\/v2\/product_cat?post=17010"},{"taxonomy":"product_tag","embeddable":true,"href":"https:\/\/pharmadreams.shop\/index.php\/wp-json\/wp\/v2\/product_tag?post=17010"}],"curies":[{"name":"wp","href":"https:\/\/api.w.org\/{rel}","templated":true}]}}