{"id":17011,"date":"2023-12-19T19:41:10","date_gmt":"2023-12-19T18:41:10","guid":{"rendered":"https:\/\/venuspara.com\/?post_type=product&#038;p=17011"},"modified":"2024-03-14T12:47:00","modified_gmt":"2024-03-14T11:47:00","slug":"vichy-capital-soleil-50spf-anti-taches-3-en-1","status":"publish","type":"product","link":"https:\/\/pharmadreams.shop\/index.php\/product\/vichy-capital-soleil-50spf-anti-taches-3-en-1\/","title":{"rendered":"Vichy capital soleil 50spf anti-taches 3 en 1"},"content":{"rendered":"","protected":false},"excerpt":{"rendered":"<p>Soin anti-taches teint\u00e9 \u00e0 haute protection solaire enrichie en PhE-R\u00e9sorcinol. Il r\u00e9duit et pr\u00e9vient l\u2019apparition de taches en prot\u00e9geant la peau et en unifiant le teint<\/p>\n","protected":false},"featured_media":17076,"comment_status":"open","ping_status":"closed","template":"","meta":[],"product_brand":[],"product_cat":[90,233,107],"product_tag":[],"class_list":{"0":"post-17011","1":"product","2":"type-product","3":"status-publish","4":"has-post-thumbnail","6":"product_cat-anti-tache","7":"product_cat-protection-solaire","8":"product_cat-soin-solaire","10":"first","11":"instock","12":"shipping-taxable","13":"purchasable","14":"product-type-simple"},"yoast_head":"<!-- This site is optimized with the Yoast SEO plugin v23.0 - https:\/\/yoast.com\/wordpress\/plugins\/seo\/ -->\n<title>Vichy capital soleil 50spf anti-taches 3 en 1 - pharmadreams<\/title>\n<meta name=\"robots\" content=\"index, follow, max-snippet:-1, max-image-preview:large, max-video-preview:-1\" \/>\n<link rel=\"canonical\" href=\"https:\/\/pharmadreams.shop\/index.php\/product\/vichy-capital-soleil-50spf-anti-taches-3-en-1\/\" \/>\n<meta property=\"og:locale\" content=\"fr_FR\" \/>\n<meta property=\"og:type\" content=\"article\" \/>\n<meta property=\"og:title\" content=\"Vichy capital soleil 50spf anti-taches 3 en 1 - pharmadreams\" \/>\n<meta property=\"og:description\" content=\"Soin anti-taches teint\u00e9 \u00e0 haute protection solaire enrichie en PhE-R\u00e9sorcinol. Il r\u00e9duit et pr\u00e9vient l\u2019apparition de taches en prot\u00e9geant la peau et en unifiant le teint\" \/>\n<meta property=\"og:url\" content=\"https:\/\/pharmadreams.shop\/index.php\/product\/vichy-capital-soleil-50spf-anti-taches-3-en-1\/\" \/>\n<meta property=\"og:site_name\" content=\"pharmadreams\" \/>\n<meta property=\"article:modified_time\" content=\"2024-03-14T11:47:00+00:00\" \/>\n<meta property=\"og:image\" content=\"https:\/\/pharmadreams.shop\/wp-content\/uploads\/2023\/12\/Sans-titre-66.png\" \/>\n\t<meta property=\"og:image:width\" content=\"1112\" \/>\n\t<meta property=\"og:image:height\" content=\"984\" \/>\n\t<meta property=\"og:image:type\" content=\"image\/png\" \/>\n<meta name=\"twitter:card\" content=\"summary_large_image\" \/>\n<meta name=\"twitter:label1\" content=\"Dur\u00e9e de lecture estim\u00e9e\" \/>\n\t<meta name=\"twitter:data1\" content=\"1 minute\" \/>\n<script type=\"application\/ld+json\" class=\"yoast-schema-graph\">{\"@context\":\"https:\/\/schema.org\",\"@graph\":[{\"@type\":\"WebPage\",\"@id\":\"https:\/\/pharmadreams.shop\/index.php\/product\/vichy-capital-soleil-50spf-anti-taches-3-en-1\/\",\"url\":\"https:\/\/pharmadreams.shop\/index.php\/product\/vichy-capital-soleil-50spf-anti-taches-3-en-1\/\",\"name\":\"Vichy capital soleil 50spf anti-taches 3 en 1 - pharmadreams\",\"isPartOf\":{\"@id\":\"https:\/\/pharmadreams.shop\/#website\"},\"primaryImageOfPage\":{\"@id\":\"https:\/\/pharmadreams.shop\/index.php\/product\/vichy-capital-soleil-50spf-anti-taches-3-en-1\/#primaryimage\"},\"image\":{\"@id\":\"https:\/\/pharmadreams.shop\/index.php\/product\/vichy-capital-soleil-50spf-anti-taches-3-en-1\/#primaryimage\"},\"thumbnailUrl\":\"https:\/\/pharmadreams.shop\/wp-content\/uploads\/2023\/12\/Sans-titre-66.png\",\"datePublished\":\"2023-12-19T18:41:10+00:00\",\"dateModified\":\"2024-03-14T11:47:00+00:00\",\"breadcrumb\":{\"@id\":\"https:\/\/pharmadreams.shop\/index.php\/product\/vichy-capital-soleil-50spf-anti-taches-3-en-1\/#breadcrumb\"},\"inLanguage\":\"fr-FR\",\"potentialAction\":[{\"@type\":\"ReadAction\",\"target\":[\"https:\/\/pharmadreams.shop\/index.php\/product\/vichy-capital-soleil-50spf-anti-taches-3-en-1\/\"]}]},{\"@type\":\"ImageObject\",\"inLanguage\":\"fr-FR\",\"@id\":\"https:\/\/pharmadreams.shop\/index.php\/product\/vichy-capital-soleil-50spf-anti-taches-3-en-1\/#primaryimage\",\"url\":\"https:\/\/pharmadreams.shop\/wp-content\/uploads\/2023\/12\/Sans-titre-66.png\",\"contentUrl\":\"https:\/\/pharmadreams.shop\/wp-content\/uploads\/2023\/12\/Sans-titre-66.png\",\"width\":1112,\"height\":984},{\"@type\":\"BreadcrumbList\",\"@id\":\"https:\/\/pharmadreams.shop\/index.php\/product\/vichy-capital-soleil-50spf-anti-taches-3-en-1\/#breadcrumb\",\"itemListElement\":[{\"@type\":\"ListItem\",\"position\":1,\"name\":\"Accueil\",\"item\":\"https:\/\/pharmadreams.shop\/\"},{\"@type\":\"ListItem\",\"position\":2,\"name\":\"Shop\",\"item\":\"https:\/\/pharmadreams.shop\/index.php\/shop\/\"},{\"@type\":\"ListItem\",\"position\":3,\"name\":\"Vichy capital soleil 50spf anti-taches 3 en 1\"}]},{\"@type\":\"WebSite\",\"@id\":\"https:\/\/pharmadreams.shop\/#website\",\"url\":\"https:\/\/pharmadreams.shop\/\",\"name\":\"pharmadreams\",\"description\":\"Parapharmacie en ligne\",\"potentialAction\":[{\"@type\":\"SearchAction\",\"target\":{\"@type\":\"EntryPoint\",\"urlTemplate\":\"https:\/\/pharmadreams.shop\/?s={search_term_string}\"},\"query-input\":\"required name=search_term_string\"}],\"inLanguage\":\"fr-FR\"}]}<\/script>\n<!-- \/ Yoast SEO plugin. -->","yoast_head_json":{"title":"Vichy capital soleil 50spf anti-taches 3 en 1 - pharmadreams","robots":{"index":"index","follow":"follow","max-snippet":"max-snippet:-1","max-image-preview":"max-image-preview:large","max-video-preview":"max-video-preview:-1"},"canonical":"https:\/\/pharmadreams.shop\/index.php\/product\/vichy-capital-soleil-50spf-anti-taches-3-en-1\/","og_locale":"fr_FR","og_type":"article","og_title":"Vichy capital soleil 50spf anti-taches 3 en 1 - pharmadreams","og_description":"Soin anti-taches teint\u00e9 \u00e0 haute protection solaire enrichie en PhE-R\u00e9sorcinol. Il r\u00e9duit et pr\u00e9vient l\u2019apparition de taches en prot\u00e9geant la peau et en unifiant le teint","og_url":"https:\/\/pharmadreams.shop\/index.php\/product\/vichy-capital-soleil-50spf-anti-taches-3-en-1\/","og_site_name":"pharmadreams","article_modified_time":"2024-03-14T11:47:00+00:00","og_image":[{"width":1112,"height":984,"url":"https:\/\/pharmadreams.shop\/wp-content\/uploads\/2023\/12\/Sans-titre-66.png","type":"image\/png"}],"twitter_card":"summary_large_image","twitter_misc":{"Dur\u00e9e de lecture estim\u00e9e":"1 minute"},"schema":{"@context":"https:\/\/schema.org","@graph":[{"@type":"WebPage","@id":"https:\/\/pharmadreams.shop\/index.php\/product\/vichy-capital-soleil-50spf-anti-taches-3-en-1\/","url":"https:\/\/pharmadreams.shop\/index.php\/product\/vichy-capital-soleil-50spf-anti-taches-3-en-1\/","name":"Vichy capital soleil 50spf anti-taches 3 en 1 - pharmadreams","isPartOf":{"@id":"https:\/\/pharmadreams.shop\/#website"},"primaryImageOfPage":{"@id":"https:\/\/pharmadreams.shop\/index.php\/product\/vichy-capital-soleil-50spf-anti-taches-3-en-1\/#primaryimage"},"image":{"@id":"https:\/\/pharmadreams.shop\/index.php\/product\/vichy-capital-soleil-50spf-anti-taches-3-en-1\/#primaryimage"},"thumbnailUrl":"https:\/\/pharmadreams.shop\/wp-content\/uploads\/2023\/12\/Sans-titre-66.png","datePublished":"2023-12-19T18:41:10+00:00","dateModified":"2024-03-14T11:47:00+00:00","breadcrumb":{"@id":"https:\/\/pharmadreams.shop\/index.php\/product\/vichy-capital-soleil-50spf-anti-taches-3-en-1\/#breadcrumb"},"inLanguage":"fr-FR","potentialAction":[{"@type":"ReadAction","target":["https:\/\/pharmadreams.shop\/index.php\/product\/vichy-capital-soleil-50spf-anti-taches-3-en-1\/"]}]},{"@type":"ImageObject","inLanguage":"fr-FR","@id":"https:\/\/pharmadreams.shop\/index.php\/product\/vichy-capital-soleil-50spf-anti-taches-3-en-1\/#primaryimage","url":"https:\/\/pharmadreams.shop\/wp-content\/uploads\/2023\/12\/Sans-titre-66.png","contentUrl":"https:\/\/pharmadreams.shop\/wp-content\/uploads\/2023\/12\/Sans-titre-66.png","width":1112,"height":984},{"@type":"BreadcrumbList","@id":"https:\/\/pharmadreams.shop\/index.php\/product\/vichy-capital-soleil-50spf-anti-taches-3-en-1\/#breadcrumb","itemListElement":[{"@type":"ListItem","position":1,"name":"Accueil","item":"https:\/\/pharmadreams.shop\/"},{"@type":"ListItem","position":2,"name":"Shop","item":"https:\/\/pharmadreams.shop\/index.php\/shop\/"},{"@type":"ListItem","position":3,"name":"Vichy capital soleil 50spf anti-taches 3 en 1"}]},{"@type":"WebSite","@id":"https:\/\/pharmadreams.shop\/#website","url":"https:\/\/pharmadreams.shop\/","name":"pharmadreams","description":"Parapharmacie en ligne","potentialAction":[{"@type":"SearchAction","target":{"@type":"EntryPoint","urlTemplate":"https:\/\/pharmadreams.shop\/?s={search_term_string}"},"query-input":"required name=search_term_string"}],"inLanguage":"fr-FR"}]}},"_links":{"self":[{"href":"https:\/\/pharmadreams.shop\/index.php\/wp-json\/wp\/v2\/product\/17011","targetHints":{"allow":["GET"]}}],"collection":[{"href":"https:\/\/pharmadreams.shop\/index.php\/wp-json\/wp\/v2\/product"}],"about":[{"href":"https:\/\/pharmadreams.shop\/index.php\/wp-json\/wp\/v2\/types\/product"}],"replies":[{"embeddable":true,"href":"https:\/\/pharmadreams.shop\/index.php\/wp-json\/wp\/v2\/comments?post=17011"}],"version-history":[{"count":0,"href":"https:\/\/pharmadreams.shop\/index.php\/wp-json\/wp\/v2\/product\/17011\/revisions"}],"wp:featuredmedia":[{"embeddable":true,"href":"https:\/\/pharmadreams.shop\/index.php\/wp-json\/wp\/v2\/media\/17076"}],"wp:attachment":[{"href":"https:\/\/pharmadreams.shop\/index.php\/wp-json\/wp\/v2\/media?parent=17011"}],"wp:term":[{"taxonomy":"product_brand","embeddable":true,"href":"https:\/\/pharmadreams.shop\/index.php\/wp-json\/wp\/v2\/product_brand?post=17011"},{"taxonomy":"product_cat","embeddable":true,"href":"https:\/\/pharmadreams.shop\/index.php\/wp-json\/wp\/v2\/product_cat?post=17011"},{"taxonomy":"product_tag","embeddable":true,"href":"https:\/\/pharmadreams.shop\/index.php\/wp-json\/wp\/v2\/product_tag?post=17011"}],"curies":[{"name":"wp","href":"https:\/\/api.w.org\/{rel}","templated":true}]}}