{"id":17012,"date":"2023-12-19T19:41:10","date_gmt":"2023-12-19T18:41:10","guid":{"rendered":"https:\/\/venuspara.com\/?post_type=product&#038;p=17012"},"modified":"2024-05-11T10:33:19","modified_gmt":"2024-05-11T09:33:19","slug":"la-roche-posay-anthelios-uvmune-400-hydrating-cream","status":"publish","type":"product","link":"https:\/\/pharmadreams.shop\/index.php\/product\/la-roche-posay-anthelios-uvmune-400-hydrating-cream\/","title":{"rendered":"LA ROCHE POSAY ANTHELIOS UVMUNE 400 CREME HYDRATANTE TEINTEE SPF50+ 50ML"},"content":{"rendered":"","protected":false},"excerpt":{"rendered":"<h1 class=\"h1\">La Roche-Posay Anthelios Ultra Protection Cr\u00e8me Hydratante Teint\u00e9e SPF50+ 50 ml est une cr\u00e8me teint\u00e9e de tr\u00e8s haute protection UVA\/UVB sp\u00e9cialement formul\u00e9e pour les peaux s\u00e8ches ou sensibles, qui aide \u00e0 pr\u00e9venir le stress oxydatif g\u00e9n\u00e9r\u00e9 par les infra-rouges et la pollution.<\/h1>\n","protected":false},"featured_media":17078,"comment_status":"open","ping_status":"closed","template":"","meta":[],"product_brand":[],"product_cat":[233,107],"product_tag":[],"class_list":{"0":"post-17012","1":"product","2":"type-product","3":"status-publish","4":"has-post-thumbnail","6":"product_cat-protection-solaire","7":"product_cat-soin-solaire","9":"first","10":"instock","11":"sale","12":"shipping-taxable","13":"purchasable","14":"product-type-simple"},"yoast_head":"<!-- This site is optimized with the Yoast SEO plugin v23.0 - https:\/\/yoast.com\/wordpress\/plugins\/seo\/ -->\n<title>LA ROCHE POSAY ANTHELIOS UVMUNE 400 CREME HYDRATANTE TEINTEE SPF50+ 50ML - pharmadreams<\/title>\n<meta name=\"robots\" content=\"index, follow, max-snippet:-1, max-image-preview:large, max-video-preview:-1\" \/>\n<link rel=\"canonical\" href=\"https:\/\/pharmadreams.shop\/index.php\/product\/la-roche-posay-anthelios-uvmune-400-hydrating-cream\/\" \/>\n<meta property=\"og:locale\" content=\"fr_FR\" \/>\n<meta property=\"og:type\" content=\"article\" \/>\n<meta property=\"og:title\" content=\"LA ROCHE POSAY ANTHELIOS UVMUNE 400 CREME HYDRATANTE TEINTEE SPF50+ 50ML - pharmadreams\" \/>\n<meta property=\"og:description\" content=\"La Roche-Posay Anthelios Ultra Protection Cr\u00e8me Hydratante Teint\u00e9e SPF50+ 50 ml est une cr\u00e8me teint\u00e9e de tr\u00e8s haute protection UVA\/UVB sp\u00e9cialement formul\u00e9e pour les peaux s\u00e8ches ou sensibles, qui aide \u00e0 pr\u00e9venir le stress oxydatif g\u00e9n\u00e9r\u00e9 par les infra-rouges et la pollution.\" \/>\n<meta property=\"og:url\" content=\"https:\/\/pharmadreams.shop\/index.php\/product\/la-roche-posay-anthelios-uvmune-400-hydrating-cream\/\" \/>\n<meta property=\"og:site_name\" content=\"pharmadreams\" \/>\n<meta property=\"article:modified_time\" content=\"2024-05-11T09:33:19+00:00\" \/>\n<meta property=\"og:image\" content=\"https:\/\/pharmadreams.shop\/wp-content\/uploads\/2023\/12\/Sans-titre-68.png\" \/>\n\t<meta property=\"og:image:width\" content=\"1512\" \/>\n\t<meta property=\"og:image:height\" content=\"1392\" \/>\n\t<meta property=\"og:image:type\" content=\"image\/png\" \/>\n<meta name=\"twitter:card\" content=\"summary_large_image\" \/>\n<meta name=\"twitter:label1\" content=\"Dur\u00e9e de lecture estim\u00e9e\" \/>\n\t<meta name=\"twitter:data1\" content=\"1 minute\" \/>\n<script type=\"application\/ld+json\" class=\"yoast-schema-graph\">{\"@context\":\"https:\/\/schema.org\",\"@graph\":[{\"@type\":\"WebPage\",\"@id\":\"https:\/\/pharmadreams.shop\/index.php\/product\/la-roche-posay-anthelios-uvmune-400-hydrating-cream\/\",\"url\":\"https:\/\/pharmadreams.shop\/index.php\/product\/la-roche-posay-anthelios-uvmune-400-hydrating-cream\/\",\"name\":\"LA ROCHE POSAY ANTHELIOS UVMUNE 400 CREME HYDRATANTE TEINTEE SPF50+ 50ML - pharmadreams\",\"isPartOf\":{\"@id\":\"https:\/\/pharmadreams.shop\/#website\"},\"primaryImageOfPage\":{\"@id\":\"https:\/\/pharmadreams.shop\/index.php\/product\/la-roche-posay-anthelios-uvmune-400-hydrating-cream\/#primaryimage\"},\"image\":{\"@id\":\"https:\/\/pharmadreams.shop\/index.php\/product\/la-roche-posay-anthelios-uvmune-400-hydrating-cream\/#primaryimage\"},\"thumbnailUrl\":\"https:\/\/pharmadreams.shop\/wp-content\/uploads\/2023\/12\/Sans-titre-68.png\",\"datePublished\":\"2023-12-19T18:41:10+00:00\",\"dateModified\":\"2024-05-11T09:33:19+00:00\",\"breadcrumb\":{\"@id\":\"https:\/\/pharmadreams.shop\/index.php\/product\/la-roche-posay-anthelios-uvmune-400-hydrating-cream\/#breadcrumb\"},\"inLanguage\":\"fr-FR\",\"potentialAction\":[{\"@type\":\"ReadAction\",\"target\":[\"https:\/\/pharmadreams.shop\/index.php\/product\/la-roche-posay-anthelios-uvmune-400-hydrating-cream\/\"]}]},{\"@type\":\"ImageObject\",\"inLanguage\":\"fr-FR\",\"@id\":\"https:\/\/pharmadreams.shop\/index.php\/product\/la-roche-posay-anthelios-uvmune-400-hydrating-cream\/#primaryimage\",\"url\":\"https:\/\/pharmadreams.shop\/wp-content\/uploads\/2023\/12\/Sans-titre-68.png\",\"contentUrl\":\"https:\/\/pharmadreams.shop\/wp-content\/uploads\/2023\/12\/Sans-titre-68.png\",\"width\":1512,\"height\":1392},{\"@type\":\"BreadcrumbList\",\"@id\":\"https:\/\/pharmadreams.shop\/index.php\/product\/la-roche-posay-anthelios-uvmune-400-hydrating-cream\/#breadcrumb\",\"itemListElement\":[{\"@type\":\"ListItem\",\"position\":1,\"name\":\"Accueil\",\"item\":\"https:\/\/pharmadreams.shop\/\"},{\"@type\":\"ListItem\",\"position\":2,\"name\":\"Shop\",\"item\":\"https:\/\/pharmadreams.shop\/index.php\/shop\/\"},{\"@type\":\"ListItem\",\"position\":3,\"name\":\"LA ROCHE POSAY ANTHELIOS UVMUNE 400 CREME HYDRATANTE TEINTEE SPF50+ 50ML\"}]},{\"@type\":\"WebSite\",\"@id\":\"https:\/\/pharmadreams.shop\/#website\",\"url\":\"https:\/\/pharmadreams.shop\/\",\"name\":\"pharmadreams\",\"description\":\"Parapharmacie en ligne\",\"potentialAction\":[{\"@type\":\"SearchAction\",\"target\":{\"@type\":\"EntryPoint\",\"urlTemplate\":\"https:\/\/pharmadreams.shop\/?s={search_term_string}\"},\"query-input\":\"required name=search_term_string\"}],\"inLanguage\":\"fr-FR\"}]}<\/script>\n<!-- \/ Yoast SEO plugin. -->","yoast_head_json":{"title":"LA ROCHE POSAY ANTHELIOS UVMUNE 400 CREME HYDRATANTE TEINTEE SPF50+ 50ML - pharmadreams","robots":{"index":"index","follow":"follow","max-snippet":"max-snippet:-1","max-image-preview":"max-image-preview:large","max-video-preview":"max-video-preview:-1"},"canonical":"https:\/\/pharmadreams.shop\/index.php\/product\/la-roche-posay-anthelios-uvmune-400-hydrating-cream\/","og_locale":"fr_FR","og_type":"article","og_title":"LA ROCHE POSAY ANTHELIOS UVMUNE 400 CREME HYDRATANTE TEINTEE SPF50+ 50ML - pharmadreams","og_description":"La Roche-Posay Anthelios Ultra Protection Cr\u00e8me Hydratante Teint\u00e9e SPF50+ 50 ml est une cr\u00e8me teint\u00e9e de tr\u00e8s haute protection UVA\/UVB sp\u00e9cialement formul\u00e9e pour les peaux s\u00e8ches ou sensibles, qui aide \u00e0 pr\u00e9venir le stress oxydatif g\u00e9n\u00e9r\u00e9 par les infra-rouges et la pollution.","og_url":"https:\/\/pharmadreams.shop\/index.php\/product\/la-roche-posay-anthelios-uvmune-400-hydrating-cream\/","og_site_name":"pharmadreams","article_modified_time":"2024-05-11T09:33:19+00:00","og_image":[{"width":1512,"height":1392,"url":"https:\/\/pharmadreams.shop\/wp-content\/uploads\/2023\/12\/Sans-titre-68.png","type":"image\/png"}],"twitter_card":"summary_large_image","twitter_misc":{"Dur\u00e9e de lecture estim\u00e9e":"1 minute"},"schema":{"@context":"https:\/\/schema.org","@graph":[{"@type":"WebPage","@id":"https:\/\/pharmadreams.shop\/index.php\/product\/la-roche-posay-anthelios-uvmune-400-hydrating-cream\/","url":"https:\/\/pharmadreams.shop\/index.php\/product\/la-roche-posay-anthelios-uvmune-400-hydrating-cream\/","name":"LA ROCHE POSAY ANTHELIOS UVMUNE 400 CREME HYDRATANTE TEINTEE SPF50+ 50ML - pharmadreams","isPartOf":{"@id":"https:\/\/pharmadreams.shop\/#website"},"primaryImageOfPage":{"@id":"https:\/\/pharmadreams.shop\/index.php\/product\/la-roche-posay-anthelios-uvmune-400-hydrating-cream\/#primaryimage"},"image":{"@id":"https:\/\/pharmadreams.shop\/index.php\/product\/la-roche-posay-anthelios-uvmune-400-hydrating-cream\/#primaryimage"},"thumbnailUrl":"https:\/\/pharmadreams.shop\/wp-content\/uploads\/2023\/12\/Sans-titre-68.png","datePublished":"2023-12-19T18:41:10+00:00","dateModified":"2024-05-11T09:33:19+00:00","breadcrumb":{"@id":"https:\/\/pharmadreams.shop\/index.php\/product\/la-roche-posay-anthelios-uvmune-400-hydrating-cream\/#breadcrumb"},"inLanguage":"fr-FR","potentialAction":[{"@type":"ReadAction","target":["https:\/\/pharmadreams.shop\/index.php\/product\/la-roche-posay-anthelios-uvmune-400-hydrating-cream\/"]}]},{"@type":"ImageObject","inLanguage":"fr-FR","@id":"https:\/\/pharmadreams.shop\/index.php\/product\/la-roche-posay-anthelios-uvmune-400-hydrating-cream\/#primaryimage","url":"https:\/\/pharmadreams.shop\/wp-content\/uploads\/2023\/12\/Sans-titre-68.png","contentUrl":"https:\/\/pharmadreams.shop\/wp-content\/uploads\/2023\/12\/Sans-titre-68.png","width":1512,"height":1392},{"@type":"BreadcrumbList","@id":"https:\/\/pharmadreams.shop\/index.php\/product\/la-roche-posay-anthelios-uvmune-400-hydrating-cream\/#breadcrumb","itemListElement":[{"@type":"ListItem","position":1,"name":"Accueil","item":"https:\/\/pharmadreams.shop\/"},{"@type":"ListItem","position":2,"name":"Shop","item":"https:\/\/pharmadreams.shop\/index.php\/shop\/"},{"@type":"ListItem","position":3,"name":"LA ROCHE POSAY ANTHELIOS UVMUNE 400 CREME HYDRATANTE TEINTEE SPF50+ 50ML"}]},{"@type":"WebSite","@id":"https:\/\/pharmadreams.shop\/#website","url":"https:\/\/pharmadreams.shop\/","name":"pharmadreams","description":"Parapharmacie en ligne","potentialAction":[{"@type":"SearchAction","target":{"@type":"EntryPoint","urlTemplate":"https:\/\/pharmadreams.shop\/?s={search_term_string}"},"query-input":"required name=search_term_string"}],"inLanguage":"fr-FR"}]}},"_links":{"self":[{"href":"https:\/\/pharmadreams.shop\/index.php\/wp-json\/wp\/v2\/product\/17012","targetHints":{"allow":["GET"]}}],"collection":[{"href":"https:\/\/pharmadreams.shop\/index.php\/wp-json\/wp\/v2\/product"}],"about":[{"href":"https:\/\/pharmadreams.shop\/index.php\/wp-json\/wp\/v2\/types\/product"}],"replies":[{"embeddable":true,"href":"https:\/\/pharmadreams.shop\/index.php\/wp-json\/wp\/v2\/comments?post=17012"}],"version-history":[{"count":0,"href":"https:\/\/pharmadreams.shop\/index.php\/wp-json\/wp\/v2\/product\/17012\/revisions"}],"wp:featuredmedia":[{"embeddable":true,"href":"https:\/\/pharmadreams.shop\/index.php\/wp-json\/wp\/v2\/media\/17078"}],"wp:attachment":[{"href":"https:\/\/pharmadreams.shop\/index.php\/wp-json\/wp\/v2\/media?parent=17012"}],"wp:term":[{"taxonomy":"product_brand","embeddable":true,"href":"https:\/\/pharmadreams.shop\/index.php\/wp-json\/wp\/v2\/product_brand?post=17012"},{"taxonomy":"product_cat","embeddable":true,"href":"https:\/\/pharmadreams.shop\/index.php\/wp-json\/wp\/v2\/product_cat?post=17012"},{"taxonomy":"product_tag","embeddable":true,"href":"https:\/\/pharmadreams.shop\/index.php\/wp-json\/wp\/v2\/product_tag?post=17012"}],"curies":[{"name":"wp","href":"https:\/\/api.w.org\/{rel}","templated":true}]}}