{"id":17014,"date":"2023-12-19T19:41:11","date_gmt":"2023-12-19T18:41:11","guid":{"rendered":"https:\/\/venuspara.com\/?post_type=product&#038;p=17014"},"modified":"2024-03-16T00:36:58","modified_gmt":"2024-03-15T23:36:58","slug":"bioderma-photoderm-spf50-40-ml","status":"publish","type":"product","link":"https:\/\/pharmadreams.shop\/index.php\/product\/bioderma-photoderm-spf50-40-ml\/","title":{"rendered":"Bioderma photoderm spf50+ 40 ml"},"content":{"rendered":"","protected":false},"excerpt":{"rendered":"<p><strong>Bioderma Photoderm M SPF 50+ 40 ml<\/strong>\u00a0est une cr\u00e8me teint\u00e9e protectrice de tr\u00e8s haute protection sp\u00e9cialement formul\u00e9e pour les peaux hyperpigment\u00e9es (masque de grossesse).<\/p>\n<p>&nbsp;<\/p>\n<p>Cette cr\u00e8me teint\u00e9e contient une association exclusive de filtres dermatologiques UVA et UVB et Photoderm M qui vous offre une protection optimale contre les m\u00e9faits des UV tels que les coups de soleil, les intol\u00e9rances solaires, etc.<\/p>\n<p>La teinte dor\u00e9e de cette cr\u00e8me permet d\u2019unifier imm\u00e9diatement le teint et att\u00e9nuer les imperfections. R\u00e9sistante \u00e0 l\u2019eau, elle vous prot\u00e9gera tout au long de la journ\u00e9e.<\/p>\n<p>Formul\u00e9e sans parfum, ni paraben.<\/p>\n<p>Hypoallerg\u00e9nique. Non com\u00e9dog\u00e8ne. Photostable.<\/p>\n","protected":false},"featured_media":17095,"comment_status":"open","ping_status":"closed","template":"","meta":[],"product_brand":[],"product_cat":[97,78,104],"product_tag":[],"class_list":{"0":"post-17014","1":"product","2":"type-product","3":"status-publish","4":"has-post-thumbnail","6":"product_cat-anti-imperfection","7":"product_cat-cremes","8":"product_cat-protection","10":"first","11":"instock","12":"shipping-taxable","13":"purchasable","14":"product-type-simple"},"yoast_head":"<!-- This site is optimized with the Yoast SEO plugin v23.0 - https:\/\/yoast.com\/wordpress\/plugins\/seo\/ -->\n<title>Bioderma photoderm spf50+ 40 ml - pharmadreams<\/title>\n<meta name=\"robots\" content=\"index, follow, max-snippet:-1, max-image-preview:large, max-video-preview:-1\" \/>\n<link rel=\"canonical\" href=\"https:\/\/pharmadreams.shop\/index.php\/product\/bioderma-photoderm-spf50-40-ml\/\" \/>\n<meta property=\"og:locale\" content=\"fr_FR\" \/>\n<meta property=\"og:type\" content=\"article\" \/>\n<meta property=\"og:title\" content=\"Bioderma photoderm spf50+ 40 ml - pharmadreams\" \/>\n<meta property=\"og:description\" content=\"Bioderma Photoderm M SPF 50+ 40 ml\u00a0est une cr\u00e8me teint\u00e9e protectrice de tr\u00e8s haute protection sp\u00e9cialement formul\u00e9e pour les peaux hyperpigment\u00e9es (masque de grossesse).  &nbsp;  Cette cr\u00e8me teint\u00e9e contient une association exclusive de filtres dermatologiques UVA et UVB et Photoderm M qui vous offre une protection optimale contre les m\u00e9faits des UV tels que les coups de soleil, les intol\u00e9rances solaires, etc.  La teinte dor\u00e9e de cette cr\u00e8me permet d\u2019unifier imm\u00e9diatement le teint et att\u00e9nuer les imperfections. R\u00e9sistante \u00e0 l\u2019eau, elle vous prot\u00e9gera tout au long de la journ\u00e9e.  Formul\u00e9e sans parfum, ni paraben.  Hypoallerg\u00e9nique. Non com\u00e9dog\u00e8ne. Photostable.\" \/>\n<meta property=\"og:url\" content=\"https:\/\/pharmadreams.shop\/index.php\/product\/bioderma-photoderm-spf50-40-ml\/\" \/>\n<meta property=\"og:site_name\" content=\"pharmadreams\" \/>\n<meta property=\"article:modified_time\" content=\"2024-03-15T23:36:58+00:00\" \/>\n<meta property=\"og:image\" content=\"https:\/\/pharmadreams.shop\/wp-content\/uploads\/2023\/12\/Sans-titre-70.png\" \/>\n\t<meta property=\"og:image:width\" content=\"760\" \/>\n\t<meta property=\"og:image:height\" content=\"720\" \/>\n\t<meta property=\"og:image:type\" content=\"image\/png\" \/>\n<meta name=\"twitter:card\" content=\"summary_large_image\" \/>\n<meta name=\"twitter:label1\" content=\"Dur\u00e9e de lecture estim\u00e9e\" \/>\n\t<meta name=\"twitter:data1\" content=\"1 minute\" \/>\n<script type=\"application\/ld+json\" class=\"yoast-schema-graph\">{\"@context\":\"https:\/\/schema.org\",\"@graph\":[{\"@type\":\"WebPage\",\"@id\":\"https:\/\/pharmadreams.shop\/index.php\/product\/bioderma-photoderm-spf50-40-ml\/\",\"url\":\"https:\/\/pharmadreams.shop\/index.php\/product\/bioderma-photoderm-spf50-40-ml\/\",\"name\":\"Bioderma photoderm spf50+ 40 ml - pharmadreams\",\"isPartOf\":{\"@id\":\"https:\/\/pharmadreams.shop\/#website\"},\"primaryImageOfPage\":{\"@id\":\"https:\/\/pharmadreams.shop\/index.php\/product\/bioderma-photoderm-spf50-40-ml\/#primaryimage\"},\"image\":{\"@id\":\"https:\/\/pharmadreams.shop\/index.php\/product\/bioderma-photoderm-spf50-40-ml\/#primaryimage\"},\"thumbnailUrl\":\"https:\/\/pharmadreams.shop\/wp-content\/uploads\/2023\/12\/Sans-titre-70.png\",\"datePublished\":\"2023-12-19T18:41:11+00:00\",\"dateModified\":\"2024-03-15T23:36:58+00:00\",\"breadcrumb\":{\"@id\":\"https:\/\/pharmadreams.shop\/index.php\/product\/bioderma-photoderm-spf50-40-ml\/#breadcrumb\"},\"inLanguage\":\"fr-FR\",\"potentialAction\":[{\"@type\":\"ReadAction\",\"target\":[\"https:\/\/pharmadreams.shop\/index.php\/product\/bioderma-photoderm-spf50-40-ml\/\"]}]},{\"@type\":\"ImageObject\",\"inLanguage\":\"fr-FR\",\"@id\":\"https:\/\/pharmadreams.shop\/index.php\/product\/bioderma-photoderm-spf50-40-ml\/#primaryimage\",\"url\":\"https:\/\/pharmadreams.shop\/wp-content\/uploads\/2023\/12\/Sans-titre-70.png\",\"contentUrl\":\"https:\/\/pharmadreams.shop\/wp-content\/uploads\/2023\/12\/Sans-titre-70.png\",\"width\":760,\"height\":720},{\"@type\":\"BreadcrumbList\",\"@id\":\"https:\/\/pharmadreams.shop\/index.php\/product\/bioderma-photoderm-spf50-40-ml\/#breadcrumb\",\"itemListElement\":[{\"@type\":\"ListItem\",\"position\":1,\"name\":\"Accueil\",\"item\":\"https:\/\/pharmadreams.shop\/\"},{\"@type\":\"ListItem\",\"position\":2,\"name\":\"Shop\",\"item\":\"https:\/\/pharmadreams.shop\/index.php\/shop\/\"},{\"@type\":\"ListItem\",\"position\":3,\"name\":\"Bioderma photoderm spf50+ 40 ml\"}]},{\"@type\":\"WebSite\",\"@id\":\"https:\/\/pharmadreams.shop\/#website\",\"url\":\"https:\/\/pharmadreams.shop\/\",\"name\":\"pharmadreams\",\"description\":\"Parapharmacie en ligne\",\"potentialAction\":[{\"@type\":\"SearchAction\",\"target\":{\"@type\":\"EntryPoint\",\"urlTemplate\":\"https:\/\/pharmadreams.shop\/?s={search_term_string}\"},\"query-input\":\"required name=search_term_string\"}],\"inLanguage\":\"fr-FR\"}]}<\/script>\n<!-- \/ Yoast SEO plugin. -->","yoast_head_json":{"title":"Bioderma photoderm spf50+ 40 ml - pharmadreams","robots":{"index":"index","follow":"follow","max-snippet":"max-snippet:-1","max-image-preview":"max-image-preview:large","max-video-preview":"max-video-preview:-1"},"canonical":"https:\/\/pharmadreams.shop\/index.php\/product\/bioderma-photoderm-spf50-40-ml\/","og_locale":"fr_FR","og_type":"article","og_title":"Bioderma photoderm spf50+ 40 ml - pharmadreams","og_description":"Bioderma Photoderm M SPF 50+ 40 ml\u00a0est une cr\u00e8me teint\u00e9e protectrice de tr\u00e8s haute protection sp\u00e9cialement formul\u00e9e pour les peaux hyperpigment\u00e9es (masque de grossesse).  &nbsp;  Cette cr\u00e8me teint\u00e9e contient une association exclusive de filtres dermatologiques UVA et UVB et Photoderm M qui vous offre une protection optimale contre les m\u00e9faits des UV tels que les coups de soleil, les intol\u00e9rances solaires, etc.  La teinte dor\u00e9e de cette cr\u00e8me permet d\u2019unifier imm\u00e9diatement le teint et att\u00e9nuer les imperfections. R\u00e9sistante \u00e0 l\u2019eau, elle vous prot\u00e9gera tout au long de la journ\u00e9e.  Formul\u00e9e sans parfum, ni paraben.  Hypoallerg\u00e9nique. Non com\u00e9dog\u00e8ne. Photostable.","og_url":"https:\/\/pharmadreams.shop\/index.php\/product\/bioderma-photoderm-spf50-40-ml\/","og_site_name":"pharmadreams","article_modified_time":"2024-03-15T23:36:58+00:00","og_image":[{"width":760,"height":720,"url":"https:\/\/pharmadreams.shop\/wp-content\/uploads\/2023\/12\/Sans-titre-70.png","type":"image\/png"}],"twitter_card":"summary_large_image","twitter_misc":{"Dur\u00e9e de lecture estim\u00e9e":"1 minute"},"schema":{"@context":"https:\/\/schema.org","@graph":[{"@type":"WebPage","@id":"https:\/\/pharmadreams.shop\/index.php\/product\/bioderma-photoderm-spf50-40-ml\/","url":"https:\/\/pharmadreams.shop\/index.php\/product\/bioderma-photoderm-spf50-40-ml\/","name":"Bioderma photoderm spf50+ 40 ml - pharmadreams","isPartOf":{"@id":"https:\/\/pharmadreams.shop\/#website"},"primaryImageOfPage":{"@id":"https:\/\/pharmadreams.shop\/index.php\/product\/bioderma-photoderm-spf50-40-ml\/#primaryimage"},"image":{"@id":"https:\/\/pharmadreams.shop\/index.php\/product\/bioderma-photoderm-spf50-40-ml\/#primaryimage"},"thumbnailUrl":"https:\/\/pharmadreams.shop\/wp-content\/uploads\/2023\/12\/Sans-titre-70.png","datePublished":"2023-12-19T18:41:11+00:00","dateModified":"2024-03-15T23:36:58+00:00","breadcrumb":{"@id":"https:\/\/pharmadreams.shop\/index.php\/product\/bioderma-photoderm-spf50-40-ml\/#breadcrumb"},"inLanguage":"fr-FR","potentialAction":[{"@type":"ReadAction","target":["https:\/\/pharmadreams.shop\/index.php\/product\/bioderma-photoderm-spf50-40-ml\/"]}]},{"@type":"ImageObject","inLanguage":"fr-FR","@id":"https:\/\/pharmadreams.shop\/index.php\/product\/bioderma-photoderm-spf50-40-ml\/#primaryimage","url":"https:\/\/pharmadreams.shop\/wp-content\/uploads\/2023\/12\/Sans-titre-70.png","contentUrl":"https:\/\/pharmadreams.shop\/wp-content\/uploads\/2023\/12\/Sans-titre-70.png","width":760,"height":720},{"@type":"BreadcrumbList","@id":"https:\/\/pharmadreams.shop\/index.php\/product\/bioderma-photoderm-spf50-40-ml\/#breadcrumb","itemListElement":[{"@type":"ListItem","position":1,"name":"Accueil","item":"https:\/\/pharmadreams.shop\/"},{"@type":"ListItem","position":2,"name":"Shop","item":"https:\/\/pharmadreams.shop\/index.php\/shop\/"},{"@type":"ListItem","position":3,"name":"Bioderma photoderm spf50+ 40 ml"}]},{"@type":"WebSite","@id":"https:\/\/pharmadreams.shop\/#website","url":"https:\/\/pharmadreams.shop\/","name":"pharmadreams","description":"Parapharmacie en ligne","potentialAction":[{"@type":"SearchAction","target":{"@type":"EntryPoint","urlTemplate":"https:\/\/pharmadreams.shop\/?s={search_term_string}"},"query-input":"required name=search_term_string"}],"inLanguage":"fr-FR"}]}},"_links":{"self":[{"href":"https:\/\/pharmadreams.shop\/index.php\/wp-json\/wp\/v2\/product\/17014","targetHints":{"allow":["GET"]}}],"collection":[{"href":"https:\/\/pharmadreams.shop\/index.php\/wp-json\/wp\/v2\/product"}],"about":[{"href":"https:\/\/pharmadreams.shop\/index.php\/wp-json\/wp\/v2\/types\/product"}],"replies":[{"embeddable":true,"href":"https:\/\/pharmadreams.shop\/index.php\/wp-json\/wp\/v2\/comments?post=17014"}],"version-history":[{"count":0,"href":"https:\/\/pharmadreams.shop\/index.php\/wp-json\/wp\/v2\/product\/17014\/revisions"}],"wp:featuredmedia":[{"embeddable":true,"href":"https:\/\/pharmadreams.shop\/index.php\/wp-json\/wp\/v2\/media\/17095"}],"wp:attachment":[{"href":"https:\/\/pharmadreams.shop\/index.php\/wp-json\/wp\/v2\/media?parent=17014"}],"wp:term":[{"taxonomy":"product_brand","embeddable":true,"href":"https:\/\/pharmadreams.shop\/index.php\/wp-json\/wp\/v2\/product_brand?post=17014"},{"taxonomy":"product_cat","embeddable":true,"href":"https:\/\/pharmadreams.shop\/index.php\/wp-json\/wp\/v2\/product_cat?post=17014"},{"taxonomy":"product_tag","embeddable":true,"href":"https:\/\/pharmadreams.shop\/index.php\/wp-json\/wp\/v2\/product_tag?post=17014"}],"curies":[{"name":"wp","href":"https:\/\/api.w.org\/{rel}","templated":true}]}}