{"id":17047,"date":"2023-12-19T19:41:33","date_gmt":"2023-12-19T18:41:33","guid":{"rendered":"https:\/\/venuspara.com\/?post_type=product&#038;p=17047"},"modified":"2023-12-19T19:42:30","modified_gmt":"2023-12-19T18:42:30","slug":"urgo-filmogel-ongles-abimes","status":"publish","type":"product","link":"https:\/\/pharmadreams.shop\/index.php\/product\/urgo-filmogel-ongles-abimes\/","title":{"rendered":"Urgo filmogel ongles abim\u00e9s"},"content":{"rendered":"","protected":false},"excerpt":{"rendered":"<div id=\"short_description_block\">\n<div id=\"short_description_content\" class=\"rte align_justify\">\n<p><b>URGO\u00a0<\/b><b>Filmogel\u00ae Ongles Ab\u00eem\u00e9s\u00a0<\/b>r\u00e9g\u00e9n\u00e8re et prot\u00e8ge les ongles ab\u00eem\u00e9s par une mycose ou un traumatisme l\u00e9ger. La pr\u00e9sence d\u2019hydroxypropylchitosan permet une\u00a0<strong>action en profondeur<\/strong>\u00a0(sur\/dans l\u2019ongle) pour\u00a0<strong>le renforcer, l\u2019assainir et le prot\u00e9ger<\/strong>.\u00a0<strong>URGO Filmogel\u00ae Ongles Ab\u00eem\u00e9s<\/strong> ,la solution id\u00e9ale pour retrouver des ongles sains et beaux en toute simplicit\u00e9.<\/p>\n<\/div>\n<\/div>\n","protected":false},"featured_media":17123,"comment_status":"open","ping_status":"closed","template":"","meta":[],"product_brand":[],"product_cat":[102],"product_tag":[],"class_list":{"0":"post-17047","1":"product","2":"type-product","3":"status-publish","4":"has-post-thumbnail","6":"product_cat-ongles","8":"first","9":"instock","10":"shipping-taxable","11":"purchasable","12":"product-type-simple"},"yoast_head":"<!-- This site is optimized with the Yoast SEO plugin v23.0 - https:\/\/yoast.com\/wordpress\/plugins\/seo\/ -->\n<title>Urgo filmogel ongles abim\u00e9s - pharmadreams<\/title>\n<meta name=\"robots\" content=\"index, follow, max-snippet:-1, max-image-preview:large, max-video-preview:-1\" \/>\n<link rel=\"canonical\" href=\"https:\/\/pharmadreams.shop\/index.php\/product\/urgo-filmogel-ongles-abimes\/\" \/>\n<meta property=\"og:locale\" content=\"fr_FR\" \/>\n<meta property=\"og:type\" content=\"article\" \/>\n<meta property=\"og:title\" content=\"Urgo filmogel ongles abim\u00e9s - pharmadreams\" \/>\n<meta property=\"og:description\" content=\"URGO\u00a0Filmogel\u00ae Ongles Ab\u00eem\u00e9s\u00a0r\u00e9g\u00e9n\u00e8re et prot\u00e8ge les ongles ab\u00eem\u00e9s par une mycose ou un traumatisme l\u00e9ger. La pr\u00e9sence d\u2019hydroxypropylchitosan permet une\u00a0action en profondeur\u00a0(sur\/dans l\u2019ongle) pour\u00a0le renforcer, l\u2019assainir et le prot\u00e9ger.\u00a0URGO Filmogel\u00ae Ongles Ab\u00eem\u00e9s ,la solution id\u00e9ale pour retrouver des ongles sains et beaux en toute simplicit\u00e9.\" \/>\n<meta property=\"og:url\" content=\"https:\/\/pharmadreams.shop\/index.php\/product\/urgo-filmogel-ongles-abimes\/\" \/>\n<meta property=\"og:site_name\" content=\"pharmadreams\" \/>\n<meta property=\"article:modified_time\" content=\"2023-12-19T18:42:30+00:00\" \/>\n<meta property=\"og:image\" content=\"https:\/\/pharmadreams.shop\/wp-content\/uploads\/2023\/12\/Sans-titre-82.png\" \/>\n\t<meta property=\"og:image:width\" content=\"3228\" \/>\n\t<meta property=\"og:image:height\" content=\"2492\" \/>\n\t<meta property=\"og:image:type\" content=\"image\/png\" \/>\n<meta name=\"twitter:card\" content=\"summary_large_image\" \/>\n<script type=\"application\/ld+json\" class=\"yoast-schema-graph\">{\"@context\":\"https:\/\/schema.org\",\"@graph\":[{\"@type\":\"WebPage\",\"@id\":\"https:\/\/pharmadreams.shop\/index.php\/product\/urgo-filmogel-ongles-abimes\/\",\"url\":\"https:\/\/pharmadreams.shop\/index.php\/product\/urgo-filmogel-ongles-abimes\/\",\"name\":\"Urgo filmogel ongles abim\u00e9s - pharmadreams\",\"isPartOf\":{\"@id\":\"https:\/\/pharmadreams.shop\/#website\"},\"primaryImageOfPage\":{\"@id\":\"https:\/\/pharmadreams.shop\/index.php\/product\/urgo-filmogel-ongles-abimes\/#primaryimage\"},\"image\":{\"@id\":\"https:\/\/pharmadreams.shop\/index.php\/product\/urgo-filmogel-ongles-abimes\/#primaryimage\"},\"thumbnailUrl\":\"https:\/\/pharmadreams.shop\/wp-content\/uploads\/2023\/12\/Sans-titre-82.png\",\"datePublished\":\"2023-12-19T18:41:33+00:00\",\"dateModified\":\"2023-12-19T18:42:30+00:00\",\"breadcrumb\":{\"@id\":\"https:\/\/pharmadreams.shop\/index.php\/product\/urgo-filmogel-ongles-abimes\/#breadcrumb\"},\"inLanguage\":\"fr-FR\",\"potentialAction\":[{\"@type\":\"ReadAction\",\"target\":[\"https:\/\/pharmadreams.shop\/index.php\/product\/urgo-filmogel-ongles-abimes\/\"]}]},{\"@type\":\"ImageObject\",\"inLanguage\":\"fr-FR\",\"@id\":\"https:\/\/pharmadreams.shop\/index.php\/product\/urgo-filmogel-ongles-abimes\/#primaryimage\",\"url\":\"https:\/\/pharmadreams.shop\/wp-content\/uploads\/2023\/12\/Sans-titre-82.png\",\"contentUrl\":\"https:\/\/pharmadreams.shop\/wp-content\/uploads\/2023\/12\/Sans-titre-82.png\",\"width\":3228,\"height\":2492},{\"@type\":\"BreadcrumbList\",\"@id\":\"https:\/\/pharmadreams.shop\/index.php\/product\/urgo-filmogel-ongles-abimes\/#breadcrumb\",\"itemListElement\":[{\"@type\":\"ListItem\",\"position\":1,\"name\":\"Accueil\",\"item\":\"https:\/\/pharmadreams.shop\/\"},{\"@type\":\"ListItem\",\"position\":2,\"name\":\"Shop\",\"item\":\"https:\/\/pharmadreams.shop\/index.php\/shop\/\"},{\"@type\":\"ListItem\",\"position\":3,\"name\":\"Urgo filmogel ongles abim\u00e9s\"}]},{\"@type\":\"WebSite\",\"@id\":\"https:\/\/pharmadreams.shop\/#website\",\"url\":\"https:\/\/pharmadreams.shop\/\",\"name\":\"pharmadreams\",\"description\":\"Parapharmacie en ligne\",\"potentialAction\":[{\"@type\":\"SearchAction\",\"target\":{\"@type\":\"EntryPoint\",\"urlTemplate\":\"https:\/\/pharmadreams.shop\/?s={search_term_string}\"},\"query-input\":\"required name=search_term_string\"}],\"inLanguage\":\"fr-FR\"}]}<\/script>\n<!-- \/ Yoast SEO plugin. -->","yoast_head_json":{"title":"Urgo filmogel ongles abim\u00e9s - pharmadreams","robots":{"index":"index","follow":"follow","max-snippet":"max-snippet:-1","max-image-preview":"max-image-preview:large","max-video-preview":"max-video-preview:-1"},"canonical":"https:\/\/pharmadreams.shop\/index.php\/product\/urgo-filmogel-ongles-abimes\/","og_locale":"fr_FR","og_type":"article","og_title":"Urgo filmogel ongles abim\u00e9s - pharmadreams","og_description":"URGO\u00a0Filmogel\u00ae Ongles Ab\u00eem\u00e9s\u00a0r\u00e9g\u00e9n\u00e8re et prot\u00e8ge les ongles ab\u00eem\u00e9s par une mycose ou un traumatisme l\u00e9ger. La pr\u00e9sence d\u2019hydroxypropylchitosan permet une\u00a0action en profondeur\u00a0(sur\/dans l\u2019ongle) pour\u00a0le renforcer, l\u2019assainir et le prot\u00e9ger.\u00a0URGO Filmogel\u00ae Ongles Ab\u00eem\u00e9s ,la solution id\u00e9ale pour retrouver des ongles sains et beaux en toute simplicit\u00e9.","og_url":"https:\/\/pharmadreams.shop\/index.php\/product\/urgo-filmogel-ongles-abimes\/","og_site_name":"pharmadreams","article_modified_time":"2023-12-19T18:42:30+00:00","og_image":[{"width":3228,"height":2492,"url":"https:\/\/pharmadreams.shop\/wp-content\/uploads\/2023\/12\/Sans-titre-82.png","type":"image\/png"}],"twitter_card":"summary_large_image","schema":{"@context":"https:\/\/schema.org","@graph":[{"@type":"WebPage","@id":"https:\/\/pharmadreams.shop\/index.php\/product\/urgo-filmogel-ongles-abimes\/","url":"https:\/\/pharmadreams.shop\/index.php\/product\/urgo-filmogel-ongles-abimes\/","name":"Urgo filmogel ongles abim\u00e9s - pharmadreams","isPartOf":{"@id":"https:\/\/pharmadreams.shop\/#website"},"primaryImageOfPage":{"@id":"https:\/\/pharmadreams.shop\/index.php\/product\/urgo-filmogel-ongles-abimes\/#primaryimage"},"image":{"@id":"https:\/\/pharmadreams.shop\/index.php\/product\/urgo-filmogel-ongles-abimes\/#primaryimage"},"thumbnailUrl":"https:\/\/pharmadreams.shop\/wp-content\/uploads\/2023\/12\/Sans-titre-82.png","datePublished":"2023-12-19T18:41:33+00:00","dateModified":"2023-12-19T18:42:30+00:00","breadcrumb":{"@id":"https:\/\/pharmadreams.shop\/index.php\/product\/urgo-filmogel-ongles-abimes\/#breadcrumb"},"inLanguage":"fr-FR","potentialAction":[{"@type":"ReadAction","target":["https:\/\/pharmadreams.shop\/index.php\/product\/urgo-filmogel-ongles-abimes\/"]}]},{"@type":"ImageObject","inLanguage":"fr-FR","@id":"https:\/\/pharmadreams.shop\/index.php\/product\/urgo-filmogel-ongles-abimes\/#primaryimage","url":"https:\/\/pharmadreams.shop\/wp-content\/uploads\/2023\/12\/Sans-titre-82.png","contentUrl":"https:\/\/pharmadreams.shop\/wp-content\/uploads\/2023\/12\/Sans-titre-82.png","width":3228,"height":2492},{"@type":"BreadcrumbList","@id":"https:\/\/pharmadreams.shop\/index.php\/product\/urgo-filmogel-ongles-abimes\/#breadcrumb","itemListElement":[{"@type":"ListItem","position":1,"name":"Accueil","item":"https:\/\/pharmadreams.shop\/"},{"@type":"ListItem","position":2,"name":"Shop","item":"https:\/\/pharmadreams.shop\/index.php\/shop\/"},{"@type":"ListItem","position":3,"name":"Urgo filmogel ongles abim\u00e9s"}]},{"@type":"WebSite","@id":"https:\/\/pharmadreams.shop\/#website","url":"https:\/\/pharmadreams.shop\/","name":"pharmadreams","description":"Parapharmacie en ligne","potentialAction":[{"@type":"SearchAction","target":{"@type":"EntryPoint","urlTemplate":"https:\/\/pharmadreams.shop\/?s={search_term_string}"},"query-input":"required name=search_term_string"}],"inLanguage":"fr-FR"}]}},"_links":{"self":[{"href":"https:\/\/pharmadreams.shop\/index.php\/wp-json\/wp\/v2\/product\/17047","targetHints":{"allow":["GET"]}}],"collection":[{"href":"https:\/\/pharmadreams.shop\/index.php\/wp-json\/wp\/v2\/product"}],"about":[{"href":"https:\/\/pharmadreams.shop\/index.php\/wp-json\/wp\/v2\/types\/product"}],"replies":[{"embeddable":true,"href":"https:\/\/pharmadreams.shop\/index.php\/wp-json\/wp\/v2\/comments?post=17047"}],"version-history":[{"count":0,"href":"https:\/\/pharmadreams.shop\/index.php\/wp-json\/wp\/v2\/product\/17047\/revisions"}],"wp:featuredmedia":[{"embeddable":true,"href":"https:\/\/pharmadreams.shop\/index.php\/wp-json\/wp\/v2\/media\/17123"}],"wp:attachment":[{"href":"https:\/\/pharmadreams.shop\/index.php\/wp-json\/wp\/v2\/media?parent=17047"}],"wp:term":[{"taxonomy":"product_brand","embeddable":true,"href":"https:\/\/pharmadreams.shop\/index.php\/wp-json\/wp\/v2\/product_brand?post=17047"},{"taxonomy":"product_cat","embeddable":true,"href":"https:\/\/pharmadreams.shop\/index.php\/wp-json\/wp\/v2\/product_cat?post=17047"},{"taxonomy":"product_tag","embeddable":true,"href":"https:\/\/pharmadreams.shop\/index.php\/wp-json\/wp\/v2\/product_tag?post=17047"}],"curies":[{"name":"wp","href":"https:\/\/api.w.org\/{rel}","templated":true}]}}