{"id":17051,"date":"2023-12-19T19:41:34","date_gmt":"2023-12-19T18:41:34","guid":{"rendered":"https:\/\/venuspara.com\/?post_type=product&#038;p=17051"},"modified":"2023-12-19T19:42:36","modified_gmt":"2023-12-19T18:42:36","slug":"isispharma-glyco-a-creme-de-nuit","status":"publish","type":"product","link":"https:\/\/pharmadreams.shop\/index.php\/product\/isispharma-glyco-a-creme-de-nuit\/","title":{"rendered":"Isispharma glyco-a cr\u00e8me de nuit"},"content":{"rendered":"","protected":false},"excerpt":{"rendered":"<p>\u00c0 la recherche d\u2019une solution tout-en-un pour\u00a0<strong>lisser<\/strong>\u00a0votre\u00a0<strong>grain de peau<\/strong>, r\u00e9duire vos\u00a0<strong>rides<\/strong>\u00a0et att\u00e9nuer vos\u00a0<strong>taches brunes<\/strong>\u00a0? Gr\u00e2ce \u00e0 l\u2019acide glycolique, la\u00a0<strong>cr\u00e8me peeling<\/strong>\u00a0superficiel\u00a0<strong>Glyco-A\u00ae<\/strong>\u00a0vous aide \u00e0 retrouver une\u00a0<strong>peau<\/strong>\u00a0unifi\u00e9e et lumineuse !<\/p>\n<p>L\u2019acide glycolique regorge en effet de nombreux atouts : il favorise notamment le<strong>\u00a0renouvellement cellulaire<\/strong>\u00a0et la production d\u2019\u00e9lastine et de\u00a0<strong>collag\u00e8ne<\/strong>, deux substances essentielles pour avoir une\u00a0<strong>peau<\/strong>\u00a0souple et \u00e9lastique. Parfait pour retrouver une\u00a0<strong>peau tonique<\/strong>\u00a0et gommer les<strong>\u00a0rides<\/strong>,\u00a0<strong>ridules<\/strong>\u00a0et autres petits signes de\u00a0<strong>vieillissement<\/strong>\u00a0! De plus, il soutient les m\u00e9canismes naturels d\u2019<strong>hydratation<\/strong>\u00a0de la\u00a0<strong>peau<\/strong>\u00a0et limite l\u2019apparition des points noirs gr\u00e2ce \u00e0 son action r\u00e9gulatrice sur la production de\u00a0<strong>s\u00e9bum<\/strong>.<\/p>\n","protected":false},"featured_media":17131,"comment_status":"open","ping_status":"closed","template":"","meta":[],"product_brand":[],"product_cat":[284,285],"product_tag":[],"class_list":{"0":"post-17051","1":"product","2":"type-product","3":"status-publish","4":"has-post-thumbnail","6":"product_cat-creme-peeling","7":"product_cat-vieillissement-cutane","9":"first","10":"instock","11":"shipping-taxable","12":"purchasable","13":"product-type-simple"},"yoast_head":"<!-- This site is optimized with the Yoast SEO plugin v23.0 - https:\/\/yoast.com\/wordpress\/plugins\/seo\/ -->\n<title>Isispharma glyco-a cr\u00e8me de nuit - pharmadreams<\/title>\n<meta name=\"robots\" content=\"index, follow, max-snippet:-1, max-image-preview:large, max-video-preview:-1\" \/>\n<link rel=\"canonical\" href=\"https:\/\/pharmadreams.shop\/index.php\/product\/isispharma-glyco-a-creme-de-nuit\/\" \/>\n<meta property=\"og:locale\" content=\"fr_FR\" \/>\n<meta property=\"og:type\" content=\"article\" \/>\n<meta property=\"og:title\" content=\"Isispharma glyco-a cr\u00e8me de nuit - pharmadreams\" \/>\n<meta property=\"og:description\" content=\"\u00c0 la recherche d\u2019une solution tout-en-un pour\u00a0lisser\u00a0votre\u00a0grain de peau, r\u00e9duire vos\u00a0rides\u00a0et att\u00e9nuer vos\u00a0taches brunes\u00a0? Gr\u00e2ce \u00e0 l\u2019acide glycolique, la\u00a0cr\u00e8me peeling\u00a0superficiel\u00a0Glyco-A\u00ae\u00a0vous aide \u00e0 retrouver une\u00a0peau\u00a0unifi\u00e9e et lumineuse !  L\u2019acide glycolique regorge en effet de nombreux atouts : il favorise notamment le\u00a0renouvellement cellulaire\u00a0et la production d\u2019\u00e9lastine et de\u00a0collag\u00e8ne, deux substances essentielles pour avoir une\u00a0peau\u00a0souple et \u00e9lastique. Parfait pour retrouver une\u00a0peau tonique\u00a0et gommer les\u00a0rides,\u00a0ridules\u00a0et autres petits signes de\u00a0vieillissement\u00a0! De plus, il soutient les m\u00e9canismes naturels d\u2019hydratation\u00a0de la\u00a0peau\u00a0et limite l\u2019apparition des points noirs gr\u00e2ce \u00e0 son action r\u00e9gulatrice sur la production de\u00a0s\u00e9bum.\" \/>\n<meta property=\"og:url\" content=\"https:\/\/pharmadreams.shop\/index.php\/product\/isispharma-glyco-a-creme-de-nuit\/\" \/>\n<meta property=\"og:site_name\" content=\"pharmadreams\" \/>\n<meta property=\"article:modified_time\" content=\"2023-12-19T18:42:36+00:00\" \/>\n<meta property=\"og:image\" content=\"https:\/\/pharmadreams.shop\/wp-content\/uploads\/2023\/12\/Sans-titre-90.png\" \/>\n\t<meta property=\"og:image:width\" content=\"696\" \/>\n\t<meta property=\"og:image:height\" content=\"720\" \/>\n\t<meta property=\"og:image:type\" content=\"image\/png\" \/>\n<meta name=\"twitter:card\" content=\"summary_large_image\" \/>\n<script type=\"application\/ld+json\" class=\"yoast-schema-graph\">{\"@context\":\"https:\/\/schema.org\",\"@graph\":[{\"@type\":\"WebPage\",\"@id\":\"https:\/\/pharmadreams.shop\/index.php\/product\/isispharma-glyco-a-creme-de-nuit\/\",\"url\":\"https:\/\/pharmadreams.shop\/index.php\/product\/isispharma-glyco-a-creme-de-nuit\/\",\"name\":\"Isispharma glyco-a cr\u00e8me de nuit - pharmadreams\",\"isPartOf\":{\"@id\":\"https:\/\/pharmadreams.shop\/#website\"},\"primaryImageOfPage\":{\"@id\":\"https:\/\/pharmadreams.shop\/index.php\/product\/isispharma-glyco-a-creme-de-nuit\/#primaryimage\"},\"image\":{\"@id\":\"https:\/\/pharmadreams.shop\/index.php\/product\/isispharma-glyco-a-creme-de-nuit\/#primaryimage\"},\"thumbnailUrl\":\"https:\/\/pharmadreams.shop\/wp-content\/uploads\/2023\/12\/Sans-titre-90.png\",\"datePublished\":\"2023-12-19T18:41:34+00:00\",\"dateModified\":\"2023-12-19T18:42:36+00:00\",\"breadcrumb\":{\"@id\":\"https:\/\/pharmadreams.shop\/index.php\/product\/isispharma-glyco-a-creme-de-nuit\/#breadcrumb\"},\"inLanguage\":\"fr-FR\",\"potentialAction\":[{\"@type\":\"ReadAction\",\"target\":[\"https:\/\/pharmadreams.shop\/index.php\/product\/isispharma-glyco-a-creme-de-nuit\/\"]}]},{\"@type\":\"ImageObject\",\"inLanguage\":\"fr-FR\",\"@id\":\"https:\/\/pharmadreams.shop\/index.php\/product\/isispharma-glyco-a-creme-de-nuit\/#primaryimage\",\"url\":\"https:\/\/pharmadreams.shop\/wp-content\/uploads\/2023\/12\/Sans-titre-90.png\",\"contentUrl\":\"https:\/\/pharmadreams.shop\/wp-content\/uploads\/2023\/12\/Sans-titre-90.png\",\"width\":696,\"height\":720},{\"@type\":\"BreadcrumbList\",\"@id\":\"https:\/\/pharmadreams.shop\/index.php\/product\/isispharma-glyco-a-creme-de-nuit\/#breadcrumb\",\"itemListElement\":[{\"@type\":\"ListItem\",\"position\":1,\"name\":\"Accueil\",\"item\":\"https:\/\/pharmadreams.shop\/\"},{\"@type\":\"ListItem\",\"position\":2,\"name\":\"Shop\",\"item\":\"https:\/\/pharmadreams.shop\/index.php\/shop\/\"},{\"@type\":\"ListItem\",\"position\":3,\"name\":\"Isispharma glyco-a cr\u00e8me de nuit\"}]},{\"@type\":\"WebSite\",\"@id\":\"https:\/\/pharmadreams.shop\/#website\",\"url\":\"https:\/\/pharmadreams.shop\/\",\"name\":\"pharmadreams\",\"description\":\"Parapharmacie en ligne\",\"potentialAction\":[{\"@type\":\"SearchAction\",\"target\":{\"@type\":\"EntryPoint\",\"urlTemplate\":\"https:\/\/pharmadreams.shop\/?s={search_term_string}\"},\"query-input\":\"required name=search_term_string\"}],\"inLanguage\":\"fr-FR\"}]}<\/script>\n<!-- \/ Yoast SEO plugin. -->","yoast_head_json":{"title":"Isispharma glyco-a cr\u00e8me de nuit - pharmadreams","robots":{"index":"index","follow":"follow","max-snippet":"max-snippet:-1","max-image-preview":"max-image-preview:large","max-video-preview":"max-video-preview:-1"},"canonical":"https:\/\/pharmadreams.shop\/index.php\/product\/isispharma-glyco-a-creme-de-nuit\/","og_locale":"fr_FR","og_type":"article","og_title":"Isispharma glyco-a cr\u00e8me de nuit - pharmadreams","og_description":"\u00c0 la recherche d\u2019une solution tout-en-un pour\u00a0lisser\u00a0votre\u00a0grain de peau, r\u00e9duire vos\u00a0rides\u00a0et att\u00e9nuer vos\u00a0taches brunes\u00a0? Gr\u00e2ce \u00e0 l\u2019acide glycolique, la\u00a0cr\u00e8me peeling\u00a0superficiel\u00a0Glyco-A\u00ae\u00a0vous aide \u00e0 retrouver une\u00a0peau\u00a0unifi\u00e9e et lumineuse !  L\u2019acide glycolique regorge en effet de nombreux atouts : il favorise notamment le\u00a0renouvellement cellulaire\u00a0et la production d\u2019\u00e9lastine et de\u00a0collag\u00e8ne, deux substances essentielles pour avoir une\u00a0peau\u00a0souple et \u00e9lastique. Parfait pour retrouver une\u00a0peau tonique\u00a0et gommer les\u00a0rides,\u00a0ridules\u00a0et autres petits signes de\u00a0vieillissement\u00a0! De plus, il soutient les m\u00e9canismes naturels d\u2019hydratation\u00a0de la\u00a0peau\u00a0et limite l\u2019apparition des points noirs gr\u00e2ce \u00e0 son action r\u00e9gulatrice sur la production de\u00a0s\u00e9bum.","og_url":"https:\/\/pharmadreams.shop\/index.php\/product\/isispharma-glyco-a-creme-de-nuit\/","og_site_name":"pharmadreams","article_modified_time":"2023-12-19T18:42:36+00:00","og_image":[{"width":696,"height":720,"url":"https:\/\/pharmadreams.shop\/wp-content\/uploads\/2023\/12\/Sans-titre-90.png","type":"image\/png"}],"twitter_card":"summary_large_image","schema":{"@context":"https:\/\/schema.org","@graph":[{"@type":"WebPage","@id":"https:\/\/pharmadreams.shop\/index.php\/product\/isispharma-glyco-a-creme-de-nuit\/","url":"https:\/\/pharmadreams.shop\/index.php\/product\/isispharma-glyco-a-creme-de-nuit\/","name":"Isispharma glyco-a cr\u00e8me de nuit - pharmadreams","isPartOf":{"@id":"https:\/\/pharmadreams.shop\/#website"},"primaryImageOfPage":{"@id":"https:\/\/pharmadreams.shop\/index.php\/product\/isispharma-glyco-a-creme-de-nuit\/#primaryimage"},"image":{"@id":"https:\/\/pharmadreams.shop\/index.php\/product\/isispharma-glyco-a-creme-de-nuit\/#primaryimage"},"thumbnailUrl":"https:\/\/pharmadreams.shop\/wp-content\/uploads\/2023\/12\/Sans-titre-90.png","datePublished":"2023-12-19T18:41:34+00:00","dateModified":"2023-12-19T18:42:36+00:00","breadcrumb":{"@id":"https:\/\/pharmadreams.shop\/index.php\/product\/isispharma-glyco-a-creme-de-nuit\/#breadcrumb"},"inLanguage":"fr-FR","potentialAction":[{"@type":"ReadAction","target":["https:\/\/pharmadreams.shop\/index.php\/product\/isispharma-glyco-a-creme-de-nuit\/"]}]},{"@type":"ImageObject","inLanguage":"fr-FR","@id":"https:\/\/pharmadreams.shop\/index.php\/product\/isispharma-glyco-a-creme-de-nuit\/#primaryimage","url":"https:\/\/pharmadreams.shop\/wp-content\/uploads\/2023\/12\/Sans-titre-90.png","contentUrl":"https:\/\/pharmadreams.shop\/wp-content\/uploads\/2023\/12\/Sans-titre-90.png","width":696,"height":720},{"@type":"BreadcrumbList","@id":"https:\/\/pharmadreams.shop\/index.php\/product\/isispharma-glyco-a-creme-de-nuit\/#breadcrumb","itemListElement":[{"@type":"ListItem","position":1,"name":"Accueil","item":"https:\/\/pharmadreams.shop\/"},{"@type":"ListItem","position":2,"name":"Shop","item":"https:\/\/pharmadreams.shop\/index.php\/shop\/"},{"@type":"ListItem","position":3,"name":"Isispharma glyco-a cr\u00e8me de nuit"}]},{"@type":"WebSite","@id":"https:\/\/pharmadreams.shop\/#website","url":"https:\/\/pharmadreams.shop\/","name":"pharmadreams","description":"Parapharmacie en ligne","potentialAction":[{"@type":"SearchAction","target":{"@type":"EntryPoint","urlTemplate":"https:\/\/pharmadreams.shop\/?s={search_term_string}"},"query-input":"required name=search_term_string"}],"inLanguage":"fr-FR"}]}},"_links":{"self":[{"href":"https:\/\/pharmadreams.shop\/index.php\/wp-json\/wp\/v2\/product\/17051","targetHints":{"allow":["GET"]}}],"collection":[{"href":"https:\/\/pharmadreams.shop\/index.php\/wp-json\/wp\/v2\/product"}],"about":[{"href":"https:\/\/pharmadreams.shop\/index.php\/wp-json\/wp\/v2\/types\/product"}],"replies":[{"embeddable":true,"href":"https:\/\/pharmadreams.shop\/index.php\/wp-json\/wp\/v2\/comments?post=17051"}],"version-history":[{"count":0,"href":"https:\/\/pharmadreams.shop\/index.php\/wp-json\/wp\/v2\/product\/17051\/revisions"}],"wp:featuredmedia":[{"embeddable":true,"href":"https:\/\/pharmadreams.shop\/index.php\/wp-json\/wp\/v2\/media\/17131"}],"wp:attachment":[{"href":"https:\/\/pharmadreams.shop\/index.php\/wp-json\/wp\/v2\/media?parent=17051"}],"wp:term":[{"taxonomy":"product_brand","embeddable":true,"href":"https:\/\/pharmadreams.shop\/index.php\/wp-json\/wp\/v2\/product_brand?post=17051"},{"taxonomy":"product_cat","embeddable":true,"href":"https:\/\/pharmadreams.shop\/index.php\/wp-json\/wp\/v2\/product_cat?post=17051"},{"taxonomy":"product_tag","embeddable":true,"href":"https:\/\/pharmadreams.shop\/index.php\/wp-json\/wp\/v2\/product_tag?post=17051"}],"curies":[{"name":"wp","href":"https:\/\/api.w.org\/{rel}","templated":true}]}}