{"id":17052,"date":"2023-12-19T19:41:34","date_gmt":"2023-12-19T18:41:34","guid":{"rendered":"https:\/\/venuspara.com\/?post_type=product&#038;p=17052"},"modified":"2023-12-19T19:42:38","modified_gmt":"2023-12-19T18:42:38","slug":"phytolys-serum-lissant-cheveux-cassants","status":"publish","type":"product","link":"https:\/\/pharmadreams.shop\/index.php\/product\/phytolys-serum-lissant-cheveux-cassants\/","title":{"rendered":"Phytolys s\u00e9rum lissant cheveux cassants"},"content":{"rendered":"","protected":false},"excerpt":{"rendered":"<p>PHYTOLYS s\u00e9rum lissant est un traitement anti-fourche.<\/p>\n<p>Compos\u00e9 d\u2019extraits de fruits, il prot\u00e8ge et lisse la cuticule.<\/p>\n<p>PHYTOLYS s\u00e9rum lissant adoucit les cheveux et les rends plus r\u00e9sistants aux agressions ext\u00e9rieures.<\/p>\n","protected":false},"featured_media":17133,"comment_status":"open","ping_status":"closed","template":"","meta":[],"product_brand":[],"product_cat":[53,94],"product_tag":[],"class_list":{"0":"post-17052","1":"product","2":"type-product","3":"status-publish","4":"has-post-thumbnail","6":"product_cat-cheveux","7":"product_cat-serum","9":"first","10":"instock","11":"shipping-taxable","12":"purchasable","13":"product-type-simple"},"yoast_head":"<!-- This site is optimized with the Yoast SEO plugin v23.0 - https:\/\/yoast.com\/wordpress\/plugins\/seo\/ -->\n<title>Phytolys s\u00e9rum lissant cheveux cassants - pharmadreams<\/title>\n<meta name=\"robots\" content=\"index, follow, max-snippet:-1, max-image-preview:large, max-video-preview:-1\" \/>\n<link rel=\"canonical\" href=\"https:\/\/pharmadreams.shop\/index.php\/product\/phytolys-serum-lissant-cheveux-cassants\/\" \/>\n<meta property=\"og:locale\" content=\"fr_FR\" \/>\n<meta property=\"og:type\" content=\"article\" \/>\n<meta property=\"og:title\" content=\"Phytolys s\u00e9rum lissant cheveux cassants - pharmadreams\" \/>\n<meta property=\"og:description\" content=\"PHYTOLYS s\u00e9rum lissant est un traitement anti-fourche.  Compos\u00e9 d\u2019extraits de fruits, il prot\u00e8ge et lisse la cuticule.  PHYTOLYS s\u00e9rum lissant adoucit les cheveux et les rends plus r\u00e9sistants aux agressions ext\u00e9rieures.\" \/>\n<meta property=\"og:url\" content=\"https:\/\/pharmadreams.shop\/index.php\/product\/phytolys-serum-lissant-cheveux-cassants\/\" \/>\n<meta property=\"og:site_name\" content=\"pharmadreams\" \/>\n<meta property=\"article:modified_time\" content=\"2023-12-19T18:42:38+00:00\" \/>\n<meta property=\"og:image\" content=\"https:\/\/pharmadreams.shop\/wp-content\/uploads\/2023\/12\/Sans-titre-91.png\" \/>\n\t<meta property=\"og:image:width\" content=\"724\" \/>\n\t<meta property=\"og:image:height\" content=\"744\" \/>\n\t<meta property=\"og:image:type\" content=\"image\/png\" \/>\n<meta name=\"twitter:card\" content=\"summary_large_image\" \/>\n<script type=\"application\/ld+json\" class=\"yoast-schema-graph\">{\"@context\":\"https:\/\/schema.org\",\"@graph\":[{\"@type\":\"WebPage\",\"@id\":\"https:\/\/pharmadreams.shop\/index.php\/product\/phytolys-serum-lissant-cheveux-cassants\/\",\"url\":\"https:\/\/pharmadreams.shop\/index.php\/product\/phytolys-serum-lissant-cheveux-cassants\/\",\"name\":\"Phytolys s\u00e9rum lissant cheveux cassants - pharmadreams\",\"isPartOf\":{\"@id\":\"https:\/\/pharmadreams.shop\/#website\"},\"primaryImageOfPage\":{\"@id\":\"https:\/\/pharmadreams.shop\/index.php\/product\/phytolys-serum-lissant-cheveux-cassants\/#primaryimage\"},\"image\":{\"@id\":\"https:\/\/pharmadreams.shop\/index.php\/product\/phytolys-serum-lissant-cheveux-cassants\/#primaryimage\"},\"thumbnailUrl\":\"https:\/\/pharmadreams.shop\/wp-content\/uploads\/2023\/12\/Sans-titre-91.png\",\"datePublished\":\"2023-12-19T18:41:34+00:00\",\"dateModified\":\"2023-12-19T18:42:38+00:00\",\"breadcrumb\":{\"@id\":\"https:\/\/pharmadreams.shop\/index.php\/product\/phytolys-serum-lissant-cheveux-cassants\/#breadcrumb\"},\"inLanguage\":\"fr-FR\",\"potentialAction\":[{\"@type\":\"ReadAction\",\"target\":[\"https:\/\/pharmadreams.shop\/index.php\/product\/phytolys-serum-lissant-cheveux-cassants\/\"]}]},{\"@type\":\"ImageObject\",\"inLanguage\":\"fr-FR\",\"@id\":\"https:\/\/pharmadreams.shop\/index.php\/product\/phytolys-serum-lissant-cheveux-cassants\/#primaryimage\",\"url\":\"https:\/\/pharmadreams.shop\/wp-content\/uploads\/2023\/12\/Sans-titre-91.png\",\"contentUrl\":\"https:\/\/pharmadreams.shop\/wp-content\/uploads\/2023\/12\/Sans-titre-91.png\",\"width\":724,\"height\":744},{\"@type\":\"BreadcrumbList\",\"@id\":\"https:\/\/pharmadreams.shop\/index.php\/product\/phytolys-serum-lissant-cheveux-cassants\/#breadcrumb\",\"itemListElement\":[{\"@type\":\"ListItem\",\"position\":1,\"name\":\"Accueil\",\"item\":\"https:\/\/pharmadreams.shop\/\"},{\"@type\":\"ListItem\",\"position\":2,\"name\":\"Shop\",\"item\":\"https:\/\/pharmadreams.shop\/index.php\/shop\/\"},{\"@type\":\"ListItem\",\"position\":3,\"name\":\"Phytolys s\u00e9rum lissant cheveux cassants\"}]},{\"@type\":\"WebSite\",\"@id\":\"https:\/\/pharmadreams.shop\/#website\",\"url\":\"https:\/\/pharmadreams.shop\/\",\"name\":\"pharmadreams\",\"description\":\"Parapharmacie en ligne\",\"potentialAction\":[{\"@type\":\"SearchAction\",\"target\":{\"@type\":\"EntryPoint\",\"urlTemplate\":\"https:\/\/pharmadreams.shop\/?s={search_term_string}\"},\"query-input\":\"required name=search_term_string\"}],\"inLanguage\":\"fr-FR\"}]}<\/script>\n<!-- \/ Yoast SEO plugin. -->","yoast_head_json":{"title":"Phytolys s\u00e9rum lissant cheveux cassants - pharmadreams","robots":{"index":"index","follow":"follow","max-snippet":"max-snippet:-1","max-image-preview":"max-image-preview:large","max-video-preview":"max-video-preview:-1"},"canonical":"https:\/\/pharmadreams.shop\/index.php\/product\/phytolys-serum-lissant-cheveux-cassants\/","og_locale":"fr_FR","og_type":"article","og_title":"Phytolys s\u00e9rum lissant cheveux cassants - pharmadreams","og_description":"PHYTOLYS s\u00e9rum lissant est un traitement anti-fourche.  Compos\u00e9 d\u2019extraits de fruits, il prot\u00e8ge et lisse la cuticule.  PHYTOLYS s\u00e9rum lissant adoucit les cheveux et les rends plus r\u00e9sistants aux agressions ext\u00e9rieures.","og_url":"https:\/\/pharmadreams.shop\/index.php\/product\/phytolys-serum-lissant-cheveux-cassants\/","og_site_name":"pharmadreams","article_modified_time":"2023-12-19T18:42:38+00:00","og_image":[{"width":724,"height":744,"url":"https:\/\/pharmadreams.shop\/wp-content\/uploads\/2023\/12\/Sans-titre-91.png","type":"image\/png"}],"twitter_card":"summary_large_image","schema":{"@context":"https:\/\/schema.org","@graph":[{"@type":"WebPage","@id":"https:\/\/pharmadreams.shop\/index.php\/product\/phytolys-serum-lissant-cheveux-cassants\/","url":"https:\/\/pharmadreams.shop\/index.php\/product\/phytolys-serum-lissant-cheveux-cassants\/","name":"Phytolys s\u00e9rum lissant cheveux cassants - pharmadreams","isPartOf":{"@id":"https:\/\/pharmadreams.shop\/#website"},"primaryImageOfPage":{"@id":"https:\/\/pharmadreams.shop\/index.php\/product\/phytolys-serum-lissant-cheveux-cassants\/#primaryimage"},"image":{"@id":"https:\/\/pharmadreams.shop\/index.php\/product\/phytolys-serum-lissant-cheveux-cassants\/#primaryimage"},"thumbnailUrl":"https:\/\/pharmadreams.shop\/wp-content\/uploads\/2023\/12\/Sans-titre-91.png","datePublished":"2023-12-19T18:41:34+00:00","dateModified":"2023-12-19T18:42:38+00:00","breadcrumb":{"@id":"https:\/\/pharmadreams.shop\/index.php\/product\/phytolys-serum-lissant-cheveux-cassants\/#breadcrumb"},"inLanguage":"fr-FR","potentialAction":[{"@type":"ReadAction","target":["https:\/\/pharmadreams.shop\/index.php\/product\/phytolys-serum-lissant-cheveux-cassants\/"]}]},{"@type":"ImageObject","inLanguage":"fr-FR","@id":"https:\/\/pharmadreams.shop\/index.php\/product\/phytolys-serum-lissant-cheveux-cassants\/#primaryimage","url":"https:\/\/pharmadreams.shop\/wp-content\/uploads\/2023\/12\/Sans-titre-91.png","contentUrl":"https:\/\/pharmadreams.shop\/wp-content\/uploads\/2023\/12\/Sans-titre-91.png","width":724,"height":744},{"@type":"BreadcrumbList","@id":"https:\/\/pharmadreams.shop\/index.php\/product\/phytolys-serum-lissant-cheveux-cassants\/#breadcrumb","itemListElement":[{"@type":"ListItem","position":1,"name":"Accueil","item":"https:\/\/pharmadreams.shop\/"},{"@type":"ListItem","position":2,"name":"Shop","item":"https:\/\/pharmadreams.shop\/index.php\/shop\/"},{"@type":"ListItem","position":3,"name":"Phytolys s\u00e9rum lissant cheveux cassants"}]},{"@type":"WebSite","@id":"https:\/\/pharmadreams.shop\/#website","url":"https:\/\/pharmadreams.shop\/","name":"pharmadreams","description":"Parapharmacie en ligne","potentialAction":[{"@type":"SearchAction","target":{"@type":"EntryPoint","urlTemplate":"https:\/\/pharmadreams.shop\/?s={search_term_string}"},"query-input":"required name=search_term_string"}],"inLanguage":"fr-FR"}]}},"_links":{"self":[{"href":"https:\/\/pharmadreams.shop\/index.php\/wp-json\/wp\/v2\/product\/17052","targetHints":{"allow":["GET"]}}],"collection":[{"href":"https:\/\/pharmadreams.shop\/index.php\/wp-json\/wp\/v2\/product"}],"about":[{"href":"https:\/\/pharmadreams.shop\/index.php\/wp-json\/wp\/v2\/types\/product"}],"replies":[{"embeddable":true,"href":"https:\/\/pharmadreams.shop\/index.php\/wp-json\/wp\/v2\/comments?post=17052"}],"version-history":[{"count":0,"href":"https:\/\/pharmadreams.shop\/index.php\/wp-json\/wp\/v2\/product\/17052\/revisions"}],"wp:featuredmedia":[{"embeddable":true,"href":"https:\/\/pharmadreams.shop\/index.php\/wp-json\/wp\/v2\/media\/17133"}],"wp:attachment":[{"href":"https:\/\/pharmadreams.shop\/index.php\/wp-json\/wp\/v2\/media?parent=17052"}],"wp:term":[{"taxonomy":"product_brand","embeddable":true,"href":"https:\/\/pharmadreams.shop\/index.php\/wp-json\/wp\/v2\/product_brand?post=17052"},{"taxonomy":"product_cat","embeddable":true,"href":"https:\/\/pharmadreams.shop\/index.php\/wp-json\/wp\/v2\/product_cat?post=17052"},{"taxonomy":"product_tag","embeddable":true,"href":"https:\/\/pharmadreams.shop\/index.php\/wp-json\/wp\/v2\/product_tag?post=17052"}],"curies":[{"name":"wp","href":"https:\/\/api.w.org\/{rel}","templated":true}]}}