{"id":17080,"date":"2023-12-19T19:41:57","date_gmt":"2023-12-19T18:41:57","guid":{"rendered":"https:\/\/venuspara.com\/?post_type=product&#038;p=17080"},"modified":"2023-12-19T19:42:40","modified_gmt":"2023-12-19T18:42:40","slug":"tolederm-control-soins-apaisant-40ml-uriage","status":"publish","type":"product","link":"https:\/\/pharmadreams.shop\/index.php\/product\/tolederm-control-soins-apaisant-40ml-uriage\/","title":{"rendered":"Tol\u00e9derm control soins apaisant &#8211; 40ml &#8211; URIAGE"},"content":{"rendered":"","protected":false},"excerpt":{"rendered":"<p>Dot\u00e9 d\u2019une formule minimaliste, <strong>Tol\u00e9derm CONTROL SOIN APAISANT<\/strong> est<strong> une cr\u00e8me a\u00e9rienne qui apaise instantan\u00e9ment, hydrate, prot\u00e8ge et offre un confort durable aux peaux sensibles<\/strong>, intol\u00e9rantes, hyper-r\u00e9actives et allergiques.<br \/>\nGr\u00e2ce \u00e0 sa formule aux 3 ingr\u00e9dients actifs d\u2019origine naturelle [Eau Thermale d\u2019Uriage + Polyuronides d\u2019Algues + Squalane V\u00e9g\u00e9tal], ce soin renforce la barri\u00e8re de la peau et augmente son seuil de tol\u00e9rance pour aider \u00e0 contr\u00f4ler les sensations d\u2019irritations, de picotements, d\u2019\u00e9chauffements et\/ou de tiraillements.<\/p>\n","protected":false},"featured_media":17137,"comment_status":"open","ping_status":"closed","template":"","meta":[],"product_brand":[],"product_cat":[194,81,20],"product_tag":[201,286,179],"class_list":{"0":"post-17080","1":"product","2":"type-product","3":"status-publish","4":"has-post-thumbnail","6":"product_cat-peaux-sensibles","7":"product_cat-soins-hydratants","8":"product_cat-visage","9":"product_tag-peaux-sensibles","10":"product_tag-soins-hydratants","11":"product_tag-visage","13":"first","14":"instock","15":"shipping-taxable","16":"purchasable","17":"product-type-simple"},"yoast_head":"<!-- This site is optimized with the Yoast SEO plugin v23.0 - https:\/\/yoast.com\/wordpress\/plugins\/seo\/ -->\n<title>Tol\u00e9derm control soins apaisant - 40ml - URIAGE - pharmadreams<\/title>\n<meta name=\"robots\" content=\"index, follow, max-snippet:-1, max-image-preview:large, max-video-preview:-1\" \/>\n<link rel=\"canonical\" href=\"https:\/\/pharmadreams.shop\/index.php\/product\/tolederm-control-soins-apaisant-40ml-uriage\/\" \/>\n<meta property=\"og:locale\" content=\"fr_FR\" \/>\n<meta property=\"og:type\" content=\"article\" \/>\n<meta property=\"og:title\" content=\"Tol\u00e9derm control soins apaisant - 40ml - URIAGE - pharmadreams\" \/>\n<meta property=\"og:description\" content=\"Dot\u00e9 d\u2019une formule minimaliste, Tol\u00e9derm CONTROL SOIN APAISANT est une cr\u00e8me a\u00e9rienne qui apaise instantan\u00e9ment, hydrate, prot\u00e8ge et offre un confort durable aux peaux sensibles, intol\u00e9rantes, hyper-r\u00e9actives et allergiques. Gr\u00e2ce \u00e0 sa formule aux 3 ingr\u00e9dients actifs d\u2019origine naturelle [Eau Thermale d\u2019Uriage + Polyuronides d\u2019Algues + Squalane V\u00e9g\u00e9tal], ce soin renforce la barri\u00e8re de la peau et augmente son seuil de tol\u00e9rance pour aider \u00e0 contr\u00f4ler les sensations d\u2019irritations, de picotements, d\u2019\u00e9chauffements et\/ou de tiraillements.\" \/>\n<meta property=\"og:url\" content=\"https:\/\/pharmadreams.shop\/index.php\/product\/tolederm-control-soins-apaisant-40ml-uriage\/\" \/>\n<meta property=\"og:site_name\" content=\"pharmadreams\" \/>\n<meta property=\"article:modified_time\" content=\"2023-12-19T18:42:40+00:00\" \/>\n<meta property=\"og:image\" content=\"https:\/\/pharmadreams.shop\/wp-content\/uploads\/2023\/12\/Tolederm-control-soins-apaisant-40ml-URIAGE-Apaise-la-peau.jpg\" \/>\n\t<meta property=\"og:image:width\" content=\"600\" \/>\n\t<meta property=\"og:image:height\" content=\"600\" \/>\n\t<meta property=\"og:image:type\" content=\"image\/jpeg\" \/>\n<meta name=\"twitter:card\" content=\"summary_large_image\" \/>\n<script type=\"application\/ld+json\" class=\"yoast-schema-graph\">{\"@context\":\"https:\/\/schema.org\",\"@graph\":[{\"@type\":\"WebPage\",\"@id\":\"https:\/\/pharmadreams.shop\/index.php\/product\/tolederm-control-soins-apaisant-40ml-uriage\/\",\"url\":\"https:\/\/pharmadreams.shop\/index.php\/product\/tolederm-control-soins-apaisant-40ml-uriage\/\",\"name\":\"Tol\u00e9derm control soins apaisant - 40ml - URIAGE - pharmadreams\",\"isPartOf\":{\"@id\":\"https:\/\/pharmadreams.shop\/#website\"},\"primaryImageOfPage\":{\"@id\":\"https:\/\/pharmadreams.shop\/index.php\/product\/tolederm-control-soins-apaisant-40ml-uriage\/#primaryimage\"},\"image\":{\"@id\":\"https:\/\/pharmadreams.shop\/index.php\/product\/tolederm-control-soins-apaisant-40ml-uriage\/#primaryimage\"},\"thumbnailUrl\":\"https:\/\/pharmadreams.shop\/wp-content\/uploads\/2023\/12\/Tolederm-control-soins-apaisant-40ml-URIAGE-Apaise-la-peau.jpg\",\"datePublished\":\"2023-12-19T18:41:57+00:00\",\"dateModified\":\"2023-12-19T18:42:40+00:00\",\"breadcrumb\":{\"@id\":\"https:\/\/pharmadreams.shop\/index.php\/product\/tolederm-control-soins-apaisant-40ml-uriage\/#breadcrumb\"},\"inLanguage\":\"fr-FR\",\"potentialAction\":[{\"@type\":\"ReadAction\",\"target\":[\"https:\/\/pharmadreams.shop\/index.php\/product\/tolederm-control-soins-apaisant-40ml-uriage\/\"]}]},{\"@type\":\"ImageObject\",\"inLanguage\":\"fr-FR\",\"@id\":\"https:\/\/pharmadreams.shop\/index.php\/product\/tolederm-control-soins-apaisant-40ml-uriage\/#primaryimage\",\"url\":\"https:\/\/pharmadreams.shop\/wp-content\/uploads\/2023\/12\/Tolederm-control-soins-apaisant-40ml-URIAGE-Apaise-la-peau.jpg\",\"contentUrl\":\"https:\/\/pharmadreams.shop\/wp-content\/uploads\/2023\/12\/Tolederm-control-soins-apaisant-40ml-URIAGE-Apaise-la-peau.jpg\",\"width\":600,\"height\":600},{\"@type\":\"BreadcrumbList\",\"@id\":\"https:\/\/pharmadreams.shop\/index.php\/product\/tolederm-control-soins-apaisant-40ml-uriage\/#breadcrumb\",\"itemListElement\":[{\"@type\":\"ListItem\",\"position\":1,\"name\":\"Accueil\",\"item\":\"https:\/\/pharmadreams.shop\/\"},{\"@type\":\"ListItem\",\"position\":2,\"name\":\"Shop\",\"item\":\"https:\/\/pharmadreams.shop\/index.php\/shop\/\"},{\"@type\":\"ListItem\",\"position\":3,\"name\":\"Tol\u00e9derm control soins apaisant &#8211; 40ml &#8211; URIAGE\"}]},{\"@type\":\"WebSite\",\"@id\":\"https:\/\/pharmadreams.shop\/#website\",\"url\":\"https:\/\/pharmadreams.shop\/\",\"name\":\"pharmadreams\",\"description\":\"Parapharmacie en ligne\",\"potentialAction\":[{\"@type\":\"SearchAction\",\"target\":{\"@type\":\"EntryPoint\",\"urlTemplate\":\"https:\/\/pharmadreams.shop\/?s={search_term_string}\"},\"query-input\":\"required name=search_term_string\"}],\"inLanguage\":\"fr-FR\"}]}<\/script>\n<!-- \/ Yoast SEO plugin. -->","yoast_head_json":{"title":"Tol\u00e9derm control soins apaisant - 40ml - URIAGE - pharmadreams","robots":{"index":"index","follow":"follow","max-snippet":"max-snippet:-1","max-image-preview":"max-image-preview:large","max-video-preview":"max-video-preview:-1"},"canonical":"https:\/\/pharmadreams.shop\/index.php\/product\/tolederm-control-soins-apaisant-40ml-uriage\/","og_locale":"fr_FR","og_type":"article","og_title":"Tol\u00e9derm control soins apaisant - 40ml - URIAGE - pharmadreams","og_description":"Dot\u00e9 d\u2019une formule minimaliste, Tol\u00e9derm CONTROL SOIN APAISANT est une cr\u00e8me a\u00e9rienne qui apaise instantan\u00e9ment, hydrate, prot\u00e8ge et offre un confort durable aux peaux sensibles, intol\u00e9rantes, hyper-r\u00e9actives et allergiques. Gr\u00e2ce \u00e0 sa formule aux 3 ingr\u00e9dients actifs d\u2019origine naturelle [Eau Thermale d\u2019Uriage + Polyuronides d\u2019Algues + Squalane V\u00e9g\u00e9tal], ce soin renforce la barri\u00e8re de la peau et augmente son seuil de tol\u00e9rance pour aider \u00e0 contr\u00f4ler les sensations d\u2019irritations, de picotements, d\u2019\u00e9chauffements et\/ou de tiraillements.","og_url":"https:\/\/pharmadreams.shop\/index.php\/product\/tolederm-control-soins-apaisant-40ml-uriage\/","og_site_name":"pharmadreams","article_modified_time":"2023-12-19T18:42:40+00:00","og_image":[{"width":600,"height":600,"url":"https:\/\/pharmadreams.shop\/wp-content\/uploads\/2023\/12\/Tolederm-control-soins-apaisant-40ml-URIAGE-Apaise-la-peau.jpg","type":"image\/jpeg"}],"twitter_card":"summary_large_image","schema":{"@context":"https:\/\/schema.org","@graph":[{"@type":"WebPage","@id":"https:\/\/pharmadreams.shop\/index.php\/product\/tolederm-control-soins-apaisant-40ml-uriage\/","url":"https:\/\/pharmadreams.shop\/index.php\/product\/tolederm-control-soins-apaisant-40ml-uriage\/","name":"Tol\u00e9derm control soins apaisant - 40ml - URIAGE - pharmadreams","isPartOf":{"@id":"https:\/\/pharmadreams.shop\/#website"},"primaryImageOfPage":{"@id":"https:\/\/pharmadreams.shop\/index.php\/product\/tolederm-control-soins-apaisant-40ml-uriage\/#primaryimage"},"image":{"@id":"https:\/\/pharmadreams.shop\/index.php\/product\/tolederm-control-soins-apaisant-40ml-uriage\/#primaryimage"},"thumbnailUrl":"https:\/\/pharmadreams.shop\/wp-content\/uploads\/2023\/12\/Tolederm-control-soins-apaisant-40ml-URIAGE-Apaise-la-peau.jpg","datePublished":"2023-12-19T18:41:57+00:00","dateModified":"2023-12-19T18:42:40+00:00","breadcrumb":{"@id":"https:\/\/pharmadreams.shop\/index.php\/product\/tolederm-control-soins-apaisant-40ml-uriage\/#breadcrumb"},"inLanguage":"fr-FR","potentialAction":[{"@type":"ReadAction","target":["https:\/\/pharmadreams.shop\/index.php\/product\/tolederm-control-soins-apaisant-40ml-uriage\/"]}]},{"@type":"ImageObject","inLanguage":"fr-FR","@id":"https:\/\/pharmadreams.shop\/index.php\/product\/tolederm-control-soins-apaisant-40ml-uriage\/#primaryimage","url":"https:\/\/pharmadreams.shop\/wp-content\/uploads\/2023\/12\/Tolederm-control-soins-apaisant-40ml-URIAGE-Apaise-la-peau.jpg","contentUrl":"https:\/\/pharmadreams.shop\/wp-content\/uploads\/2023\/12\/Tolederm-control-soins-apaisant-40ml-URIAGE-Apaise-la-peau.jpg","width":600,"height":600},{"@type":"BreadcrumbList","@id":"https:\/\/pharmadreams.shop\/index.php\/product\/tolederm-control-soins-apaisant-40ml-uriage\/#breadcrumb","itemListElement":[{"@type":"ListItem","position":1,"name":"Accueil","item":"https:\/\/pharmadreams.shop\/"},{"@type":"ListItem","position":2,"name":"Shop","item":"https:\/\/pharmadreams.shop\/index.php\/shop\/"},{"@type":"ListItem","position":3,"name":"Tol\u00e9derm control soins apaisant &#8211; 40ml &#8211; URIAGE"}]},{"@type":"WebSite","@id":"https:\/\/pharmadreams.shop\/#website","url":"https:\/\/pharmadreams.shop\/","name":"pharmadreams","description":"Parapharmacie en ligne","potentialAction":[{"@type":"SearchAction","target":{"@type":"EntryPoint","urlTemplate":"https:\/\/pharmadreams.shop\/?s={search_term_string}"},"query-input":"required name=search_term_string"}],"inLanguage":"fr-FR"}]}},"_links":{"self":[{"href":"https:\/\/pharmadreams.shop\/index.php\/wp-json\/wp\/v2\/product\/17080","targetHints":{"allow":["GET"]}}],"collection":[{"href":"https:\/\/pharmadreams.shop\/index.php\/wp-json\/wp\/v2\/product"}],"about":[{"href":"https:\/\/pharmadreams.shop\/index.php\/wp-json\/wp\/v2\/types\/product"}],"replies":[{"embeddable":true,"href":"https:\/\/pharmadreams.shop\/index.php\/wp-json\/wp\/v2\/comments?post=17080"}],"version-history":[{"count":0,"href":"https:\/\/pharmadreams.shop\/index.php\/wp-json\/wp\/v2\/product\/17080\/revisions"}],"wp:featuredmedia":[{"embeddable":true,"href":"https:\/\/pharmadreams.shop\/index.php\/wp-json\/wp\/v2\/media\/17137"}],"wp:attachment":[{"href":"https:\/\/pharmadreams.shop\/index.php\/wp-json\/wp\/v2\/media?parent=17080"}],"wp:term":[{"taxonomy":"product_brand","embeddable":true,"href":"https:\/\/pharmadreams.shop\/index.php\/wp-json\/wp\/v2\/product_brand?post=17080"},{"taxonomy":"product_cat","embeddable":true,"href":"https:\/\/pharmadreams.shop\/index.php\/wp-json\/wp\/v2\/product_cat?post=17080"},{"taxonomy":"product_tag","embeddable":true,"href":"https:\/\/pharmadreams.shop\/index.php\/wp-json\/wp\/v2\/product_tag?post=17080"}],"curies":[{"name":"wp","href":"https:\/\/api.w.org\/{rel}","templated":true}]}}