{"id":17081,"date":"2023-12-19T19:41:58","date_gmt":"2023-12-19T18:41:58","guid":{"rendered":"https:\/\/venuspara.com\/?post_type=product&#038;p=17081"},"modified":"2023-12-19T19:42:41","modified_gmt":"2023-12-19T18:42:41","slug":"roseliane-creme-anti-rougeurs-40ml-uriage","status":"publish","type":"product","link":"https:\/\/pharmadreams.shop\/index.php\/product\/roseliane-creme-anti-rougeurs-40ml-uriage\/","title":{"rendered":"Ros\u00e9liane cr\u00e8me anti-rougeurs &#8211; 40ml &#8211; Uriage"},"content":{"rendered":"","protected":false},"excerpt":{"rendered":"<p>Une cr\u00e8me onctueuse, fondante et non grasse qui apaise durablement les sensations d\u2019\u00e9chauffements et de tiraillements, restaure la barri\u00e8re d\u2019hydratation cutan\u00e9e pour mieux prot\u00e9ger la peau des agressions ext\u00e9rieures et diminue les rougeurs. Elle procure d\u00e8s l\u2019application un confort imm\u00e9diat, laisse la peau douce, parfaitement hydrat\u00e9e et apais\u00e9e.<\/p>\n","protected":false},"featured_media":17139,"comment_status":"open","ping_status":"closed","template":"","meta":[],"product_brand":[],"product_cat":[86,81,20],"product_tag":[287,286,179],"class_list":{"0":"post-17081","1":"product","2":"type-product","3":"status-publish","4":"has-post-thumbnail","6":"product_cat-peaux-sensibles-et-rougeurs","7":"product_cat-soins-hydratants","8":"product_cat-visage","9":"product_tag-peaux-sensibles-et-rougeurs","10":"product_tag-soins-hydratants","11":"product_tag-visage","13":"first","14":"instock","15":"shipping-taxable","16":"purchasable","17":"product-type-simple"},"yoast_head":"<!-- This site is optimized with the Yoast SEO plugin v23.0 - https:\/\/yoast.com\/wordpress\/plugins\/seo\/ -->\n<title>Ros\u00e9liane cr\u00e8me anti-rougeurs - 40ml - Uriage - pharmadreams<\/title>\n<meta name=\"robots\" content=\"index, follow, max-snippet:-1, max-image-preview:large, max-video-preview:-1\" \/>\n<link rel=\"canonical\" href=\"https:\/\/pharmadreams.shop\/index.php\/product\/roseliane-creme-anti-rougeurs-40ml-uriage\/\" \/>\n<meta property=\"og:locale\" content=\"fr_FR\" \/>\n<meta property=\"og:type\" content=\"article\" \/>\n<meta property=\"og:title\" content=\"Ros\u00e9liane cr\u00e8me anti-rougeurs - 40ml - Uriage - pharmadreams\" \/>\n<meta property=\"og:description\" content=\"Une cr\u00e8me onctueuse, fondante et non grasse qui apaise durablement les sensations d\u2019\u00e9chauffements et de tiraillements, restaure la barri\u00e8re d\u2019hydratation cutan\u00e9e pour mieux prot\u00e9ger la peau des agressions ext\u00e9rieures et diminue les rougeurs. Elle procure d\u00e8s l\u2019application un confort imm\u00e9diat, laisse la peau douce, parfaitement hydrat\u00e9e et apais\u00e9e.\" \/>\n<meta property=\"og:url\" content=\"https:\/\/pharmadreams.shop\/index.php\/product\/roseliane-creme-anti-rougeurs-40ml-uriage\/\" \/>\n<meta property=\"og:site_name\" content=\"pharmadreams\" \/>\n<meta property=\"article:modified_time\" content=\"2023-12-19T18:42:41+00:00\" \/>\n<meta property=\"og:image\" content=\"https:\/\/pharmadreams.shop\/wp-content\/uploads\/2023\/12\/Roseliane-creme-antirougeurs-40ml-Uriage-Hydratation-peau-1.jpg\" \/>\n\t<meta property=\"og:image:width\" content=\"600\" \/>\n\t<meta property=\"og:image:height\" content=\"600\" \/>\n\t<meta property=\"og:image:type\" content=\"image\/jpeg\" \/>\n<meta name=\"twitter:card\" content=\"summary_large_image\" \/>\n<script type=\"application\/ld+json\" class=\"yoast-schema-graph\">{\"@context\":\"https:\/\/schema.org\",\"@graph\":[{\"@type\":\"WebPage\",\"@id\":\"https:\/\/pharmadreams.shop\/index.php\/product\/roseliane-creme-anti-rougeurs-40ml-uriage\/\",\"url\":\"https:\/\/pharmadreams.shop\/index.php\/product\/roseliane-creme-anti-rougeurs-40ml-uriage\/\",\"name\":\"Ros\u00e9liane cr\u00e8me anti-rougeurs - 40ml - Uriage - pharmadreams\",\"isPartOf\":{\"@id\":\"https:\/\/pharmadreams.shop\/#website\"},\"primaryImageOfPage\":{\"@id\":\"https:\/\/pharmadreams.shop\/index.php\/product\/roseliane-creme-anti-rougeurs-40ml-uriage\/#primaryimage\"},\"image\":{\"@id\":\"https:\/\/pharmadreams.shop\/index.php\/product\/roseliane-creme-anti-rougeurs-40ml-uriage\/#primaryimage\"},\"thumbnailUrl\":\"https:\/\/pharmadreams.shop\/wp-content\/uploads\/2023\/12\/Roseliane-creme-antirougeurs-40ml-Uriage-Hydratation-peau-1.jpg\",\"datePublished\":\"2023-12-19T18:41:58+00:00\",\"dateModified\":\"2023-12-19T18:42:41+00:00\",\"breadcrumb\":{\"@id\":\"https:\/\/pharmadreams.shop\/index.php\/product\/roseliane-creme-anti-rougeurs-40ml-uriage\/#breadcrumb\"},\"inLanguage\":\"fr-FR\",\"potentialAction\":[{\"@type\":\"ReadAction\",\"target\":[\"https:\/\/pharmadreams.shop\/index.php\/product\/roseliane-creme-anti-rougeurs-40ml-uriage\/\"]}]},{\"@type\":\"ImageObject\",\"inLanguage\":\"fr-FR\",\"@id\":\"https:\/\/pharmadreams.shop\/index.php\/product\/roseliane-creme-anti-rougeurs-40ml-uriage\/#primaryimage\",\"url\":\"https:\/\/pharmadreams.shop\/wp-content\/uploads\/2023\/12\/Roseliane-creme-antirougeurs-40ml-Uriage-Hydratation-peau-1.jpg\",\"contentUrl\":\"https:\/\/pharmadreams.shop\/wp-content\/uploads\/2023\/12\/Roseliane-creme-antirougeurs-40ml-Uriage-Hydratation-peau-1.jpg\",\"width\":600,\"height\":600},{\"@type\":\"BreadcrumbList\",\"@id\":\"https:\/\/pharmadreams.shop\/index.php\/product\/roseliane-creme-anti-rougeurs-40ml-uriage\/#breadcrumb\",\"itemListElement\":[{\"@type\":\"ListItem\",\"position\":1,\"name\":\"Accueil\",\"item\":\"https:\/\/pharmadreams.shop\/\"},{\"@type\":\"ListItem\",\"position\":2,\"name\":\"Shop\",\"item\":\"https:\/\/pharmadreams.shop\/index.php\/shop\/\"},{\"@type\":\"ListItem\",\"position\":3,\"name\":\"Ros\u00e9liane cr\u00e8me anti-rougeurs &#8211; 40ml &#8211; Uriage\"}]},{\"@type\":\"WebSite\",\"@id\":\"https:\/\/pharmadreams.shop\/#website\",\"url\":\"https:\/\/pharmadreams.shop\/\",\"name\":\"pharmadreams\",\"description\":\"Parapharmacie en ligne\",\"potentialAction\":[{\"@type\":\"SearchAction\",\"target\":{\"@type\":\"EntryPoint\",\"urlTemplate\":\"https:\/\/pharmadreams.shop\/?s={search_term_string}\"},\"query-input\":\"required name=search_term_string\"}],\"inLanguage\":\"fr-FR\"}]}<\/script>\n<!-- \/ Yoast SEO plugin. -->","yoast_head_json":{"title":"Ros\u00e9liane cr\u00e8me anti-rougeurs - 40ml - Uriage - pharmadreams","robots":{"index":"index","follow":"follow","max-snippet":"max-snippet:-1","max-image-preview":"max-image-preview:large","max-video-preview":"max-video-preview:-1"},"canonical":"https:\/\/pharmadreams.shop\/index.php\/product\/roseliane-creme-anti-rougeurs-40ml-uriage\/","og_locale":"fr_FR","og_type":"article","og_title":"Ros\u00e9liane cr\u00e8me anti-rougeurs - 40ml - Uriage - pharmadreams","og_description":"Une cr\u00e8me onctueuse, fondante et non grasse qui apaise durablement les sensations d\u2019\u00e9chauffements et de tiraillements, restaure la barri\u00e8re d\u2019hydratation cutan\u00e9e pour mieux prot\u00e9ger la peau des agressions ext\u00e9rieures et diminue les rougeurs. Elle procure d\u00e8s l\u2019application un confort imm\u00e9diat, laisse la peau douce, parfaitement hydrat\u00e9e et apais\u00e9e.","og_url":"https:\/\/pharmadreams.shop\/index.php\/product\/roseliane-creme-anti-rougeurs-40ml-uriage\/","og_site_name":"pharmadreams","article_modified_time":"2023-12-19T18:42:41+00:00","og_image":[{"width":600,"height":600,"url":"https:\/\/pharmadreams.shop\/wp-content\/uploads\/2023\/12\/Roseliane-creme-antirougeurs-40ml-Uriage-Hydratation-peau-1.jpg","type":"image\/jpeg"}],"twitter_card":"summary_large_image","schema":{"@context":"https:\/\/schema.org","@graph":[{"@type":"WebPage","@id":"https:\/\/pharmadreams.shop\/index.php\/product\/roseliane-creme-anti-rougeurs-40ml-uriage\/","url":"https:\/\/pharmadreams.shop\/index.php\/product\/roseliane-creme-anti-rougeurs-40ml-uriage\/","name":"Ros\u00e9liane cr\u00e8me anti-rougeurs - 40ml - Uriage - pharmadreams","isPartOf":{"@id":"https:\/\/pharmadreams.shop\/#website"},"primaryImageOfPage":{"@id":"https:\/\/pharmadreams.shop\/index.php\/product\/roseliane-creme-anti-rougeurs-40ml-uriage\/#primaryimage"},"image":{"@id":"https:\/\/pharmadreams.shop\/index.php\/product\/roseliane-creme-anti-rougeurs-40ml-uriage\/#primaryimage"},"thumbnailUrl":"https:\/\/pharmadreams.shop\/wp-content\/uploads\/2023\/12\/Roseliane-creme-antirougeurs-40ml-Uriage-Hydratation-peau-1.jpg","datePublished":"2023-12-19T18:41:58+00:00","dateModified":"2023-12-19T18:42:41+00:00","breadcrumb":{"@id":"https:\/\/pharmadreams.shop\/index.php\/product\/roseliane-creme-anti-rougeurs-40ml-uriage\/#breadcrumb"},"inLanguage":"fr-FR","potentialAction":[{"@type":"ReadAction","target":["https:\/\/pharmadreams.shop\/index.php\/product\/roseliane-creme-anti-rougeurs-40ml-uriage\/"]}]},{"@type":"ImageObject","inLanguage":"fr-FR","@id":"https:\/\/pharmadreams.shop\/index.php\/product\/roseliane-creme-anti-rougeurs-40ml-uriage\/#primaryimage","url":"https:\/\/pharmadreams.shop\/wp-content\/uploads\/2023\/12\/Roseliane-creme-antirougeurs-40ml-Uriage-Hydratation-peau-1.jpg","contentUrl":"https:\/\/pharmadreams.shop\/wp-content\/uploads\/2023\/12\/Roseliane-creme-antirougeurs-40ml-Uriage-Hydratation-peau-1.jpg","width":600,"height":600},{"@type":"BreadcrumbList","@id":"https:\/\/pharmadreams.shop\/index.php\/product\/roseliane-creme-anti-rougeurs-40ml-uriage\/#breadcrumb","itemListElement":[{"@type":"ListItem","position":1,"name":"Accueil","item":"https:\/\/pharmadreams.shop\/"},{"@type":"ListItem","position":2,"name":"Shop","item":"https:\/\/pharmadreams.shop\/index.php\/shop\/"},{"@type":"ListItem","position":3,"name":"Ros\u00e9liane cr\u00e8me anti-rougeurs &#8211; 40ml &#8211; Uriage"}]},{"@type":"WebSite","@id":"https:\/\/pharmadreams.shop\/#website","url":"https:\/\/pharmadreams.shop\/","name":"pharmadreams","description":"Parapharmacie en ligne","potentialAction":[{"@type":"SearchAction","target":{"@type":"EntryPoint","urlTemplate":"https:\/\/pharmadreams.shop\/?s={search_term_string}"},"query-input":"required name=search_term_string"}],"inLanguage":"fr-FR"}]}},"_links":{"self":[{"href":"https:\/\/pharmadreams.shop\/index.php\/wp-json\/wp\/v2\/product\/17081","targetHints":{"allow":["GET"]}}],"collection":[{"href":"https:\/\/pharmadreams.shop\/index.php\/wp-json\/wp\/v2\/product"}],"about":[{"href":"https:\/\/pharmadreams.shop\/index.php\/wp-json\/wp\/v2\/types\/product"}],"replies":[{"embeddable":true,"href":"https:\/\/pharmadreams.shop\/index.php\/wp-json\/wp\/v2\/comments?post=17081"}],"version-history":[{"count":0,"href":"https:\/\/pharmadreams.shop\/index.php\/wp-json\/wp\/v2\/product\/17081\/revisions"}],"wp:featuredmedia":[{"embeddable":true,"href":"https:\/\/pharmadreams.shop\/index.php\/wp-json\/wp\/v2\/media\/17139"}],"wp:attachment":[{"href":"https:\/\/pharmadreams.shop\/index.php\/wp-json\/wp\/v2\/media?parent=17081"}],"wp:term":[{"taxonomy":"product_brand","embeddable":true,"href":"https:\/\/pharmadreams.shop\/index.php\/wp-json\/wp\/v2\/product_brand?post=17081"},{"taxonomy":"product_cat","embeddable":true,"href":"https:\/\/pharmadreams.shop\/index.php\/wp-json\/wp\/v2\/product_cat?post=17081"},{"taxonomy":"product_tag","embeddable":true,"href":"https:\/\/pharmadreams.shop\/index.php\/wp-json\/wp\/v2\/product_tag?post=17081"}],"curies":[{"name":"wp","href":"https:\/\/api.w.org\/{rel}","templated":true}]}}