{"id":17082,"date":"2023-12-19T19:41:58","date_gmt":"2023-12-19T18:41:58","guid":{"rendered":"https:\/\/venuspara.com\/?post_type=product&#038;p=17082"},"modified":"2023-12-19T19:42:42","modified_gmt":"2023-12-19T18:42:42","slug":"lotion-micellaire-eclat-500-ml-laino","status":"publish","type":"product","link":"https:\/\/pharmadreams.shop\/index.php\/product\/lotion-micellaire-eclat-500-ml-laino\/","title":{"rendered":"lotion micellaire \u00e9clat -500 ml- LAINO"},"content":{"rendered":"","protected":false},"excerpt":{"rendered":"<p>Gr\u00e2ce aux extraits de\u00a0<strong>th\u00e9 blanc<\/strong>, la\u00a0<strong>Lotion Micellaire Eclat Haute Tol\u00e9rance<\/strong>\u00a0nettoie en douceur le\u00a0<strong>visage<\/strong>\u00a0et les\u00a0<strong>yeux<\/strong>\u00a0et \u00e9limine le maquillage r\u00e9sistant \u00e0 l\u2019eau.<br \/>\nVotre visage est\u00a0<strong>parfaitement d\u00e9maquill\u00e9<\/strong>, votre peau\u00a0<strong>apais\u00e9e<\/strong>\u00a0et l\u2019\u00e9clat de votre teint\u00a0<strong>r\u00e9veill\u00e9<\/strong>.<\/p>\n","protected":false},"featured_media":17141,"comment_status":"open","ping_status":"closed","template":"","meta":[],"product_brand":[],"product_cat":[191,20],"product_tag":[192,179],"class_list":{"0":"post-17082","1":"product","2":"type-product","3":"status-publish","4":"has-post-thumbnail","6":"product_cat-nettoyant-et-demaquillant","7":"product_cat-visage","8":"product_tag-nettoyant-et-demaquillant","9":"product_tag-visage","11":"first","12":"instock","13":"shipping-taxable","14":"purchasable","15":"product-type-simple"},"yoast_head":"<!-- This site is optimized with the Yoast SEO plugin v23.0 - https:\/\/yoast.com\/wordpress\/plugins\/seo\/ -->\n<title>lotion micellaire \u00e9clat -500 ml- LAINO - pharmadreams<\/title>\n<meta name=\"robots\" content=\"index, follow, max-snippet:-1, max-image-preview:large, max-video-preview:-1\" \/>\n<link rel=\"canonical\" href=\"https:\/\/pharmadreams.shop\/index.php\/product\/lotion-micellaire-eclat-500-ml-laino\/\" \/>\n<meta property=\"og:locale\" content=\"fr_FR\" \/>\n<meta property=\"og:type\" content=\"article\" \/>\n<meta property=\"og:title\" content=\"lotion micellaire \u00e9clat -500 ml- LAINO - pharmadreams\" \/>\n<meta property=\"og:description\" content=\"Gr\u00e2ce aux extraits de\u00a0th\u00e9 blanc, la\u00a0Lotion Micellaire Eclat Haute Tol\u00e9rance\u00a0nettoie en douceur le\u00a0visage\u00a0et les\u00a0yeux\u00a0et \u00e9limine le maquillage r\u00e9sistant \u00e0 l\u2019eau. Votre visage est\u00a0parfaitement d\u00e9maquill\u00e9, votre peau\u00a0apais\u00e9e\u00a0et l\u2019\u00e9clat de votre teint\u00a0r\u00e9veill\u00e9.\" \/>\n<meta property=\"og:url\" content=\"https:\/\/pharmadreams.shop\/index.php\/product\/lotion-micellaire-eclat-500-ml-laino\/\" \/>\n<meta property=\"og:site_name\" content=\"pharmadreams\" \/>\n<meta property=\"article:modified_time\" content=\"2023-12-19T18:42:42+00:00\" \/>\n<meta property=\"og:image\" content=\"https:\/\/pharmadreams.shop\/wp-content\/uploads\/2023\/12\/Lotion-micellaire-eclat-500ml-LAINO-Apaise-la-peau.jpeg\" \/>\n\t<meta property=\"og:image:width\" content=\"768\" \/>\n\t<meta property=\"og:image:height\" content=\"768\" \/>\n\t<meta property=\"og:image:type\" content=\"image\/jpeg\" \/>\n<meta name=\"twitter:card\" content=\"summary_large_image\" \/>\n<script type=\"application\/ld+json\" class=\"yoast-schema-graph\">{\"@context\":\"https:\/\/schema.org\",\"@graph\":[{\"@type\":\"WebPage\",\"@id\":\"https:\/\/pharmadreams.shop\/index.php\/product\/lotion-micellaire-eclat-500-ml-laino\/\",\"url\":\"https:\/\/pharmadreams.shop\/index.php\/product\/lotion-micellaire-eclat-500-ml-laino\/\",\"name\":\"lotion micellaire \u00e9clat -500 ml- LAINO - pharmadreams\",\"isPartOf\":{\"@id\":\"https:\/\/pharmadreams.shop\/#website\"},\"primaryImageOfPage\":{\"@id\":\"https:\/\/pharmadreams.shop\/index.php\/product\/lotion-micellaire-eclat-500-ml-laino\/#primaryimage\"},\"image\":{\"@id\":\"https:\/\/pharmadreams.shop\/index.php\/product\/lotion-micellaire-eclat-500-ml-laino\/#primaryimage\"},\"thumbnailUrl\":\"https:\/\/pharmadreams.shop\/wp-content\/uploads\/2023\/12\/Lotion-micellaire-eclat-500ml-LAINO-Apaise-la-peau.jpeg\",\"datePublished\":\"2023-12-19T18:41:58+00:00\",\"dateModified\":\"2023-12-19T18:42:42+00:00\",\"breadcrumb\":{\"@id\":\"https:\/\/pharmadreams.shop\/index.php\/product\/lotion-micellaire-eclat-500-ml-laino\/#breadcrumb\"},\"inLanguage\":\"fr-FR\",\"potentialAction\":[{\"@type\":\"ReadAction\",\"target\":[\"https:\/\/pharmadreams.shop\/index.php\/product\/lotion-micellaire-eclat-500-ml-laino\/\"]}]},{\"@type\":\"ImageObject\",\"inLanguage\":\"fr-FR\",\"@id\":\"https:\/\/pharmadreams.shop\/index.php\/product\/lotion-micellaire-eclat-500-ml-laino\/#primaryimage\",\"url\":\"https:\/\/pharmadreams.shop\/wp-content\/uploads\/2023\/12\/Lotion-micellaire-eclat-500ml-LAINO-Apaise-la-peau.jpeg\",\"contentUrl\":\"https:\/\/pharmadreams.shop\/wp-content\/uploads\/2023\/12\/Lotion-micellaire-eclat-500ml-LAINO-Apaise-la-peau.jpeg\",\"width\":768,\"height\":768},{\"@type\":\"BreadcrumbList\",\"@id\":\"https:\/\/pharmadreams.shop\/index.php\/product\/lotion-micellaire-eclat-500-ml-laino\/#breadcrumb\",\"itemListElement\":[{\"@type\":\"ListItem\",\"position\":1,\"name\":\"Accueil\",\"item\":\"https:\/\/pharmadreams.shop\/\"},{\"@type\":\"ListItem\",\"position\":2,\"name\":\"Shop\",\"item\":\"https:\/\/pharmadreams.shop\/index.php\/shop\/\"},{\"@type\":\"ListItem\",\"position\":3,\"name\":\"lotion micellaire \u00e9clat -500 ml- LAINO\"}]},{\"@type\":\"WebSite\",\"@id\":\"https:\/\/pharmadreams.shop\/#website\",\"url\":\"https:\/\/pharmadreams.shop\/\",\"name\":\"pharmadreams\",\"description\":\"Parapharmacie en ligne\",\"potentialAction\":[{\"@type\":\"SearchAction\",\"target\":{\"@type\":\"EntryPoint\",\"urlTemplate\":\"https:\/\/pharmadreams.shop\/?s={search_term_string}\"},\"query-input\":\"required name=search_term_string\"}],\"inLanguage\":\"fr-FR\"}]}<\/script>\n<!-- \/ Yoast SEO plugin. -->","yoast_head_json":{"title":"lotion micellaire \u00e9clat -500 ml- LAINO - pharmadreams","robots":{"index":"index","follow":"follow","max-snippet":"max-snippet:-1","max-image-preview":"max-image-preview:large","max-video-preview":"max-video-preview:-1"},"canonical":"https:\/\/pharmadreams.shop\/index.php\/product\/lotion-micellaire-eclat-500-ml-laino\/","og_locale":"fr_FR","og_type":"article","og_title":"lotion micellaire \u00e9clat -500 ml- LAINO - pharmadreams","og_description":"Gr\u00e2ce aux extraits de\u00a0th\u00e9 blanc, la\u00a0Lotion Micellaire Eclat Haute Tol\u00e9rance\u00a0nettoie en douceur le\u00a0visage\u00a0et les\u00a0yeux\u00a0et \u00e9limine le maquillage r\u00e9sistant \u00e0 l\u2019eau. Votre visage est\u00a0parfaitement d\u00e9maquill\u00e9, votre peau\u00a0apais\u00e9e\u00a0et l\u2019\u00e9clat de votre teint\u00a0r\u00e9veill\u00e9.","og_url":"https:\/\/pharmadreams.shop\/index.php\/product\/lotion-micellaire-eclat-500-ml-laino\/","og_site_name":"pharmadreams","article_modified_time":"2023-12-19T18:42:42+00:00","og_image":[{"width":768,"height":768,"url":"https:\/\/pharmadreams.shop\/wp-content\/uploads\/2023\/12\/Lotion-micellaire-eclat-500ml-LAINO-Apaise-la-peau.jpeg","type":"image\/jpeg"}],"twitter_card":"summary_large_image","schema":{"@context":"https:\/\/schema.org","@graph":[{"@type":"WebPage","@id":"https:\/\/pharmadreams.shop\/index.php\/product\/lotion-micellaire-eclat-500-ml-laino\/","url":"https:\/\/pharmadreams.shop\/index.php\/product\/lotion-micellaire-eclat-500-ml-laino\/","name":"lotion micellaire \u00e9clat -500 ml- LAINO - pharmadreams","isPartOf":{"@id":"https:\/\/pharmadreams.shop\/#website"},"primaryImageOfPage":{"@id":"https:\/\/pharmadreams.shop\/index.php\/product\/lotion-micellaire-eclat-500-ml-laino\/#primaryimage"},"image":{"@id":"https:\/\/pharmadreams.shop\/index.php\/product\/lotion-micellaire-eclat-500-ml-laino\/#primaryimage"},"thumbnailUrl":"https:\/\/pharmadreams.shop\/wp-content\/uploads\/2023\/12\/Lotion-micellaire-eclat-500ml-LAINO-Apaise-la-peau.jpeg","datePublished":"2023-12-19T18:41:58+00:00","dateModified":"2023-12-19T18:42:42+00:00","breadcrumb":{"@id":"https:\/\/pharmadreams.shop\/index.php\/product\/lotion-micellaire-eclat-500-ml-laino\/#breadcrumb"},"inLanguage":"fr-FR","potentialAction":[{"@type":"ReadAction","target":["https:\/\/pharmadreams.shop\/index.php\/product\/lotion-micellaire-eclat-500-ml-laino\/"]}]},{"@type":"ImageObject","inLanguage":"fr-FR","@id":"https:\/\/pharmadreams.shop\/index.php\/product\/lotion-micellaire-eclat-500-ml-laino\/#primaryimage","url":"https:\/\/pharmadreams.shop\/wp-content\/uploads\/2023\/12\/Lotion-micellaire-eclat-500ml-LAINO-Apaise-la-peau.jpeg","contentUrl":"https:\/\/pharmadreams.shop\/wp-content\/uploads\/2023\/12\/Lotion-micellaire-eclat-500ml-LAINO-Apaise-la-peau.jpeg","width":768,"height":768},{"@type":"BreadcrumbList","@id":"https:\/\/pharmadreams.shop\/index.php\/product\/lotion-micellaire-eclat-500-ml-laino\/#breadcrumb","itemListElement":[{"@type":"ListItem","position":1,"name":"Accueil","item":"https:\/\/pharmadreams.shop\/"},{"@type":"ListItem","position":2,"name":"Shop","item":"https:\/\/pharmadreams.shop\/index.php\/shop\/"},{"@type":"ListItem","position":3,"name":"lotion micellaire \u00e9clat -500 ml- LAINO"}]},{"@type":"WebSite","@id":"https:\/\/pharmadreams.shop\/#website","url":"https:\/\/pharmadreams.shop\/","name":"pharmadreams","description":"Parapharmacie en ligne","potentialAction":[{"@type":"SearchAction","target":{"@type":"EntryPoint","urlTemplate":"https:\/\/pharmadreams.shop\/?s={search_term_string}"},"query-input":"required name=search_term_string"}],"inLanguage":"fr-FR"}]}},"_links":{"self":[{"href":"https:\/\/pharmadreams.shop\/index.php\/wp-json\/wp\/v2\/product\/17082","targetHints":{"allow":["GET"]}}],"collection":[{"href":"https:\/\/pharmadreams.shop\/index.php\/wp-json\/wp\/v2\/product"}],"about":[{"href":"https:\/\/pharmadreams.shop\/index.php\/wp-json\/wp\/v2\/types\/product"}],"replies":[{"embeddable":true,"href":"https:\/\/pharmadreams.shop\/index.php\/wp-json\/wp\/v2\/comments?post=17082"}],"version-history":[{"count":0,"href":"https:\/\/pharmadreams.shop\/index.php\/wp-json\/wp\/v2\/product\/17082\/revisions"}],"wp:featuredmedia":[{"embeddable":true,"href":"https:\/\/pharmadreams.shop\/index.php\/wp-json\/wp\/v2\/media\/17141"}],"wp:attachment":[{"href":"https:\/\/pharmadreams.shop\/index.php\/wp-json\/wp\/v2\/media?parent=17082"}],"wp:term":[{"taxonomy":"product_brand","embeddable":true,"href":"https:\/\/pharmadreams.shop\/index.php\/wp-json\/wp\/v2\/product_brand?post=17082"},{"taxonomy":"product_cat","embeddable":true,"href":"https:\/\/pharmadreams.shop\/index.php\/wp-json\/wp\/v2\/product_cat?post=17082"},{"taxonomy":"product_tag","embeddable":true,"href":"https:\/\/pharmadreams.shop\/index.php\/wp-json\/wp\/v2\/product_tag?post=17082"}],"curies":[{"name":"wp","href":"https:\/\/api.w.org\/{rel}","templated":true}]}}