{"id":17083,"date":"2023-12-19T19:41:58","date_gmt":"2023-12-19T18:41:58","guid":{"rendered":"https:\/\/venuspara.com\/?post_type=product&#038;p=17083"},"modified":"2023-12-19T19:42:44","modified_gmt":"2023-12-19T18:42:44","slug":"desinfectant-multi-usage-peroxyde-500ml-septanil","status":"publish","type":"product","link":"https:\/\/pharmadreams.shop\/index.php\/product\/desinfectant-multi-usage-peroxyde-500ml-septanil\/","title":{"rendered":"D\u00e9sinfectant multi-usage peroxyde &#8211; 500ml &#8211; Septanil"},"content":{"rendered":"","protected":false},"excerpt":{"rendered":"<p>D\u00e9sinfectant anti bact\u00e9rien 100% biod\u00e9gradable utilisable \u00e0 domicile, H\u00f4pitaux, cliniques, infirmeries, postes de soin, cabinets des m\u00e9decins,\u00a0 h\u00f4tels, restaurants, garderie des enfants, hospices\u2026<br \/>\nCe spray pr\u00eat \u00e0 l\u2019emploi d\u00e9sinfecte efficacement toutes les surfaces (sols, murs, plafonds, ascenseurs, portes\u2026) et les dispositifs m\u00e9dicaux non invasifs.<br \/>\nCe spray est pr\u00eat \u00e0 l\u2019emploi et s\u2019utilise sans rin\u00e7age sur toutes les surfaces<\/p>\n","protected":false},"featured_media":17143,"comment_status":"open","ping_status":"closed","template":"","meta":[],"product_brand":[],"product_cat":[288,289],"product_tag":[290,291],"class_list":{"0":"post-17083","1":"product","2":"type-product","3":"status-publish","4":"has-post-thumbnail","6":"product_cat-desinfectant","7":"product_cat-hygiene","8":"product_tag-desinfectant","9":"product_tag-hygiene","11":"first","12":"instock","13":"shipping-taxable","14":"purchasable","15":"product-type-simple"},"yoast_head":"<!-- This site is optimized with the Yoast SEO plugin v23.0 - https:\/\/yoast.com\/wordpress\/plugins\/seo\/ -->\n<title>D\u00e9sinfectant multi-usage peroxyde - 500ml - Septanil - pharmadreams<\/title>\n<meta name=\"robots\" content=\"index, follow, max-snippet:-1, max-image-preview:large, max-video-preview:-1\" \/>\n<link rel=\"canonical\" href=\"https:\/\/pharmadreams.shop\/index.php\/product\/desinfectant-multi-usage-peroxyde-500ml-septanil\/\" \/>\n<meta property=\"og:locale\" content=\"fr_FR\" \/>\n<meta property=\"og:type\" content=\"article\" \/>\n<meta property=\"og:title\" content=\"D\u00e9sinfectant multi-usage peroxyde - 500ml - Septanil - pharmadreams\" \/>\n<meta property=\"og:description\" content=\"D\u00e9sinfectant anti bact\u00e9rien 100% biod\u00e9gradable utilisable \u00e0 domicile, H\u00f4pitaux, cliniques, infirmeries, postes de soin, cabinets des m\u00e9decins,\u00a0 h\u00f4tels, restaurants, garderie des enfants, hospices\u2026 Ce spray pr\u00eat \u00e0 l\u2019emploi d\u00e9sinfecte efficacement toutes les surfaces (sols, murs, plafonds, ascenseurs, portes\u2026) et les dispositifs m\u00e9dicaux non invasifs. Ce spray est pr\u00eat \u00e0 l\u2019emploi et s\u2019utilise sans rin\u00e7age sur toutes les surfaces\" \/>\n<meta property=\"og:url\" content=\"https:\/\/pharmadreams.shop\/index.php\/product\/desinfectant-multi-usage-peroxyde-500ml-septanil\/\" \/>\n<meta property=\"og:site_name\" content=\"pharmadreams\" \/>\n<meta property=\"article:modified_time\" content=\"2023-12-19T18:42:44+00:00\" \/>\n<meta property=\"og:image\" content=\"https:\/\/pharmadreams.shop\/wp-content\/uploads\/2023\/12\/Desinfectant-multi-usage-peroxyde-500ml-Septanil.jpg\" \/>\n\t<meta property=\"og:image:width\" content=\"500\" \/>\n\t<meta property=\"og:image:height\" content=\"500\" \/>\n\t<meta property=\"og:image:type\" content=\"image\/jpeg\" \/>\n<meta name=\"twitter:card\" content=\"summary_large_image\" \/>\n<script type=\"application\/ld+json\" class=\"yoast-schema-graph\">{\"@context\":\"https:\/\/schema.org\",\"@graph\":[{\"@type\":\"WebPage\",\"@id\":\"https:\/\/pharmadreams.shop\/index.php\/product\/desinfectant-multi-usage-peroxyde-500ml-septanil\/\",\"url\":\"https:\/\/pharmadreams.shop\/index.php\/product\/desinfectant-multi-usage-peroxyde-500ml-septanil\/\",\"name\":\"D\u00e9sinfectant multi-usage peroxyde - 500ml - Septanil - pharmadreams\",\"isPartOf\":{\"@id\":\"https:\/\/pharmadreams.shop\/#website\"},\"primaryImageOfPage\":{\"@id\":\"https:\/\/pharmadreams.shop\/index.php\/product\/desinfectant-multi-usage-peroxyde-500ml-septanil\/#primaryimage\"},\"image\":{\"@id\":\"https:\/\/pharmadreams.shop\/index.php\/product\/desinfectant-multi-usage-peroxyde-500ml-septanil\/#primaryimage\"},\"thumbnailUrl\":\"https:\/\/pharmadreams.shop\/wp-content\/uploads\/2023\/12\/Desinfectant-multi-usage-peroxyde-500ml-Septanil.jpg\",\"datePublished\":\"2023-12-19T18:41:58+00:00\",\"dateModified\":\"2023-12-19T18:42:44+00:00\",\"breadcrumb\":{\"@id\":\"https:\/\/pharmadreams.shop\/index.php\/product\/desinfectant-multi-usage-peroxyde-500ml-septanil\/#breadcrumb\"},\"inLanguage\":\"fr-FR\",\"potentialAction\":[{\"@type\":\"ReadAction\",\"target\":[\"https:\/\/pharmadreams.shop\/index.php\/product\/desinfectant-multi-usage-peroxyde-500ml-septanil\/\"]}]},{\"@type\":\"ImageObject\",\"inLanguage\":\"fr-FR\",\"@id\":\"https:\/\/pharmadreams.shop\/index.php\/product\/desinfectant-multi-usage-peroxyde-500ml-septanil\/#primaryimage\",\"url\":\"https:\/\/pharmadreams.shop\/wp-content\/uploads\/2023\/12\/Desinfectant-multi-usage-peroxyde-500ml-Septanil.jpg\",\"contentUrl\":\"https:\/\/pharmadreams.shop\/wp-content\/uploads\/2023\/12\/Desinfectant-multi-usage-peroxyde-500ml-Septanil.jpg\",\"width\":500,\"height\":500},{\"@type\":\"BreadcrumbList\",\"@id\":\"https:\/\/pharmadreams.shop\/index.php\/product\/desinfectant-multi-usage-peroxyde-500ml-septanil\/#breadcrumb\",\"itemListElement\":[{\"@type\":\"ListItem\",\"position\":1,\"name\":\"Accueil\",\"item\":\"https:\/\/pharmadreams.shop\/\"},{\"@type\":\"ListItem\",\"position\":2,\"name\":\"Shop\",\"item\":\"https:\/\/pharmadreams.shop\/index.php\/shop\/\"},{\"@type\":\"ListItem\",\"position\":3,\"name\":\"D\u00e9sinfectant multi-usage peroxyde &#8211; 500ml &#8211; Septanil\"}]},{\"@type\":\"WebSite\",\"@id\":\"https:\/\/pharmadreams.shop\/#website\",\"url\":\"https:\/\/pharmadreams.shop\/\",\"name\":\"pharmadreams\",\"description\":\"Parapharmacie en ligne\",\"potentialAction\":[{\"@type\":\"SearchAction\",\"target\":{\"@type\":\"EntryPoint\",\"urlTemplate\":\"https:\/\/pharmadreams.shop\/?s={search_term_string}\"},\"query-input\":\"required name=search_term_string\"}],\"inLanguage\":\"fr-FR\"}]}<\/script>\n<!-- \/ Yoast SEO plugin. -->","yoast_head_json":{"title":"D\u00e9sinfectant multi-usage peroxyde - 500ml - Septanil - pharmadreams","robots":{"index":"index","follow":"follow","max-snippet":"max-snippet:-1","max-image-preview":"max-image-preview:large","max-video-preview":"max-video-preview:-1"},"canonical":"https:\/\/pharmadreams.shop\/index.php\/product\/desinfectant-multi-usage-peroxyde-500ml-septanil\/","og_locale":"fr_FR","og_type":"article","og_title":"D\u00e9sinfectant multi-usage peroxyde - 500ml - Septanil - pharmadreams","og_description":"D\u00e9sinfectant anti bact\u00e9rien 100% biod\u00e9gradable utilisable \u00e0 domicile, H\u00f4pitaux, cliniques, infirmeries, postes de soin, cabinets des m\u00e9decins,\u00a0 h\u00f4tels, restaurants, garderie des enfants, hospices\u2026 Ce spray pr\u00eat \u00e0 l\u2019emploi d\u00e9sinfecte efficacement toutes les surfaces (sols, murs, plafonds, ascenseurs, portes\u2026) et les dispositifs m\u00e9dicaux non invasifs. Ce spray est pr\u00eat \u00e0 l\u2019emploi et s\u2019utilise sans rin\u00e7age sur toutes les surfaces","og_url":"https:\/\/pharmadreams.shop\/index.php\/product\/desinfectant-multi-usage-peroxyde-500ml-septanil\/","og_site_name":"pharmadreams","article_modified_time":"2023-12-19T18:42:44+00:00","og_image":[{"width":500,"height":500,"url":"https:\/\/pharmadreams.shop\/wp-content\/uploads\/2023\/12\/Desinfectant-multi-usage-peroxyde-500ml-Septanil.jpg","type":"image\/jpeg"}],"twitter_card":"summary_large_image","schema":{"@context":"https:\/\/schema.org","@graph":[{"@type":"WebPage","@id":"https:\/\/pharmadreams.shop\/index.php\/product\/desinfectant-multi-usage-peroxyde-500ml-septanil\/","url":"https:\/\/pharmadreams.shop\/index.php\/product\/desinfectant-multi-usage-peroxyde-500ml-septanil\/","name":"D\u00e9sinfectant multi-usage peroxyde - 500ml - Septanil - pharmadreams","isPartOf":{"@id":"https:\/\/pharmadreams.shop\/#website"},"primaryImageOfPage":{"@id":"https:\/\/pharmadreams.shop\/index.php\/product\/desinfectant-multi-usage-peroxyde-500ml-septanil\/#primaryimage"},"image":{"@id":"https:\/\/pharmadreams.shop\/index.php\/product\/desinfectant-multi-usage-peroxyde-500ml-septanil\/#primaryimage"},"thumbnailUrl":"https:\/\/pharmadreams.shop\/wp-content\/uploads\/2023\/12\/Desinfectant-multi-usage-peroxyde-500ml-Septanil.jpg","datePublished":"2023-12-19T18:41:58+00:00","dateModified":"2023-12-19T18:42:44+00:00","breadcrumb":{"@id":"https:\/\/pharmadreams.shop\/index.php\/product\/desinfectant-multi-usage-peroxyde-500ml-septanil\/#breadcrumb"},"inLanguage":"fr-FR","potentialAction":[{"@type":"ReadAction","target":["https:\/\/pharmadreams.shop\/index.php\/product\/desinfectant-multi-usage-peroxyde-500ml-septanil\/"]}]},{"@type":"ImageObject","inLanguage":"fr-FR","@id":"https:\/\/pharmadreams.shop\/index.php\/product\/desinfectant-multi-usage-peroxyde-500ml-septanil\/#primaryimage","url":"https:\/\/pharmadreams.shop\/wp-content\/uploads\/2023\/12\/Desinfectant-multi-usage-peroxyde-500ml-Septanil.jpg","contentUrl":"https:\/\/pharmadreams.shop\/wp-content\/uploads\/2023\/12\/Desinfectant-multi-usage-peroxyde-500ml-Septanil.jpg","width":500,"height":500},{"@type":"BreadcrumbList","@id":"https:\/\/pharmadreams.shop\/index.php\/product\/desinfectant-multi-usage-peroxyde-500ml-septanil\/#breadcrumb","itemListElement":[{"@type":"ListItem","position":1,"name":"Accueil","item":"https:\/\/pharmadreams.shop\/"},{"@type":"ListItem","position":2,"name":"Shop","item":"https:\/\/pharmadreams.shop\/index.php\/shop\/"},{"@type":"ListItem","position":3,"name":"D\u00e9sinfectant multi-usage peroxyde &#8211; 500ml &#8211; Septanil"}]},{"@type":"WebSite","@id":"https:\/\/pharmadreams.shop\/#website","url":"https:\/\/pharmadreams.shop\/","name":"pharmadreams","description":"Parapharmacie en ligne","potentialAction":[{"@type":"SearchAction","target":{"@type":"EntryPoint","urlTemplate":"https:\/\/pharmadreams.shop\/?s={search_term_string}"},"query-input":"required name=search_term_string"}],"inLanguage":"fr-FR"}]}},"_links":{"self":[{"href":"https:\/\/pharmadreams.shop\/index.php\/wp-json\/wp\/v2\/product\/17083","targetHints":{"allow":["GET"]}}],"collection":[{"href":"https:\/\/pharmadreams.shop\/index.php\/wp-json\/wp\/v2\/product"}],"about":[{"href":"https:\/\/pharmadreams.shop\/index.php\/wp-json\/wp\/v2\/types\/product"}],"replies":[{"embeddable":true,"href":"https:\/\/pharmadreams.shop\/index.php\/wp-json\/wp\/v2\/comments?post=17083"}],"version-history":[{"count":0,"href":"https:\/\/pharmadreams.shop\/index.php\/wp-json\/wp\/v2\/product\/17083\/revisions"}],"wp:featuredmedia":[{"embeddable":true,"href":"https:\/\/pharmadreams.shop\/index.php\/wp-json\/wp\/v2\/media\/17143"}],"wp:attachment":[{"href":"https:\/\/pharmadreams.shop\/index.php\/wp-json\/wp\/v2\/media?parent=17083"}],"wp:term":[{"taxonomy":"product_brand","embeddable":true,"href":"https:\/\/pharmadreams.shop\/index.php\/wp-json\/wp\/v2\/product_brand?post=17083"},{"taxonomy":"product_cat","embeddable":true,"href":"https:\/\/pharmadreams.shop\/index.php\/wp-json\/wp\/v2\/product_cat?post=17083"},{"taxonomy":"product_tag","embeddable":true,"href":"https:\/\/pharmadreams.shop\/index.php\/wp-json\/wp\/v2\/product_tag?post=17083"}],"curies":[{"name":"wp","href":"https:\/\/api.w.org\/{rel}","templated":true}]}}