{"id":17086,"date":"2023-12-19T19:41:59","date_gmt":"2023-12-19T18:41:59","guid":{"rendered":"https:\/\/venuspara.com\/?post_type=product&#038;p=17086"},"modified":"2023-12-19T19:42:53","modified_gmt":"2023-12-19T18:42:53","slug":"spray-moussant-desinfectant-500ml-septanil","status":"publish","type":"product","link":"https:\/\/pharmadreams.shop\/index.php\/product\/spray-moussant-desinfectant-500ml-septanil\/","title":{"rendered":"Spray moussant d\u00e9sinfectant &#8211; 500ml &#8211; Septanil"},"content":{"rendered":"","protected":false},"excerpt":{"rendered":"<p style=\"font-weight: 400;\">Ce spray Permet le nettoyage et la d\u00e9sinfection de toutes les surfaces et tous vos \u00e9quipements et dispositifs en une seule op\u00e9ration (plan de travail, paillasses, bureau, fauteuils, t\u00e9l\u00e9phones, chariots, etc\u2026)<br \/>\nSpray moussant, laisse une odeur menthol\u00e9 l\u00e9g\u00e8re. Il tue toutes les surfaces en \u00e9liminant 99.99 % des bact\u00e9ries.<\/p>\n","protected":false},"featured_media":17161,"comment_status":"open","ping_status":"closed","template":"","meta":[],"product_brand":[],"product_cat":[288,289,263],"product_tag":[290,291,296],"class_list":{"0":"post-17086","1":"product","2":"type-product","3":"status-publish","4":"has-post-thumbnail","6":"product_cat-desinfectant","7":"product_cat-hygiene","8":"product_cat-spray","9":"product_tag-desinfectant","10":"product_tag-hygiene","11":"product_tag-spray","13":"first","14":"instock","15":"shipping-taxable","16":"purchasable","17":"product-type-simple"},"yoast_head":"<!-- This site is optimized with the Yoast SEO plugin v23.0 - https:\/\/yoast.com\/wordpress\/plugins\/seo\/ -->\n<title>Spray moussant d\u00e9sinfectant - 500ml - Septanil - pharmadreams<\/title>\n<meta name=\"robots\" content=\"index, follow, max-snippet:-1, max-image-preview:large, max-video-preview:-1\" \/>\n<link rel=\"canonical\" href=\"https:\/\/pharmadreams.shop\/index.php\/product\/spray-moussant-desinfectant-500ml-septanil\/\" \/>\n<meta property=\"og:locale\" content=\"fr_FR\" \/>\n<meta property=\"og:type\" content=\"article\" \/>\n<meta property=\"og:title\" content=\"Spray moussant d\u00e9sinfectant - 500ml - Septanil - pharmadreams\" \/>\n<meta property=\"og:description\" content=\"Ce spray Permet le nettoyage et la d\u00e9sinfection de toutes les surfaces et tous vos \u00e9quipements et dispositifs en une seule op\u00e9ration (plan de travail, paillasses, bureau, fauteuils, t\u00e9l\u00e9phones, chariots, etc\u2026) Spray moussant, laisse une odeur menthol\u00e9 l\u00e9g\u00e8re. Il tue toutes les surfaces en \u00e9liminant 99.99 % des bact\u00e9ries.\" \/>\n<meta property=\"og:url\" content=\"https:\/\/pharmadreams.shop\/index.php\/product\/spray-moussant-desinfectant-500ml-septanil\/\" \/>\n<meta property=\"og:site_name\" content=\"pharmadreams\" \/>\n<meta property=\"article:modified_time\" content=\"2023-12-19T18:42:53+00:00\" \/>\n<meta property=\"og:image\" content=\"https:\/\/pharmadreams.shop\/wp-content\/uploads\/2023\/12\/Spray-moussant-desinfectant-Septanil-500ml.png\" \/>\n\t<meta property=\"og:image:width\" content=\"570\" \/>\n\t<meta property=\"og:image:height\" content=\"570\" \/>\n\t<meta property=\"og:image:type\" content=\"image\/png\" \/>\n<meta name=\"twitter:card\" content=\"summary_large_image\" \/>\n<script type=\"application\/ld+json\" class=\"yoast-schema-graph\">{\"@context\":\"https:\/\/schema.org\",\"@graph\":[{\"@type\":\"WebPage\",\"@id\":\"https:\/\/pharmadreams.shop\/index.php\/product\/spray-moussant-desinfectant-500ml-septanil\/\",\"url\":\"https:\/\/pharmadreams.shop\/index.php\/product\/spray-moussant-desinfectant-500ml-septanil\/\",\"name\":\"Spray moussant d\u00e9sinfectant - 500ml - Septanil - pharmadreams\",\"isPartOf\":{\"@id\":\"https:\/\/pharmadreams.shop\/#website\"},\"primaryImageOfPage\":{\"@id\":\"https:\/\/pharmadreams.shop\/index.php\/product\/spray-moussant-desinfectant-500ml-septanil\/#primaryimage\"},\"image\":{\"@id\":\"https:\/\/pharmadreams.shop\/index.php\/product\/spray-moussant-desinfectant-500ml-septanil\/#primaryimage\"},\"thumbnailUrl\":\"https:\/\/pharmadreams.shop\/wp-content\/uploads\/2023\/12\/Spray-moussant-desinfectant-Septanil-500ml.png\",\"datePublished\":\"2023-12-19T18:41:59+00:00\",\"dateModified\":\"2023-12-19T18:42:53+00:00\",\"breadcrumb\":{\"@id\":\"https:\/\/pharmadreams.shop\/index.php\/product\/spray-moussant-desinfectant-500ml-septanil\/#breadcrumb\"},\"inLanguage\":\"fr-FR\",\"potentialAction\":[{\"@type\":\"ReadAction\",\"target\":[\"https:\/\/pharmadreams.shop\/index.php\/product\/spray-moussant-desinfectant-500ml-septanil\/\"]}]},{\"@type\":\"ImageObject\",\"inLanguage\":\"fr-FR\",\"@id\":\"https:\/\/pharmadreams.shop\/index.php\/product\/spray-moussant-desinfectant-500ml-septanil\/#primaryimage\",\"url\":\"https:\/\/pharmadreams.shop\/wp-content\/uploads\/2023\/12\/Spray-moussant-desinfectant-Septanil-500ml.png\",\"contentUrl\":\"https:\/\/pharmadreams.shop\/wp-content\/uploads\/2023\/12\/Spray-moussant-desinfectant-Septanil-500ml.png\",\"width\":570,\"height\":570},{\"@type\":\"BreadcrumbList\",\"@id\":\"https:\/\/pharmadreams.shop\/index.php\/product\/spray-moussant-desinfectant-500ml-septanil\/#breadcrumb\",\"itemListElement\":[{\"@type\":\"ListItem\",\"position\":1,\"name\":\"Accueil\",\"item\":\"https:\/\/pharmadreams.shop\/\"},{\"@type\":\"ListItem\",\"position\":2,\"name\":\"Shop\",\"item\":\"https:\/\/pharmadreams.shop\/index.php\/shop\/\"},{\"@type\":\"ListItem\",\"position\":3,\"name\":\"Spray moussant d\u00e9sinfectant &#8211; 500ml &#8211; Septanil\"}]},{\"@type\":\"WebSite\",\"@id\":\"https:\/\/pharmadreams.shop\/#website\",\"url\":\"https:\/\/pharmadreams.shop\/\",\"name\":\"pharmadreams\",\"description\":\"Parapharmacie en ligne\",\"potentialAction\":[{\"@type\":\"SearchAction\",\"target\":{\"@type\":\"EntryPoint\",\"urlTemplate\":\"https:\/\/pharmadreams.shop\/?s={search_term_string}\"},\"query-input\":\"required name=search_term_string\"}],\"inLanguage\":\"fr-FR\"}]}<\/script>\n<!-- \/ Yoast SEO plugin. -->","yoast_head_json":{"title":"Spray moussant d\u00e9sinfectant - 500ml - Septanil - pharmadreams","robots":{"index":"index","follow":"follow","max-snippet":"max-snippet:-1","max-image-preview":"max-image-preview:large","max-video-preview":"max-video-preview:-1"},"canonical":"https:\/\/pharmadreams.shop\/index.php\/product\/spray-moussant-desinfectant-500ml-septanil\/","og_locale":"fr_FR","og_type":"article","og_title":"Spray moussant d\u00e9sinfectant - 500ml - Septanil - pharmadreams","og_description":"Ce spray Permet le nettoyage et la d\u00e9sinfection de toutes les surfaces et tous vos \u00e9quipements et dispositifs en une seule op\u00e9ration (plan de travail, paillasses, bureau, fauteuils, t\u00e9l\u00e9phones, chariots, etc\u2026) Spray moussant, laisse une odeur menthol\u00e9 l\u00e9g\u00e8re. Il tue toutes les surfaces en \u00e9liminant 99.99 % des bact\u00e9ries.","og_url":"https:\/\/pharmadreams.shop\/index.php\/product\/spray-moussant-desinfectant-500ml-septanil\/","og_site_name":"pharmadreams","article_modified_time":"2023-12-19T18:42:53+00:00","og_image":[{"width":570,"height":570,"url":"https:\/\/pharmadreams.shop\/wp-content\/uploads\/2023\/12\/Spray-moussant-desinfectant-Septanil-500ml.png","type":"image\/png"}],"twitter_card":"summary_large_image","schema":{"@context":"https:\/\/schema.org","@graph":[{"@type":"WebPage","@id":"https:\/\/pharmadreams.shop\/index.php\/product\/spray-moussant-desinfectant-500ml-septanil\/","url":"https:\/\/pharmadreams.shop\/index.php\/product\/spray-moussant-desinfectant-500ml-septanil\/","name":"Spray moussant d\u00e9sinfectant - 500ml - Septanil - pharmadreams","isPartOf":{"@id":"https:\/\/pharmadreams.shop\/#website"},"primaryImageOfPage":{"@id":"https:\/\/pharmadreams.shop\/index.php\/product\/spray-moussant-desinfectant-500ml-septanil\/#primaryimage"},"image":{"@id":"https:\/\/pharmadreams.shop\/index.php\/product\/spray-moussant-desinfectant-500ml-septanil\/#primaryimage"},"thumbnailUrl":"https:\/\/pharmadreams.shop\/wp-content\/uploads\/2023\/12\/Spray-moussant-desinfectant-Septanil-500ml.png","datePublished":"2023-12-19T18:41:59+00:00","dateModified":"2023-12-19T18:42:53+00:00","breadcrumb":{"@id":"https:\/\/pharmadreams.shop\/index.php\/product\/spray-moussant-desinfectant-500ml-septanil\/#breadcrumb"},"inLanguage":"fr-FR","potentialAction":[{"@type":"ReadAction","target":["https:\/\/pharmadreams.shop\/index.php\/product\/spray-moussant-desinfectant-500ml-septanil\/"]}]},{"@type":"ImageObject","inLanguage":"fr-FR","@id":"https:\/\/pharmadreams.shop\/index.php\/product\/spray-moussant-desinfectant-500ml-septanil\/#primaryimage","url":"https:\/\/pharmadreams.shop\/wp-content\/uploads\/2023\/12\/Spray-moussant-desinfectant-Septanil-500ml.png","contentUrl":"https:\/\/pharmadreams.shop\/wp-content\/uploads\/2023\/12\/Spray-moussant-desinfectant-Septanil-500ml.png","width":570,"height":570},{"@type":"BreadcrumbList","@id":"https:\/\/pharmadreams.shop\/index.php\/product\/spray-moussant-desinfectant-500ml-septanil\/#breadcrumb","itemListElement":[{"@type":"ListItem","position":1,"name":"Accueil","item":"https:\/\/pharmadreams.shop\/"},{"@type":"ListItem","position":2,"name":"Shop","item":"https:\/\/pharmadreams.shop\/index.php\/shop\/"},{"@type":"ListItem","position":3,"name":"Spray moussant d\u00e9sinfectant &#8211; 500ml &#8211; Septanil"}]},{"@type":"WebSite","@id":"https:\/\/pharmadreams.shop\/#website","url":"https:\/\/pharmadreams.shop\/","name":"pharmadreams","description":"Parapharmacie en ligne","potentialAction":[{"@type":"SearchAction","target":{"@type":"EntryPoint","urlTemplate":"https:\/\/pharmadreams.shop\/?s={search_term_string}"},"query-input":"required name=search_term_string"}],"inLanguage":"fr-FR"}]}},"_links":{"self":[{"href":"https:\/\/pharmadreams.shop\/index.php\/wp-json\/wp\/v2\/product\/17086","targetHints":{"allow":["GET"]}}],"collection":[{"href":"https:\/\/pharmadreams.shop\/index.php\/wp-json\/wp\/v2\/product"}],"about":[{"href":"https:\/\/pharmadreams.shop\/index.php\/wp-json\/wp\/v2\/types\/product"}],"replies":[{"embeddable":true,"href":"https:\/\/pharmadreams.shop\/index.php\/wp-json\/wp\/v2\/comments?post=17086"}],"version-history":[{"count":0,"href":"https:\/\/pharmadreams.shop\/index.php\/wp-json\/wp\/v2\/product\/17086\/revisions"}],"wp:featuredmedia":[{"embeddable":true,"href":"https:\/\/pharmadreams.shop\/index.php\/wp-json\/wp\/v2\/media\/17161"}],"wp:attachment":[{"href":"https:\/\/pharmadreams.shop\/index.php\/wp-json\/wp\/v2\/media?parent=17086"}],"wp:term":[{"taxonomy":"product_brand","embeddable":true,"href":"https:\/\/pharmadreams.shop\/index.php\/wp-json\/wp\/v2\/product_brand?post=17086"},{"taxonomy":"product_cat","embeddable":true,"href":"https:\/\/pharmadreams.shop\/index.php\/wp-json\/wp\/v2\/product_cat?post=17086"},{"taxonomy":"product_tag","embeddable":true,"href":"https:\/\/pharmadreams.shop\/index.php\/wp-json\/wp\/v2\/product_tag?post=17086"}],"curies":[{"name":"wp","href":"https:\/\/api.w.org\/{rel}","templated":true}]}}