{"id":17089,"date":"2023-12-19T19:41:59","date_gmt":"2023-12-19T18:41:59","guid":{"rendered":"https:\/\/venuspara.com\/?post_type=product&#038;p=17089"},"modified":"2023-12-19T19:42:57","modified_gmt":"2023-12-19T18:42:57","slug":"gelee-moussante-peau-nette-150g-novexpert","status":"publish","type":"product","link":"https:\/\/pharmadreams.shop\/index.php\/product\/gelee-moussante-peau-nette-150g-novexpert\/","title":{"rendered":"Gel\u00e9e moussante peau nette &#8211; 150g &#8211; Novexpert"},"content":{"rendered":"","protected":false},"excerpt":{"rendered":"<p>Un nettoyant\u00a0<strong>anti-pollution<\/strong>\u00a0peut-il \u00eatre un v\u00e9ritable soin\u00a0<strong>anti-imperfections<\/strong>\u00a0? Les \u00e9tudes cliniques le d\u00e9montrent de fa\u00e7on incontestable pour\u00a0cette\u00a0Gel\u00e9e Moussante :<br \/>\n99,8% des polluants \u00e9limin\u00e9s<br \/>\n-30% d\u2019imperfections apr\u00e8s 28 jours<\/p>\n","protected":false},"featured_media":17167,"comment_status":"open","ping_status":"closed","template":"","meta":[],"product_brand":[],"product_cat":[299,162,172],"product_tag":[300,229,178],"class_list":{"0":"post-17089","1":"product","2":"type-product","3":"status-publish","4":"has-post-thumbnail","6":"product_cat-gelee-moussante","7":"product_cat-peaux-mixtes","8":"product_cat-soins-peau-grasse-et-anti-acneique","9":"product_tag-gelee-moussante","10":"product_tag-peaux-mixtes","11":"product_tag-soins-peau-grasse-et-anti-acneique","13":"first","14":"instock","15":"shipping-taxable","16":"purchasable","17":"product-type-simple"},"yoast_head":"<!-- This site is optimized with the Yoast SEO plugin v23.0 - https:\/\/yoast.com\/wordpress\/plugins\/seo\/ -->\n<title>Gel\u00e9e moussante peau nette - 150g - Novexpert - pharmadreams<\/title>\n<meta name=\"robots\" content=\"index, follow, max-snippet:-1, max-image-preview:large, max-video-preview:-1\" \/>\n<link rel=\"canonical\" href=\"https:\/\/pharmadreams.shop\/index.php\/product\/gelee-moussante-peau-nette-150g-novexpert\/\" \/>\n<meta property=\"og:locale\" content=\"fr_FR\" \/>\n<meta property=\"og:type\" content=\"article\" \/>\n<meta property=\"og:title\" content=\"Gel\u00e9e moussante peau nette - 150g - Novexpert - pharmadreams\" \/>\n<meta property=\"og:description\" content=\"Un nettoyant\u00a0anti-pollution\u00a0peut-il \u00eatre un v\u00e9ritable soin\u00a0anti-imperfections\u00a0? Les \u00e9tudes cliniques le d\u00e9montrent de fa\u00e7on incontestable pour\u00a0cette\u00a0Gel\u00e9e Moussante : 99,8% des polluants \u00e9limin\u00e9s -30% d\u2019imperfections apr\u00e8s 28 jours\" \/>\n<meta property=\"og:url\" content=\"https:\/\/pharmadreams.shop\/index.php\/product\/gelee-moussante-peau-nette-150g-novexpert\/\" \/>\n<meta property=\"og:site_name\" content=\"pharmadreams\" \/>\n<meta property=\"article:modified_time\" content=\"2023-12-19T18:42:57+00:00\" \/>\n<meta property=\"og:image\" content=\"https:\/\/pharmadreams.shop\/wp-content\/uploads\/2023\/12\/Gelee-moussante-peau-nette-Novexpert.jpg\" \/>\n\t<meta property=\"og:image:width\" content=\"600\" \/>\n\t<meta property=\"og:image:height\" content=\"600\" \/>\n\t<meta property=\"og:image:type\" content=\"image\/jpeg\" \/>\n<meta name=\"twitter:card\" content=\"summary_large_image\" \/>\n<script type=\"application\/ld+json\" class=\"yoast-schema-graph\">{\"@context\":\"https:\/\/schema.org\",\"@graph\":[{\"@type\":\"WebPage\",\"@id\":\"https:\/\/pharmadreams.shop\/index.php\/product\/gelee-moussante-peau-nette-150g-novexpert\/\",\"url\":\"https:\/\/pharmadreams.shop\/index.php\/product\/gelee-moussante-peau-nette-150g-novexpert\/\",\"name\":\"Gel\u00e9e moussante peau nette - 150g - Novexpert - pharmadreams\",\"isPartOf\":{\"@id\":\"https:\/\/pharmadreams.shop\/#website\"},\"primaryImageOfPage\":{\"@id\":\"https:\/\/pharmadreams.shop\/index.php\/product\/gelee-moussante-peau-nette-150g-novexpert\/#primaryimage\"},\"image\":{\"@id\":\"https:\/\/pharmadreams.shop\/index.php\/product\/gelee-moussante-peau-nette-150g-novexpert\/#primaryimage\"},\"thumbnailUrl\":\"https:\/\/pharmadreams.shop\/wp-content\/uploads\/2023\/12\/Gelee-moussante-peau-nette-Novexpert.jpg\",\"datePublished\":\"2023-12-19T18:41:59+00:00\",\"dateModified\":\"2023-12-19T18:42:57+00:00\",\"breadcrumb\":{\"@id\":\"https:\/\/pharmadreams.shop\/index.php\/product\/gelee-moussante-peau-nette-150g-novexpert\/#breadcrumb\"},\"inLanguage\":\"fr-FR\",\"potentialAction\":[{\"@type\":\"ReadAction\",\"target\":[\"https:\/\/pharmadreams.shop\/index.php\/product\/gelee-moussante-peau-nette-150g-novexpert\/\"]}]},{\"@type\":\"ImageObject\",\"inLanguage\":\"fr-FR\",\"@id\":\"https:\/\/pharmadreams.shop\/index.php\/product\/gelee-moussante-peau-nette-150g-novexpert\/#primaryimage\",\"url\":\"https:\/\/pharmadreams.shop\/wp-content\/uploads\/2023\/12\/Gelee-moussante-peau-nette-Novexpert.jpg\",\"contentUrl\":\"https:\/\/pharmadreams.shop\/wp-content\/uploads\/2023\/12\/Gelee-moussante-peau-nette-Novexpert.jpg\",\"width\":600,\"height\":600},{\"@type\":\"BreadcrumbList\",\"@id\":\"https:\/\/pharmadreams.shop\/index.php\/product\/gelee-moussante-peau-nette-150g-novexpert\/#breadcrumb\",\"itemListElement\":[{\"@type\":\"ListItem\",\"position\":1,\"name\":\"Accueil\",\"item\":\"https:\/\/pharmadreams.shop\/\"},{\"@type\":\"ListItem\",\"position\":2,\"name\":\"Shop\",\"item\":\"https:\/\/pharmadreams.shop\/index.php\/shop\/\"},{\"@type\":\"ListItem\",\"position\":3,\"name\":\"Gel\u00e9e moussante peau nette &#8211; 150g &#8211; Novexpert\"}]},{\"@type\":\"WebSite\",\"@id\":\"https:\/\/pharmadreams.shop\/#website\",\"url\":\"https:\/\/pharmadreams.shop\/\",\"name\":\"pharmadreams\",\"description\":\"Parapharmacie en ligne\",\"potentialAction\":[{\"@type\":\"SearchAction\",\"target\":{\"@type\":\"EntryPoint\",\"urlTemplate\":\"https:\/\/pharmadreams.shop\/?s={search_term_string}\"},\"query-input\":\"required name=search_term_string\"}],\"inLanguage\":\"fr-FR\"}]}<\/script>\n<!-- \/ Yoast SEO plugin. -->","yoast_head_json":{"title":"Gel\u00e9e moussante peau nette - 150g - Novexpert - pharmadreams","robots":{"index":"index","follow":"follow","max-snippet":"max-snippet:-1","max-image-preview":"max-image-preview:large","max-video-preview":"max-video-preview:-1"},"canonical":"https:\/\/pharmadreams.shop\/index.php\/product\/gelee-moussante-peau-nette-150g-novexpert\/","og_locale":"fr_FR","og_type":"article","og_title":"Gel\u00e9e moussante peau nette - 150g - Novexpert - pharmadreams","og_description":"Un nettoyant\u00a0anti-pollution\u00a0peut-il \u00eatre un v\u00e9ritable soin\u00a0anti-imperfections\u00a0? Les \u00e9tudes cliniques le d\u00e9montrent de fa\u00e7on incontestable pour\u00a0cette\u00a0Gel\u00e9e Moussante : 99,8% des polluants \u00e9limin\u00e9s -30% d\u2019imperfections apr\u00e8s 28 jours","og_url":"https:\/\/pharmadreams.shop\/index.php\/product\/gelee-moussante-peau-nette-150g-novexpert\/","og_site_name":"pharmadreams","article_modified_time":"2023-12-19T18:42:57+00:00","og_image":[{"width":600,"height":600,"url":"https:\/\/pharmadreams.shop\/wp-content\/uploads\/2023\/12\/Gelee-moussante-peau-nette-Novexpert.jpg","type":"image\/jpeg"}],"twitter_card":"summary_large_image","schema":{"@context":"https:\/\/schema.org","@graph":[{"@type":"WebPage","@id":"https:\/\/pharmadreams.shop\/index.php\/product\/gelee-moussante-peau-nette-150g-novexpert\/","url":"https:\/\/pharmadreams.shop\/index.php\/product\/gelee-moussante-peau-nette-150g-novexpert\/","name":"Gel\u00e9e moussante peau nette - 150g - Novexpert - pharmadreams","isPartOf":{"@id":"https:\/\/pharmadreams.shop\/#website"},"primaryImageOfPage":{"@id":"https:\/\/pharmadreams.shop\/index.php\/product\/gelee-moussante-peau-nette-150g-novexpert\/#primaryimage"},"image":{"@id":"https:\/\/pharmadreams.shop\/index.php\/product\/gelee-moussante-peau-nette-150g-novexpert\/#primaryimage"},"thumbnailUrl":"https:\/\/pharmadreams.shop\/wp-content\/uploads\/2023\/12\/Gelee-moussante-peau-nette-Novexpert.jpg","datePublished":"2023-12-19T18:41:59+00:00","dateModified":"2023-12-19T18:42:57+00:00","breadcrumb":{"@id":"https:\/\/pharmadreams.shop\/index.php\/product\/gelee-moussante-peau-nette-150g-novexpert\/#breadcrumb"},"inLanguage":"fr-FR","potentialAction":[{"@type":"ReadAction","target":["https:\/\/pharmadreams.shop\/index.php\/product\/gelee-moussante-peau-nette-150g-novexpert\/"]}]},{"@type":"ImageObject","inLanguage":"fr-FR","@id":"https:\/\/pharmadreams.shop\/index.php\/product\/gelee-moussante-peau-nette-150g-novexpert\/#primaryimage","url":"https:\/\/pharmadreams.shop\/wp-content\/uploads\/2023\/12\/Gelee-moussante-peau-nette-Novexpert.jpg","contentUrl":"https:\/\/pharmadreams.shop\/wp-content\/uploads\/2023\/12\/Gelee-moussante-peau-nette-Novexpert.jpg","width":600,"height":600},{"@type":"BreadcrumbList","@id":"https:\/\/pharmadreams.shop\/index.php\/product\/gelee-moussante-peau-nette-150g-novexpert\/#breadcrumb","itemListElement":[{"@type":"ListItem","position":1,"name":"Accueil","item":"https:\/\/pharmadreams.shop\/"},{"@type":"ListItem","position":2,"name":"Shop","item":"https:\/\/pharmadreams.shop\/index.php\/shop\/"},{"@type":"ListItem","position":3,"name":"Gel\u00e9e moussante peau nette &#8211; 150g &#8211; Novexpert"}]},{"@type":"WebSite","@id":"https:\/\/pharmadreams.shop\/#website","url":"https:\/\/pharmadreams.shop\/","name":"pharmadreams","description":"Parapharmacie en ligne","potentialAction":[{"@type":"SearchAction","target":{"@type":"EntryPoint","urlTemplate":"https:\/\/pharmadreams.shop\/?s={search_term_string}"},"query-input":"required name=search_term_string"}],"inLanguage":"fr-FR"}]}},"_links":{"self":[{"href":"https:\/\/pharmadreams.shop\/index.php\/wp-json\/wp\/v2\/product\/17089","targetHints":{"allow":["GET"]}}],"collection":[{"href":"https:\/\/pharmadreams.shop\/index.php\/wp-json\/wp\/v2\/product"}],"about":[{"href":"https:\/\/pharmadreams.shop\/index.php\/wp-json\/wp\/v2\/types\/product"}],"replies":[{"embeddable":true,"href":"https:\/\/pharmadreams.shop\/index.php\/wp-json\/wp\/v2\/comments?post=17089"}],"version-history":[{"count":0,"href":"https:\/\/pharmadreams.shop\/index.php\/wp-json\/wp\/v2\/product\/17089\/revisions"}],"wp:featuredmedia":[{"embeddable":true,"href":"https:\/\/pharmadreams.shop\/index.php\/wp-json\/wp\/v2\/media\/17167"}],"wp:attachment":[{"href":"https:\/\/pharmadreams.shop\/index.php\/wp-json\/wp\/v2\/media?parent=17089"}],"wp:term":[{"taxonomy":"product_brand","embeddable":true,"href":"https:\/\/pharmadreams.shop\/index.php\/wp-json\/wp\/v2\/product_brand?post=17089"},{"taxonomy":"product_cat","embeddable":true,"href":"https:\/\/pharmadreams.shop\/index.php\/wp-json\/wp\/v2\/product_cat?post=17089"},{"taxonomy":"product_tag","embeddable":true,"href":"https:\/\/pharmadreams.shop\/index.php\/wp-json\/wp\/v2\/product_tag?post=17089"}],"curies":[{"name":"wp","href":"https:\/\/api.w.org\/{rel}","templated":true}]}}