{"id":17114,"date":"2023-12-19T19:42:24","date_gmt":"2023-12-19T18:42:24","guid":{"rendered":"https:\/\/venuspara.com\/?post_type=product&#038;p=17114"},"modified":"2023-12-19T19:43:03","modified_gmt":"2023-12-19T18:43:03","slug":"shampoing-fortifiant-femme-400ml-ecrinal","status":"publish","type":"product","link":"https:\/\/pharmadreams.shop\/index.php\/product\/shampoing-fortifiant-femme-400ml-ecrinal\/","title":{"rendered":"Shampoing Fortifiant Femme &#8211; 400ml- Ecrinal"},"content":{"rendered":"","protected":false},"excerpt":{"rendered":"<p><strong>Le shampooing ECRINAL<\/strong>\u00ae ANP\u00ae 2+ nettoie en douceur les cheveux sans irriter le cuir chevelu. Il stimule les racines et renforce les cheveux. Son utilisation est particuli\u00e8rement recommand\u00e9e dans le cas de cheveux qui manquent de volume.<br \/>\nPour les cheveux an\u00e9miques et tous les types de cheveux<\/p>\n","protected":false},"featured_media":17177,"comment_status":"open","ping_status":"closed","template":"","meta":[],"product_brand":[],"product_cat":[115,110],"product_tag":[307,223],"class_list":{"0":"post-17114","1":"product","2":"type-product","3":"status-publish","4":"has-post-thumbnail","6":"product_cat-anti-chute","7":"product_cat-soin-cheveux","8":"product_tag-anti-chute","9":"product_tag-soins-cheveux","11":"first","12":"instock","13":"shipping-taxable","14":"purchasable","15":"product-type-simple"},"yoast_head":"<!-- This site is optimized with the Yoast SEO plugin v23.0 - https:\/\/yoast.com\/wordpress\/plugins\/seo\/ -->\n<title>Shampoing Fortifiant Femme - 400ml- Ecrinal - pharmadreams<\/title>\n<meta name=\"robots\" content=\"index, follow, max-snippet:-1, max-image-preview:large, max-video-preview:-1\" \/>\n<link rel=\"canonical\" href=\"https:\/\/pharmadreams.shop\/index.php\/product\/shampoing-fortifiant-femme-400ml-ecrinal\/\" \/>\n<meta property=\"og:locale\" content=\"fr_FR\" \/>\n<meta property=\"og:type\" content=\"article\" \/>\n<meta property=\"og:title\" content=\"Shampoing Fortifiant Femme - 400ml- Ecrinal - pharmadreams\" \/>\n<meta property=\"og:description\" content=\"Le shampooing ECRINAL\u00ae ANP\u00ae 2+ nettoie en douceur les cheveux sans irriter le cuir chevelu. Il stimule les racines et renforce les cheveux. Son utilisation est particuli\u00e8rement recommand\u00e9e dans le cas de cheveux qui manquent de volume. Pour les cheveux an\u00e9miques et tous les types de cheveux\" \/>\n<meta property=\"og:url\" content=\"https:\/\/pharmadreams.shop\/index.php\/product\/shampoing-fortifiant-femme-400ml-ecrinal\/\" \/>\n<meta property=\"og:site_name\" content=\"pharmadreams\" \/>\n<meta property=\"article:modified_time\" content=\"2023-12-19T18:43:03+00:00\" \/>\n<meta property=\"og:image\" content=\"https:\/\/pharmadreams.shop\/wp-content\/uploads\/2023\/12\/Shampoing-fortifiant-femme-400ml-Ecrinal-Nettoyant.jpg\" \/>\n\t<meta property=\"og:image:width\" content=\"400\" \/>\n\t<meta property=\"og:image:height\" content=\"400\" \/>\n\t<meta property=\"og:image:type\" content=\"image\/jpeg\" \/>\n<meta name=\"twitter:card\" content=\"summary_large_image\" \/>\n<script type=\"application\/ld+json\" class=\"yoast-schema-graph\">{\"@context\":\"https:\/\/schema.org\",\"@graph\":[{\"@type\":\"WebPage\",\"@id\":\"https:\/\/pharmadreams.shop\/index.php\/product\/shampoing-fortifiant-femme-400ml-ecrinal\/\",\"url\":\"https:\/\/pharmadreams.shop\/index.php\/product\/shampoing-fortifiant-femme-400ml-ecrinal\/\",\"name\":\"Shampoing Fortifiant Femme - 400ml- Ecrinal - pharmadreams\",\"isPartOf\":{\"@id\":\"https:\/\/pharmadreams.shop\/#website\"},\"primaryImageOfPage\":{\"@id\":\"https:\/\/pharmadreams.shop\/index.php\/product\/shampoing-fortifiant-femme-400ml-ecrinal\/#primaryimage\"},\"image\":{\"@id\":\"https:\/\/pharmadreams.shop\/index.php\/product\/shampoing-fortifiant-femme-400ml-ecrinal\/#primaryimage\"},\"thumbnailUrl\":\"https:\/\/pharmadreams.shop\/wp-content\/uploads\/2023\/12\/Shampoing-fortifiant-femme-400ml-Ecrinal-Nettoyant.jpg\",\"datePublished\":\"2023-12-19T18:42:24+00:00\",\"dateModified\":\"2023-12-19T18:43:03+00:00\",\"breadcrumb\":{\"@id\":\"https:\/\/pharmadreams.shop\/index.php\/product\/shampoing-fortifiant-femme-400ml-ecrinal\/#breadcrumb\"},\"inLanguage\":\"fr-FR\",\"potentialAction\":[{\"@type\":\"ReadAction\",\"target\":[\"https:\/\/pharmadreams.shop\/index.php\/product\/shampoing-fortifiant-femme-400ml-ecrinal\/\"]}]},{\"@type\":\"ImageObject\",\"inLanguage\":\"fr-FR\",\"@id\":\"https:\/\/pharmadreams.shop\/index.php\/product\/shampoing-fortifiant-femme-400ml-ecrinal\/#primaryimage\",\"url\":\"https:\/\/pharmadreams.shop\/wp-content\/uploads\/2023\/12\/Shampoing-fortifiant-femme-400ml-Ecrinal-Nettoyant.jpg\",\"contentUrl\":\"https:\/\/pharmadreams.shop\/wp-content\/uploads\/2023\/12\/Shampoing-fortifiant-femme-400ml-Ecrinal-Nettoyant.jpg\",\"width\":400,\"height\":400},{\"@type\":\"BreadcrumbList\",\"@id\":\"https:\/\/pharmadreams.shop\/index.php\/product\/shampoing-fortifiant-femme-400ml-ecrinal\/#breadcrumb\",\"itemListElement\":[{\"@type\":\"ListItem\",\"position\":1,\"name\":\"Accueil\",\"item\":\"https:\/\/pharmadreams.shop\/\"},{\"@type\":\"ListItem\",\"position\":2,\"name\":\"Shop\",\"item\":\"https:\/\/pharmadreams.shop\/index.php\/shop\/\"},{\"@type\":\"ListItem\",\"position\":3,\"name\":\"Shampoing Fortifiant Femme &#8211; 400ml- Ecrinal\"}]},{\"@type\":\"WebSite\",\"@id\":\"https:\/\/pharmadreams.shop\/#website\",\"url\":\"https:\/\/pharmadreams.shop\/\",\"name\":\"pharmadreams\",\"description\":\"Parapharmacie en ligne\",\"potentialAction\":[{\"@type\":\"SearchAction\",\"target\":{\"@type\":\"EntryPoint\",\"urlTemplate\":\"https:\/\/pharmadreams.shop\/?s={search_term_string}\"},\"query-input\":\"required name=search_term_string\"}],\"inLanguage\":\"fr-FR\"}]}<\/script>\n<!-- \/ Yoast SEO plugin. -->","yoast_head_json":{"title":"Shampoing Fortifiant Femme - 400ml- Ecrinal - pharmadreams","robots":{"index":"index","follow":"follow","max-snippet":"max-snippet:-1","max-image-preview":"max-image-preview:large","max-video-preview":"max-video-preview:-1"},"canonical":"https:\/\/pharmadreams.shop\/index.php\/product\/shampoing-fortifiant-femme-400ml-ecrinal\/","og_locale":"fr_FR","og_type":"article","og_title":"Shampoing Fortifiant Femme - 400ml- Ecrinal - pharmadreams","og_description":"Le shampooing ECRINAL\u00ae ANP\u00ae 2+ nettoie en douceur les cheveux sans irriter le cuir chevelu. Il stimule les racines et renforce les cheveux. Son utilisation est particuli\u00e8rement recommand\u00e9e dans le cas de cheveux qui manquent de volume. Pour les cheveux an\u00e9miques et tous les types de cheveux","og_url":"https:\/\/pharmadreams.shop\/index.php\/product\/shampoing-fortifiant-femme-400ml-ecrinal\/","og_site_name":"pharmadreams","article_modified_time":"2023-12-19T18:43:03+00:00","og_image":[{"width":400,"height":400,"url":"https:\/\/pharmadreams.shop\/wp-content\/uploads\/2023\/12\/Shampoing-fortifiant-femme-400ml-Ecrinal-Nettoyant.jpg","type":"image\/jpeg"}],"twitter_card":"summary_large_image","schema":{"@context":"https:\/\/schema.org","@graph":[{"@type":"WebPage","@id":"https:\/\/pharmadreams.shop\/index.php\/product\/shampoing-fortifiant-femme-400ml-ecrinal\/","url":"https:\/\/pharmadreams.shop\/index.php\/product\/shampoing-fortifiant-femme-400ml-ecrinal\/","name":"Shampoing Fortifiant Femme - 400ml- Ecrinal - pharmadreams","isPartOf":{"@id":"https:\/\/pharmadreams.shop\/#website"},"primaryImageOfPage":{"@id":"https:\/\/pharmadreams.shop\/index.php\/product\/shampoing-fortifiant-femme-400ml-ecrinal\/#primaryimage"},"image":{"@id":"https:\/\/pharmadreams.shop\/index.php\/product\/shampoing-fortifiant-femme-400ml-ecrinal\/#primaryimage"},"thumbnailUrl":"https:\/\/pharmadreams.shop\/wp-content\/uploads\/2023\/12\/Shampoing-fortifiant-femme-400ml-Ecrinal-Nettoyant.jpg","datePublished":"2023-12-19T18:42:24+00:00","dateModified":"2023-12-19T18:43:03+00:00","breadcrumb":{"@id":"https:\/\/pharmadreams.shop\/index.php\/product\/shampoing-fortifiant-femme-400ml-ecrinal\/#breadcrumb"},"inLanguage":"fr-FR","potentialAction":[{"@type":"ReadAction","target":["https:\/\/pharmadreams.shop\/index.php\/product\/shampoing-fortifiant-femme-400ml-ecrinal\/"]}]},{"@type":"ImageObject","inLanguage":"fr-FR","@id":"https:\/\/pharmadreams.shop\/index.php\/product\/shampoing-fortifiant-femme-400ml-ecrinal\/#primaryimage","url":"https:\/\/pharmadreams.shop\/wp-content\/uploads\/2023\/12\/Shampoing-fortifiant-femme-400ml-Ecrinal-Nettoyant.jpg","contentUrl":"https:\/\/pharmadreams.shop\/wp-content\/uploads\/2023\/12\/Shampoing-fortifiant-femme-400ml-Ecrinal-Nettoyant.jpg","width":400,"height":400},{"@type":"BreadcrumbList","@id":"https:\/\/pharmadreams.shop\/index.php\/product\/shampoing-fortifiant-femme-400ml-ecrinal\/#breadcrumb","itemListElement":[{"@type":"ListItem","position":1,"name":"Accueil","item":"https:\/\/pharmadreams.shop\/"},{"@type":"ListItem","position":2,"name":"Shop","item":"https:\/\/pharmadreams.shop\/index.php\/shop\/"},{"@type":"ListItem","position":3,"name":"Shampoing Fortifiant Femme &#8211; 400ml- Ecrinal"}]},{"@type":"WebSite","@id":"https:\/\/pharmadreams.shop\/#website","url":"https:\/\/pharmadreams.shop\/","name":"pharmadreams","description":"Parapharmacie en ligne","potentialAction":[{"@type":"SearchAction","target":{"@type":"EntryPoint","urlTemplate":"https:\/\/pharmadreams.shop\/?s={search_term_string}"},"query-input":"required name=search_term_string"}],"inLanguage":"fr-FR"}]}},"_links":{"self":[{"href":"https:\/\/pharmadreams.shop\/index.php\/wp-json\/wp\/v2\/product\/17114","targetHints":{"allow":["GET"]}}],"collection":[{"href":"https:\/\/pharmadreams.shop\/index.php\/wp-json\/wp\/v2\/product"}],"about":[{"href":"https:\/\/pharmadreams.shop\/index.php\/wp-json\/wp\/v2\/types\/product"}],"replies":[{"embeddable":true,"href":"https:\/\/pharmadreams.shop\/index.php\/wp-json\/wp\/v2\/comments?post=17114"}],"version-history":[{"count":0,"href":"https:\/\/pharmadreams.shop\/index.php\/wp-json\/wp\/v2\/product\/17114\/revisions"}],"wp:featuredmedia":[{"embeddable":true,"href":"https:\/\/pharmadreams.shop\/index.php\/wp-json\/wp\/v2\/media\/17177"}],"wp:attachment":[{"href":"https:\/\/pharmadreams.shop\/index.php\/wp-json\/wp\/v2\/media?parent=17114"}],"wp:term":[{"taxonomy":"product_brand","embeddable":true,"href":"https:\/\/pharmadreams.shop\/index.php\/wp-json\/wp\/v2\/product_brand?post=17114"},{"taxonomy":"product_cat","embeddable":true,"href":"https:\/\/pharmadreams.shop\/index.php\/wp-json\/wp\/v2\/product_cat?post=17114"},{"taxonomy":"product_tag","embeddable":true,"href":"https:\/\/pharmadreams.shop\/index.php\/wp-json\/wp\/v2\/product_tag?post=17114"}],"curies":[{"name":"wp","href":"https:\/\/api.w.org\/{rel}","templated":true}]}}