{"id":17116,"date":"2023-12-19T19:42:25","date_gmt":"2023-12-19T18:42:25","guid":{"rendered":"https:\/\/venuspara.com\/?post_type=product&#038;p=17116"},"modified":"2023-12-19T19:43:06","modified_gmt":"2023-12-19T18:43:06","slug":"upgrade-serum-30ml-sensilis","status":"publish","type":"product","link":"https:\/\/pharmadreams.shop\/index.php\/product\/upgrade-serum-30ml-sensilis\/","title":{"rendered":"Upgrade s\u00e9rum &#8211; 30ml &#8211; Sensilis"},"content":{"rendered":"","protected":false},"excerpt":{"rendered":"<p>D\u00e8s la premi\u00e8re application, ce concentr\u00e9 rajeunissant intensif lissera les rides et les lignes d\u2019expression. De plus, il raffermira votre peau en rehaussant vos traits et red\u00e9finissant l\u2019ovale de votre visage.<\/p>\n","protected":false},"featured_media":17181,"comment_status":"open","ping_status":"closed","template":"","meta":[],"product_brand":[],"product_cat":[308,94,80],"product_tag":[309,222,177],"class_list":{"0":"post-17116","1":"product","2":"type-product","3":"status-publish","4":"has-post-thumbnail","6":"product_cat-makeup","7":"product_cat-serum","8":"product_cat-soins","9":"product_tag-makeup","10":"product_tag-serum","11":"product_tag-soins","13":"first","14":"instock","15":"shipping-taxable","16":"purchasable","17":"product-type-simple"},"yoast_head":"<!-- This site is optimized with the Yoast SEO plugin v23.0 - https:\/\/yoast.com\/wordpress\/plugins\/seo\/ -->\n<title>Upgrade s\u00e9rum - 30ml - Sensilis - pharmadreams<\/title>\n<meta name=\"robots\" content=\"index, follow, max-snippet:-1, max-image-preview:large, max-video-preview:-1\" \/>\n<link rel=\"canonical\" href=\"https:\/\/pharmadreams.shop\/index.php\/product\/upgrade-serum-30ml-sensilis\/\" \/>\n<meta property=\"og:locale\" content=\"fr_FR\" \/>\n<meta property=\"og:type\" content=\"article\" \/>\n<meta property=\"og:title\" content=\"Upgrade s\u00e9rum - 30ml - Sensilis - pharmadreams\" \/>\n<meta property=\"og:description\" content=\"D\u00e8s la premi\u00e8re application, ce concentr\u00e9 rajeunissant intensif lissera les rides et les lignes d\u2019expression. De plus, il raffermira votre peau en rehaussant vos traits et red\u00e9finissant l\u2019ovale de votre visage.\" \/>\n<meta property=\"og:url\" content=\"https:\/\/pharmadreams.shop\/index.php\/product\/upgrade-serum-30ml-sensilis\/\" \/>\n<meta property=\"og:site_name\" content=\"pharmadreams\" \/>\n<meta property=\"article:modified_time\" content=\"2023-12-19T18:43:06+00:00\" \/>\n<meta property=\"og:image\" content=\"https:\/\/pharmadreams.shop\/wp-content\/uploads\/2023\/12\/Upgrade-Serum-30-ml-Sensilis.jpg\" \/>\n\t<meta property=\"og:image:width\" content=\"600\" \/>\n\t<meta property=\"og:image:height\" content=\"600\" \/>\n\t<meta property=\"og:image:type\" content=\"image\/jpeg\" \/>\n<meta name=\"twitter:card\" content=\"summary_large_image\" \/>\n<script type=\"application\/ld+json\" class=\"yoast-schema-graph\">{\"@context\":\"https:\/\/schema.org\",\"@graph\":[{\"@type\":\"WebPage\",\"@id\":\"https:\/\/pharmadreams.shop\/index.php\/product\/upgrade-serum-30ml-sensilis\/\",\"url\":\"https:\/\/pharmadreams.shop\/index.php\/product\/upgrade-serum-30ml-sensilis\/\",\"name\":\"Upgrade s\u00e9rum - 30ml - Sensilis - pharmadreams\",\"isPartOf\":{\"@id\":\"https:\/\/pharmadreams.shop\/#website\"},\"primaryImageOfPage\":{\"@id\":\"https:\/\/pharmadreams.shop\/index.php\/product\/upgrade-serum-30ml-sensilis\/#primaryimage\"},\"image\":{\"@id\":\"https:\/\/pharmadreams.shop\/index.php\/product\/upgrade-serum-30ml-sensilis\/#primaryimage\"},\"thumbnailUrl\":\"https:\/\/pharmadreams.shop\/wp-content\/uploads\/2023\/12\/Upgrade-Serum-30-ml-Sensilis.jpg\",\"datePublished\":\"2023-12-19T18:42:25+00:00\",\"dateModified\":\"2023-12-19T18:43:06+00:00\",\"breadcrumb\":{\"@id\":\"https:\/\/pharmadreams.shop\/index.php\/product\/upgrade-serum-30ml-sensilis\/#breadcrumb\"},\"inLanguage\":\"fr-FR\",\"potentialAction\":[{\"@type\":\"ReadAction\",\"target\":[\"https:\/\/pharmadreams.shop\/index.php\/product\/upgrade-serum-30ml-sensilis\/\"]}]},{\"@type\":\"ImageObject\",\"inLanguage\":\"fr-FR\",\"@id\":\"https:\/\/pharmadreams.shop\/index.php\/product\/upgrade-serum-30ml-sensilis\/#primaryimage\",\"url\":\"https:\/\/pharmadreams.shop\/wp-content\/uploads\/2023\/12\/Upgrade-Serum-30-ml-Sensilis.jpg\",\"contentUrl\":\"https:\/\/pharmadreams.shop\/wp-content\/uploads\/2023\/12\/Upgrade-Serum-30-ml-Sensilis.jpg\",\"width\":600,\"height\":600},{\"@type\":\"BreadcrumbList\",\"@id\":\"https:\/\/pharmadreams.shop\/index.php\/product\/upgrade-serum-30ml-sensilis\/#breadcrumb\",\"itemListElement\":[{\"@type\":\"ListItem\",\"position\":1,\"name\":\"Accueil\",\"item\":\"https:\/\/pharmadreams.shop\/\"},{\"@type\":\"ListItem\",\"position\":2,\"name\":\"Shop\",\"item\":\"https:\/\/pharmadreams.shop\/index.php\/shop\/\"},{\"@type\":\"ListItem\",\"position\":3,\"name\":\"Upgrade s\u00e9rum &#8211; 30ml &#8211; Sensilis\"}]},{\"@type\":\"WebSite\",\"@id\":\"https:\/\/pharmadreams.shop\/#website\",\"url\":\"https:\/\/pharmadreams.shop\/\",\"name\":\"pharmadreams\",\"description\":\"Parapharmacie en ligne\",\"potentialAction\":[{\"@type\":\"SearchAction\",\"target\":{\"@type\":\"EntryPoint\",\"urlTemplate\":\"https:\/\/pharmadreams.shop\/?s={search_term_string}\"},\"query-input\":\"required name=search_term_string\"}],\"inLanguage\":\"fr-FR\"}]}<\/script>\n<!-- \/ Yoast SEO plugin. -->","yoast_head_json":{"title":"Upgrade s\u00e9rum - 30ml - Sensilis - pharmadreams","robots":{"index":"index","follow":"follow","max-snippet":"max-snippet:-1","max-image-preview":"max-image-preview:large","max-video-preview":"max-video-preview:-1"},"canonical":"https:\/\/pharmadreams.shop\/index.php\/product\/upgrade-serum-30ml-sensilis\/","og_locale":"fr_FR","og_type":"article","og_title":"Upgrade s\u00e9rum - 30ml - Sensilis - pharmadreams","og_description":"D\u00e8s la premi\u00e8re application, ce concentr\u00e9 rajeunissant intensif lissera les rides et les lignes d\u2019expression. De plus, il raffermira votre peau en rehaussant vos traits et red\u00e9finissant l\u2019ovale de votre visage.","og_url":"https:\/\/pharmadreams.shop\/index.php\/product\/upgrade-serum-30ml-sensilis\/","og_site_name":"pharmadreams","article_modified_time":"2023-12-19T18:43:06+00:00","og_image":[{"width":600,"height":600,"url":"https:\/\/pharmadreams.shop\/wp-content\/uploads\/2023\/12\/Upgrade-Serum-30-ml-Sensilis.jpg","type":"image\/jpeg"}],"twitter_card":"summary_large_image","schema":{"@context":"https:\/\/schema.org","@graph":[{"@type":"WebPage","@id":"https:\/\/pharmadreams.shop\/index.php\/product\/upgrade-serum-30ml-sensilis\/","url":"https:\/\/pharmadreams.shop\/index.php\/product\/upgrade-serum-30ml-sensilis\/","name":"Upgrade s\u00e9rum - 30ml - Sensilis - pharmadreams","isPartOf":{"@id":"https:\/\/pharmadreams.shop\/#website"},"primaryImageOfPage":{"@id":"https:\/\/pharmadreams.shop\/index.php\/product\/upgrade-serum-30ml-sensilis\/#primaryimage"},"image":{"@id":"https:\/\/pharmadreams.shop\/index.php\/product\/upgrade-serum-30ml-sensilis\/#primaryimage"},"thumbnailUrl":"https:\/\/pharmadreams.shop\/wp-content\/uploads\/2023\/12\/Upgrade-Serum-30-ml-Sensilis.jpg","datePublished":"2023-12-19T18:42:25+00:00","dateModified":"2023-12-19T18:43:06+00:00","breadcrumb":{"@id":"https:\/\/pharmadreams.shop\/index.php\/product\/upgrade-serum-30ml-sensilis\/#breadcrumb"},"inLanguage":"fr-FR","potentialAction":[{"@type":"ReadAction","target":["https:\/\/pharmadreams.shop\/index.php\/product\/upgrade-serum-30ml-sensilis\/"]}]},{"@type":"ImageObject","inLanguage":"fr-FR","@id":"https:\/\/pharmadreams.shop\/index.php\/product\/upgrade-serum-30ml-sensilis\/#primaryimage","url":"https:\/\/pharmadreams.shop\/wp-content\/uploads\/2023\/12\/Upgrade-Serum-30-ml-Sensilis.jpg","contentUrl":"https:\/\/pharmadreams.shop\/wp-content\/uploads\/2023\/12\/Upgrade-Serum-30-ml-Sensilis.jpg","width":600,"height":600},{"@type":"BreadcrumbList","@id":"https:\/\/pharmadreams.shop\/index.php\/product\/upgrade-serum-30ml-sensilis\/#breadcrumb","itemListElement":[{"@type":"ListItem","position":1,"name":"Accueil","item":"https:\/\/pharmadreams.shop\/"},{"@type":"ListItem","position":2,"name":"Shop","item":"https:\/\/pharmadreams.shop\/index.php\/shop\/"},{"@type":"ListItem","position":3,"name":"Upgrade s\u00e9rum &#8211; 30ml &#8211; Sensilis"}]},{"@type":"WebSite","@id":"https:\/\/pharmadreams.shop\/#website","url":"https:\/\/pharmadreams.shop\/","name":"pharmadreams","description":"Parapharmacie en ligne","potentialAction":[{"@type":"SearchAction","target":{"@type":"EntryPoint","urlTemplate":"https:\/\/pharmadreams.shop\/?s={search_term_string}"},"query-input":"required name=search_term_string"}],"inLanguage":"fr-FR"}]}},"_links":{"self":[{"href":"https:\/\/pharmadreams.shop\/index.php\/wp-json\/wp\/v2\/product\/17116","targetHints":{"allow":["GET"]}}],"collection":[{"href":"https:\/\/pharmadreams.shop\/index.php\/wp-json\/wp\/v2\/product"}],"about":[{"href":"https:\/\/pharmadreams.shop\/index.php\/wp-json\/wp\/v2\/types\/product"}],"replies":[{"embeddable":true,"href":"https:\/\/pharmadreams.shop\/index.php\/wp-json\/wp\/v2\/comments?post=17116"}],"version-history":[{"count":0,"href":"https:\/\/pharmadreams.shop\/index.php\/wp-json\/wp\/v2\/product\/17116\/revisions"}],"wp:featuredmedia":[{"embeddable":true,"href":"https:\/\/pharmadreams.shop\/index.php\/wp-json\/wp\/v2\/media\/17181"}],"wp:attachment":[{"href":"https:\/\/pharmadreams.shop\/index.php\/wp-json\/wp\/v2\/media?parent=17116"}],"wp:term":[{"taxonomy":"product_brand","embeddable":true,"href":"https:\/\/pharmadreams.shop\/index.php\/wp-json\/wp\/v2\/product_brand?post=17116"},{"taxonomy":"product_cat","embeddable":true,"href":"https:\/\/pharmadreams.shop\/index.php\/wp-json\/wp\/v2\/product_cat?post=17116"},{"taxonomy":"product_tag","embeddable":true,"href":"https:\/\/pharmadreams.shop\/index.php\/wp-json\/wp\/v2\/product_tag?post=17116"}],"curies":[{"name":"wp","href":"https:\/\/api.w.org\/{rel}","templated":true}]}}