{"id":17120,"date":"2023-12-19T19:42:25","date_gmt":"2023-12-19T18:42:25","guid":{"rendered":"https:\/\/venuspara.com\/?post_type=product&#038;p=17120"},"modified":"2023-12-19T19:43:11","modified_gmt":"2023-12-19T18:43:11","slug":"palpebral-relief-ecz-100ml-sensilis","status":"publish","type":"product","link":"https:\/\/pharmadreams.shop\/index.php\/product\/palpebral-relief-ecz-100ml-sensilis\/","title":{"rendered":"Palpebral Relief [ECZ] &#8211; 100ml &#8211; Sensilis"},"content":{"rendered":"","protected":false},"excerpt":{"rendered":"<p><strong>Formule de type \u00e9mulsion 2 en 1 : d\u00e9maquillant et soin des paupi\u00e8res sensibles, irrit\u00e9es et sujettes \u00e0 l\u2019ecz\u00e9ma.<\/strong>\u00a0Test\u00e9 ophtalmologiquement et dermatologiquement sur peaux sensibles et sujettes \u00e0 l\u2019ecz\u00e9ma. Formul\u00e9 avec de l\u2019huile de Babassu pour son action antioxydante, de la camomille pour son pouvoir antiinflammatoire et apaisant, de l\u2019extrait de r\u00e9glisse comme actif anti-rougeurs, du beurre de karit\u00e9 en tant qu\u2019actif hydratant et r\u00e9g\u00e9n\u00e9rant et de l\u2019huile d\u2019amande douce pour son action adoucissante et hydratante.<\/p>\n","protected":false},"featured_media":17189,"comment_status":"open","ping_status":"closed","template":"","meta":[],"product_brand":[],"product_cat":[308,80],"product_tag":[309,177],"class_list":{"0":"post-17120","1":"product","2":"type-product","3":"status-publish","4":"has-post-thumbnail","6":"product_cat-makeup","7":"product_cat-soins","8":"product_tag-makeup","9":"product_tag-soins","11":"first","12":"instock","13":"shipping-taxable","14":"purchasable","15":"product-type-simple"},"yoast_head":"<!-- This site is optimized with the Yoast SEO plugin v23.0 - https:\/\/yoast.com\/wordpress\/plugins\/seo\/ -->\n<title>Palpebral Relief [ECZ] - 100ml - Sensilis - pharmadreams<\/title>\n<meta name=\"robots\" content=\"index, follow, max-snippet:-1, max-image-preview:large, max-video-preview:-1\" \/>\n<link rel=\"canonical\" href=\"https:\/\/pharmadreams.shop\/index.php\/product\/palpebral-relief-ecz-100ml-sensilis\/\" \/>\n<meta property=\"og:locale\" content=\"fr_FR\" \/>\n<meta property=\"og:type\" content=\"article\" \/>\n<meta property=\"og:title\" content=\"Palpebral Relief [ECZ] - 100ml - Sensilis - pharmadreams\" \/>\n<meta property=\"og:description\" content=\"Formule de type \u00e9mulsion 2 en 1 : d\u00e9maquillant et soin des paupi\u00e8res sensibles, irrit\u00e9es et sujettes \u00e0 l\u2019ecz\u00e9ma.\u00a0Test\u00e9 ophtalmologiquement et dermatologiquement sur peaux sensibles et sujettes \u00e0 l\u2019ecz\u00e9ma. Formul\u00e9 avec de l\u2019huile de Babassu pour son action antioxydante, de la camomille pour son pouvoir antiinflammatoire et apaisant, de l\u2019extrait de r\u00e9glisse comme actif anti-rougeurs, du beurre de karit\u00e9 en tant qu\u2019actif hydratant et r\u00e9g\u00e9n\u00e9rant et de l\u2019huile d\u2019amande douce pour son action adoucissante et hydratante.\" \/>\n<meta property=\"og:url\" content=\"https:\/\/pharmadreams.shop\/index.php\/product\/palpebral-relief-ecz-100ml-sensilis\/\" \/>\n<meta property=\"og:site_name\" content=\"pharmadreams\" \/>\n<meta property=\"article:modified_time\" content=\"2023-12-19T18:43:11+00:00\" \/>\n<meta property=\"og:image\" content=\"https:\/\/pharmadreams.shop\/wp-content\/uploads\/2023\/12\/Palpebral-relief-ecz-100ml-Sensilis.jpg\" \/>\n\t<meta property=\"og:image:width\" content=\"800\" \/>\n\t<meta property=\"og:image:height\" content=\"800\" \/>\n\t<meta property=\"og:image:type\" content=\"image\/jpeg\" \/>\n<meta name=\"twitter:card\" content=\"summary_large_image\" \/>\n<script type=\"application\/ld+json\" class=\"yoast-schema-graph\">{\"@context\":\"https:\/\/schema.org\",\"@graph\":[{\"@type\":\"WebPage\",\"@id\":\"https:\/\/pharmadreams.shop\/index.php\/product\/palpebral-relief-ecz-100ml-sensilis\/\",\"url\":\"https:\/\/pharmadreams.shop\/index.php\/product\/palpebral-relief-ecz-100ml-sensilis\/\",\"name\":\"Palpebral Relief [ECZ] - 100ml - Sensilis - pharmadreams\",\"isPartOf\":{\"@id\":\"https:\/\/pharmadreams.shop\/#website\"},\"primaryImageOfPage\":{\"@id\":\"https:\/\/pharmadreams.shop\/index.php\/product\/palpebral-relief-ecz-100ml-sensilis\/#primaryimage\"},\"image\":{\"@id\":\"https:\/\/pharmadreams.shop\/index.php\/product\/palpebral-relief-ecz-100ml-sensilis\/#primaryimage\"},\"thumbnailUrl\":\"https:\/\/pharmadreams.shop\/wp-content\/uploads\/2023\/12\/Palpebral-relief-ecz-100ml-Sensilis.jpg\",\"datePublished\":\"2023-12-19T18:42:25+00:00\",\"dateModified\":\"2023-12-19T18:43:11+00:00\",\"breadcrumb\":{\"@id\":\"https:\/\/pharmadreams.shop\/index.php\/product\/palpebral-relief-ecz-100ml-sensilis\/#breadcrumb\"},\"inLanguage\":\"fr-FR\",\"potentialAction\":[{\"@type\":\"ReadAction\",\"target\":[\"https:\/\/pharmadreams.shop\/index.php\/product\/palpebral-relief-ecz-100ml-sensilis\/\"]}]},{\"@type\":\"ImageObject\",\"inLanguage\":\"fr-FR\",\"@id\":\"https:\/\/pharmadreams.shop\/index.php\/product\/palpebral-relief-ecz-100ml-sensilis\/#primaryimage\",\"url\":\"https:\/\/pharmadreams.shop\/wp-content\/uploads\/2023\/12\/Palpebral-relief-ecz-100ml-Sensilis.jpg\",\"contentUrl\":\"https:\/\/pharmadreams.shop\/wp-content\/uploads\/2023\/12\/Palpebral-relief-ecz-100ml-Sensilis.jpg\",\"width\":800,\"height\":800},{\"@type\":\"BreadcrumbList\",\"@id\":\"https:\/\/pharmadreams.shop\/index.php\/product\/palpebral-relief-ecz-100ml-sensilis\/#breadcrumb\",\"itemListElement\":[{\"@type\":\"ListItem\",\"position\":1,\"name\":\"Accueil\",\"item\":\"https:\/\/pharmadreams.shop\/\"},{\"@type\":\"ListItem\",\"position\":2,\"name\":\"Shop\",\"item\":\"https:\/\/pharmadreams.shop\/index.php\/shop\/\"},{\"@type\":\"ListItem\",\"position\":3,\"name\":\"Palpebral Relief [ECZ] &#8211; 100ml &#8211; Sensilis\"}]},{\"@type\":\"WebSite\",\"@id\":\"https:\/\/pharmadreams.shop\/#website\",\"url\":\"https:\/\/pharmadreams.shop\/\",\"name\":\"pharmadreams\",\"description\":\"Parapharmacie en ligne\",\"potentialAction\":[{\"@type\":\"SearchAction\",\"target\":{\"@type\":\"EntryPoint\",\"urlTemplate\":\"https:\/\/pharmadreams.shop\/?s={search_term_string}\"},\"query-input\":\"required name=search_term_string\"}],\"inLanguage\":\"fr-FR\"}]}<\/script>\n<!-- \/ Yoast SEO plugin. -->","yoast_head_json":{"title":"Palpebral Relief [ECZ] - 100ml - Sensilis - pharmadreams","robots":{"index":"index","follow":"follow","max-snippet":"max-snippet:-1","max-image-preview":"max-image-preview:large","max-video-preview":"max-video-preview:-1"},"canonical":"https:\/\/pharmadreams.shop\/index.php\/product\/palpebral-relief-ecz-100ml-sensilis\/","og_locale":"fr_FR","og_type":"article","og_title":"Palpebral Relief [ECZ] - 100ml - Sensilis - pharmadreams","og_description":"Formule de type \u00e9mulsion 2 en 1 : d\u00e9maquillant et soin des paupi\u00e8res sensibles, irrit\u00e9es et sujettes \u00e0 l\u2019ecz\u00e9ma.\u00a0Test\u00e9 ophtalmologiquement et dermatologiquement sur peaux sensibles et sujettes \u00e0 l\u2019ecz\u00e9ma. Formul\u00e9 avec de l\u2019huile de Babassu pour son action antioxydante, de la camomille pour son pouvoir antiinflammatoire et apaisant, de l\u2019extrait de r\u00e9glisse comme actif anti-rougeurs, du beurre de karit\u00e9 en tant qu\u2019actif hydratant et r\u00e9g\u00e9n\u00e9rant et de l\u2019huile d\u2019amande douce pour son action adoucissante et hydratante.","og_url":"https:\/\/pharmadreams.shop\/index.php\/product\/palpebral-relief-ecz-100ml-sensilis\/","og_site_name":"pharmadreams","article_modified_time":"2023-12-19T18:43:11+00:00","og_image":[{"width":800,"height":800,"url":"https:\/\/pharmadreams.shop\/wp-content\/uploads\/2023\/12\/Palpebral-relief-ecz-100ml-Sensilis.jpg","type":"image\/jpeg"}],"twitter_card":"summary_large_image","schema":{"@context":"https:\/\/schema.org","@graph":[{"@type":"WebPage","@id":"https:\/\/pharmadreams.shop\/index.php\/product\/palpebral-relief-ecz-100ml-sensilis\/","url":"https:\/\/pharmadreams.shop\/index.php\/product\/palpebral-relief-ecz-100ml-sensilis\/","name":"Palpebral Relief [ECZ] - 100ml - Sensilis - pharmadreams","isPartOf":{"@id":"https:\/\/pharmadreams.shop\/#website"},"primaryImageOfPage":{"@id":"https:\/\/pharmadreams.shop\/index.php\/product\/palpebral-relief-ecz-100ml-sensilis\/#primaryimage"},"image":{"@id":"https:\/\/pharmadreams.shop\/index.php\/product\/palpebral-relief-ecz-100ml-sensilis\/#primaryimage"},"thumbnailUrl":"https:\/\/pharmadreams.shop\/wp-content\/uploads\/2023\/12\/Palpebral-relief-ecz-100ml-Sensilis.jpg","datePublished":"2023-12-19T18:42:25+00:00","dateModified":"2023-12-19T18:43:11+00:00","breadcrumb":{"@id":"https:\/\/pharmadreams.shop\/index.php\/product\/palpebral-relief-ecz-100ml-sensilis\/#breadcrumb"},"inLanguage":"fr-FR","potentialAction":[{"@type":"ReadAction","target":["https:\/\/pharmadreams.shop\/index.php\/product\/palpebral-relief-ecz-100ml-sensilis\/"]}]},{"@type":"ImageObject","inLanguage":"fr-FR","@id":"https:\/\/pharmadreams.shop\/index.php\/product\/palpebral-relief-ecz-100ml-sensilis\/#primaryimage","url":"https:\/\/pharmadreams.shop\/wp-content\/uploads\/2023\/12\/Palpebral-relief-ecz-100ml-Sensilis.jpg","contentUrl":"https:\/\/pharmadreams.shop\/wp-content\/uploads\/2023\/12\/Palpebral-relief-ecz-100ml-Sensilis.jpg","width":800,"height":800},{"@type":"BreadcrumbList","@id":"https:\/\/pharmadreams.shop\/index.php\/product\/palpebral-relief-ecz-100ml-sensilis\/#breadcrumb","itemListElement":[{"@type":"ListItem","position":1,"name":"Accueil","item":"https:\/\/pharmadreams.shop\/"},{"@type":"ListItem","position":2,"name":"Shop","item":"https:\/\/pharmadreams.shop\/index.php\/shop\/"},{"@type":"ListItem","position":3,"name":"Palpebral Relief [ECZ] &#8211; 100ml &#8211; Sensilis"}]},{"@type":"WebSite","@id":"https:\/\/pharmadreams.shop\/#website","url":"https:\/\/pharmadreams.shop\/","name":"pharmadreams","description":"Parapharmacie en ligne","potentialAction":[{"@type":"SearchAction","target":{"@type":"EntryPoint","urlTemplate":"https:\/\/pharmadreams.shop\/?s={search_term_string}"},"query-input":"required name=search_term_string"}],"inLanguage":"fr-FR"}]}},"_links":{"self":[{"href":"https:\/\/pharmadreams.shop\/index.php\/wp-json\/wp\/v2\/product\/17120","targetHints":{"allow":["GET"]}}],"collection":[{"href":"https:\/\/pharmadreams.shop\/index.php\/wp-json\/wp\/v2\/product"}],"about":[{"href":"https:\/\/pharmadreams.shop\/index.php\/wp-json\/wp\/v2\/types\/product"}],"replies":[{"embeddable":true,"href":"https:\/\/pharmadreams.shop\/index.php\/wp-json\/wp\/v2\/comments?post=17120"}],"version-history":[{"count":0,"href":"https:\/\/pharmadreams.shop\/index.php\/wp-json\/wp\/v2\/product\/17120\/revisions"}],"wp:featuredmedia":[{"embeddable":true,"href":"https:\/\/pharmadreams.shop\/index.php\/wp-json\/wp\/v2\/media\/17189"}],"wp:attachment":[{"href":"https:\/\/pharmadreams.shop\/index.php\/wp-json\/wp\/v2\/media?parent=17120"}],"wp:term":[{"taxonomy":"product_brand","embeddable":true,"href":"https:\/\/pharmadreams.shop\/index.php\/wp-json\/wp\/v2\/product_brand?post=17120"},{"taxonomy":"product_cat","embeddable":true,"href":"https:\/\/pharmadreams.shop\/index.php\/wp-json\/wp\/v2\/product_cat?post=17120"},{"taxonomy":"product_tag","embeddable":true,"href":"https:\/\/pharmadreams.shop\/index.php\/wp-json\/wp\/v2\/product_tag?post=17120"}],"curies":[{"name":"wp","href":"https:\/\/api.w.org\/{rel}","templated":true}]}}