{"id":17122,"date":"2023-12-19T19:42:26","date_gmt":"2023-12-19T18:42:26","guid":{"rendered":"https:\/\/venuspara.com\/?post_type=product&#038;p=17122"},"modified":"2023-12-19T19:43:19","modified_gmt":"2023-12-19T18:43:19","slug":"bandelettes-50-unites-on-call-vivid","status":"publish","type":"product","link":"https:\/\/pharmadreams.shop\/index.php\/product\/bandelettes-50-unites-on-call-vivid\/","title":{"rendered":"Bandelettes &#8211; 50 unit\u00e9s &#8211; On call vivid"},"content":{"rendered":"","protected":false},"excerpt":{"rendered":"<p><strong>Ces bandelettes de test<\/strong> sont destin\u00e9es \u00e0 \u00eatre utilis\u00e9es avec le lecteur de glyc\u00e9mie On Call Vivid et disposent d\u2019un m\u00e9canisme de codage int\u00e9gr\u00e9, qui \u00e9talonne automatiquement la machine et peut alerter l\u2019utilisateur des bandelettes p\u00e9rim\u00e9es.<\/p>\n","protected":false},"featured_media":17210,"comment_status":"open","ping_status":"closed","template":"","meta":[],"product_brand":[],"product_cat":[312],"product_tag":[314],"class_list":{"0":"post-17122","1":"product","2":"type-product","3":"status-publish","4":"has-post-thumbnail","6":"product_cat-materiel-medical","7":"product_tag-materiel-medical","9":"first","10":"instock","11":"shipping-taxable","12":"purchasable","13":"product-type-simple"},"yoast_head":"<!-- This site is optimized with the Yoast SEO plugin v23.0 - https:\/\/yoast.com\/wordpress\/plugins\/seo\/ -->\n<title>Bandelettes - 50 unit\u00e9s - On call vivid - pharmadreams<\/title>\n<meta name=\"robots\" content=\"index, follow, max-snippet:-1, max-image-preview:large, max-video-preview:-1\" \/>\n<link rel=\"canonical\" href=\"https:\/\/pharmadreams.shop\/index.php\/product\/bandelettes-50-unites-on-call-vivid\/\" \/>\n<meta property=\"og:locale\" content=\"fr_FR\" \/>\n<meta property=\"og:type\" content=\"article\" \/>\n<meta property=\"og:title\" content=\"Bandelettes - 50 unit\u00e9s - On call vivid - pharmadreams\" \/>\n<meta property=\"og:description\" content=\"Ces bandelettes de test sont destin\u00e9es \u00e0 \u00eatre utilis\u00e9es avec le lecteur de glyc\u00e9mie On Call Vivid et disposent d\u2019un m\u00e9canisme de codage int\u00e9gr\u00e9, qui \u00e9talonne automatiquement la machine et peut alerter l\u2019utilisateur des bandelettes p\u00e9rim\u00e9es.\" \/>\n<meta property=\"og:url\" content=\"https:\/\/pharmadreams.shop\/index.php\/product\/bandelettes-50-unites-on-call-vivid\/\" \/>\n<meta property=\"og:site_name\" content=\"pharmadreams\" \/>\n<meta property=\"article:modified_time\" content=\"2023-12-19T18:43:19+00:00\" \/>\n<meta property=\"og:image\" content=\"https:\/\/pharmadreams.shop\/wp-content\/uploads\/2023\/12\/Bandelette-On-Call-Vivid-B50.jpg\" \/>\n\t<meta property=\"og:image:width\" content=\"600\" \/>\n\t<meta property=\"og:image:height\" content=\"600\" \/>\n\t<meta property=\"og:image:type\" content=\"image\/jpeg\" \/>\n<meta name=\"twitter:card\" content=\"summary_large_image\" \/>\n<script type=\"application\/ld+json\" class=\"yoast-schema-graph\">{\"@context\":\"https:\/\/schema.org\",\"@graph\":[{\"@type\":\"WebPage\",\"@id\":\"https:\/\/pharmadreams.shop\/index.php\/product\/bandelettes-50-unites-on-call-vivid\/\",\"url\":\"https:\/\/pharmadreams.shop\/index.php\/product\/bandelettes-50-unites-on-call-vivid\/\",\"name\":\"Bandelettes - 50 unit\u00e9s - On call vivid - pharmadreams\",\"isPartOf\":{\"@id\":\"https:\/\/pharmadreams.shop\/#website\"},\"primaryImageOfPage\":{\"@id\":\"https:\/\/pharmadreams.shop\/index.php\/product\/bandelettes-50-unites-on-call-vivid\/#primaryimage\"},\"image\":{\"@id\":\"https:\/\/pharmadreams.shop\/index.php\/product\/bandelettes-50-unites-on-call-vivid\/#primaryimage\"},\"thumbnailUrl\":\"https:\/\/pharmadreams.shop\/wp-content\/uploads\/2023\/12\/Bandelette-On-Call-Vivid-B50.jpg\",\"datePublished\":\"2023-12-19T18:42:26+00:00\",\"dateModified\":\"2023-12-19T18:43:19+00:00\",\"breadcrumb\":{\"@id\":\"https:\/\/pharmadreams.shop\/index.php\/product\/bandelettes-50-unites-on-call-vivid\/#breadcrumb\"},\"inLanguage\":\"fr-FR\",\"potentialAction\":[{\"@type\":\"ReadAction\",\"target\":[\"https:\/\/pharmadreams.shop\/index.php\/product\/bandelettes-50-unites-on-call-vivid\/\"]}]},{\"@type\":\"ImageObject\",\"inLanguage\":\"fr-FR\",\"@id\":\"https:\/\/pharmadreams.shop\/index.php\/product\/bandelettes-50-unites-on-call-vivid\/#primaryimage\",\"url\":\"https:\/\/pharmadreams.shop\/wp-content\/uploads\/2023\/12\/Bandelette-On-Call-Vivid-B50.jpg\",\"contentUrl\":\"https:\/\/pharmadreams.shop\/wp-content\/uploads\/2023\/12\/Bandelette-On-Call-Vivid-B50.jpg\",\"width\":600,\"height\":600},{\"@type\":\"BreadcrumbList\",\"@id\":\"https:\/\/pharmadreams.shop\/index.php\/product\/bandelettes-50-unites-on-call-vivid\/#breadcrumb\",\"itemListElement\":[{\"@type\":\"ListItem\",\"position\":1,\"name\":\"Accueil\",\"item\":\"https:\/\/pharmadreams.shop\/\"},{\"@type\":\"ListItem\",\"position\":2,\"name\":\"Shop\",\"item\":\"https:\/\/pharmadreams.shop\/index.php\/shop\/\"},{\"@type\":\"ListItem\",\"position\":3,\"name\":\"Bandelettes &#8211; 50 unit\u00e9s &#8211; On call vivid\"}]},{\"@type\":\"WebSite\",\"@id\":\"https:\/\/pharmadreams.shop\/#website\",\"url\":\"https:\/\/pharmadreams.shop\/\",\"name\":\"pharmadreams\",\"description\":\"Parapharmacie en ligne\",\"potentialAction\":[{\"@type\":\"SearchAction\",\"target\":{\"@type\":\"EntryPoint\",\"urlTemplate\":\"https:\/\/pharmadreams.shop\/?s={search_term_string}\"},\"query-input\":\"required name=search_term_string\"}],\"inLanguage\":\"fr-FR\"}]}<\/script>\n<!-- \/ Yoast SEO plugin. -->","yoast_head_json":{"title":"Bandelettes - 50 unit\u00e9s - On call vivid - pharmadreams","robots":{"index":"index","follow":"follow","max-snippet":"max-snippet:-1","max-image-preview":"max-image-preview:large","max-video-preview":"max-video-preview:-1"},"canonical":"https:\/\/pharmadreams.shop\/index.php\/product\/bandelettes-50-unites-on-call-vivid\/","og_locale":"fr_FR","og_type":"article","og_title":"Bandelettes - 50 unit\u00e9s - On call vivid - pharmadreams","og_description":"Ces bandelettes de test sont destin\u00e9es \u00e0 \u00eatre utilis\u00e9es avec le lecteur de glyc\u00e9mie On Call Vivid et disposent d\u2019un m\u00e9canisme de codage int\u00e9gr\u00e9, qui \u00e9talonne automatiquement la machine et peut alerter l\u2019utilisateur des bandelettes p\u00e9rim\u00e9es.","og_url":"https:\/\/pharmadreams.shop\/index.php\/product\/bandelettes-50-unites-on-call-vivid\/","og_site_name":"pharmadreams","article_modified_time":"2023-12-19T18:43:19+00:00","og_image":[{"width":600,"height":600,"url":"https:\/\/pharmadreams.shop\/wp-content\/uploads\/2023\/12\/Bandelette-On-Call-Vivid-B50.jpg","type":"image\/jpeg"}],"twitter_card":"summary_large_image","schema":{"@context":"https:\/\/schema.org","@graph":[{"@type":"WebPage","@id":"https:\/\/pharmadreams.shop\/index.php\/product\/bandelettes-50-unites-on-call-vivid\/","url":"https:\/\/pharmadreams.shop\/index.php\/product\/bandelettes-50-unites-on-call-vivid\/","name":"Bandelettes - 50 unit\u00e9s - On call vivid - pharmadreams","isPartOf":{"@id":"https:\/\/pharmadreams.shop\/#website"},"primaryImageOfPage":{"@id":"https:\/\/pharmadreams.shop\/index.php\/product\/bandelettes-50-unites-on-call-vivid\/#primaryimage"},"image":{"@id":"https:\/\/pharmadreams.shop\/index.php\/product\/bandelettes-50-unites-on-call-vivid\/#primaryimage"},"thumbnailUrl":"https:\/\/pharmadreams.shop\/wp-content\/uploads\/2023\/12\/Bandelette-On-Call-Vivid-B50.jpg","datePublished":"2023-12-19T18:42:26+00:00","dateModified":"2023-12-19T18:43:19+00:00","breadcrumb":{"@id":"https:\/\/pharmadreams.shop\/index.php\/product\/bandelettes-50-unites-on-call-vivid\/#breadcrumb"},"inLanguage":"fr-FR","potentialAction":[{"@type":"ReadAction","target":["https:\/\/pharmadreams.shop\/index.php\/product\/bandelettes-50-unites-on-call-vivid\/"]}]},{"@type":"ImageObject","inLanguage":"fr-FR","@id":"https:\/\/pharmadreams.shop\/index.php\/product\/bandelettes-50-unites-on-call-vivid\/#primaryimage","url":"https:\/\/pharmadreams.shop\/wp-content\/uploads\/2023\/12\/Bandelette-On-Call-Vivid-B50.jpg","contentUrl":"https:\/\/pharmadreams.shop\/wp-content\/uploads\/2023\/12\/Bandelette-On-Call-Vivid-B50.jpg","width":600,"height":600},{"@type":"BreadcrumbList","@id":"https:\/\/pharmadreams.shop\/index.php\/product\/bandelettes-50-unites-on-call-vivid\/#breadcrumb","itemListElement":[{"@type":"ListItem","position":1,"name":"Accueil","item":"https:\/\/pharmadreams.shop\/"},{"@type":"ListItem","position":2,"name":"Shop","item":"https:\/\/pharmadreams.shop\/index.php\/shop\/"},{"@type":"ListItem","position":3,"name":"Bandelettes &#8211; 50 unit\u00e9s &#8211; On call vivid"}]},{"@type":"WebSite","@id":"https:\/\/pharmadreams.shop\/#website","url":"https:\/\/pharmadreams.shop\/","name":"pharmadreams","description":"Parapharmacie en ligne","potentialAction":[{"@type":"SearchAction","target":{"@type":"EntryPoint","urlTemplate":"https:\/\/pharmadreams.shop\/?s={search_term_string}"},"query-input":"required name=search_term_string"}],"inLanguage":"fr-FR"}]}},"_links":{"self":[{"href":"https:\/\/pharmadreams.shop\/index.php\/wp-json\/wp\/v2\/product\/17122","targetHints":{"allow":["GET"]}}],"collection":[{"href":"https:\/\/pharmadreams.shop\/index.php\/wp-json\/wp\/v2\/product"}],"about":[{"href":"https:\/\/pharmadreams.shop\/index.php\/wp-json\/wp\/v2\/types\/product"}],"replies":[{"embeddable":true,"href":"https:\/\/pharmadreams.shop\/index.php\/wp-json\/wp\/v2\/comments?post=17122"}],"version-history":[{"count":0,"href":"https:\/\/pharmadreams.shop\/index.php\/wp-json\/wp\/v2\/product\/17122\/revisions"}],"wp:featuredmedia":[{"embeddable":true,"href":"https:\/\/pharmadreams.shop\/index.php\/wp-json\/wp\/v2\/media\/17210"}],"wp:attachment":[{"href":"https:\/\/pharmadreams.shop\/index.php\/wp-json\/wp\/v2\/media?parent=17122"}],"wp:term":[{"taxonomy":"product_brand","embeddable":true,"href":"https:\/\/pharmadreams.shop\/index.php\/wp-json\/wp\/v2\/product_brand?post=17122"},{"taxonomy":"product_cat","embeddable":true,"href":"https:\/\/pharmadreams.shop\/index.php\/wp-json\/wp\/v2\/product_cat?post=17122"},{"taxonomy":"product_tag","embeddable":true,"href":"https:\/\/pharmadreams.shop\/index.php\/wp-json\/wp\/v2\/product_tag?post=17122"}],"curies":[{"name":"wp","href":"https:\/\/api.w.org\/{rel}","templated":true}]}}