{"id":17148,"date":"2023-12-19T19:42:50","date_gmt":"2023-12-19T18:42:50","guid":{"rendered":"https:\/\/venuspara.com\/?post_type=product&#038;p=17148"},"modified":"2023-12-19T19:43:21","modified_gmt":"2023-12-19T18:43:21","slug":"tartrex-bain-de-bouche-125ml-phyteal","status":"publish","type":"product","link":"https:\/\/pharmadreams.shop\/index.php\/product\/tartrex-bain-de-bouche-125ml-phyteal\/","title":{"rendered":"Tartrex bain de bouche &#8211; 125ml &#8211; Phyt\u00e9al"},"content":{"rendered":"","protected":false},"excerpt":{"rendered":"<p style=\"font-weight: 300;\">TARTREX bain de bouche aux huiles essentielles est recommand\u00e9 pour lutter contre la mauvaise haleine chronique ou occasionnelle.<\/p>\n<p style=\"font-weight: 300;\">Il pr\u00e9vient l\u2019apparition du tartre et assure une haleine fra\u00eeche au quotidien. Sa composition naturelle maintiendra la flore buccale.<\/p>\n","protected":false},"featured_media":17214,"comment_status":"open","ping_status":"closed","template":"","meta":[],"product_brand":[],"product_cat":[282,315],"product_tag":[316,317],"class_list":{"0":"post-17148","1":"product","2":"type-product","3":"status-publish","4":"has-post-thumbnail","6":"product_cat-bain-de-bouche","7":"product_cat-soins-dentaire","8":"product_tag-bain-de-bouche","9":"product_tag-soins-dentaire","11":"first","12":"instock","13":"shipping-taxable","14":"purchasable","15":"product-type-simple"},"yoast_head":"<!-- This site is optimized with the Yoast SEO plugin v23.0 - https:\/\/yoast.com\/wordpress\/plugins\/seo\/ -->\n<title>Tartrex bain de bouche - 125ml - Phyt\u00e9al - pharmadreams<\/title>\n<meta name=\"robots\" content=\"index, follow, max-snippet:-1, max-image-preview:large, max-video-preview:-1\" \/>\n<link rel=\"canonical\" href=\"https:\/\/pharmadreams.shop\/index.php\/product\/tartrex-bain-de-bouche-125ml-phyteal\/\" \/>\n<meta property=\"og:locale\" content=\"fr_FR\" \/>\n<meta property=\"og:type\" content=\"article\" \/>\n<meta property=\"og:title\" content=\"Tartrex bain de bouche - 125ml - Phyt\u00e9al - pharmadreams\" \/>\n<meta property=\"og:description\" content=\"TARTREX bain de bouche aux huiles essentielles est recommand\u00e9 pour lutter contre la mauvaise haleine chronique ou occasionnelle. Il pr\u00e9vient l\u2019apparition du tartre et assure une haleine fra\u00eeche au quotidien. Sa composition naturelle maintiendra la flore buccale.\" \/>\n<meta property=\"og:url\" content=\"https:\/\/pharmadreams.shop\/index.php\/product\/tartrex-bain-de-bouche-125ml-phyteal\/\" \/>\n<meta property=\"og:site_name\" content=\"pharmadreams\" \/>\n<meta property=\"article:modified_time\" content=\"2023-12-19T18:43:21+00:00\" \/>\n<meta property=\"og:image\" content=\"https:\/\/pharmadreams.shop\/wp-content\/uploads\/2023\/12\/tartrex-bain-de-bouche-purifiant-au-zinc-125ml.jpg\" \/>\n\t<meta property=\"og:image:width\" content=\"500\" \/>\n\t<meta property=\"og:image:height\" content=\"500\" \/>\n\t<meta property=\"og:image:type\" content=\"image\/jpeg\" \/>\n<meta name=\"twitter:card\" content=\"summary_large_image\" \/>\n<script type=\"application\/ld+json\" class=\"yoast-schema-graph\">{\"@context\":\"https:\/\/schema.org\",\"@graph\":[{\"@type\":\"WebPage\",\"@id\":\"https:\/\/pharmadreams.shop\/index.php\/product\/tartrex-bain-de-bouche-125ml-phyteal\/\",\"url\":\"https:\/\/pharmadreams.shop\/index.php\/product\/tartrex-bain-de-bouche-125ml-phyteal\/\",\"name\":\"Tartrex bain de bouche - 125ml - Phyt\u00e9al - pharmadreams\",\"isPartOf\":{\"@id\":\"https:\/\/pharmadreams.shop\/#website\"},\"primaryImageOfPage\":{\"@id\":\"https:\/\/pharmadreams.shop\/index.php\/product\/tartrex-bain-de-bouche-125ml-phyteal\/#primaryimage\"},\"image\":{\"@id\":\"https:\/\/pharmadreams.shop\/index.php\/product\/tartrex-bain-de-bouche-125ml-phyteal\/#primaryimage\"},\"thumbnailUrl\":\"https:\/\/pharmadreams.shop\/wp-content\/uploads\/2023\/12\/tartrex-bain-de-bouche-purifiant-au-zinc-125ml.jpg\",\"datePublished\":\"2023-12-19T18:42:50+00:00\",\"dateModified\":\"2023-12-19T18:43:21+00:00\",\"breadcrumb\":{\"@id\":\"https:\/\/pharmadreams.shop\/index.php\/product\/tartrex-bain-de-bouche-125ml-phyteal\/#breadcrumb\"},\"inLanguage\":\"fr-FR\",\"potentialAction\":[{\"@type\":\"ReadAction\",\"target\":[\"https:\/\/pharmadreams.shop\/index.php\/product\/tartrex-bain-de-bouche-125ml-phyteal\/\"]}]},{\"@type\":\"ImageObject\",\"inLanguage\":\"fr-FR\",\"@id\":\"https:\/\/pharmadreams.shop\/index.php\/product\/tartrex-bain-de-bouche-125ml-phyteal\/#primaryimage\",\"url\":\"https:\/\/pharmadreams.shop\/wp-content\/uploads\/2023\/12\/tartrex-bain-de-bouche-purifiant-au-zinc-125ml.jpg\",\"contentUrl\":\"https:\/\/pharmadreams.shop\/wp-content\/uploads\/2023\/12\/tartrex-bain-de-bouche-purifiant-au-zinc-125ml.jpg\",\"width\":500,\"height\":500},{\"@type\":\"BreadcrumbList\",\"@id\":\"https:\/\/pharmadreams.shop\/index.php\/product\/tartrex-bain-de-bouche-125ml-phyteal\/#breadcrumb\",\"itemListElement\":[{\"@type\":\"ListItem\",\"position\":1,\"name\":\"Accueil\",\"item\":\"https:\/\/pharmadreams.shop\/\"},{\"@type\":\"ListItem\",\"position\":2,\"name\":\"Shop\",\"item\":\"https:\/\/pharmadreams.shop\/index.php\/shop\/\"},{\"@type\":\"ListItem\",\"position\":3,\"name\":\"Tartrex bain de bouche &#8211; 125ml &#8211; Phyt\u00e9al\"}]},{\"@type\":\"WebSite\",\"@id\":\"https:\/\/pharmadreams.shop\/#website\",\"url\":\"https:\/\/pharmadreams.shop\/\",\"name\":\"pharmadreams\",\"description\":\"Parapharmacie en ligne\",\"potentialAction\":[{\"@type\":\"SearchAction\",\"target\":{\"@type\":\"EntryPoint\",\"urlTemplate\":\"https:\/\/pharmadreams.shop\/?s={search_term_string}\"},\"query-input\":\"required name=search_term_string\"}],\"inLanguage\":\"fr-FR\"}]}<\/script>\n<!-- \/ Yoast SEO plugin. -->","yoast_head_json":{"title":"Tartrex bain de bouche - 125ml - Phyt\u00e9al - pharmadreams","robots":{"index":"index","follow":"follow","max-snippet":"max-snippet:-1","max-image-preview":"max-image-preview:large","max-video-preview":"max-video-preview:-1"},"canonical":"https:\/\/pharmadreams.shop\/index.php\/product\/tartrex-bain-de-bouche-125ml-phyteal\/","og_locale":"fr_FR","og_type":"article","og_title":"Tartrex bain de bouche - 125ml - Phyt\u00e9al - pharmadreams","og_description":"TARTREX bain de bouche aux huiles essentielles est recommand\u00e9 pour lutter contre la mauvaise haleine chronique ou occasionnelle. Il pr\u00e9vient l\u2019apparition du tartre et assure une haleine fra\u00eeche au quotidien. Sa composition naturelle maintiendra la flore buccale.","og_url":"https:\/\/pharmadreams.shop\/index.php\/product\/tartrex-bain-de-bouche-125ml-phyteal\/","og_site_name":"pharmadreams","article_modified_time":"2023-12-19T18:43:21+00:00","og_image":[{"width":500,"height":500,"url":"https:\/\/pharmadreams.shop\/wp-content\/uploads\/2023\/12\/tartrex-bain-de-bouche-purifiant-au-zinc-125ml.jpg","type":"image\/jpeg"}],"twitter_card":"summary_large_image","schema":{"@context":"https:\/\/schema.org","@graph":[{"@type":"WebPage","@id":"https:\/\/pharmadreams.shop\/index.php\/product\/tartrex-bain-de-bouche-125ml-phyteal\/","url":"https:\/\/pharmadreams.shop\/index.php\/product\/tartrex-bain-de-bouche-125ml-phyteal\/","name":"Tartrex bain de bouche - 125ml - Phyt\u00e9al - pharmadreams","isPartOf":{"@id":"https:\/\/pharmadreams.shop\/#website"},"primaryImageOfPage":{"@id":"https:\/\/pharmadreams.shop\/index.php\/product\/tartrex-bain-de-bouche-125ml-phyteal\/#primaryimage"},"image":{"@id":"https:\/\/pharmadreams.shop\/index.php\/product\/tartrex-bain-de-bouche-125ml-phyteal\/#primaryimage"},"thumbnailUrl":"https:\/\/pharmadreams.shop\/wp-content\/uploads\/2023\/12\/tartrex-bain-de-bouche-purifiant-au-zinc-125ml.jpg","datePublished":"2023-12-19T18:42:50+00:00","dateModified":"2023-12-19T18:43:21+00:00","breadcrumb":{"@id":"https:\/\/pharmadreams.shop\/index.php\/product\/tartrex-bain-de-bouche-125ml-phyteal\/#breadcrumb"},"inLanguage":"fr-FR","potentialAction":[{"@type":"ReadAction","target":["https:\/\/pharmadreams.shop\/index.php\/product\/tartrex-bain-de-bouche-125ml-phyteal\/"]}]},{"@type":"ImageObject","inLanguage":"fr-FR","@id":"https:\/\/pharmadreams.shop\/index.php\/product\/tartrex-bain-de-bouche-125ml-phyteal\/#primaryimage","url":"https:\/\/pharmadreams.shop\/wp-content\/uploads\/2023\/12\/tartrex-bain-de-bouche-purifiant-au-zinc-125ml.jpg","contentUrl":"https:\/\/pharmadreams.shop\/wp-content\/uploads\/2023\/12\/tartrex-bain-de-bouche-purifiant-au-zinc-125ml.jpg","width":500,"height":500},{"@type":"BreadcrumbList","@id":"https:\/\/pharmadreams.shop\/index.php\/product\/tartrex-bain-de-bouche-125ml-phyteal\/#breadcrumb","itemListElement":[{"@type":"ListItem","position":1,"name":"Accueil","item":"https:\/\/pharmadreams.shop\/"},{"@type":"ListItem","position":2,"name":"Shop","item":"https:\/\/pharmadreams.shop\/index.php\/shop\/"},{"@type":"ListItem","position":3,"name":"Tartrex bain de bouche &#8211; 125ml &#8211; Phyt\u00e9al"}]},{"@type":"WebSite","@id":"https:\/\/pharmadreams.shop\/#website","url":"https:\/\/pharmadreams.shop\/","name":"pharmadreams","description":"Parapharmacie en ligne","potentialAction":[{"@type":"SearchAction","target":{"@type":"EntryPoint","urlTemplate":"https:\/\/pharmadreams.shop\/?s={search_term_string}"},"query-input":"required name=search_term_string"}],"inLanguage":"fr-FR"}]}},"_links":{"self":[{"href":"https:\/\/pharmadreams.shop\/index.php\/wp-json\/wp\/v2\/product\/17148","targetHints":{"allow":["GET"]}}],"collection":[{"href":"https:\/\/pharmadreams.shop\/index.php\/wp-json\/wp\/v2\/product"}],"about":[{"href":"https:\/\/pharmadreams.shop\/index.php\/wp-json\/wp\/v2\/types\/product"}],"replies":[{"embeddable":true,"href":"https:\/\/pharmadreams.shop\/index.php\/wp-json\/wp\/v2\/comments?post=17148"}],"version-history":[{"count":0,"href":"https:\/\/pharmadreams.shop\/index.php\/wp-json\/wp\/v2\/product\/17148\/revisions"}],"wp:featuredmedia":[{"embeddable":true,"href":"https:\/\/pharmadreams.shop\/index.php\/wp-json\/wp\/v2\/media\/17214"}],"wp:attachment":[{"href":"https:\/\/pharmadreams.shop\/index.php\/wp-json\/wp\/v2\/media?parent=17148"}],"wp:term":[{"taxonomy":"product_brand","embeddable":true,"href":"https:\/\/pharmadreams.shop\/index.php\/wp-json\/wp\/v2\/product_brand?post=17148"},{"taxonomy":"product_cat","embeddable":true,"href":"https:\/\/pharmadreams.shop\/index.php\/wp-json\/wp\/v2\/product_cat?post=17148"},{"taxonomy":"product_tag","embeddable":true,"href":"https:\/\/pharmadreams.shop\/index.php\/wp-json\/wp\/v2\/product_tag?post=17148"}],"curies":[{"name":"wp","href":"https:\/\/api.w.org\/{rel}","templated":true}]}}