{"id":17149,"date":"2023-12-19T19:42:50","date_gmt":"2023-12-19T18:42:50","guid":{"rendered":"https:\/\/venuspara.com\/?post_type=product&#038;p=17149"},"modified":"2023-12-19T19:43:22","modified_gmt":"2023-12-19T18:43:22","slug":"bandelettes-50unites-on-call-sure","status":"publish","type":"product","link":"https:\/\/pharmadreams.shop\/index.php\/product\/bandelettes-50unites-on-call-sure\/","title":{"rendered":"Bandelettes-50unit\u00e9s-On call sure"},"content":{"rendered":"","protected":false},"excerpt":{"rendered":"<p>L&rsquo;ACON On Call sure Bandelettes de Test de Glucose Sanguin sont d&rsquo;un format \u00e9lanc\u00e9.<br \/>\nPour d\u00e9terminer le taux de glucose, du sang doit \u00eatre appliqu\u00e9 au bout de la bandelette de test. Le sang est pris automatiquement par la bandelette de test. Ensuite, une r\u00e9action a lieu dans la cellule de r\u00e9action, au moment de laquelle un courant \u00e9lectrique se produit.<br \/>\n\u00c0 l&rsquo;aide de ce courant, l&rsquo;ACON On Call sure Glucom\u00e8tre peut d\u00e9terminer le taux de glucose sanguin. Le taux mesur\u00e9 est montr\u00e9 sur l&rsquo;affichage du glucom\u00e8tre.<\/p>\n","protected":false},"featured_media":17216,"comment_status":"open","ping_status":"closed","template":"","meta":[],"product_brand":[],"product_cat":[312],"product_tag":[314],"class_list":{"0":"post-17149","1":"product","2":"type-product","3":"status-publish","4":"has-post-thumbnail","6":"product_cat-materiel-medical","7":"product_tag-materiel-medical","9":"first","10":"instock","11":"shipping-taxable","12":"purchasable","13":"product-type-simple"},"yoast_head":"<!-- This site is optimized with the Yoast SEO plugin v23.0 - https:\/\/yoast.com\/wordpress\/plugins\/seo\/ -->\n<title>Bandelettes-50unit\u00e9s-On call sure - pharmadreams<\/title>\n<meta name=\"robots\" content=\"index, follow, max-snippet:-1, max-image-preview:large, max-video-preview:-1\" \/>\n<link rel=\"canonical\" href=\"https:\/\/pharmadreams.shop\/index.php\/product\/bandelettes-50unites-on-call-sure\/\" \/>\n<meta property=\"og:locale\" content=\"fr_FR\" \/>\n<meta property=\"og:type\" content=\"article\" \/>\n<meta property=\"og:title\" content=\"Bandelettes-50unit\u00e9s-On call sure - pharmadreams\" \/>\n<meta property=\"og:description\" content=\"L&#039;ACON On Call sure Bandelettes de Test de Glucose Sanguin sont d&#039;un format \u00e9lanc\u00e9. Pour d\u00e9terminer le taux de glucose, du sang doit \u00eatre appliqu\u00e9 au bout de la bandelette de test. Le sang est pris automatiquement par la bandelette de test. Ensuite, une r\u00e9action a lieu dans la cellule de r\u00e9action, au moment de laquelle un courant \u00e9lectrique se produit. \u00c0 l&#039;aide de ce courant, l&#039;ACON On Call sure Glucom\u00e8tre peut d\u00e9terminer le taux de glucose sanguin. Le taux mesur\u00e9 est montr\u00e9 sur l&#039;affichage du glucom\u00e8tre.\" \/>\n<meta property=\"og:url\" content=\"https:\/\/pharmadreams.shop\/index.php\/product\/bandelettes-50unites-on-call-sure\/\" \/>\n<meta property=\"og:site_name\" content=\"pharmadreams\" \/>\n<meta property=\"article:modified_time\" content=\"2023-12-19T18:43:22+00:00\" \/>\n<meta property=\"og:image\" content=\"https:\/\/pharmadreams.shop\/wp-content\/uploads\/2023\/12\/Bandelettes-50-on-call-sure.jpg\" \/>\n\t<meta property=\"og:image:width\" content=\"225\" \/>\n\t<meta property=\"og:image:height\" content=\"225\" \/>\n\t<meta property=\"og:image:type\" content=\"image\/jpeg\" \/>\n<meta name=\"twitter:card\" content=\"summary_large_image\" \/>\n<script type=\"application\/ld+json\" class=\"yoast-schema-graph\">{\"@context\":\"https:\/\/schema.org\",\"@graph\":[{\"@type\":\"WebPage\",\"@id\":\"https:\/\/pharmadreams.shop\/index.php\/product\/bandelettes-50unites-on-call-sure\/\",\"url\":\"https:\/\/pharmadreams.shop\/index.php\/product\/bandelettes-50unites-on-call-sure\/\",\"name\":\"Bandelettes-50unit\u00e9s-On call sure - pharmadreams\",\"isPartOf\":{\"@id\":\"https:\/\/pharmadreams.shop\/#website\"},\"primaryImageOfPage\":{\"@id\":\"https:\/\/pharmadreams.shop\/index.php\/product\/bandelettes-50unites-on-call-sure\/#primaryimage\"},\"image\":{\"@id\":\"https:\/\/pharmadreams.shop\/index.php\/product\/bandelettes-50unites-on-call-sure\/#primaryimage\"},\"thumbnailUrl\":\"https:\/\/pharmadreams.shop\/wp-content\/uploads\/2023\/12\/Bandelettes-50-on-call-sure.jpg\",\"datePublished\":\"2023-12-19T18:42:50+00:00\",\"dateModified\":\"2023-12-19T18:43:22+00:00\",\"breadcrumb\":{\"@id\":\"https:\/\/pharmadreams.shop\/index.php\/product\/bandelettes-50unites-on-call-sure\/#breadcrumb\"},\"inLanguage\":\"fr-FR\",\"potentialAction\":[{\"@type\":\"ReadAction\",\"target\":[\"https:\/\/pharmadreams.shop\/index.php\/product\/bandelettes-50unites-on-call-sure\/\"]}]},{\"@type\":\"ImageObject\",\"inLanguage\":\"fr-FR\",\"@id\":\"https:\/\/pharmadreams.shop\/index.php\/product\/bandelettes-50unites-on-call-sure\/#primaryimage\",\"url\":\"https:\/\/pharmadreams.shop\/wp-content\/uploads\/2023\/12\/Bandelettes-50-on-call-sure.jpg\",\"contentUrl\":\"https:\/\/pharmadreams.shop\/wp-content\/uploads\/2023\/12\/Bandelettes-50-on-call-sure.jpg\",\"width\":225,\"height\":225},{\"@type\":\"BreadcrumbList\",\"@id\":\"https:\/\/pharmadreams.shop\/index.php\/product\/bandelettes-50unites-on-call-sure\/#breadcrumb\",\"itemListElement\":[{\"@type\":\"ListItem\",\"position\":1,\"name\":\"Accueil\",\"item\":\"https:\/\/pharmadreams.shop\/\"},{\"@type\":\"ListItem\",\"position\":2,\"name\":\"Shop\",\"item\":\"https:\/\/pharmadreams.shop\/index.php\/shop\/\"},{\"@type\":\"ListItem\",\"position\":3,\"name\":\"Bandelettes-50unit\u00e9s-On call sure\"}]},{\"@type\":\"WebSite\",\"@id\":\"https:\/\/pharmadreams.shop\/#website\",\"url\":\"https:\/\/pharmadreams.shop\/\",\"name\":\"pharmadreams\",\"description\":\"Parapharmacie en ligne\",\"potentialAction\":[{\"@type\":\"SearchAction\",\"target\":{\"@type\":\"EntryPoint\",\"urlTemplate\":\"https:\/\/pharmadreams.shop\/?s={search_term_string}\"},\"query-input\":\"required name=search_term_string\"}],\"inLanguage\":\"fr-FR\"}]}<\/script>\n<!-- \/ Yoast SEO plugin. -->","yoast_head_json":{"title":"Bandelettes-50unit\u00e9s-On call sure - pharmadreams","robots":{"index":"index","follow":"follow","max-snippet":"max-snippet:-1","max-image-preview":"max-image-preview:large","max-video-preview":"max-video-preview:-1"},"canonical":"https:\/\/pharmadreams.shop\/index.php\/product\/bandelettes-50unites-on-call-sure\/","og_locale":"fr_FR","og_type":"article","og_title":"Bandelettes-50unit\u00e9s-On call sure - pharmadreams","og_description":"L'ACON On Call sure Bandelettes de Test de Glucose Sanguin sont d'un format \u00e9lanc\u00e9. Pour d\u00e9terminer le taux de glucose, du sang doit \u00eatre appliqu\u00e9 au bout de la bandelette de test. Le sang est pris automatiquement par la bandelette de test. Ensuite, une r\u00e9action a lieu dans la cellule de r\u00e9action, au moment de laquelle un courant \u00e9lectrique se produit. \u00c0 l'aide de ce courant, l'ACON On Call sure Glucom\u00e8tre peut d\u00e9terminer le taux de glucose sanguin. Le taux mesur\u00e9 est montr\u00e9 sur l'affichage du glucom\u00e8tre.","og_url":"https:\/\/pharmadreams.shop\/index.php\/product\/bandelettes-50unites-on-call-sure\/","og_site_name":"pharmadreams","article_modified_time":"2023-12-19T18:43:22+00:00","og_image":[{"width":225,"height":225,"url":"https:\/\/pharmadreams.shop\/wp-content\/uploads\/2023\/12\/Bandelettes-50-on-call-sure.jpg","type":"image\/jpeg"}],"twitter_card":"summary_large_image","schema":{"@context":"https:\/\/schema.org","@graph":[{"@type":"WebPage","@id":"https:\/\/pharmadreams.shop\/index.php\/product\/bandelettes-50unites-on-call-sure\/","url":"https:\/\/pharmadreams.shop\/index.php\/product\/bandelettes-50unites-on-call-sure\/","name":"Bandelettes-50unit\u00e9s-On call sure - pharmadreams","isPartOf":{"@id":"https:\/\/pharmadreams.shop\/#website"},"primaryImageOfPage":{"@id":"https:\/\/pharmadreams.shop\/index.php\/product\/bandelettes-50unites-on-call-sure\/#primaryimage"},"image":{"@id":"https:\/\/pharmadreams.shop\/index.php\/product\/bandelettes-50unites-on-call-sure\/#primaryimage"},"thumbnailUrl":"https:\/\/pharmadreams.shop\/wp-content\/uploads\/2023\/12\/Bandelettes-50-on-call-sure.jpg","datePublished":"2023-12-19T18:42:50+00:00","dateModified":"2023-12-19T18:43:22+00:00","breadcrumb":{"@id":"https:\/\/pharmadreams.shop\/index.php\/product\/bandelettes-50unites-on-call-sure\/#breadcrumb"},"inLanguage":"fr-FR","potentialAction":[{"@type":"ReadAction","target":["https:\/\/pharmadreams.shop\/index.php\/product\/bandelettes-50unites-on-call-sure\/"]}]},{"@type":"ImageObject","inLanguage":"fr-FR","@id":"https:\/\/pharmadreams.shop\/index.php\/product\/bandelettes-50unites-on-call-sure\/#primaryimage","url":"https:\/\/pharmadreams.shop\/wp-content\/uploads\/2023\/12\/Bandelettes-50-on-call-sure.jpg","contentUrl":"https:\/\/pharmadreams.shop\/wp-content\/uploads\/2023\/12\/Bandelettes-50-on-call-sure.jpg","width":225,"height":225},{"@type":"BreadcrumbList","@id":"https:\/\/pharmadreams.shop\/index.php\/product\/bandelettes-50unites-on-call-sure\/#breadcrumb","itemListElement":[{"@type":"ListItem","position":1,"name":"Accueil","item":"https:\/\/pharmadreams.shop\/"},{"@type":"ListItem","position":2,"name":"Shop","item":"https:\/\/pharmadreams.shop\/index.php\/shop\/"},{"@type":"ListItem","position":3,"name":"Bandelettes-50unit\u00e9s-On call sure"}]},{"@type":"WebSite","@id":"https:\/\/pharmadreams.shop\/#website","url":"https:\/\/pharmadreams.shop\/","name":"pharmadreams","description":"Parapharmacie en ligne","potentialAction":[{"@type":"SearchAction","target":{"@type":"EntryPoint","urlTemplate":"https:\/\/pharmadreams.shop\/?s={search_term_string}"},"query-input":"required name=search_term_string"}],"inLanguage":"fr-FR"}]}},"_links":{"self":[{"href":"https:\/\/pharmadreams.shop\/index.php\/wp-json\/wp\/v2\/product\/17149","targetHints":{"allow":["GET"]}}],"collection":[{"href":"https:\/\/pharmadreams.shop\/index.php\/wp-json\/wp\/v2\/product"}],"about":[{"href":"https:\/\/pharmadreams.shop\/index.php\/wp-json\/wp\/v2\/types\/product"}],"replies":[{"embeddable":true,"href":"https:\/\/pharmadreams.shop\/index.php\/wp-json\/wp\/v2\/comments?post=17149"}],"version-history":[{"count":0,"href":"https:\/\/pharmadreams.shop\/index.php\/wp-json\/wp\/v2\/product\/17149\/revisions"}],"wp:featuredmedia":[{"embeddable":true,"href":"https:\/\/pharmadreams.shop\/index.php\/wp-json\/wp\/v2\/media\/17216"}],"wp:attachment":[{"href":"https:\/\/pharmadreams.shop\/index.php\/wp-json\/wp\/v2\/media?parent=17149"}],"wp:term":[{"taxonomy":"product_brand","embeddable":true,"href":"https:\/\/pharmadreams.shop\/index.php\/wp-json\/wp\/v2\/product_brand?post=17149"},{"taxonomy":"product_cat","embeddable":true,"href":"https:\/\/pharmadreams.shop\/index.php\/wp-json\/wp\/v2\/product_cat?post=17149"},{"taxonomy":"product_tag","embeddable":true,"href":"https:\/\/pharmadreams.shop\/index.php\/wp-json\/wp\/v2\/product_tag?post=17149"}],"curies":[{"name":"wp","href":"https:\/\/api.w.org\/{rel}","templated":true}]}}