{"id":17152,"date":"2023-12-19T19:42:51","date_gmt":"2023-12-19T18:42:51","guid":{"rendered":"https:\/\/venuspara.com\/?post_type=product&#038;p=17152"},"modified":"2023-12-19T19:43:26","modified_gmt":"2023-12-19T18:43:26","slug":"ds-gel-moussant-150ml-uriage","status":"publish","type":"product","link":"https:\/\/pharmadreams.shop\/index.php\/product\/ds-gel-moussant-150ml-uriage\/","title":{"rendered":"DS gel moussant &#8211; 150ml &#8211; Uriage"},"content":{"rendered":"","protected":false},"excerpt":{"rendered":"<p><strong>URIAGE D.S. Gel Nettoyant<\/strong> Surgras Liquide 200 ml est sp\u00e9cifiquement con\u00e7u pour l&rsquo;hygi\u00e8ne des cuirs chevelus sujets aux d\u00e9mangeaisons et celle des peaux sujettes aux irritations, rougeurs et squames. Il r\u00e9gule la prolif\u00e9ration de la flore cutan\u00e9e impliqu\u00e9e, \u00e9limine tout en douceur les impuret\u00e9s. L&rsquo;efficacit\u00e9 conjugu\u00e9e d&rsquo;actifs assainissants sp\u00e9cifiques et d&rsquo;un complexe brevet\u00e9 anti-irritant s&rsquo;associe \u00e0 celle de l&rsquo;Eau Thermale d&rsquo;Uriage, apaisante. Ce surgras liquide moussant sans savon, sans parfum, sans paraben est formul\u00e9 \u00e0 pH physiologique.<\/p>\n","protected":false},"featured_media":17222,"comment_status":"open","ping_status":"closed","template":"","meta":[],"product_brand":[],"product_cat":[279,96],"product_tag":[319,174],"class_list":{"0":"post-17152","1":"product","2":"type-product","3":"status-publish","4":"has-post-thumbnail","6":"product_cat-gel-moussant","7":"product_cat-gel-nottoyant","8":"product_tag-gel-moussant","9":"product_tag-gel-nettoyant","11":"first","12":"instock","13":"shipping-taxable","14":"purchasable","15":"product-type-simple"},"yoast_head":"<!-- This site is optimized with the Yoast SEO plugin v23.0 - https:\/\/yoast.com\/wordpress\/plugins\/seo\/ -->\n<title>DS gel moussant - 150ml - Uriage - pharmadreams<\/title>\n<meta name=\"robots\" content=\"index, follow, max-snippet:-1, max-image-preview:large, max-video-preview:-1\" \/>\n<link rel=\"canonical\" href=\"https:\/\/pharmadreams.shop\/index.php\/product\/ds-gel-moussant-150ml-uriage\/\" \/>\n<meta property=\"og:locale\" content=\"fr_FR\" \/>\n<meta property=\"og:type\" content=\"article\" \/>\n<meta property=\"og:title\" content=\"DS gel moussant - 150ml - Uriage - pharmadreams\" \/>\n<meta property=\"og:description\" content=\"URIAGE D.S. Gel Nettoyant Surgras Liquide 200 ml est sp\u00e9cifiquement con\u00e7u pour l&#039;hygi\u00e8ne des cuirs chevelus sujets aux d\u00e9mangeaisons et celle des peaux sujettes aux irritations, rougeurs et squames. Il r\u00e9gule la prolif\u00e9ration de la flore cutan\u00e9e impliqu\u00e9e, \u00e9limine tout en douceur les impuret\u00e9s. L&#039;efficacit\u00e9 conjugu\u00e9e d&#039;actifs assainissants sp\u00e9cifiques et d&#039;un complexe brevet\u00e9 anti-irritant s&#039;associe \u00e0 celle de l&#039;Eau Thermale d&#039;Uriage, apaisante. Ce surgras liquide moussant sans savon, sans parfum, sans paraben est formul\u00e9 \u00e0 pH physiologique.\" \/>\n<meta property=\"og:url\" content=\"https:\/\/pharmadreams.shop\/index.php\/product\/ds-gel-moussant-150ml-uriage\/\" \/>\n<meta property=\"og:site_name\" content=\"pharmadreams\" \/>\n<meta property=\"article:modified_time\" content=\"2023-12-19T18:43:26+00:00\" \/>\n<meta property=\"og:image\" content=\"https:\/\/pharmadreams.shop\/wp-content\/uploads\/2023\/12\/DS-GEL-NETTOYANT-150ML-URIAGE.jpg\" \/>\n\t<meta property=\"og:image:width\" content=\"1000\" \/>\n\t<meta property=\"og:image:height\" content=\"1000\" \/>\n\t<meta property=\"og:image:type\" content=\"image\/jpeg\" \/>\n<meta name=\"twitter:card\" content=\"summary_large_image\" \/>\n<script type=\"application\/ld+json\" class=\"yoast-schema-graph\">{\"@context\":\"https:\/\/schema.org\",\"@graph\":[{\"@type\":\"WebPage\",\"@id\":\"https:\/\/pharmadreams.shop\/index.php\/product\/ds-gel-moussant-150ml-uriage\/\",\"url\":\"https:\/\/pharmadreams.shop\/index.php\/product\/ds-gel-moussant-150ml-uriage\/\",\"name\":\"DS gel moussant - 150ml - Uriage - pharmadreams\",\"isPartOf\":{\"@id\":\"https:\/\/pharmadreams.shop\/#website\"},\"primaryImageOfPage\":{\"@id\":\"https:\/\/pharmadreams.shop\/index.php\/product\/ds-gel-moussant-150ml-uriage\/#primaryimage\"},\"image\":{\"@id\":\"https:\/\/pharmadreams.shop\/index.php\/product\/ds-gel-moussant-150ml-uriage\/#primaryimage\"},\"thumbnailUrl\":\"https:\/\/pharmadreams.shop\/wp-content\/uploads\/2023\/12\/DS-GEL-NETTOYANT-150ML-URIAGE.jpg\",\"datePublished\":\"2023-12-19T18:42:51+00:00\",\"dateModified\":\"2023-12-19T18:43:26+00:00\",\"breadcrumb\":{\"@id\":\"https:\/\/pharmadreams.shop\/index.php\/product\/ds-gel-moussant-150ml-uriage\/#breadcrumb\"},\"inLanguage\":\"fr-FR\",\"potentialAction\":[{\"@type\":\"ReadAction\",\"target\":[\"https:\/\/pharmadreams.shop\/index.php\/product\/ds-gel-moussant-150ml-uriage\/\"]}]},{\"@type\":\"ImageObject\",\"inLanguage\":\"fr-FR\",\"@id\":\"https:\/\/pharmadreams.shop\/index.php\/product\/ds-gel-moussant-150ml-uriage\/#primaryimage\",\"url\":\"https:\/\/pharmadreams.shop\/wp-content\/uploads\/2023\/12\/DS-GEL-NETTOYANT-150ML-URIAGE.jpg\",\"contentUrl\":\"https:\/\/pharmadreams.shop\/wp-content\/uploads\/2023\/12\/DS-GEL-NETTOYANT-150ML-URIAGE.jpg\",\"width\":1000,\"height\":1000},{\"@type\":\"BreadcrumbList\",\"@id\":\"https:\/\/pharmadreams.shop\/index.php\/product\/ds-gel-moussant-150ml-uriage\/#breadcrumb\",\"itemListElement\":[{\"@type\":\"ListItem\",\"position\":1,\"name\":\"Accueil\",\"item\":\"https:\/\/pharmadreams.shop\/\"},{\"@type\":\"ListItem\",\"position\":2,\"name\":\"Shop\",\"item\":\"https:\/\/pharmadreams.shop\/index.php\/shop\/\"},{\"@type\":\"ListItem\",\"position\":3,\"name\":\"DS gel moussant &#8211; 150ml &#8211; Uriage\"}]},{\"@type\":\"WebSite\",\"@id\":\"https:\/\/pharmadreams.shop\/#website\",\"url\":\"https:\/\/pharmadreams.shop\/\",\"name\":\"pharmadreams\",\"description\":\"Parapharmacie en ligne\",\"potentialAction\":[{\"@type\":\"SearchAction\",\"target\":{\"@type\":\"EntryPoint\",\"urlTemplate\":\"https:\/\/pharmadreams.shop\/?s={search_term_string}\"},\"query-input\":\"required name=search_term_string\"}],\"inLanguage\":\"fr-FR\"}]}<\/script>\n<!-- \/ Yoast SEO plugin. -->","yoast_head_json":{"title":"DS gel moussant - 150ml - Uriage - pharmadreams","robots":{"index":"index","follow":"follow","max-snippet":"max-snippet:-1","max-image-preview":"max-image-preview:large","max-video-preview":"max-video-preview:-1"},"canonical":"https:\/\/pharmadreams.shop\/index.php\/product\/ds-gel-moussant-150ml-uriage\/","og_locale":"fr_FR","og_type":"article","og_title":"DS gel moussant - 150ml - Uriage - pharmadreams","og_description":"URIAGE D.S. Gel Nettoyant Surgras Liquide 200 ml est sp\u00e9cifiquement con\u00e7u pour l'hygi\u00e8ne des cuirs chevelus sujets aux d\u00e9mangeaisons et celle des peaux sujettes aux irritations, rougeurs et squames. Il r\u00e9gule la prolif\u00e9ration de la flore cutan\u00e9e impliqu\u00e9e, \u00e9limine tout en douceur les impuret\u00e9s. L'efficacit\u00e9 conjugu\u00e9e d'actifs assainissants sp\u00e9cifiques et d'un complexe brevet\u00e9 anti-irritant s'associe \u00e0 celle de l'Eau Thermale d'Uriage, apaisante. Ce surgras liquide moussant sans savon, sans parfum, sans paraben est formul\u00e9 \u00e0 pH physiologique.","og_url":"https:\/\/pharmadreams.shop\/index.php\/product\/ds-gel-moussant-150ml-uriage\/","og_site_name":"pharmadreams","article_modified_time":"2023-12-19T18:43:26+00:00","og_image":[{"width":1000,"height":1000,"url":"https:\/\/pharmadreams.shop\/wp-content\/uploads\/2023\/12\/DS-GEL-NETTOYANT-150ML-URIAGE.jpg","type":"image\/jpeg"}],"twitter_card":"summary_large_image","schema":{"@context":"https:\/\/schema.org","@graph":[{"@type":"WebPage","@id":"https:\/\/pharmadreams.shop\/index.php\/product\/ds-gel-moussant-150ml-uriage\/","url":"https:\/\/pharmadreams.shop\/index.php\/product\/ds-gel-moussant-150ml-uriage\/","name":"DS gel moussant - 150ml - Uriage - pharmadreams","isPartOf":{"@id":"https:\/\/pharmadreams.shop\/#website"},"primaryImageOfPage":{"@id":"https:\/\/pharmadreams.shop\/index.php\/product\/ds-gel-moussant-150ml-uriage\/#primaryimage"},"image":{"@id":"https:\/\/pharmadreams.shop\/index.php\/product\/ds-gel-moussant-150ml-uriage\/#primaryimage"},"thumbnailUrl":"https:\/\/pharmadreams.shop\/wp-content\/uploads\/2023\/12\/DS-GEL-NETTOYANT-150ML-URIAGE.jpg","datePublished":"2023-12-19T18:42:51+00:00","dateModified":"2023-12-19T18:43:26+00:00","breadcrumb":{"@id":"https:\/\/pharmadreams.shop\/index.php\/product\/ds-gel-moussant-150ml-uriage\/#breadcrumb"},"inLanguage":"fr-FR","potentialAction":[{"@type":"ReadAction","target":["https:\/\/pharmadreams.shop\/index.php\/product\/ds-gel-moussant-150ml-uriage\/"]}]},{"@type":"ImageObject","inLanguage":"fr-FR","@id":"https:\/\/pharmadreams.shop\/index.php\/product\/ds-gel-moussant-150ml-uriage\/#primaryimage","url":"https:\/\/pharmadreams.shop\/wp-content\/uploads\/2023\/12\/DS-GEL-NETTOYANT-150ML-URIAGE.jpg","contentUrl":"https:\/\/pharmadreams.shop\/wp-content\/uploads\/2023\/12\/DS-GEL-NETTOYANT-150ML-URIAGE.jpg","width":1000,"height":1000},{"@type":"BreadcrumbList","@id":"https:\/\/pharmadreams.shop\/index.php\/product\/ds-gel-moussant-150ml-uriage\/#breadcrumb","itemListElement":[{"@type":"ListItem","position":1,"name":"Accueil","item":"https:\/\/pharmadreams.shop\/"},{"@type":"ListItem","position":2,"name":"Shop","item":"https:\/\/pharmadreams.shop\/index.php\/shop\/"},{"@type":"ListItem","position":3,"name":"DS gel moussant &#8211; 150ml &#8211; Uriage"}]},{"@type":"WebSite","@id":"https:\/\/pharmadreams.shop\/#website","url":"https:\/\/pharmadreams.shop\/","name":"pharmadreams","description":"Parapharmacie en ligne","potentialAction":[{"@type":"SearchAction","target":{"@type":"EntryPoint","urlTemplate":"https:\/\/pharmadreams.shop\/?s={search_term_string}"},"query-input":"required name=search_term_string"}],"inLanguage":"fr-FR"}]}},"_links":{"self":[{"href":"https:\/\/pharmadreams.shop\/index.php\/wp-json\/wp\/v2\/product\/17152","targetHints":{"allow":["GET"]}}],"collection":[{"href":"https:\/\/pharmadreams.shop\/index.php\/wp-json\/wp\/v2\/product"}],"about":[{"href":"https:\/\/pharmadreams.shop\/index.php\/wp-json\/wp\/v2\/types\/product"}],"replies":[{"embeddable":true,"href":"https:\/\/pharmadreams.shop\/index.php\/wp-json\/wp\/v2\/comments?post=17152"}],"version-history":[{"count":0,"href":"https:\/\/pharmadreams.shop\/index.php\/wp-json\/wp\/v2\/product\/17152\/revisions"}],"wp:featuredmedia":[{"embeddable":true,"href":"https:\/\/pharmadreams.shop\/index.php\/wp-json\/wp\/v2\/media\/17222"}],"wp:attachment":[{"href":"https:\/\/pharmadreams.shop\/index.php\/wp-json\/wp\/v2\/media?parent=17152"}],"wp:term":[{"taxonomy":"product_brand","embeddable":true,"href":"https:\/\/pharmadreams.shop\/index.php\/wp-json\/wp\/v2\/product_brand?post=17152"},{"taxonomy":"product_cat","embeddable":true,"href":"https:\/\/pharmadreams.shop\/index.php\/wp-json\/wp\/v2\/product_cat?post=17152"},{"taxonomy":"product_tag","embeddable":true,"href":"https:\/\/pharmadreams.shop\/index.php\/wp-json\/wp\/v2\/product_tag?post=17152"}],"curies":[{"name":"wp","href":"https:\/\/api.w.org\/{rel}","templated":true}]}}