{"id":17153,"date":"2023-12-19T19:42:51","date_gmt":"2023-12-19T18:42:51","guid":{"rendered":"https:\/\/venuspara.com\/?post_type=product&#038;p=17153"},"modified":"2023-12-19T19:43:27","modified_gmt":"2023-12-19T18:43:27","slug":"neotone-gel-150ml-isispharma","status":"publish","type":"product","link":"https:\/\/pharmadreams.shop\/index.php\/product\/neotone-gel-150ml-isispharma\/","title":{"rendered":"Neotone gel &#8211; 150ml &#8211; Isispharma"},"content":{"rendered":"","protected":false},"excerpt":{"rendered":"<p><strong>NEOTONE\u00ae gel<\/strong> a \u00e9t\u00e9 sp\u00e9cialement d\u00e9velopp\u00e9 pour les peaux pr\u00e9sentant des taches pigmentaires, Enrichi en actifs \u00e9claircissants et exfoliants, il nettoie en douceur tout en unifiant et en redonnant \u00e9clat au teint, La peau est nette, Le teint est homog\u00e8ne, Formule adapt\u00e9e aux peaux sensibles.<\/p>\n","protected":false},"featured_media":17224,"comment_status":"open","ping_status":"closed","template":"","meta":[],"product_brand":[],"product_cat":[114,80,20],"product_tag":[208,177,179],"class_list":{"0":"post-17153","1":"product","2":"type-product","3":"status-publish","4":"has-post-thumbnail","6":"product_cat-gel","7":"product_cat-soins","8":"product_cat-visage","9":"product_tag-gel","10":"product_tag-soins","11":"product_tag-visage","13":"first","14":"instock","15":"shipping-taxable","16":"purchasable","17":"product-type-simple"},"yoast_head":"<!-- This site is optimized with the Yoast SEO plugin v23.0 - https:\/\/yoast.com\/wordpress\/plugins\/seo\/ -->\n<title>Neotone gel - 150ml - Isispharma - pharmadreams<\/title>\n<meta name=\"robots\" content=\"index, follow, max-snippet:-1, max-image-preview:large, max-video-preview:-1\" \/>\n<link rel=\"canonical\" href=\"https:\/\/pharmadreams.shop\/index.php\/product\/neotone-gel-150ml-isispharma\/\" \/>\n<meta property=\"og:locale\" content=\"fr_FR\" \/>\n<meta property=\"og:type\" content=\"article\" \/>\n<meta property=\"og:title\" content=\"Neotone gel - 150ml - Isispharma - pharmadreams\" \/>\n<meta property=\"og:description\" content=\"NEOTONE\u00ae gel a \u00e9t\u00e9 sp\u00e9cialement d\u00e9velopp\u00e9 pour les peaux pr\u00e9sentant des taches pigmentaires, Enrichi en actifs \u00e9claircissants et exfoliants, il nettoie en douceur tout en unifiant et en redonnant \u00e9clat au teint, La peau est nette, Le teint est homog\u00e8ne, Formule adapt\u00e9e aux peaux sensibles.\" \/>\n<meta property=\"og:url\" content=\"https:\/\/pharmadreams.shop\/index.php\/product\/neotone-gel-150ml-isispharma\/\" \/>\n<meta property=\"og:site_name\" content=\"pharmadreams\" \/>\n<meta property=\"article:modified_time\" content=\"2023-12-19T18:43:27+00:00\" \/>\n<meta property=\"og:image\" content=\"https:\/\/pharmadreams.shop\/wp-content\/uploads\/2023\/12\/isispharma-isispharma-neotone-gel-nettoyant-exfoliant-150ml-visage.jpg\" \/>\n\t<meta property=\"og:image:width\" content=\"700\" \/>\n\t<meta property=\"og:image:height\" content=\"700\" \/>\n\t<meta property=\"og:image:type\" content=\"image\/jpeg\" \/>\n<meta name=\"twitter:card\" content=\"summary_large_image\" \/>\n<script type=\"application\/ld+json\" class=\"yoast-schema-graph\">{\"@context\":\"https:\/\/schema.org\",\"@graph\":[{\"@type\":\"WebPage\",\"@id\":\"https:\/\/pharmadreams.shop\/index.php\/product\/neotone-gel-150ml-isispharma\/\",\"url\":\"https:\/\/pharmadreams.shop\/index.php\/product\/neotone-gel-150ml-isispharma\/\",\"name\":\"Neotone gel - 150ml - Isispharma - pharmadreams\",\"isPartOf\":{\"@id\":\"https:\/\/pharmadreams.shop\/#website\"},\"primaryImageOfPage\":{\"@id\":\"https:\/\/pharmadreams.shop\/index.php\/product\/neotone-gel-150ml-isispharma\/#primaryimage\"},\"image\":{\"@id\":\"https:\/\/pharmadreams.shop\/index.php\/product\/neotone-gel-150ml-isispharma\/#primaryimage\"},\"thumbnailUrl\":\"https:\/\/pharmadreams.shop\/wp-content\/uploads\/2023\/12\/isispharma-isispharma-neotone-gel-nettoyant-exfoliant-150ml-visage.jpg\",\"datePublished\":\"2023-12-19T18:42:51+00:00\",\"dateModified\":\"2023-12-19T18:43:27+00:00\",\"breadcrumb\":{\"@id\":\"https:\/\/pharmadreams.shop\/index.php\/product\/neotone-gel-150ml-isispharma\/#breadcrumb\"},\"inLanguage\":\"fr-FR\",\"potentialAction\":[{\"@type\":\"ReadAction\",\"target\":[\"https:\/\/pharmadreams.shop\/index.php\/product\/neotone-gel-150ml-isispharma\/\"]}]},{\"@type\":\"ImageObject\",\"inLanguage\":\"fr-FR\",\"@id\":\"https:\/\/pharmadreams.shop\/index.php\/product\/neotone-gel-150ml-isispharma\/#primaryimage\",\"url\":\"https:\/\/pharmadreams.shop\/wp-content\/uploads\/2023\/12\/isispharma-isispharma-neotone-gel-nettoyant-exfoliant-150ml-visage.jpg\",\"contentUrl\":\"https:\/\/pharmadreams.shop\/wp-content\/uploads\/2023\/12\/isispharma-isispharma-neotone-gel-nettoyant-exfoliant-150ml-visage.jpg\",\"width\":700,\"height\":700},{\"@type\":\"BreadcrumbList\",\"@id\":\"https:\/\/pharmadreams.shop\/index.php\/product\/neotone-gel-150ml-isispharma\/#breadcrumb\",\"itemListElement\":[{\"@type\":\"ListItem\",\"position\":1,\"name\":\"Accueil\",\"item\":\"https:\/\/pharmadreams.shop\/\"},{\"@type\":\"ListItem\",\"position\":2,\"name\":\"Shop\",\"item\":\"https:\/\/pharmadreams.shop\/index.php\/shop\/\"},{\"@type\":\"ListItem\",\"position\":3,\"name\":\"Neotone gel &#8211; 150ml &#8211; Isispharma\"}]},{\"@type\":\"WebSite\",\"@id\":\"https:\/\/pharmadreams.shop\/#website\",\"url\":\"https:\/\/pharmadreams.shop\/\",\"name\":\"pharmadreams\",\"description\":\"Parapharmacie en ligne\",\"potentialAction\":[{\"@type\":\"SearchAction\",\"target\":{\"@type\":\"EntryPoint\",\"urlTemplate\":\"https:\/\/pharmadreams.shop\/?s={search_term_string}\"},\"query-input\":\"required name=search_term_string\"}],\"inLanguage\":\"fr-FR\"}]}<\/script>\n<!-- \/ Yoast SEO plugin. -->","yoast_head_json":{"title":"Neotone gel - 150ml - Isispharma - pharmadreams","robots":{"index":"index","follow":"follow","max-snippet":"max-snippet:-1","max-image-preview":"max-image-preview:large","max-video-preview":"max-video-preview:-1"},"canonical":"https:\/\/pharmadreams.shop\/index.php\/product\/neotone-gel-150ml-isispharma\/","og_locale":"fr_FR","og_type":"article","og_title":"Neotone gel - 150ml - Isispharma - pharmadreams","og_description":"NEOTONE\u00ae gel a \u00e9t\u00e9 sp\u00e9cialement d\u00e9velopp\u00e9 pour les peaux pr\u00e9sentant des taches pigmentaires, Enrichi en actifs \u00e9claircissants et exfoliants, il nettoie en douceur tout en unifiant et en redonnant \u00e9clat au teint, La peau est nette, Le teint est homog\u00e8ne, Formule adapt\u00e9e aux peaux sensibles.","og_url":"https:\/\/pharmadreams.shop\/index.php\/product\/neotone-gel-150ml-isispharma\/","og_site_name":"pharmadreams","article_modified_time":"2023-12-19T18:43:27+00:00","og_image":[{"width":700,"height":700,"url":"https:\/\/pharmadreams.shop\/wp-content\/uploads\/2023\/12\/isispharma-isispharma-neotone-gel-nettoyant-exfoliant-150ml-visage.jpg","type":"image\/jpeg"}],"twitter_card":"summary_large_image","schema":{"@context":"https:\/\/schema.org","@graph":[{"@type":"WebPage","@id":"https:\/\/pharmadreams.shop\/index.php\/product\/neotone-gel-150ml-isispharma\/","url":"https:\/\/pharmadreams.shop\/index.php\/product\/neotone-gel-150ml-isispharma\/","name":"Neotone gel - 150ml - Isispharma - pharmadreams","isPartOf":{"@id":"https:\/\/pharmadreams.shop\/#website"},"primaryImageOfPage":{"@id":"https:\/\/pharmadreams.shop\/index.php\/product\/neotone-gel-150ml-isispharma\/#primaryimage"},"image":{"@id":"https:\/\/pharmadreams.shop\/index.php\/product\/neotone-gel-150ml-isispharma\/#primaryimage"},"thumbnailUrl":"https:\/\/pharmadreams.shop\/wp-content\/uploads\/2023\/12\/isispharma-isispharma-neotone-gel-nettoyant-exfoliant-150ml-visage.jpg","datePublished":"2023-12-19T18:42:51+00:00","dateModified":"2023-12-19T18:43:27+00:00","breadcrumb":{"@id":"https:\/\/pharmadreams.shop\/index.php\/product\/neotone-gel-150ml-isispharma\/#breadcrumb"},"inLanguage":"fr-FR","potentialAction":[{"@type":"ReadAction","target":["https:\/\/pharmadreams.shop\/index.php\/product\/neotone-gel-150ml-isispharma\/"]}]},{"@type":"ImageObject","inLanguage":"fr-FR","@id":"https:\/\/pharmadreams.shop\/index.php\/product\/neotone-gel-150ml-isispharma\/#primaryimage","url":"https:\/\/pharmadreams.shop\/wp-content\/uploads\/2023\/12\/isispharma-isispharma-neotone-gel-nettoyant-exfoliant-150ml-visage.jpg","contentUrl":"https:\/\/pharmadreams.shop\/wp-content\/uploads\/2023\/12\/isispharma-isispharma-neotone-gel-nettoyant-exfoliant-150ml-visage.jpg","width":700,"height":700},{"@type":"BreadcrumbList","@id":"https:\/\/pharmadreams.shop\/index.php\/product\/neotone-gel-150ml-isispharma\/#breadcrumb","itemListElement":[{"@type":"ListItem","position":1,"name":"Accueil","item":"https:\/\/pharmadreams.shop\/"},{"@type":"ListItem","position":2,"name":"Shop","item":"https:\/\/pharmadreams.shop\/index.php\/shop\/"},{"@type":"ListItem","position":3,"name":"Neotone gel &#8211; 150ml &#8211; Isispharma"}]},{"@type":"WebSite","@id":"https:\/\/pharmadreams.shop\/#website","url":"https:\/\/pharmadreams.shop\/","name":"pharmadreams","description":"Parapharmacie en ligne","potentialAction":[{"@type":"SearchAction","target":{"@type":"EntryPoint","urlTemplate":"https:\/\/pharmadreams.shop\/?s={search_term_string}"},"query-input":"required name=search_term_string"}],"inLanguage":"fr-FR"}]}},"_links":{"self":[{"href":"https:\/\/pharmadreams.shop\/index.php\/wp-json\/wp\/v2\/product\/17153","targetHints":{"allow":["GET"]}}],"collection":[{"href":"https:\/\/pharmadreams.shop\/index.php\/wp-json\/wp\/v2\/product"}],"about":[{"href":"https:\/\/pharmadreams.shop\/index.php\/wp-json\/wp\/v2\/types\/product"}],"replies":[{"embeddable":true,"href":"https:\/\/pharmadreams.shop\/index.php\/wp-json\/wp\/v2\/comments?post=17153"}],"version-history":[{"count":0,"href":"https:\/\/pharmadreams.shop\/index.php\/wp-json\/wp\/v2\/product\/17153\/revisions"}],"wp:featuredmedia":[{"embeddable":true,"href":"https:\/\/pharmadreams.shop\/index.php\/wp-json\/wp\/v2\/media\/17224"}],"wp:attachment":[{"href":"https:\/\/pharmadreams.shop\/index.php\/wp-json\/wp\/v2\/media?parent=17153"}],"wp:term":[{"taxonomy":"product_brand","embeddable":true,"href":"https:\/\/pharmadreams.shop\/index.php\/wp-json\/wp\/v2\/product_brand?post=17153"},{"taxonomy":"product_cat","embeddable":true,"href":"https:\/\/pharmadreams.shop\/index.php\/wp-json\/wp\/v2\/product_cat?post=17153"},{"taxonomy":"product_tag","embeddable":true,"href":"https:\/\/pharmadreams.shop\/index.php\/wp-json\/wp\/v2\/product_tag?post=17153"}],"curies":[{"name":"wp","href":"https:\/\/api.w.org\/{rel}","templated":true}]}}