{"id":17155,"date":"2023-12-19T19:42:51","date_gmt":"2023-12-19T18:42:51","guid":{"rendered":"https:\/\/venuspara.com\/?post_type=product&#038;p=17155"},"modified":"2023-12-19T19:43:30","modified_gmt":"2023-12-19T18:43:30","slug":"teen-derm-hydra-40ml-isispharma","status":"publish","type":"product","link":"https:\/\/pharmadreams.shop\/index.php\/product\/teen-derm-hydra-40ml-isispharma\/","title":{"rendered":"Teen derm hydra &#8211; 40ml &#8211; Isispharma"},"content":{"rendered":"","protected":false},"excerpt":{"rendered":"<p><strong>Isis Pharma TEEN DERM hydra<\/strong> Hydratant compensateur apaisant \u00a0a \u00e9t\u00e9 sp\u00e9cialement d\u00e9velopp\u00e9 pour accompagner les peaux \u00e0 tendance acn\u00e9ique fragilis\u00e9es par les traitements dess\u00e9chants. Riche en puissants actifs hydratants, restructurants et apaisants, il hydrate, nourrit et apaise durablement. La peau retrouve confort et souplesse. Texture l\u00e9g\u00e8re.<\/p>\n","protected":false},"featured_media":17228,"comment_status":"open","ping_status":"closed","template":"","meta":[],"product_brand":[],"product_cat":[98,225],"product_tag":[182,228],"class_list":{"0":"post-17155","1":"product","2":"type-product","3":"status-publish","4":"has-post-thumbnail","6":"product_cat-hydratation","7":"product_cat-peaux-grasses","8":"product_tag-hydratation","9":"product_tag-peaux-grasses","11":"first","12":"instock","13":"shipping-taxable","14":"purchasable","15":"product-type-simple"},"yoast_head":"<!-- This site is optimized with the Yoast SEO plugin v23.0 - https:\/\/yoast.com\/wordpress\/plugins\/seo\/ -->\n<title>Teen derm hydra - 40ml - Isispharma - pharmadreams<\/title>\n<meta name=\"robots\" content=\"index, follow, max-snippet:-1, max-image-preview:large, max-video-preview:-1\" \/>\n<link rel=\"canonical\" href=\"https:\/\/pharmadreams.shop\/index.php\/product\/teen-derm-hydra-40ml-isispharma\/\" \/>\n<meta property=\"og:locale\" content=\"fr_FR\" \/>\n<meta property=\"og:type\" content=\"article\" \/>\n<meta property=\"og:title\" content=\"Teen derm hydra - 40ml - Isispharma - pharmadreams\" \/>\n<meta property=\"og:description\" content=\"Isis Pharma TEEN DERM hydra Hydratant compensateur apaisant \u00a0a \u00e9t\u00e9 sp\u00e9cialement d\u00e9velopp\u00e9 pour accompagner les peaux \u00e0 tendance acn\u00e9ique fragilis\u00e9es par les traitements dess\u00e9chants. Riche en puissants actifs hydratants, restructurants et apaisants, il hydrate, nourrit et apaise durablement. La peau retrouve confort et souplesse. Texture l\u00e9g\u00e8re.\" \/>\n<meta property=\"og:url\" content=\"https:\/\/pharmadreams.shop\/index.php\/product\/teen-derm-hydra-40ml-isispharma\/\" \/>\n<meta property=\"og:site_name\" content=\"pharmadreams\" \/>\n<meta property=\"article:modified_time\" content=\"2023-12-19T18:43:30+00:00\" \/>\n<meta property=\"og:image\" content=\"https:\/\/pharmadreams.shop\/wp-content\/uploads\/2023\/12\/ISISPHARMA-TEEN-DERM-HYDRA-40mL.jpg\" \/>\n\t<meta property=\"og:image:width\" content=\"800\" \/>\n\t<meta property=\"og:image:height\" content=\"800\" \/>\n\t<meta property=\"og:image:type\" content=\"image\/jpeg\" \/>\n<meta name=\"twitter:card\" content=\"summary_large_image\" \/>\n<script type=\"application\/ld+json\" class=\"yoast-schema-graph\">{\"@context\":\"https:\/\/schema.org\",\"@graph\":[{\"@type\":\"WebPage\",\"@id\":\"https:\/\/pharmadreams.shop\/index.php\/product\/teen-derm-hydra-40ml-isispharma\/\",\"url\":\"https:\/\/pharmadreams.shop\/index.php\/product\/teen-derm-hydra-40ml-isispharma\/\",\"name\":\"Teen derm hydra - 40ml - Isispharma - pharmadreams\",\"isPartOf\":{\"@id\":\"https:\/\/pharmadreams.shop\/#website\"},\"primaryImageOfPage\":{\"@id\":\"https:\/\/pharmadreams.shop\/index.php\/product\/teen-derm-hydra-40ml-isispharma\/#primaryimage\"},\"image\":{\"@id\":\"https:\/\/pharmadreams.shop\/index.php\/product\/teen-derm-hydra-40ml-isispharma\/#primaryimage\"},\"thumbnailUrl\":\"https:\/\/pharmadreams.shop\/wp-content\/uploads\/2023\/12\/ISISPHARMA-TEEN-DERM-HYDRA-40mL.jpg\",\"datePublished\":\"2023-12-19T18:42:51+00:00\",\"dateModified\":\"2023-12-19T18:43:30+00:00\",\"breadcrumb\":{\"@id\":\"https:\/\/pharmadreams.shop\/index.php\/product\/teen-derm-hydra-40ml-isispharma\/#breadcrumb\"},\"inLanguage\":\"fr-FR\",\"potentialAction\":[{\"@type\":\"ReadAction\",\"target\":[\"https:\/\/pharmadreams.shop\/index.php\/product\/teen-derm-hydra-40ml-isispharma\/\"]}]},{\"@type\":\"ImageObject\",\"inLanguage\":\"fr-FR\",\"@id\":\"https:\/\/pharmadreams.shop\/index.php\/product\/teen-derm-hydra-40ml-isispharma\/#primaryimage\",\"url\":\"https:\/\/pharmadreams.shop\/wp-content\/uploads\/2023\/12\/ISISPHARMA-TEEN-DERM-HYDRA-40mL.jpg\",\"contentUrl\":\"https:\/\/pharmadreams.shop\/wp-content\/uploads\/2023\/12\/ISISPHARMA-TEEN-DERM-HYDRA-40mL.jpg\",\"width\":800,\"height\":800},{\"@type\":\"BreadcrumbList\",\"@id\":\"https:\/\/pharmadreams.shop\/index.php\/product\/teen-derm-hydra-40ml-isispharma\/#breadcrumb\",\"itemListElement\":[{\"@type\":\"ListItem\",\"position\":1,\"name\":\"Accueil\",\"item\":\"https:\/\/pharmadreams.shop\/\"},{\"@type\":\"ListItem\",\"position\":2,\"name\":\"Shop\",\"item\":\"https:\/\/pharmadreams.shop\/index.php\/shop\/\"},{\"@type\":\"ListItem\",\"position\":3,\"name\":\"Teen derm hydra &#8211; 40ml &#8211; Isispharma\"}]},{\"@type\":\"WebSite\",\"@id\":\"https:\/\/pharmadreams.shop\/#website\",\"url\":\"https:\/\/pharmadreams.shop\/\",\"name\":\"pharmadreams\",\"description\":\"Parapharmacie en ligne\",\"potentialAction\":[{\"@type\":\"SearchAction\",\"target\":{\"@type\":\"EntryPoint\",\"urlTemplate\":\"https:\/\/pharmadreams.shop\/?s={search_term_string}\"},\"query-input\":\"required name=search_term_string\"}],\"inLanguage\":\"fr-FR\"}]}<\/script>\n<!-- \/ Yoast SEO plugin. -->","yoast_head_json":{"title":"Teen derm hydra - 40ml - Isispharma - pharmadreams","robots":{"index":"index","follow":"follow","max-snippet":"max-snippet:-1","max-image-preview":"max-image-preview:large","max-video-preview":"max-video-preview:-1"},"canonical":"https:\/\/pharmadreams.shop\/index.php\/product\/teen-derm-hydra-40ml-isispharma\/","og_locale":"fr_FR","og_type":"article","og_title":"Teen derm hydra - 40ml - Isispharma - pharmadreams","og_description":"Isis Pharma TEEN DERM hydra Hydratant compensateur apaisant \u00a0a \u00e9t\u00e9 sp\u00e9cialement d\u00e9velopp\u00e9 pour accompagner les peaux \u00e0 tendance acn\u00e9ique fragilis\u00e9es par les traitements dess\u00e9chants. Riche en puissants actifs hydratants, restructurants et apaisants, il hydrate, nourrit et apaise durablement. La peau retrouve confort et souplesse. Texture l\u00e9g\u00e8re.","og_url":"https:\/\/pharmadreams.shop\/index.php\/product\/teen-derm-hydra-40ml-isispharma\/","og_site_name":"pharmadreams","article_modified_time":"2023-12-19T18:43:30+00:00","og_image":[{"width":800,"height":800,"url":"https:\/\/pharmadreams.shop\/wp-content\/uploads\/2023\/12\/ISISPHARMA-TEEN-DERM-HYDRA-40mL.jpg","type":"image\/jpeg"}],"twitter_card":"summary_large_image","schema":{"@context":"https:\/\/schema.org","@graph":[{"@type":"WebPage","@id":"https:\/\/pharmadreams.shop\/index.php\/product\/teen-derm-hydra-40ml-isispharma\/","url":"https:\/\/pharmadreams.shop\/index.php\/product\/teen-derm-hydra-40ml-isispharma\/","name":"Teen derm hydra - 40ml - Isispharma - pharmadreams","isPartOf":{"@id":"https:\/\/pharmadreams.shop\/#website"},"primaryImageOfPage":{"@id":"https:\/\/pharmadreams.shop\/index.php\/product\/teen-derm-hydra-40ml-isispharma\/#primaryimage"},"image":{"@id":"https:\/\/pharmadreams.shop\/index.php\/product\/teen-derm-hydra-40ml-isispharma\/#primaryimage"},"thumbnailUrl":"https:\/\/pharmadreams.shop\/wp-content\/uploads\/2023\/12\/ISISPHARMA-TEEN-DERM-HYDRA-40mL.jpg","datePublished":"2023-12-19T18:42:51+00:00","dateModified":"2023-12-19T18:43:30+00:00","breadcrumb":{"@id":"https:\/\/pharmadreams.shop\/index.php\/product\/teen-derm-hydra-40ml-isispharma\/#breadcrumb"},"inLanguage":"fr-FR","potentialAction":[{"@type":"ReadAction","target":["https:\/\/pharmadreams.shop\/index.php\/product\/teen-derm-hydra-40ml-isispharma\/"]}]},{"@type":"ImageObject","inLanguage":"fr-FR","@id":"https:\/\/pharmadreams.shop\/index.php\/product\/teen-derm-hydra-40ml-isispharma\/#primaryimage","url":"https:\/\/pharmadreams.shop\/wp-content\/uploads\/2023\/12\/ISISPHARMA-TEEN-DERM-HYDRA-40mL.jpg","contentUrl":"https:\/\/pharmadreams.shop\/wp-content\/uploads\/2023\/12\/ISISPHARMA-TEEN-DERM-HYDRA-40mL.jpg","width":800,"height":800},{"@type":"BreadcrumbList","@id":"https:\/\/pharmadreams.shop\/index.php\/product\/teen-derm-hydra-40ml-isispharma\/#breadcrumb","itemListElement":[{"@type":"ListItem","position":1,"name":"Accueil","item":"https:\/\/pharmadreams.shop\/"},{"@type":"ListItem","position":2,"name":"Shop","item":"https:\/\/pharmadreams.shop\/index.php\/shop\/"},{"@type":"ListItem","position":3,"name":"Teen derm hydra &#8211; 40ml &#8211; Isispharma"}]},{"@type":"WebSite","@id":"https:\/\/pharmadreams.shop\/#website","url":"https:\/\/pharmadreams.shop\/","name":"pharmadreams","description":"Parapharmacie en ligne","potentialAction":[{"@type":"SearchAction","target":{"@type":"EntryPoint","urlTemplate":"https:\/\/pharmadreams.shop\/?s={search_term_string}"},"query-input":"required name=search_term_string"}],"inLanguage":"fr-FR"}]}},"_links":{"self":[{"href":"https:\/\/pharmadreams.shop\/index.php\/wp-json\/wp\/v2\/product\/17155","targetHints":{"allow":["GET"]}}],"collection":[{"href":"https:\/\/pharmadreams.shop\/index.php\/wp-json\/wp\/v2\/product"}],"about":[{"href":"https:\/\/pharmadreams.shop\/index.php\/wp-json\/wp\/v2\/types\/product"}],"replies":[{"embeddable":true,"href":"https:\/\/pharmadreams.shop\/index.php\/wp-json\/wp\/v2\/comments?post=17155"}],"version-history":[{"count":0,"href":"https:\/\/pharmadreams.shop\/index.php\/wp-json\/wp\/v2\/product\/17155\/revisions"}],"wp:featuredmedia":[{"embeddable":true,"href":"https:\/\/pharmadreams.shop\/index.php\/wp-json\/wp\/v2\/media\/17228"}],"wp:attachment":[{"href":"https:\/\/pharmadreams.shop\/index.php\/wp-json\/wp\/v2\/media?parent=17155"}],"wp:term":[{"taxonomy":"product_brand","embeddable":true,"href":"https:\/\/pharmadreams.shop\/index.php\/wp-json\/wp\/v2\/product_brand?post=17155"},{"taxonomy":"product_cat","embeddable":true,"href":"https:\/\/pharmadreams.shop\/index.php\/wp-json\/wp\/v2\/product_cat?post=17155"},{"taxonomy":"product_tag","embeddable":true,"href":"https:\/\/pharmadreams.shop\/index.php\/wp-json\/wp\/v2\/product_tag?post=17155"}],"curies":[{"name":"wp","href":"https:\/\/api.w.org\/{rel}","templated":true}]}}