{"id":17156,"date":"2023-12-19T19:42:51","date_gmt":"2023-12-19T18:42:51","guid":{"rendered":"https:\/\/venuspara.com\/?post_type=product&#038;p=17156"},"modified":"2023-12-19T19:43:31","modified_gmt":"2023-12-19T18:43:31","slug":"pruriced-creme-apaisante-100ml-uriage","status":"publish","type":"product","link":"https:\/\/pharmadreams.shop\/index.php\/product\/pruriced-creme-apaisante-100ml-uriage\/","title":{"rendered":"Pruriced cr\u00e8me apaisante &#8211; 100ml &#8211; Uriage"},"content":{"rendered":"","protected":false},"excerpt":{"rendered":"<p>Cr\u00e8me hyper efficace quoiqu\u2019un peu difficile \u00e0 \u00e9tendre. Un grand soulagement rapide dans le cas de mon ecz\u00e9ma.<\/p>\n","protected":false},"featured_media":17230,"comment_status":"open","ping_status":"closed","template":"","meta":[],"product_brand":[],"product_cat":[78,80,20],"product_tag":[195,177,179],"class_list":{"0":"post-17156","1":"product","2":"type-product","3":"status-publish","4":"has-post-thumbnail","6":"product_cat-cremes","7":"product_cat-soins","8":"product_cat-visage","9":"product_tag-creme","10":"product_tag-soins","11":"product_tag-visage","13":"first","14":"instock","15":"shipping-taxable","16":"purchasable","17":"product-type-simple"},"yoast_head":"<!-- This site is optimized with the Yoast SEO plugin v23.0 - https:\/\/yoast.com\/wordpress\/plugins\/seo\/ -->\n<title>Pruriced cr\u00e8me apaisante - 100ml - Uriage - pharmadreams<\/title>\n<meta name=\"robots\" content=\"index, follow, max-snippet:-1, max-image-preview:large, max-video-preview:-1\" \/>\n<link rel=\"canonical\" href=\"https:\/\/pharmadreams.shop\/index.php\/product\/pruriced-creme-apaisante-100ml-uriage\/\" \/>\n<meta property=\"og:locale\" content=\"fr_FR\" \/>\n<meta property=\"og:type\" content=\"article\" \/>\n<meta property=\"og:title\" content=\"Pruriced cr\u00e8me apaisante - 100ml - Uriage - pharmadreams\" \/>\n<meta property=\"og:description\" content=\"Cr\u00e8me hyper efficace quoiqu\u2019un peu difficile \u00e0 \u00e9tendre. Un grand soulagement rapide dans le cas de mon ecz\u00e9ma.\" \/>\n<meta property=\"og:url\" content=\"https:\/\/pharmadreams.shop\/index.php\/product\/pruriced-creme-apaisante-100ml-uriage\/\" \/>\n<meta property=\"og:site_name\" content=\"pharmadreams\" \/>\n<meta property=\"article:modified_time\" content=\"2023-12-19T18:43:31+00:00\" \/>\n<meta property=\"og:image\" content=\"https:\/\/pharmadreams.shop\/wp-content\/uploads\/2023\/12\/Pruriced-creme-apaisante-apaise-et-soulage-100-ml-Uriage.jpg\" \/>\n\t<meta property=\"og:image:width\" content=\"600\" \/>\n\t<meta property=\"og:image:height\" content=\"600\" \/>\n\t<meta property=\"og:image:type\" content=\"image\/jpeg\" \/>\n<meta name=\"twitter:card\" content=\"summary_large_image\" \/>\n<script type=\"application\/ld+json\" class=\"yoast-schema-graph\">{\"@context\":\"https:\/\/schema.org\",\"@graph\":[{\"@type\":\"WebPage\",\"@id\":\"https:\/\/pharmadreams.shop\/index.php\/product\/pruriced-creme-apaisante-100ml-uriage\/\",\"url\":\"https:\/\/pharmadreams.shop\/index.php\/product\/pruriced-creme-apaisante-100ml-uriage\/\",\"name\":\"Pruriced cr\u00e8me apaisante - 100ml - Uriage - pharmadreams\",\"isPartOf\":{\"@id\":\"https:\/\/pharmadreams.shop\/#website\"},\"primaryImageOfPage\":{\"@id\":\"https:\/\/pharmadreams.shop\/index.php\/product\/pruriced-creme-apaisante-100ml-uriage\/#primaryimage\"},\"image\":{\"@id\":\"https:\/\/pharmadreams.shop\/index.php\/product\/pruriced-creme-apaisante-100ml-uriage\/#primaryimage\"},\"thumbnailUrl\":\"https:\/\/pharmadreams.shop\/wp-content\/uploads\/2023\/12\/Pruriced-creme-apaisante-apaise-et-soulage-100-ml-Uriage.jpg\",\"datePublished\":\"2023-12-19T18:42:51+00:00\",\"dateModified\":\"2023-12-19T18:43:31+00:00\",\"breadcrumb\":{\"@id\":\"https:\/\/pharmadreams.shop\/index.php\/product\/pruriced-creme-apaisante-100ml-uriage\/#breadcrumb\"},\"inLanguage\":\"fr-FR\",\"potentialAction\":[{\"@type\":\"ReadAction\",\"target\":[\"https:\/\/pharmadreams.shop\/index.php\/product\/pruriced-creme-apaisante-100ml-uriage\/\"]}]},{\"@type\":\"ImageObject\",\"inLanguage\":\"fr-FR\",\"@id\":\"https:\/\/pharmadreams.shop\/index.php\/product\/pruriced-creme-apaisante-100ml-uriage\/#primaryimage\",\"url\":\"https:\/\/pharmadreams.shop\/wp-content\/uploads\/2023\/12\/Pruriced-creme-apaisante-apaise-et-soulage-100-ml-Uriage.jpg\",\"contentUrl\":\"https:\/\/pharmadreams.shop\/wp-content\/uploads\/2023\/12\/Pruriced-creme-apaisante-apaise-et-soulage-100-ml-Uriage.jpg\",\"width\":600,\"height\":600},{\"@type\":\"BreadcrumbList\",\"@id\":\"https:\/\/pharmadreams.shop\/index.php\/product\/pruriced-creme-apaisante-100ml-uriage\/#breadcrumb\",\"itemListElement\":[{\"@type\":\"ListItem\",\"position\":1,\"name\":\"Accueil\",\"item\":\"https:\/\/pharmadreams.shop\/\"},{\"@type\":\"ListItem\",\"position\":2,\"name\":\"Shop\",\"item\":\"https:\/\/pharmadreams.shop\/index.php\/shop\/\"},{\"@type\":\"ListItem\",\"position\":3,\"name\":\"Pruriced cr\u00e8me apaisante &#8211; 100ml &#8211; Uriage\"}]},{\"@type\":\"WebSite\",\"@id\":\"https:\/\/pharmadreams.shop\/#website\",\"url\":\"https:\/\/pharmadreams.shop\/\",\"name\":\"pharmadreams\",\"description\":\"Parapharmacie en ligne\",\"potentialAction\":[{\"@type\":\"SearchAction\",\"target\":{\"@type\":\"EntryPoint\",\"urlTemplate\":\"https:\/\/pharmadreams.shop\/?s={search_term_string}\"},\"query-input\":\"required name=search_term_string\"}],\"inLanguage\":\"fr-FR\"}]}<\/script>\n<!-- \/ Yoast SEO plugin. -->","yoast_head_json":{"title":"Pruriced cr\u00e8me apaisante - 100ml - Uriage - pharmadreams","robots":{"index":"index","follow":"follow","max-snippet":"max-snippet:-1","max-image-preview":"max-image-preview:large","max-video-preview":"max-video-preview:-1"},"canonical":"https:\/\/pharmadreams.shop\/index.php\/product\/pruriced-creme-apaisante-100ml-uriage\/","og_locale":"fr_FR","og_type":"article","og_title":"Pruriced cr\u00e8me apaisante - 100ml - Uriage - pharmadreams","og_description":"Cr\u00e8me hyper efficace quoiqu\u2019un peu difficile \u00e0 \u00e9tendre. Un grand soulagement rapide dans le cas de mon ecz\u00e9ma.","og_url":"https:\/\/pharmadreams.shop\/index.php\/product\/pruriced-creme-apaisante-100ml-uriage\/","og_site_name":"pharmadreams","article_modified_time":"2023-12-19T18:43:31+00:00","og_image":[{"width":600,"height":600,"url":"https:\/\/pharmadreams.shop\/wp-content\/uploads\/2023\/12\/Pruriced-creme-apaisante-apaise-et-soulage-100-ml-Uriage.jpg","type":"image\/jpeg"}],"twitter_card":"summary_large_image","schema":{"@context":"https:\/\/schema.org","@graph":[{"@type":"WebPage","@id":"https:\/\/pharmadreams.shop\/index.php\/product\/pruriced-creme-apaisante-100ml-uriage\/","url":"https:\/\/pharmadreams.shop\/index.php\/product\/pruriced-creme-apaisante-100ml-uriage\/","name":"Pruriced cr\u00e8me apaisante - 100ml - Uriage - pharmadreams","isPartOf":{"@id":"https:\/\/pharmadreams.shop\/#website"},"primaryImageOfPage":{"@id":"https:\/\/pharmadreams.shop\/index.php\/product\/pruriced-creme-apaisante-100ml-uriage\/#primaryimage"},"image":{"@id":"https:\/\/pharmadreams.shop\/index.php\/product\/pruriced-creme-apaisante-100ml-uriage\/#primaryimage"},"thumbnailUrl":"https:\/\/pharmadreams.shop\/wp-content\/uploads\/2023\/12\/Pruriced-creme-apaisante-apaise-et-soulage-100-ml-Uriage.jpg","datePublished":"2023-12-19T18:42:51+00:00","dateModified":"2023-12-19T18:43:31+00:00","breadcrumb":{"@id":"https:\/\/pharmadreams.shop\/index.php\/product\/pruriced-creme-apaisante-100ml-uriage\/#breadcrumb"},"inLanguage":"fr-FR","potentialAction":[{"@type":"ReadAction","target":["https:\/\/pharmadreams.shop\/index.php\/product\/pruriced-creme-apaisante-100ml-uriage\/"]}]},{"@type":"ImageObject","inLanguage":"fr-FR","@id":"https:\/\/pharmadreams.shop\/index.php\/product\/pruriced-creme-apaisante-100ml-uriage\/#primaryimage","url":"https:\/\/pharmadreams.shop\/wp-content\/uploads\/2023\/12\/Pruriced-creme-apaisante-apaise-et-soulage-100-ml-Uriage.jpg","contentUrl":"https:\/\/pharmadreams.shop\/wp-content\/uploads\/2023\/12\/Pruriced-creme-apaisante-apaise-et-soulage-100-ml-Uriage.jpg","width":600,"height":600},{"@type":"BreadcrumbList","@id":"https:\/\/pharmadreams.shop\/index.php\/product\/pruriced-creme-apaisante-100ml-uriage\/#breadcrumb","itemListElement":[{"@type":"ListItem","position":1,"name":"Accueil","item":"https:\/\/pharmadreams.shop\/"},{"@type":"ListItem","position":2,"name":"Shop","item":"https:\/\/pharmadreams.shop\/index.php\/shop\/"},{"@type":"ListItem","position":3,"name":"Pruriced cr\u00e8me apaisante &#8211; 100ml &#8211; Uriage"}]},{"@type":"WebSite","@id":"https:\/\/pharmadreams.shop\/#website","url":"https:\/\/pharmadreams.shop\/","name":"pharmadreams","description":"Parapharmacie en ligne","potentialAction":[{"@type":"SearchAction","target":{"@type":"EntryPoint","urlTemplate":"https:\/\/pharmadreams.shop\/?s={search_term_string}"},"query-input":"required name=search_term_string"}],"inLanguage":"fr-FR"}]}},"_links":{"self":[{"href":"https:\/\/pharmadreams.shop\/index.php\/wp-json\/wp\/v2\/product\/17156","targetHints":{"allow":["GET"]}}],"collection":[{"href":"https:\/\/pharmadreams.shop\/index.php\/wp-json\/wp\/v2\/product"}],"about":[{"href":"https:\/\/pharmadreams.shop\/index.php\/wp-json\/wp\/v2\/types\/product"}],"replies":[{"embeddable":true,"href":"https:\/\/pharmadreams.shop\/index.php\/wp-json\/wp\/v2\/comments?post=17156"}],"version-history":[{"count":0,"href":"https:\/\/pharmadreams.shop\/index.php\/wp-json\/wp\/v2\/product\/17156\/revisions"}],"wp:featuredmedia":[{"embeddable":true,"href":"https:\/\/pharmadreams.shop\/index.php\/wp-json\/wp\/v2\/media\/17230"}],"wp:attachment":[{"href":"https:\/\/pharmadreams.shop\/index.php\/wp-json\/wp\/v2\/media?parent=17156"}],"wp:term":[{"taxonomy":"product_brand","embeddable":true,"href":"https:\/\/pharmadreams.shop\/index.php\/wp-json\/wp\/v2\/product_brand?post=17156"},{"taxonomy":"product_cat","embeddable":true,"href":"https:\/\/pharmadreams.shop\/index.php\/wp-json\/wp\/v2\/product_cat?post=17156"},{"taxonomy":"product_tag","embeddable":true,"href":"https:\/\/pharmadreams.shop\/index.php\/wp-json\/wp\/v2\/product_tag?post=17156"}],"curies":[{"name":"wp","href":"https:\/\/api.w.org\/{rel}","templated":true}]}}