{"id":17197,"date":"2023-12-19T19:43:16","date_gmt":"2023-12-19T18:43:16","guid":{"rendered":"https:\/\/venuspara.com\/?post_type=product&#038;p=17197"},"modified":"2023-12-19T19:43:48","modified_gmt":"2023-12-19T18:43:48","slug":"vitavea-transit-facilite","status":"publish","type":"product","link":"https:\/\/pharmadreams.shop\/index.php\/product\/vitavea-transit-facilite\/","title":{"rendered":"Vitavea transit facilit\u00e9"},"content":{"rendered":"","protected":false},"excerpt":{"rendered":"<p>La formule\u00a0<strong>Fibres Psyllium VITAVEA Bien-\u00eatre<\/strong>\u00a0est votre alli\u00e9e au quotidien en cas de lenteurs intestinales.<\/p>\n<p>Fibres Psyllium\u00a0VITAVEA Bien-\u00eatre est un compl\u00e9ment alimentaire qui contient des actifs reconnus et pl\u00e9biscit\u00e9s pour leurs b\u00e9n\u00e9fices sur le transit et le confort intestinal ainsi que pour une \u00e9limination des selles en douceur afin de maintenir un transit r\u00e9gulier.<\/p>\n","protected":false},"featured_media":17260,"comment_status":"open","ping_status":"closed","template":"","meta":[],"product_brand":[],"product_cat":[32],"product_tag":[],"class_list":{"0":"post-17197","1":"product","2":"type-product","3":"status-publish","4":"has-post-thumbnail","6":"product_cat-complements-alimentaires","8":"first","9":"instock","10":"shipping-taxable","11":"purchasable","12":"product-type-simple"},"yoast_head":"<!-- This site is optimized with the Yoast SEO plugin v23.0 - https:\/\/yoast.com\/wordpress\/plugins\/seo\/ -->\n<title>Vitavea transit facilit\u00e9 - pharmadreams<\/title>\n<meta name=\"robots\" content=\"index, follow, max-snippet:-1, max-image-preview:large, max-video-preview:-1\" \/>\n<link rel=\"canonical\" href=\"https:\/\/pharmadreams.shop\/index.php\/product\/vitavea-transit-facilite\/\" \/>\n<meta property=\"og:locale\" content=\"fr_FR\" \/>\n<meta property=\"og:type\" content=\"article\" \/>\n<meta property=\"og:title\" content=\"Vitavea transit facilit\u00e9 - pharmadreams\" \/>\n<meta property=\"og:description\" content=\"La formule\u00a0Fibres Psyllium VITAVEA Bien-\u00eatre\u00a0est votre alli\u00e9e au quotidien en cas de lenteurs intestinales.  Fibres Psyllium\u00a0VITAVEA Bien-\u00eatre est un compl\u00e9ment alimentaire qui contient des actifs reconnus et pl\u00e9biscit\u00e9s pour leurs b\u00e9n\u00e9fices sur le transit et le confort intestinal ainsi que pour une \u00e9limination des selles en douceur afin de maintenir un transit r\u00e9gulier.\" \/>\n<meta property=\"og:url\" content=\"https:\/\/pharmadreams.shop\/index.php\/product\/vitavea-transit-facilite\/\" \/>\n<meta property=\"og:site_name\" content=\"pharmadreams\" \/>\n<meta property=\"article:modified_time\" content=\"2023-12-19T18:43:48+00:00\" \/>\n<meta property=\"og:image\" content=\"https:\/\/pharmadreams.shop\/wp-content\/uploads\/2023\/12\/Sans-titre-158.png\" \/>\n\t<meta property=\"og:image:width\" content=\"2224\" \/>\n\t<meta property=\"og:image:height\" content=\"2028\" \/>\n\t<meta property=\"og:image:type\" content=\"image\/png\" \/>\n<meta name=\"twitter:card\" content=\"summary_large_image\" \/>\n<script type=\"application\/ld+json\" class=\"yoast-schema-graph\">{\"@context\":\"https:\/\/schema.org\",\"@graph\":[{\"@type\":\"WebPage\",\"@id\":\"https:\/\/pharmadreams.shop\/index.php\/product\/vitavea-transit-facilite\/\",\"url\":\"https:\/\/pharmadreams.shop\/index.php\/product\/vitavea-transit-facilite\/\",\"name\":\"Vitavea transit facilit\u00e9 - pharmadreams\",\"isPartOf\":{\"@id\":\"https:\/\/pharmadreams.shop\/#website\"},\"primaryImageOfPage\":{\"@id\":\"https:\/\/pharmadreams.shop\/index.php\/product\/vitavea-transit-facilite\/#primaryimage\"},\"image\":{\"@id\":\"https:\/\/pharmadreams.shop\/index.php\/product\/vitavea-transit-facilite\/#primaryimage\"},\"thumbnailUrl\":\"https:\/\/pharmadreams.shop\/wp-content\/uploads\/2023\/12\/Sans-titre-158.png\",\"datePublished\":\"2023-12-19T18:43:16+00:00\",\"dateModified\":\"2023-12-19T18:43:48+00:00\",\"breadcrumb\":{\"@id\":\"https:\/\/pharmadreams.shop\/index.php\/product\/vitavea-transit-facilite\/#breadcrumb\"},\"inLanguage\":\"fr-FR\",\"potentialAction\":[{\"@type\":\"ReadAction\",\"target\":[\"https:\/\/pharmadreams.shop\/index.php\/product\/vitavea-transit-facilite\/\"]}]},{\"@type\":\"ImageObject\",\"inLanguage\":\"fr-FR\",\"@id\":\"https:\/\/pharmadreams.shop\/index.php\/product\/vitavea-transit-facilite\/#primaryimage\",\"url\":\"https:\/\/pharmadreams.shop\/wp-content\/uploads\/2023\/12\/Sans-titre-158.png\",\"contentUrl\":\"https:\/\/pharmadreams.shop\/wp-content\/uploads\/2023\/12\/Sans-titre-158.png\",\"width\":2224,\"height\":2028},{\"@type\":\"BreadcrumbList\",\"@id\":\"https:\/\/pharmadreams.shop\/index.php\/product\/vitavea-transit-facilite\/#breadcrumb\",\"itemListElement\":[{\"@type\":\"ListItem\",\"position\":1,\"name\":\"Accueil\",\"item\":\"https:\/\/pharmadreams.shop\/\"},{\"@type\":\"ListItem\",\"position\":2,\"name\":\"Shop\",\"item\":\"https:\/\/pharmadreams.shop\/index.php\/shop\/\"},{\"@type\":\"ListItem\",\"position\":3,\"name\":\"Vitavea transit facilit\u00e9\"}]},{\"@type\":\"WebSite\",\"@id\":\"https:\/\/pharmadreams.shop\/#website\",\"url\":\"https:\/\/pharmadreams.shop\/\",\"name\":\"pharmadreams\",\"description\":\"Parapharmacie en ligne\",\"potentialAction\":[{\"@type\":\"SearchAction\",\"target\":{\"@type\":\"EntryPoint\",\"urlTemplate\":\"https:\/\/pharmadreams.shop\/?s={search_term_string}\"},\"query-input\":\"required name=search_term_string\"}],\"inLanguage\":\"fr-FR\"}]}<\/script>\n<!-- \/ Yoast SEO plugin. -->","yoast_head_json":{"title":"Vitavea transit facilit\u00e9 - pharmadreams","robots":{"index":"index","follow":"follow","max-snippet":"max-snippet:-1","max-image-preview":"max-image-preview:large","max-video-preview":"max-video-preview:-1"},"canonical":"https:\/\/pharmadreams.shop\/index.php\/product\/vitavea-transit-facilite\/","og_locale":"fr_FR","og_type":"article","og_title":"Vitavea transit facilit\u00e9 - pharmadreams","og_description":"La formule\u00a0Fibres Psyllium VITAVEA Bien-\u00eatre\u00a0est votre alli\u00e9e au quotidien en cas de lenteurs intestinales.  Fibres Psyllium\u00a0VITAVEA Bien-\u00eatre est un compl\u00e9ment alimentaire qui contient des actifs reconnus et pl\u00e9biscit\u00e9s pour leurs b\u00e9n\u00e9fices sur le transit et le confort intestinal ainsi que pour une \u00e9limination des selles en douceur afin de maintenir un transit r\u00e9gulier.","og_url":"https:\/\/pharmadreams.shop\/index.php\/product\/vitavea-transit-facilite\/","og_site_name":"pharmadreams","article_modified_time":"2023-12-19T18:43:48+00:00","og_image":[{"width":2224,"height":2028,"url":"https:\/\/pharmadreams.shop\/wp-content\/uploads\/2023\/12\/Sans-titre-158.png","type":"image\/png"}],"twitter_card":"summary_large_image","schema":{"@context":"https:\/\/schema.org","@graph":[{"@type":"WebPage","@id":"https:\/\/pharmadreams.shop\/index.php\/product\/vitavea-transit-facilite\/","url":"https:\/\/pharmadreams.shop\/index.php\/product\/vitavea-transit-facilite\/","name":"Vitavea transit facilit\u00e9 - pharmadreams","isPartOf":{"@id":"https:\/\/pharmadreams.shop\/#website"},"primaryImageOfPage":{"@id":"https:\/\/pharmadreams.shop\/index.php\/product\/vitavea-transit-facilite\/#primaryimage"},"image":{"@id":"https:\/\/pharmadreams.shop\/index.php\/product\/vitavea-transit-facilite\/#primaryimage"},"thumbnailUrl":"https:\/\/pharmadreams.shop\/wp-content\/uploads\/2023\/12\/Sans-titre-158.png","datePublished":"2023-12-19T18:43:16+00:00","dateModified":"2023-12-19T18:43:48+00:00","breadcrumb":{"@id":"https:\/\/pharmadreams.shop\/index.php\/product\/vitavea-transit-facilite\/#breadcrumb"},"inLanguage":"fr-FR","potentialAction":[{"@type":"ReadAction","target":["https:\/\/pharmadreams.shop\/index.php\/product\/vitavea-transit-facilite\/"]}]},{"@type":"ImageObject","inLanguage":"fr-FR","@id":"https:\/\/pharmadreams.shop\/index.php\/product\/vitavea-transit-facilite\/#primaryimage","url":"https:\/\/pharmadreams.shop\/wp-content\/uploads\/2023\/12\/Sans-titre-158.png","contentUrl":"https:\/\/pharmadreams.shop\/wp-content\/uploads\/2023\/12\/Sans-titre-158.png","width":2224,"height":2028},{"@type":"BreadcrumbList","@id":"https:\/\/pharmadreams.shop\/index.php\/product\/vitavea-transit-facilite\/#breadcrumb","itemListElement":[{"@type":"ListItem","position":1,"name":"Accueil","item":"https:\/\/pharmadreams.shop\/"},{"@type":"ListItem","position":2,"name":"Shop","item":"https:\/\/pharmadreams.shop\/index.php\/shop\/"},{"@type":"ListItem","position":3,"name":"Vitavea transit facilit\u00e9"}]},{"@type":"WebSite","@id":"https:\/\/pharmadreams.shop\/#website","url":"https:\/\/pharmadreams.shop\/","name":"pharmadreams","description":"Parapharmacie en ligne","potentialAction":[{"@type":"SearchAction","target":{"@type":"EntryPoint","urlTemplate":"https:\/\/pharmadreams.shop\/?s={search_term_string}"},"query-input":"required name=search_term_string"}],"inLanguage":"fr-FR"}]}},"_links":{"self":[{"href":"https:\/\/pharmadreams.shop\/index.php\/wp-json\/wp\/v2\/product\/17197","targetHints":{"allow":["GET"]}}],"collection":[{"href":"https:\/\/pharmadreams.shop\/index.php\/wp-json\/wp\/v2\/product"}],"about":[{"href":"https:\/\/pharmadreams.shop\/index.php\/wp-json\/wp\/v2\/types\/product"}],"replies":[{"embeddable":true,"href":"https:\/\/pharmadreams.shop\/index.php\/wp-json\/wp\/v2\/comments?post=17197"}],"version-history":[{"count":0,"href":"https:\/\/pharmadreams.shop\/index.php\/wp-json\/wp\/v2\/product\/17197\/revisions"}],"wp:featuredmedia":[{"embeddable":true,"href":"https:\/\/pharmadreams.shop\/index.php\/wp-json\/wp\/v2\/media\/17260"}],"wp:attachment":[{"href":"https:\/\/pharmadreams.shop\/index.php\/wp-json\/wp\/v2\/media?parent=17197"}],"wp:term":[{"taxonomy":"product_brand","embeddable":true,"href":"https:\/\/pharmadreams.shop\/index.php\/wp-json\/wp\/v2\/product_brand?post=17197"},{"taxonomy":"product_cat","embeddable":true,"href":"https:\/\/pharmadreams.shop\/index.php\/wp-json\/wp\/v2\/product_cat?post=17197"},{"taxonomy":"product_tag","embeddable":true,"href":"https:\/\/pharmadreams.shop\/index.php\/wp-json\/wp\/v2\/product_tag?post=17197"}],"curies":[{"name":"wp","href":"https:\/\/api.w.org\/{rel}","templated":true}]}}