{"id":17201,"date":"2023-12-19T19:43:17","date_gmt":"2023-12-19T18:43:17","guid":{"rendered":"https:\/\/venuspara.com\/?post_type=product&#038;p=17201"},"modified":"2023-12-19T19:43:54","modified_gmt":"2023-12-19T18:43:54","slug":"arkopharma-arkogelules-gelee-royale-168-mg-de-gelee-royale","status":"publish","type":"product","link":"https:\/\/pharmadreams.shop\/index.php\/product\/arkopharma-arkogelules-gelee-royale-168-mg-de-gelee-royale\/","title":{"rendered":"Arkopharma arkog\u00e9lules gel\u00e9e royale 168 mg de gel\u00e9e royale"},"content":{"rendered":"","protected":false},"excerpt":{"rendered":"<ul>\n<li>La gel\u00e9e royale est r\u00e9put\u00e9e pour ses nombreux effets b\u00e9n\u00e9fiques.<\/li>\n<li>Elle\u00a0est\u00a0un v\u00e9ritable stimulant et fortifiant\u00a0pour\u00a0les d\u00e9fenses immunitaires.<\/li>\n<li>Elle pr\u00e9vient des maladies d\u00e9g\u00e9n\u00e9ratives.<\/li>\n<\/ul>\n","protected":false},"featured_media":17268,"comment_status":"open","ping_status":"closed","template":"","meta":[],"product_brand":[],"product_cat":[32],"product_tag":[],"class_list":{"0":"post-17201","1":"product","2":"type-product","3":"status-publish","4":"has-post-thumbnail","6":"product_cat-complements-alimentaires","8":"first","9":"instock","10":"shipping-taxable","11":"purchasable","12":"product-type-simple"},"yoast_head":"<!-- This site is optimized with the Yoast SEO plugin v23.0 - https:\/\/yoast.com\/wordpress\/plugins\/seo\/ -->\n<title>Arkopharma arkog\u00e9lules gel\u00e9e royale 168 mg de gel\u00e9e royale - pharmadreams<\/title>\n<meta name=\"robots\" content=\"index, follow, max-snippet:-1, max-image-preview:large, max-video-preview:-1\" \/>\n<link rel=\"canonical\" href=\"https:\/\/pharmadreams.shop\/index.php\/product\/arkopharma-arkogelules-gelee-royale-168-mg-de-gelee-royale\/\" \/>\n<meta property=\"og:locale\" content=\"fr_FR\" \/>\n<meta property=\"og:type\" content=\"article\" \/>\n<meta property=\"og:title\" content=\"Arkopharma arkog\u00e9lules gel\u00e9e royale 168 mg de gel\u00e9e royale - pharmadreams\" \/>\n<meta property=\"og:description\" content=\"La gel\u00e9e royale est r\u00e9put\u00e9e pour ses nombreux effets b\u00e9n\u00e9fiques.  Elle\u00a0est\u00a0un v\u00e9ritable stimulant et fortifiant\u00a0pour\u00a0les d\u00e9fenses immunitaires.  Elle pr\u00e9vient des maladies d\u00e9g\u00e9n\u00e9ratives.\" \/>\n<meta property=\"og:url\" content=\"https:\/\/pharmadreams.shop\/index.php\/product\/arkopharma-arkogelules-gelee-royale-168-mg-de-gelee-royale\/\" \/>\n<meta property=\"og:site_name\" content=\"pharmadreams\" \/>\n<meta property=\"article:modified_time\" content=\"2023-12-19T18:43:54+00:00\" \/>\n<meta property=\"og:image\" content=\"https:\/\/pharmadreams.shop\/wp-content\/uploads\/2023\/12\/Sans-titre-162.png\" \/>\n\t<meta property=\"og:image:width\" content=\"1320\" \/>\n\t<meta property=\"og:image:height\" content=\"1008\" \/>\n\t<meta property=\"og:image:type\" content=\"image\/png\" \/>\n<meta name=\"twitter:card\" content=\"summary_large_image\" \/>\n<script type=\"application\/ld+json\" class=\"yoast-schema-graph\">{\"@context\":\"https:\/\/schema.org\",\"@graph\":[{\"@type\":\"WebPage\",\"@id\":\"https:\/\/pharmadreams.shop\/index.php\/product\/arkopharma-arkogelules-gelee-royale-168-mg-de-gelee-royale\/\",\"url\":\"https:\/\/pharmadreams.shop\/index.php\/product\/arkopharma-arkogelules-gelee-royale-168-mg-de-gelee-royale\/\",\"name\":\"Arkopharma arkog\u00e9lules gel\u00e9e royale 168 mg de gel\u00e9e royale - pharmadreams\",\"isPartOf\":{\"@id\":\"https:\/\/pharmadreams.shop\/#website\"},\"primaryImageOfPage\":{\"@id\":\"https:\/\/pharmadreams.shop\/index.php\/product\/arkopharma-arkogelules-gelee-royale-168-mg-de-gelee-royale\/#primaryimage\"},\"image\":{\"@id\":\"https:\/\/pharmadreams.shop\/index.php\/product\/arkopharma-arkogelules-gelee-royale-168-mg-de-gelee-royale\/#primaryimage\"},\"thumbnailUrl\":\"https:\/\/pharmadreams.shop\/wp-content\/uploads\/2023\/12\/Sans-titre-162.png\",\"datePublished\":\"2023-12-19T18:43:17+00:00\",\"dateModified\":\"2023-12-19T18:43:54+00:00\",\"breadcrumb\":{\"@id\":\"https:\/\/pharmadreams.shop\/index.php\/product\/arkopharma-arkogelules-gelee-royale-168-mg-de-gelee-royale\/#breadcrumb\"},\"inLanguage\":\"fr-FR\",\"potentialAction\":[{\"@type\":\"ReadAction\",\"target\":[\"https:\/\/pharmadreams.shop\/index.php\/product\/arkopharma-arkogelules-gelee-royale-168-mg-de-gelee-royale\/\"]}]},{\"@type\":\"ImageObject\",\"inLanguage\":\"fr-FR\",\"@id\":\"https:\/\/pharmadreams.shop\/index.php\/product\/arkopharma-arkogelules-gelee-royale-168-mg-de-gelee-royale\/#primaryimage\",\"url\":\"https:\/\/pharmadreams.shop\/wp-content\/uploads\/2023\/12\/Sans-titre-162.png\",\"contentUrl\":\"https:\/\/pharmadreams.shop\/wp-content\/uploads\/2023\/12\/Sans-titre-162.png\",\"width\":1320,\"height\":1008},{\"@type\":\"BreadcrumbList\",\"@id\":\"https:\/\/pharmadreams.shop\/index.php\/product\/arkopharma-arkogelules-gelee-royale-168-mg-de-gelee-royale\/#breadcrumb\",\"itemListElement\":[{\"@type\":\"ListItem\",\"position\":1,\"name\":\"Accueil\",\"item\":\"https:\/\/pharmadreams.shop\/\"},{\"@type\":\"ListItem\",\"position\":2,\"name\":\"Shop\",\"item\":\"https:\/\/pharmadreams.shop\/index.php\/shop\/\"},{\"@type\":\"ListItem\",\"position\":3,\"name\":\"Arkopharma arkog\u00e9lules gel\u00e9e royale 168 mg de gel\u00e9e royale\"}]},{\"@type\":\"WebSite\",\"@id\":\"https:\/\/pharmadreams.shop\/#website\",\"url\":\"https:\/\/pharmadreams.shop\/\",\"name\":\"pharmadreams\",\"description\":\"Parapharmacie en ligne\",\"potentialAction\":[{\"@type\":\"SearchAction\",\"target\":{\"@type\":\"EntryPoint\",\"urlTemplate\":\"https:\/\/pharmadreams.shop\/?s={search_term_string}\"},\"query-input\":\"required name=search_term_string\"}],\"inLanguage\":\"fr-FR\"}]}<\/script>\n<!-- \/ Yoast SEO plugin. -->","yoast_head_json":{"title":"Arkopharma arkog\u00e9lules gel\u00e9e royale 168 mg de gel\u00e9e royale - pharmadreams","robots":{"index":"index","follow":"follow","max-snippet":"max-snippet:-1","max-image-preview":"max-image-preview:large","max-video-preview":"max-video-preview:-1"},"canonical":"https:\/\/pharmadreams.shop\/index.php\/product\/arkopharma-arkogelules-gelee-royale-168-mg-de-gelee-royale\/","og_locale":"fr_FR","og_type":"article","og_title":"Arkopharma arkog\u00e9lules gel\u00e9e royale 168 mg de gel\u00e9e royale - pharmadreams","og_description":"La gel\u00e9e royale est r\u00e9put\u00e9e pour ses nombreux effets b\u00e9n\u00e9fiques.  Elle\u00a0est\u00a0un v\u00e9ritable stimulant et fortifiant\u00a0pour\u00a0les d\u00e9fenses immunitaires.  Elle pr\u00e9vient des maladies d\u00e9g\u00e9n\u00e9ratives.","og_url":"https:\/\/pharmadreams.shop\/index.php\/product\/arkopharma-arkogelules-gelee-royale-168-mg-de-gelee-royale\/","og_site_name":"pharmadreams","article_modified_time":"2023-12-19T18:43:54+00:00","og_image":[{"width":1320,"height":1008,"url":"https:\/\/pharmadreams.shop\/wp-content\/uploads\/2023\/12\/Sans-titre-162.png","type":"image\/png"}],"twitter_card":"summary_large_image","schema":{"@context":"https:\/\/schema.org","@graph":[{"@type":"WebPage","@id":"https:\/\/pharmadreams.shop\/index.php\/product\/arkopharma-arkogelules-gelee-royale-168-mg-de-gelee-royale\/","url":"https:\/\/pharmadreams.shop\/index.php\/product\/arkopharma-arkogelules-gelee-royale-168-mg-de-gelee-royale\/","name":"Arkopharma arkog\u00e9lules gel\u00e9e royale 168 mg de gel\u00e9e royale - pharmadreams","isPartOf":{"@id":"https:\/\/pharmadreams.shop\/#website"},"primaryImageOfPage":{"@id":"https:\/\/pharmadreams.shop\/index.php\/product\/arkopharma-arkogelules-gelee-royale-168-mg-de-gelee-royale\/#primaryimage"},"image":{"@id":"https:\/\/pharmadreams.shop\/index.php\/product\/arkopharma-arkogelules-gelee-royale-168-mg-de-gelee-royale\/#primaryimage"},"thumbnailUrl":"https:\/\/pharmadreams.shop\/wp-content\/uploads\/2023\/12\/Sans-titre-162.png","datePublished":"2023-12-19T18:43:17+00:00","dateModified":"2023-12-19T18:43:54+00:00","breadcrumb":{"@id":"https:\/\/pharmadreams.shop\/index.php\/product\/arkopharma-arkogelules-gelee-royale-168-mg-de-gelee-royale\/#breadcrumb"},"inLanguage":"fr-FR","potentialAction":[{"@type":"ReadAction","target":["https:\/\/pharmadreams.shop\/index.php\/product\/arkopharma-arkogelules-gelee-royale-168-mg-de-gelee-royale\/"]}]},{"@type":"ImageObject","inLanguage":"fr-FR","@id":"https:\/\/pharmadreams.shop\/index.php\/product\/arkopharma-arkogelules-gelee-royale-168-mg-de-gelee-royale\/#primaryimage","url":"https:\/\/pharmadreams.shop\/wp-content\/uploads\/2023\/12\/Sans-titre-162.png","contentUrl":"https:\/\/pharmadreams.shop\/wp-content\/uploads\/2023\/12\/Sans-titre-162.png","width":1320,"height":1008},{"@type":"BreadcrumbList","@id":"https:\/\/pharmadreams.shop\/index.php\/product\/arkopharma-arkogelules-gelee-royale-168-mg-de-gelee-royale\/#breadcrumb","itemListElement":[{"@type":"ListItem","position":1,"name":"Accueil","item":"https:\/\/pharmadreams.shop\/"},{"@type":"ListItem","position":2,"name":"Shop","item":"https:\/\/pharmadreams.shop\/index.php\/shop\/"},{"@type":"ListItem","position":3,"name":"Arkopharma arkog\u00e9lules gel\u00e9e royale 168 mg de gel\u00e9e royale"}]},{"@type":"WebSite","@id":"https:\/\/pharmadreams.shop\/#website","url":"https:\/\/pharmadreams.shop\/","name":"pharmadreams","description":"Parapharmacie en ligne","potentialAction":[{"@type":"SearchAction","target":{"@type":"EntryPoint","urlTemplate":"https:\/\/pharmadreams.shop\/?s={search_term_string}"},"query-input":"required name=search_term_string"}],"inLanguage":"fr-FR"}]}},"_links":{"self":[{"href":"https:\/\/pharmadreams.shop\/index.php\/wp-json\/wp\/v2\/product\/17201","targetHints":{"allow":["GET"]}}],"collection":[{"href":"https:\/\/pharmadreams.shop\/index.php\/wp-json\/wp\/v2\/product"}],"about":[{"href":"https:\/\/pharmadreams.shop\/index.php\/wp-json\/wp\/v2\/types\/product"}],"replies":[{"embeddable":true,"href":"https:\/\/pharmadreams.shop\/index.php\/wp-json\/wp\/v2\/comments?post=17201"}],"version-history":[{"count":0,"href":"https:\/\/pharmadreams.shop\/index.php\/wp-json\/wp\/v2\/product\/17201\/revisions"}],"wp:featuredmedia":[{"embeddable":true,"href":"https:\/\/pharmadreams.shop\/index.php\/wp-json\/wp\/v2\/media\/17268"}],"wp:attachment":[{"href":"https:\/\/pharmadreams.shop\/index.php\/wp-json\/wp\/v2\/media?parent=17201"}],"wp:term":[{"taxonomy":"product_brand","embeddable":true,"href":"https:\/\/pharmadreams.shop\/index.php\/wp-json\/wp\/v2\/product_brand?post=17201"},{"taxonomy":"product_cat","embeddable":true,"href":"https:\/\/pharmadreams.shop\/index.php\/wp-json\/wp\/v2\/product_cat?post=17201"},{"taxonomy":"product_tag","embeddable":true,"href":"https:\/\/pharmadreams.shop\/index.php\/wp-json\/wp\/v2\/product_tag?post=17201"}],"curies":[{"name":"wp","href":"https:\/\/api.w.org\/{rel}","templated":true}]}}