{"id":17202,"date":"2023-12-19T19:43:17","date_gmt":"2023-12-19T18:43:17","guid":{"rendered":"https:\/\/venuspara.com\/?post_type=product&#038;p=17202"},"modified":"2023-12-19T19:43:57","modified_gmt":"2023-12-19T18:43:57","slug":"vitarmonyl-gelee-royale","status":"publish","type":"product","link":"https:\/\/pharmadreams.shop\/index.php\/product\/vitarmonyl-gelee-royale\/","title":{"rendered":"Vitarmonyl gel\u00e9e royale"},"content":{"rendered":"","protected":false},"excerpt":{"rendered":"<p>Ceux qui ressentent une baisse de leurs performances physiques et intellectuelles.<\/p>\n<p>&nbsp;<\/p>\n<p>La gel\u00e9e royale est une substance pr\u00e9cieuse de la ruche s\u00e9cr\u00e9t\u00e9e par les abeilles ouvri\u00e8res. Tr\u00e8s nutritive, elle est destin\u00e9e \u00e0 l\u2019alimentation de la reine durant toute son existence, celle-ci vit d\u2019ailleurs 40 fois plus longtemps que les autres abeilles.<\/p>\n<p>Le ginseng, utilis\u00e9 en extr\u00eame orient, est consid\u00e9r\u00e9 comme une v\u00e9ritable \u00ab\u00a0racine de jouvence\u00a0\u00bb gr\u00e2ce \u00e0 sa teneur en gins\u00e9nosides.<\/p>\n","protected":false},"featured_media":17270,"comment_status":"open","ping_status":"closed","template":"","meta":[],"product_brand":[],"product_cat":[32],"product_tag":[],"class_list":{"0":"post-17202","1":"product","2":"type-product","3":"status-publish","4":"has-post-thumbnail","6":"product_cat-complements-alimentaires","8":"first","9":"instock","10":"shipping-taxable","11":"purchasable","12":"product-type-simple"},"yoast_head":"<!-- This site is optimized with the Yoast SEO plugin v23.0 - https:\/\/yoast.com\/wordpress\/plugins\/seo\/ -->\n<title>Vitarmonyl gel\u00e9e royale - pharmadreams<\/title>\n<meta name=\"robots\" content=\"index, follow, max-snippet:-1, max-image-preview:large, max-video-preview:-1\" \/>\n<link rel=\"canonical\" href=\"https:\/\/pharmadreams.shop\/index.php\/product\/vitarmonyl-gelee-royale\/\" \/>\n<meta property=\"og:locale\" content=\"fr_FR\" \/>\n<meta property=\"og:type\" content=\"article\" \/>\n<meta property=\"og:title\" content=\"Vitarmonyl gel\u00e9e royale - pharmadreams\" \/>\n<meta property=\"og:description\" content=\"Ceux qui ressentent une baisse de leurs performances physiques et intellectuelles.  &nbsp;  La gel\u00e9e royale est une substance pr\u00e9cieuse de la ruche s\u00e9cr\u00e9t\u00e9e par les abeilles ouvri\u00e8res. Tr\u00e8s nutritive, elle est destin\u00e9e \u00e0 l\u2019alimentation de la reine durant toute son existence, celle-ci vit d\u2019ailleurs 40 fois plus longtemps que les autres abeilles.  Le ginseng, utilis\u00e9 en extr\u00eame orient, est consid\u00e9r\u00e9 comme une v\u00e9ritable \u00ab\u00a0racine de jouvence\u00a0\u00bb gr\u00e2ce \u00e0 sa teneur en gins\u00e9nosides.\" \/>\n<meta property=\"og:url\" content=\"https:\/\/pharmadreams.shop\/index.php\/product\/vitarmonyl-gelee-royale\/\" \/>\n<meta property=\"og:site_name\" content=\"pharmadreams\" \/>\n<meta property=\"article:modified_time\" content=\"2023-12-19T18:43:57+00:00\" \/>\n<meta property=\"og:image\" content=\"https:\/\/pharmadreams.shop\/wp-content\/uploads\/2023\/12\/Sans-titre-163.png\" \/>\n\t<meta property=\"og:image:width\" content=\"1048\" \/>\n\t<meta property=\"og:image:height\" content=\"972\" \/>\n\t<meta property=\"og:image:type\" content=\"image\/png\" \/>\n<meta name=\"twitter:card\" content=\"summary_large_image\" \/>\n<script type=\"application\/ld+json\" class=\"yoast-schema-graph\">{\"@context\":\"https:\/\/schema.org\",\"@graph\":[{\"@type\":\"WebPage\",\"@id\":\"https:\/\/pharmadreams.shop\/index.php\/product\/vitarmonyl-gelee-royale\/\",\"url\":\"https:\/\/pharmadreams.shop\/index.php\/product\/vitarmonyl-gelee-royale\/\",\"name\":\"Vitarmonyl gel\u00e9e royale - pharmadreams\",\"isPartOf\":{\"@id\":\"https:\/\/pharmadreams.shop\/#website\"},\"primaryImageOfPage\":{\"@id\":\"https:\/\/pharmadreams.shop\/index.php\/product\/vitarmonyl-gelee-royale\/#primaryimage\"},\"image\":{\"@id\":\"https:\/\/pharmadreams.shop\/index.php\/product\/vitarmonyl-gelee-royale\/#primaryimage\"},\"thumbnailUrl\":\"https:\/\/pharmadreams.shop\/wp-content\/uploads\/2023\/12\/Sans-titre-163.png\",\"datePublished\":\"2023-12-19T18:43:17+00:00\",\"dateModified\":\"2023-12-19T18:43:57+00:00\",\"breadcrumb\":{\"@id\":\"https:\/\/pharmadreams.shop\/index.php\/product\/vitarmonyl-gelee-royale\/#breadcrumb\"},\"inLanguage\":\"fr-FR\",\"potentialAction\":[{\"@type\":\"ReadAction\",\"target\":[\"https:\/\/pharmadreams.shop\/index.php\/product\/vitarmonyl-gelee-royale\/\"]}]},{\"@type\":\"ImageObject\",\"inLanguage\":\"fr-FR\",\"@id\":\"https:\/\/pharmadreams.shop\/index.php\/product\/vitarmonyl-gelee-royale\/#primaryimage\",\"url\":\"https:\/\/pharmadreams.shop\/wp-content\/uploads\/2023\/12\/Sans-titre-163.png\",\"contentUrl\":\"https:\/\/pharmadreams.shop\/wp-content\/uploads\/2023\/12\/Sans-titre-163.png\",\"width\":1048,\"height\":972},{\"@type\":\"BreadcrumbList\",\"@id\":\"https:\/\/pharmadreams.shop\/index.php\/product\/vitarmonyl-gelee-royale\/#breadcrumb\",\"itemListElement\":[{\"@type\":\"ListItem\",\"position\":1,\"name\":\"Accueil\",\"item\":\"https:\/\/pharmadreams.shop\/\"},{\"@type\":\"ListItem\",\"position\":2,\"name\":\"Shop\",\"item\":\"https:\/\/pharmadreams.shop\/index.php\/shop\/\"},{\"@type\":\"ListItem\",\"position\":3,\"name\":\"Vitarmonyl gel\u00e9e royale\"}]},{\"@type\":\"WebSite\",\"@id\":\"https:\/\/pharmadreams.shop\/#website\",\"url\":\"https:\/\/pharmadreams.shop\/\",\"name\":\"pharmadreams\",\"description\":\"Parapharmacie en ligne\",\"potentialAction\":[{\"@type\":\"SearchAction\",\"target\":{\"@type\":\"EntryPoint\",\"urlTemplate\":\"https:\/\/pharmadreams.shop\/?s={search_term_string}\"},\"query-input\":\"required name=search_term_string\"}],\"inLanguage\":\"fr-FR\"}]}<\/script>\n<!-- \/ Yoast SEO plugin. -->","yoast_head_json":{"title":"Vitarmonyl gel\u00e9e royale - pharmadreams","robots":{"index":"index","follow":"follow","max-snippet":"max-snippet:-1","max-image-preview":"max-image-preview:large","max-video-preview":"max-video-preview:-1"},"canonical":"https:\/\/pharmadreams.shop\/index.php\/product\/vitarmonyl-gelee-royale\/","og_locale":"fr_FR","og_type":"article","og_title":"Vitarmonyl gel\u00e9e royale - pharmadreams","og_description":"Ceux qui ressentent une baisse de leurs performances physiques et intellectuelles.  &nbsp;  La gel\u00e9e royale est une substance pr\u00e9cieuse de la ruche s\u00e9cr\u00e9t\u00e9e par les abeilles ouvri\u00e8res. Tr\u00e8s nutritive, elle est destin\u00e9e \u00e0 l\u2019alimentation de la reine durant toute son existence, celle-ci vit d\u2019ailleurs 40 fois plus longtemps que les autres abeilles.  Le ginseng, utilis\u00e9 en extr\u00eame orient, est consid\u00e9r\u00e9 comme une v\u00e9ritable \u00ab\u00a0racine de jouvence\u00a0\u00bb gr\u00e2ce \u00e0 sa teneur en gins\u00e9nosides.","og_url":"https:\/\/pharmadreams.shop\/index.php\/product\/vitarmonyl-gelee-royale\/","og_site_name":"pharmadreams","article_modified_time":"2023-12-19T18:43:57+00:00","og_image":[{"width":1048,"height":972,"url":"https:\/\/pharmadreams.shop\/wp-content\/uploads\/2023\/12\/Sans-titre-163.png","type":"image\/png"}],"twitter_card":"summary_large_image","schema":{"@context":"https:\/\/schema.org","@graph":[{"@type":"WebPage","@id":"https:\/\/pharmadreams.shop\/index.php\/product\/vitarmonyl-gelee-royale\/","url":"https:\/\/pharmadreams.shop\/index.php\/product\/vitarmonyl-gelee-royale\/","name":"Vitarmonyl gel\u00e9e royale - pharmadreams","isPartOf":{"@id":"https:\/\/pharmadreams.shop\/#website"},"primaryImageOfPage":{"@id":"https:\/\/pharmadreams.shop\/index.php\/product\/vitarmonyl-gelee-royale\/#primaryimage"},"image":{"@id":"https:\/\/pharmadreams.shop\/index.php\/product\/vitarmonyl-gelee-royale\/#primaryimage"},"thumbnailUrl":"https:\/\/pharmadreams.shop\/wp-content\/uploads\/2023\/12\/Sans-titre-163.png","datePublished":"2023-12-19T18:43:17+00:00","dateModified":"2023-12-19T18:43:57+00:00","breadcrumb":{"@id":"https:\/\/pharmadreams.shop\/index.php\/product\/vitarmonyl-gelee-royale\/#breadcrumb"},"inLanguage":"fr-FR","potentialAction":[{"@type":"ReadAction","target":["https:\/\/pharmadreams.shop\/index.php\/product\/vitarmonyl-gelee-royale\/"]}]},{"@type":"ImageObject","inLanguage":"fr-FR","@id":"https:\/\/pharmadreams.shop\/index.php\/product\/vitarmonyl-gelee-royale\/#primaryimage","url":"https:\/\/pharmadreams.shop\/wp-content\/uploads\/2023\/12\/Sans-titre-163.png","contentUrl":"https:\/\/pharmadreams.shop\/wp-content\/uploads\/2023\/12\/Sans-titre-163.png","width":1048,"height":972},{"@type":"BreadcrumbList","@id":"https:\/\/pharmadreams.shop\/index.php\/product\/vitarmonyl-gelee-royale\/#breadcrumb","itemListElement":[{"@type":"ListItem","position":1,"name":"Accueil","item":"https:\/\/pharmadreams.shop\/"},{"@type":"ListItem","position":2,"name":"Shop","item":"https:\/\/pharmadreams.shop\/index.php\/shop\/"},{"@type":"ListItem","position":3,"name":"Vitarmonyl gel\u00e9e royale"}]},{"@type":"WebSite","@id":"https:\/\/pharmadreams.shop\/#website","url":"https:\/\/pharmadreams.shop\/","name":"pharmadreams","description":"Parapharmacie en ligne","potentialAction":[{"@type":"SearchAction","target":{"@type":"EntryPoint","urlTemplate":"https:\/\/pharmadreams.shop\/?s={search_term_string}"},"query-input":"required name=search_term_string"}],"inLanguage":"fr-FR"}]}},"_links":{"self":[{"href":"https:\/\/pharmadreams.shop\/index.php\/wp-json\/wp\/v2\/product\/17202","targetHints":{"allow":["GET"]}}],"collection":[{"href":"https:\/\/pharmadreams.shop\/index.php\/wp-json\/wp\/v2\/product"}],"about":[{"href":"https:\/\/pharmadreams.shop\/index.php\/wp-json\/wp\/v2\/types\/product"}],"replies":[{"embeddable":true,"href":"https:\/\/pharmadreams.shop\/index.php\/wp-json\/wp\/v2\/comments?post=17202"}],"version-history":[{"count":0,"href":"https:\/\/pharmadreams.shop\/index.php\/wp-json\/wp\/v2\/product\/17202\/revisions"}],"wp:featuredmedia":[{"embeddable":true,"href":"https:\/\/pharmadreams.shop\/index.php\/wp-json\/wp\/v2\/media\/17270"}],"wp:attachment":[{"href":"https:\/\/pharmadreams.shop\/index.php\/wp-json\/wp\/v2\/media?parent=17202"}],"wp:term":[{"taxonomy":"product_brand","embeddable":true,"href":"https:\/\/pharmadreams.shop\/index.php\/wp-json\/wp\/v2\/product_brand?post=17202"},{"taxonomy":"product_cat","embeddable":true,"href":"https:\/\/pharmadreams.shop\/index.php\/wp-json\/wp\/v2\/product_cat?post=17202"},{"taxonomy":"product_tag","embeddable":true,"href":"https:\/\/pharmadreams.shop\/index.php\/wp-json\/wp\/v2\/product_tag?post=17202"}],"curies":[{"name":"wp","href":"https:\/\/api.w.org\/{rel}","templated":true}]}}