{"id":17246,"date":"2023-12-19T19:43:42","date_gmt":"2023-12-19T18:43:42","guid":{"rendered":"https:\/\/venuspara.com\/?post_type=product&#038;p=17246"},"modified":"2023-12-19T19:44:21","modified_gmt":"2023-12-19T18:44:21","slug":"biolane-eau-de-toilette","status":"publish","type":"product","link":"https:\/\/pharmadreams.shop\/index.php\/product\/biolane-eau-de-toilette\/","title":{"rendered":"Biolane eau de toilette"},"content":{"rendered":"","protected":false},"excerpt":{"rendered":"<p>Compl\u00e8te agr\u00e9ablement la toilette et rafra\u00eechit b\u00e9b\u00e9 \u00e0 tout moment de la journ\u00e9e.<\/p>\n<p>&nbsp;<\/p>\n<p>R\u00e9sultat :<\/p>\n<p>&nbsp;<\/p>\n<p>son parfum doux et agr\u00e9able fait de la toilette du b\u00e9b\u00e9 un moment unique de fra\u00eecheur et de plaisir. Son parfum d\u00e9licatement hesp\u00e9rid\u00e9 et tr\u00e8s fleuri sera la petite touche finale qui met b\u00e9b\u00e9 tout en beaut\u00e9.<\/p>\n<p>&nbsp;<\/p>\n<p>Formul\u00e9e sans alcool et \u00e0 pH physiologique, elle pr\u00e9serve l\u2019\u00e9quilibre naturel cutan\u00e9 et peut s\u2019utiliser en toute s\u00e9curit\u00e9 chez le nouveau-n\u00e9. Riche en provitamine B5, elle permet d\u2019adoucir et d\u2019assouplir l\u2019\u00e9piderme.<\/p>\n","protected":false},"featured_media":17306,"comment_status":"open","ping_status":"closed","template":"","meta":[],"product_brand":[],"product_cat":[259],"product_tag":[],"class_list":{"0":"post-17246","1":"product","2":"type-product","3":"status-publish","4":"has-post-thumbnail","6":"product_cat-eau-de-toilette","8":"first","9":"instock","10":"shipping-taxable","11":"purchasable","12":"product-type-simple"},"yoast_head":"<!-- This site is optimized with the Yoast SEO plugin v23.0 - https:\/\/yoast.com\/wordpress\/plugins\/seo\/ -->\n<title>Biolane eau de toilette - pharmadreams<\/title>\n<meta name=\"robots\" content=\"index, follow, max-snippet:-1, max-image-preview:large, max-video-preview:-1\" \/>\n<link rel=\"canonical\" href=\"https:\/\/pharmadreams.shop\/index.php\/product\/biolane-eau-de-toilette\/\" \/>\n<meta property=\"og:locale\" content=\"fr_FR\" \/>\n<meta property=\"og:type\" content=\"article\" \/>\n<meta property=\"og:title\" content=\"Biolane eau de toilette - pharmadreams\" \/>\n<meta property=\"og:description\" content=\"Compl\u00e8te agr\u00e9ablement la toilette et rafra\u00eechit b\u00e9b\u00e9 \u00e0 tout moment de la journ\u00e9e.  &nbsp;  R\u00e9sultat :  &nbsp;  son parfum doux et agr\u00e9able fait de la toilette du b\u00e9b\u00e9 un moment unique de fra\u00eecheur et de plaisir. Son parfum d\u00e9licatement hesp\u00e9rid\u00e9 et tr\u00e8s fleuri sera la petite touche finale qui met b\u00e9b\u00e9 tout en beaut\u00e9.  &nbsp;  Formul\u00e9e sans alcool et \u00e0 pH physiologique, elle pr\u00e9serve l\u2019\u00e9quilibre naturel cutan\u00e9 et peut s\u2019utiliser en toute s\u00e9curit\u00e9 chez le nouveau-n\u00e9. Riche en provitamine B5, elle permet d\u2019adoucir et d\u2019assouplir l\u2019\u00e9piderme.\" \/>\n<meta property=\"og:url\" content=\"https:\/\/pharmadreams.shop\/index.php\/product\/biolane-eau-de-toilette\/\" \/>\n<meta property=\"og:site_name\" content=\"pharmadreams\" \/>\n<meta property=\"article:modified_time\" content=\"2023-12-19T18:44:21+00:00\" \/>\n<meta property=\"og:image\" content=\"https:\/\/pharmadreams.shop\/wp-content\/uploads\/2023\/12\/Sans-titre-175.png\" \/>\n\t<meta property=\"og:image:width\" content=\"836\" \/>\n\t<meta property=\"og:image:height\" content=\"956\" \/>\n\t<meta property=\"og:image:type\" content=\"image\/png\" \/>\n<meta name=\"twitter:card\" content=\"summary_large_image\" \/>\n<script type=\"application\/ld+json\" class=\"yoast-schema-graph\">{\"@context\":\"https:\/\/schema.org\",\"@graph\":[{\"@type\":\"WebPage\",\"@id\":\"https:\/\/pharmadreams.shop\/index.php\/product\/biolane-eau-de-toilette\/\",\"url\":\"https:\/\/pharmadreams.shop\/index.php\/product\/biolane-eau-de-toilette\/\",\"name\":\"Biolane eau de toilette - pharmadreams\",\"isPartOf\":{\"@id\":\"https:\/\/pharmadreams.shop\/#website\"},\"primaryImageOfPage\":{\"@id\":\"https:\/\/pharmadreams.shop\/index.php\/product\/biolane-eau-de-toilette\/#primaryimage\"},\"image\":{\"@id\":\"https:\/\/pharmadreams.shop\/index.php\/product\/biolane-eau-de-toilette\/#primaryimage\"},\"thumbnailUrl\":\"https:\/\/pharmadreams.shop\/wp-content\/uploads\/2023\/12\/Sans-titre-175.png\",\"datePublished\":\"2023-12-19T18:43:42+00:00\",\"dateModified\":\"2023-12-19T18:44:21+00:00\",\"breadcrumb\":{\"@id\":\"https:\/\/pharmadreams.shop\/index.php\/product\/biolane-eau-de-toilette\/#breadcrumb\"},\"inLanguage\":\"fr-FR\",\"potentialAction\":[{\"@type\":\"ReadAction\",\"target\":[\"https:\/\/pharmadreams.shop\/index.php\/product\/biolane-eau-de-toilette\/\"]}]},{\"@type\":\"ImageObject\",\"inLanguage\":\"fr-FR\",\"@id\":\"https:\/\/pharmadreams.shop\/index.php\/product\/biolane-eau-de-toilette\/#primaryimage\",\"url\":\"https:\/\/pharmadreams.shop\/wp-content\/uploads\/2023\/12\/Sans-titre-175.png\",\"contentUrl\":\"https:\/\/pharmadreams.shop\/wp-content\/uploads\/2023\/12\/Sans-titre-175.png\",\"width\":836,\"height\":956},{\"@type\":\"BreadcrumbList\",\"@id\":\"https:\/\/pharmadreams.shop\/index.php\/product\/biolane-eau-de-toilette\/#breadcrumb\",\"itemListElement\":[{\"@type\":\"ListItem\",\"position\":1,\"name\":\"Accueil\",\"item\":\"https:\/\/pharmadreams.shop\/\"},{\"@type\":\"ListItem\",\"position\":2,\"name\":\"Shop\",\"item\":\"https:\/\/pharmadreams.shop\/index.php\/shop\/\"},{\"@type\":\"ListItem\",\"position\":3,\"name\":\"Biolane eau de toilette\"}]},{\"@type\":\"WebSite\",\"@id\":\"https:\/\/pharmadreams.shop\/#website\",\"url\":\"https:\/\/pharmadreams.shop\/\",\"name\":\"pharmadreams\",\"description\":\"Parapharmacie en ligne\",\"potentialAction\":[{\"@type\":\"SearchAction\",\"target\":{\"@type\":\"EntryPoint\",\"urlTemplate\":\"https:\/\/pharmadreams.shop\/?s={search_term_string}\"},\"query-input\":\"required name=search_term_string\"}],\"inLanguage\":\"fr-FR\"}]}<\/script>\n<!-- \/ Yoast SEO plugin. -->","yoast_head_json":{"title":"Biolane eau de toilette - pharmadreams","robots":{"index":"index","follow":"follow","max-snippet":"max-snippet:-1","max-image-preview":"max-image-preview:large","max-video-preview":"max-video-preview:-1"},"canonical":"https:\/\/pharmadreams.shop\/index.php\/product\/biolane-eau-de-toilette\/","og_locale":"fr_FR","og_type":"article","og_title":"Biolane eau de toilette - pharmadreams","og_description":"Compl\u00e8te agr\u00e9ablement la toilette et rafra\u00eechit b\u00e9b\u00e9 \u00e0 tout moment de la journ\u00e9e.  &nbsp;  R\u00e9sultat :  &nbsp;  son parfum doux et agr\u00e9able fait de la toilette du b\u00e9b\u00e9 un moment unique de fra\u00eecheur et de plaisir. Son parfum d\u00e9licatement hesp\u00e9rid\u00e9 et tr\u00e8s fleuri sera la petite touche finale qui met b\u00e9b\u00e9 tout en beaut\u00e9.  &nbsp;  Formul\u00e9e sans alcool et \u00e0 pH physiologique, elle pr\u00e9serve l\u2019\u00e9quilibre naturel cutan\u00e9 et peut s\u2019utiliser en toute s\u00e9curit\u00e9 chez le nouveau-n\u00e9. Riche en provitamine B5, elle permet d\u2019adoucir et d\u2019assouplir l\u2019\u00e9piderme.","og_url":"https:\/\/pharmadreams.shop\/index.php\/product\/biolane-eau-de-toilette\/","og_site_name":"pharmadreams","article_modified_time":"2023-12-19T18:44:21+00:00","og_image":[{"width":836,"height":956,"url":"https:\/\/pharmadreams.shop\/wp-content\/uploads\/2023\/12\/Sans-titre-175.png","type":"image\/png"}],"twitter_card":"summary_large_image","schema":{"@context":"https:\/\/schema.org","@graph":[{"@type":"WebPage","@id":"https:\/\/pharmadreams.shop\/index.php\/product\/biolane-eau-de-toilette\/","url":"https:\/\/pharmadreams.shop\/index.php\/product\/biolane-eau-de-toilette\/","name":"Biolane eau de toilette - pharmadreams","isPartOf":{"@id":"https:\/\/pharmadreams.shop\/#website"},"primaryImageOfPage":{"@id":"https:\/\/pharmadreams.shop\/index.php\/product\/biolane-eau-de-toilette\/#primaryimage"},"image":{"@id":"https:\/\/pharmadreams.shop\/index.php\/product\/biolane-eau-de-toilette\/#primaryimage"},"thumbnailUrl":"https:\/\/pharmadreams.shop\/wp-content\/uploads\/2023\/12\/Sans-titre-175.png","datePublished":"2023-12-19T18:43:42+00:00","dateModified":"2023-12-19T18:44:21+00:00","breadcrumb":{"@id":"https:\/\/pharmadreams.shop\/index.php\/product\/biolane-eau-de-toilette\/#breadcrumb"},"inLanguage":"fr-FR","potentialAction":[{"@type":"ReadAction","target":["https:\/\/pharmadreams.shop\/index.php\/product\/biolane-eau-de-toilette\/"]}]},{"@type":"ImageObject","inLanguage":"fr-FR","@id":"https:\/\/pharmadreams.shop\/index.php\/product\/biolane-eau-de-toilette\/#primaryimage","url":"https:\/\/pharmadreams.shop\/wp-content\/uploads\/2023\/12\/Sans-titre-175.png","contentUrl":"https:\/\/pharmadreams.shop\/wp-content\/uploads\/2023\/12\/Sans-titre-175.png","width":836,"height":956},{"@type":"BreadcrumbList","@id":"https:\/\/pharmadreams.shop\/index.php\/product\/biolane-eau-de-toilette\/#breadcrumb","itemListElement":[{"@type":"ListItem","position":1,"name":"Accueil","item":"https:\/\/pharmadreams.shop\/"},{"@type":"ListItem","position":2,"name":"Shop","item":"https:\/\/pharmadreams.shop\/index.php\/shop\/"},{"@type":"ListItem","position":3,"name":"Biolane eau de toilette"}]},{"@type":"WebSite","@id":"https:\/\/pharmadreams.shop\/#website","url":"https:\/\/pharmadreams.shop\/","name":"pharmadreams","description":"Parapharmacie en ligne","potentialAction":[{"@type":"SearchAction","target":{"@type":"EntryPoint","urlTemplate":"https:\/\/pharmadreams.shop\/?s={search_term_string}"},"query-input":"required name=search_term_string"}],"inLanguage":"fr-FR"}]}},"_links":{"self":[{"href":"https:\/\/pharmadreams.shop\/index.php\/wp-json\/wp\/v2\/product\/17246","targetHints":{"allow":["GET"]}}],"collection":[{"href":"https:\/\/pharmadreams.shop\/index.php\/wp-json\/wp\/v2\/product"}],"about":[{"href":"https:\/\/pharmadreams.shop\/index.php\/wp-json\/wp\/v2\/types\/product"}],"replies":[{"embeddable":true,"href":"https:\/\/pharmadreams.shop\/index.php\/wp-json\/wp\/v2\/comments?post=17246"}],"version-history":[{"count":0,"href":"https:\/\/pharmadreams.shop\/index.php\/wp-json\/wp\/v2\/product\/17246\/revisions"}],"wp:featuredmedia":[{"embeddable":true,"href":"https:\/\/pharmadreams.shop\/index.php\/wp-json\/wp\/v2\/media\/17306"}],"wp:attachment":[{"href":"https:\/\/pharmadreams.shop\/index.php\/wp-json\/wp\/v2\/media?parent=17246"}],"wp:term":[{"taxonomy":"product_brand","embeddable":true,"href":"https:\/\/pharmadreams.shop\/index.php\/wp-json\/wp\/v2\/product_brand?post=17246"},{"taxonomy":"product_cat","embeddable":true,"href":"https:\/\/pharmadreams.shop\/index.php\/wp-json\/wp\/v2\/product_cat?post=17246"},{"taxonomy":"product_tag","embeddable":true,"href":"https:\/\/pharmadreams.shop\/index.php\/wp-json\/wp\/v2\/product_tag?post=17246"}],"curies":[{"name":"wp","href":"https:\/\/api.w.org\/{rel}","templated":true}]}}