{"id":17247,"date":"2023-12-19T19:43:42","date_gmt":"2023-12-19T18:43:42","guid":{"rendered":"https:\/\/venuspara.com\/?post_type=product&#038;p=17247"},"modified":"2023-12-19T19:44:22","modified_gmt":"2023-12-19T18:44:22","slug":"biolane-gel-lavant-corps-et-cheveux","status":"publish","type":"product","link":"https:\/\/pharmadreams.shop\/index.php\/product\/biolane-gel-lavant-corps-et-cheveux\/","title":{"rendered":"Biolane gel lavant corps et cheveux"},"content":{"rendered":"","protected":false},"excerpt":{"rendered":"<p>Un gel lavant 2 en 1 pour la toilette quotidienne de votre b\u00e9b\u00e9\u00a0?<\/p>\n<p>Utilisez le\u00a0<strong>Gel Lavant Bio Expert Corps et Cheveux<\/strong>\u00a0de\u00a0<strong>Biolane<\/strong>.<br \/>\nCe gel permet de nettoyer en douceur la peau et le cuir chevelu sensibles des b\u00e9b\u00e9s.<\/p>\n<p>En plus, son parfum est doux et d\u00e9licat pour une haute tol\u00e9rance.<\/p>\n","protected":false},"featured_media":17308,"comment_status":"open","ping_status":"closed","template":"","meta":[],"product_brand":[],"product_cat":[163],"product_tag":[],"class_list":{"0":"post-17247","1":"product","2":"type-product","3":"status-publish","4":"has-post-thumbnail","6":"product_cat-gel-lavant","8":"first","9":"instock","10":"shipping-taxable","11":"purchasable","12":"product-type-simple"},"yoast_head":"<!-- This site is optimized with the Yoast SEO plugin v23.0 - https:\/\/yoast.com\/wordpress\/plugins\/seo\/ -->\n<title>Biolane gel lavant corps et cheveux - pharmadreams<\/title>\n<meta name=\"robots\" content=\"index, follow, max-snippet:-1, max-image-preview:large, max-video-preview:-1\" \/>\n<link rel=\"canonical\" href=\"https:\/\/pharmadreams.shop\/index.php\/product\/biolane-gel-lavant-corps-et-cheveux\/\" \/>\n<meta property=\"og:locale\" content=\"fr_FR\" \/>\n<meta property=\"og:type\" content=\"article\" \/>\n<meta property=\"og:title\" content=\"Biolane gel lavant corps et cheveux - pharmadreams\" \/>\n<meta property=\"og:description\" content=\"Un gel lavant 2 en 1 pour la toilette quotidienne de votre b\u00e9b\u00e9\u00a0?  Utilisez le\u00a0Gel Lavant Bio Expert Corps et Cheveux\u00a0de\u00a0Biolane. Ce gel permet de nettoyer en douceur la peau et le cuir chevelu sensibles des b\u00e9b\u00e9s.  En plus, son parfum est doux et d\u00e9licat pour une haute tol\u00e9rance.\" \/>\n<meta property=\"og:url\" content=\"https:\/\/pharmadreams.shop\/index.php\/product\/biolane-gel-lavant-corps-et-cheveux\/\" \/>\n<meta property=\"og:site_name\" content=\"pharmadreams\" \/>\n<meta property=\"article:modified_time\" content=\"2023-12-19T18:44:22+00:00\" \/>\n<meta property=\"og:image\" content=\"https:\/\/pharmadreams.shop\/wp-content\/uploads\/2023\/12\/Sans-titre-176.png\" \/>\n\t<meta property=\"og:image:width\" content=\"620\" \/>\n\t<meta property=\"og:image:height\" content=\"652\" \/>\n\t<meta property=\"og:image:type\" content=\"image\/png\" \/>\n<meta name=\"twitter:card\" content=\"summary_large_image\" \/>\n<script type=\"application\/ld+json\" class=\"yoast-schema-graph\">{\"@context\":\"https:\/\/schema.org\",\"@graph\":[{\"@type\":\"WebPage\",\"@id\":\"https:\/\/pharmadreams.shop\/index.php\/product\/biolane-gel-lavant-corps-et-cheveux\/\",\"url\":\"https:\/\/pharmadreams.shop\/index.php\/product\/biolane-gel-lavant-corps-et-cheveux\/\",\"name\":\"Biolane gel lavant corps et cheveux - pharmadreams\",\"isPartOf\":{\"@id\":\"https:\/\/pharmadreams.shop\/#website\"},\"primaryImageOfPage\":{\"@id\":\"https:\/\/pharmadreams.shop\/index.php\/product\/biolane-gel-lavant-corps-et-cheveux\/#primaryimage\"},\"image\":{\"@id\":\"https:\/\/pharmadreams.shop\/index.php\/product\/biolane-gel-lavant-corps-et-cheveux\/#primaryimage\"},\"thumbnailUrl\":\"https:\/\/pharmadreams.shop\/wp-content\/uploads\/2023\/12\/Sans-titre-176.png\",\"datePublished\":\"2023-12-19T18:43:42+00:00\",\"dateModified\":\"2023-12-19T18:44:22+00:00\",\"breadcrumb\":{\"@id\":\"https:\/\/pharmadreams.shop\/index.php\/product\/biolane-gel-lavant-corps-et-cheveux\/#breadcrumb\"},\"inLanguage\":\"fr-FR\",\"potentialAction\":[{\"@type\":\"ReadAction\",\"target\":[\"https:\/\/pharmadreams.shop\/index.php\/product\/biolane-gel-lavant-corps-et-cheveux\/\"]}]},{\"@type\":\"ImageObject\",\"inLanguage\":\"fr-FR\",\"@id\":\"https:\/\/pharmadreams.shop\/index.php\/product\/biolane-gel-lavant-corps-et-cheveux\/#primaryimage\",\"url\":\"https:\/\/pharmadreams.shop\/wp-content\/uploads\/2023\/12\/Sans-titre-176.png\",\"contentUrl\":\"https:\/\/pharmadreams.shop\/wp-content\/uploads\/2023\/12\/Sans-titre-176.png\",\"width\":620,\"height\":652},{\"@type\":\"BreadcrumbList\",\"@id\":\"https:\/\/pharmadreams.shop\/index.php\/product\/biolane-gel-lavant-corps-et-cheveux\/#breadcrumb\",\"itemListElement\":[{\"@type\":\"ListItem\",\"position\":1,\"name\":\"Accueil\",\"item\":\"https:\/\/pharmadreams.shop\/\"},{\"@type\":\"ListItem\",\"position\":2,\"name\":\"Shop\",\"item\":\"https:\/\/pharmadreams.shop\/index.php\/shop\/\"},{\"@type\":\"ListItem\",\"position\":3,\"name\":\"Biolane gel lavant corps et cheveux\"}]},{\"@type\":\"WebSite\",\"@id\":\"https:\/\/pharmadreams.shop\/#website\",\"url\":\"https:\/\/pharmadreams.shop\/\",\"name\":\"pharmadreams\",\"description\":\"Parapharmacie en ligne\",\"potentialAction\":[{\"@type\":\"SearchAction\",\"target\":{\"@type\":\"EntryPoint\",\"urlTemplate\":\"https:\/\/pharmadreams.shop\/?s={search_term_string}\"},\"query-input\":\"required name=search_term_string\"}],\"inLanguage\":\"fr-FR\"}]}<\/script>\n<!-- \/ Yoast SEO plugin. -->","yoast_head_json":{"title":"Biolane gel lavant corps et cheveux - pharmadreams","robots":{"index":"index","follow":"follow","max-snippet":"max-snippet:-1","max-image-preview":"max-image-preview:large","max-video-preview":"max-video-preview:-1"},"canonical":"https:\/\/pharmadreams.shop\/index.php\/product\/biolane-gel-lavant-corps-et-cheveux\/","og_locale":"fr_FR","og_type":"article","og_title":"Biolane gel lavant corps et cheveux - pharmadreams","og_description":"Un gel lavant 2 en 1 pour la toilette quotidienne de votre b\u00e9b\u00e9\u00a0?  Utilisez le\u00a0Gel Lavant Bio Expert Corps et Cheveux\u00a0de\u00a0Biolane. Ce gel permet de nettoyer en douceur la peau et le cuir chevelu sensibles des b\u00e9b\u00e9s.  En plus, son parfum est doux et d\u00e9licat pour une haute tol\u00e9rance.","og_url":"https:\/\/pharmadreams.shop\/index.php\/product\/biolane-gel-lavant-corps-et-cheveux\/","og_site_name":"pharmadreams","article_modified_time":"2023-12-19T18:44:22+00:00","og_image":[{"width":620,"height":652,"url":"https:\/\/pharmadreams.shop\/wp-content\/uploads\/2023\/12\/Sans-titre-176.png","type":"image\/png"}],"twitter_card":"summary_large_image","schema":{"@context":"https:\/\/schema.org","@graph":[{"@type":"WebPage","@id":"https:\/\/pharmadreams.shop\/index.php\/product\/biolane-gel-lavant-corps-et-cheveux\/","url":"https:\/\/pharmadreams.shop\/index.php\/product\/biolane-gel-lavant-corps-et-cheveux\/","name":"Biolane gel lavant corps et cheveux - pharmadreams","isPartOf":{"@id":"https:\/\/pharmadreams.shop\/#website"},"primaryImageOfPage":{"@id":"https:\/\/pharmadreams.shop\/index.php\/product\/biolane-gel-lavant-corps-et-cheveux\/#primaryimage"},"image":{"@id":"https:\/\/pharmadreams.shop\/index.php\/product\/biolane-gel-lavant-corps-et-cheveux\/#primaryimage"},"thumbnailUrl":"https:\/\/pharmadreams.shop\/wp-content\/uploads\/2023\/12\/Sans-titre-176.png","datePublished":"2023-12-19T18:43:42+00:00","dateModified":"2023-12-19T18:44:22+00:00","breadcrumb":{"@id":"https:\/\/pharmadreams.shop\/index.php\/product\/biolane-gel-lavant-corps-et-cheveux\/#breadcrumb"},"inLanguage":"fr-FR","potentialAction":[{"@type":"ReadAction","target":["https:\/\/pharmadreams.shop\/index.php\/product\/biolane-gel-lavant-corps-et-cheveux\/"]}]},{"@type":"ImageObject","inLanguage":"fr-FR","@id":"https:\/\/pharmadreams.shop\/index.php\/product\/biolane-gel-lavant-corps-et-cheveux\/#primaryimage","url":"https:\/\/pharmadreams.shop\/wp-content\/uploads\/2023\/12\/Sans-titre-176.png","contentUrl":"https:\/\/pharmadreams.shop\/wp-content\/uploads\/2023\/12\/Sans-titre-176.png","width":620,"height":652},{"@type":"BreadcrumbList","@id":"https:\/\/pharmadreams.shop\/index.php\/product\/biolane-gel-lavant-corps-et-cheveux\/#breadcrumb","itemListElement":[{"@type":"ListItem","position":1,"name":"Accueil","item":"https:\/\/pharmadreams.shop\/"},{"@type":"ListItem","position":2,"name":"Shop","item":"https:\/\/pharmadreams.shop\/index.php\/shop\/"},{"@type":"ListItem","position":3,"name":"Biolane gel lavant corps et cheveux"}]},{"@type":"WebSite","@id":"https:\/\/pharmadreams.shop\/#website","url":"https:\/\/pharmadreams.shop\/","name":"pharmadreams","description":"Parapharmacie en ligne","potentialAction":[{"@type":"SearchAction","target":{"@type":"EntryPoint","urlTemplate":"https:\/\/pharmadreams.shop\/?s={search_term_string}"},"query-input":"required name=search_term_string"}],"inLanguage":"fr-FR"}]}},"_links":{"self":[{"href":"https:\/\/pharmadreams.shop\/index.php\/wp-json\/wp\/v2\/product\/17247","targetHints":{"allow":["GET"]}}],"collection":[{"href":"https:\/\/pharmadreams.shop\/index.php\/wp-json\/wp\/v2\/product"}],"about":[{"href":"https:\/\/pharmadreams.shop\/index.php\/wp-json\/wp\/v2\/types\/product"}],"replies":[{"embeddable":true,"href":"https:\/\/pharmadreams.shop\/index.php\/wp-json\/wp\/v2\/comments?post=17247"}],"version-history":[{"count":0,"href":"https:\/\/pharmadreams.shop\/index.php\/wp-json\/wp\/v2\/product\/17247\/revisions"}],"wp:featuredmedia":[{"embeddable":true,"href":"https:\/\/pharmadreams.shop\/index.php\/wp-json\/wp\/v2\/media\/17308"}],"wp:attachment":[{"href":"https:\/\/pharmadreams.shop\/index.php\/wp-json\/wp\/v2\/media?parent=17247"}],"wp:term":[{"taxonomy":"product_brand","embeddable":true,"href":"https:\/\/pharmadreams.shop\/index.php\/wp-json\/wp\/v2\/product_brand?post=17247"},{"taxonomy":"product_cat","embeddable":true,"href":"https:\/\/pharmadreams.shop\/index.php\/wp-json\/wp\/v2\/product_cat?post=17247"},{"taxonomy":"product_tag","embeddable":true,"href":"https:\/\/pharmadreams.shop\/index.php\/wp-json\/wp\/v2\/product_tag?post=17247"}],"curies":[{"name":"wp","href":"https:\/\/api.w.org\/{rel}","templated":true}]}}