{"id":17248,"date":"2023-12-19T19:43:42","date_gmt":"2023-12-19T18:43:42","guid":{"rendered":"https:\/\/venuspara.com\/?post_type=product&#038;p=17248"},"modified":"2023-12-19T19:44:23","modified_gmt":"2023-12-19T18:44:23","slug":"biolane-shampooing-douceur","status":"publish","type":"product","link":"https:\/\/pharmadreams.shop\/index.php\/product\/biolane-shampooing-douceur\/","title":{"rendered":"Biolane shampooing douceur"},"content":{"rendered":"","protected":false},"excerpt":{"rendered":"<p>Nettoie et d\u00e9m\u00eale en un seul geste les cheveux de b\u00e9b\u00e9.<br \/>\nPropri\u00e9t\u00e9s:<\/p>\n<ul>\n<li>Sa formule douce permet de nettoyer et d\u00e9m\u00ealer en un seul geste les cheveux fins de b\u00e9b\u00e9.<\/li>\n<li>Enrichi en actifs au pouvoir d\u00e9m\u00ealant, ce shampooing facilite le coiffage. R\u00e9sultat : les cheveux sont doux et brillants.<\/li>\n<li>Le Shampooing Douceur Biolane, d\u2019une haute tol\u00e9rance, aide \u00e0 pr\u00e9server l\u2019\u00e9quilibre naturel cutan\u00e9 du cuir chevelu.<\/li>\n<li>Sa texture tr\u00e8s l\u00e9g\u00e8re qui ne coule pas est garantie haute rin\u00e7abilit\u00e9 et ne pique pas les yeux.<\/li>\n<\/ul>\n","protected":false},"featured_media":17310,"comment_status":"open","ping_status":"closed","template":"","meta":[],"product_brand":[],"product_cat":[82],"product_tag":[],"class_list":{"0":"post-17248","1":"product","2":"type-product","3":"status-publish","4":"has-post-thumbnail","6":"product_cat-shampooing","8":"first","9":"instock","10":"shipping-taxable","11":"purchasable","12":"product-type-simple"},"yoast_head":"<!-- This site is optimized with the Yoast SEO plugin v23.0 - https:\/\/yoast.com\/wordpress\/plugins\/seo\/ -->\n<title>Biolane shampooing douceur - pharmadreams<\/title>\n<meta name=\"robots\" content=\"index, follow, max-snippet:-1, max-image-preview:large, max-video-preview:-1\" \/>\n<link rel=\"canonical\" href=\"https:\/\/pharmadreams.shop\/index.php\/product\/biolane-shampooing-douceur\/\" \/>\n<meta property=\"og:locale\" content=\"fr_FR\" \/>\n<meta property=\"og:type\" content=\"article\" \/>\n<meta property=\"og:title\" content=\"Biolane shampooing douceur - pharmadreams\" \/>\n<meta property=\"og:description\" content=\"Nettoie et d\u00e9m\u00eale en un seul geste les cheveux de b\u00e9b\u00e9. Propri\u00e9t\u00e9s:   Sa formule douce permet de nettoyer et d\u00e9m\u00ealer en un seul geste les cheveux fins de b\u00e9b\u00e9.  Enrichi en actifs au pouvoir d\u00e9m\u00ealant, ce shampooing facilite le coiffage. R\u00e9sultat : les cheveux sont doux et brillants.  Le Shampooing Douceur Biolane, d\u2019une haute tol\u00e9rance, aide \u00e0 pr\u00e9server l\u2019\u00e9quilibre naturel cutan\u00e9 du cuir chevelu.  Sa texture tr\u00e8s l\u00e9g\u00e8re qui ne coule pas est garantie haute rin\u00e7abilit\u00e9 et ne pique pas les yeux.\" \/>\n<meta property=\"og:url\" content=\"https:\/\/pharmadreams.shop\/index.php\/product\/biolane-shampooing-douceur\/\" \/>\n<meta property=\"og:site_name\" content=\"pharmadreams\" \/>\n<meta property=\"article:modified_time\" content=\"2023-12-19T18:44:23+00:00\" \/>\n<meta property=\"og:image\" content=\"https:\/\/pharmadreams.shop\/wp-content\/uploads\/2023\/12\/Sans-titre-177.png\" \/>\n\t<meta property=\"og:image:width\" content=\"748\" \/>\n\t<meta property=\"og:image:height\" content=\"820\" \/>\n\t<meta property=\"og:image:type\" content=\"image\/png\" \/>\n<meta name=\"twitter:card\" content=\"summary_large_image\" \/>\n<script type=\"application\/ld+json\" class=\"yoast-schema-graph\">{\"@context\":\"https:\/\/schema.org\",\"@graph\":[{\"@type\":\"WebPage\",\"@id\":\"https:\/\/pharmadreams.shop\/index.php\/product\/biolane-shampooing-douceur\/\",\"url\":\"https:\/\/pharmadreams.shop\/index.php\/product\/biolane-shampooing-douceur\/\",\"name\":\"Biolane shampooing douceur - pharmadreams\",\"isPartOf\":{\"@id\":\"https:\/\/pharmadreams.shop\/#website\"},\"primaryImageOfPage\":{\"@id\":\"https:\/\/pharmadreams.shop\/index.php\/product\/biolane-shampooing-douceur\/#primaryimage\"},\"image\":{\"@id\":\"https:\/\/pharmadreams.shop\/index.php\/product\/biolane-shampooing-douceur\/#primaryimage\"},\"thumbnailUrl\":\"https:\/\/pharmadreams.shop\/wp-content\/uploads\/2023\/12\/Sans-titre-177.png\",\"datePublished\":\"2023-12-19T18:43:42+00:00\",\"dateModified\":\"2023-12-19T18:44:23+00:00\",\"breadcrumb\":{\"@id\":\"https:\/\/pharmadreams.shop\/index.php\/product\/biolane-shampooing-douceur\/#breadcrumb\"},\"inLanguage\":\"fr-FR\",\"potentialAction\":[{\"@type\":\"ReadAction\",\"target\":[\"https:\/\/pharmadreams.shop\/index.php\/product\/biolane-shampooing-douceur\/\"]}]},{\"@type\":\"ImageObject\",\"inLanguage\":\"fr-FR\",\"@id\":\"https:\/\/pharmadreams.shop\/index.php\/product\/biolane-shampooing-douceur\/#primaryimage\",\"url\":\"https:\/\/pharmadreams.shop\/wp-content\/uploads\/2023\/12\/Sans-titre-177.png\",\"contentUrl\":\"https:\/\/pharmadreams.shop\/wp-content\/uploads\/2023\/12\/Sans-titre-177.png\",\"width\":748,\"height\":820},{\"@type\":\"BreadcrumbList\",\"@id\":\"https:\/\/pharmadreams.shop\/index.php\/product\/biolane-shampooing-douceur\/#breadcrumb\",\"itemListElement\":[{\"@type\":\"ListItem\",\"position\":1,\"name\":\"Accueil\",\"item\":\"https:\/\/pharmadreams.shop\/\"},{\"@type\":\"ListItem\",\"position\":2,\"name\":\"Shop\",\"item\":\"https:\/\/pharmadreams.shop\/index.php\/shop\/\"},{\"@type\":\"ListItem\",\"position\":3,\"name\":\"Biolane shampooing douceur\"}]},{\"@type\":\"WebSite\",\"@id\":\"https:\/\/pharmadreams.shop\/#website\",\"url\":\"https:\/\/pharmadreams.shop\/\",\"name\":\"pharmadreams\",\"description\":\"Parapharmacie en ligne\",\"potentialAction\":[{\"@type\":\"SearchAction\",\"target\":{\"@type\":\"EntryPoint\",\"urlTemplate\":\"https:\/\/pharmadreams.shop\/?s={search_term_string}\"},\"query-input\":\"required name=search_term_string\"}],\"inLanguage\":\"fr-FR\"}]}<\/script>\n<!-- \/ Yoast SEO plugin. -->","yoast_head_json":{"title":"Biolane shampooing douceur - pharmadreams","robots":{"index":"index","follow":"follow","max-snippet":"max-snippet:-1","max-image-preview":"max-image-preview:large","max-video-preview":"max-video-preview:-1"},"canonical":"https:\/\/pharmadreams.shop\/index.php\/product\/biolane-shampooing-douceur\/","og_locale":"fr_FR","og_type":"article","og_title":"Biolane shampooing douceur - pharmadreams","og_description":"Nettoie et d\u00e9m\u00eale en un seul geste les cheveux de b\u00e9b\u00e9. Propri\u00e9t\u00e9s:   Sa formule douce permet de nettoyer et d\u00e9m\u00ealer en un seul geste les cheveux fins de b\u00e9b\u00e9.  Enrichi en actifs au pouvoir d\u00e9m\u00ealant, ce shampooing facilite le coiffage. R\u00e9sultat : les cheveux sont doux et brillants.  Le Shampooing Douceur Biolane, d\u2019une haute tol\u00e9rance, aide \u00e0 pr\u00e9server l\u2019\u00e9quilibre naturel cutan\u00e9 du cuir chevelu.  Sa texture tr\u00e8s l\u00e9g\u00e8re qui ne coule pas est garantie haute rin\u00e7abilit\u00e9 et ne pique pas les yeux.","og_url":"https:\/\/pharmadreams.shop\/index.php\/product\/biolane-shampooing-douceur\/","og_site_name":"pharmadreams","article_modified_time":"2023-12-19T18:44:23+00:00","og_image":[{"width":748,"height":820,"url":"https:\/\/pharmadreams.shop\/wp-content\/uploads\/2023\/12\/Sans-titre-177.png","type":"image\/png"}],"twitter_card":"summary_large_image","schema":{"@context":"https:\/\/schema.org","@graph":[{"@type":"WebPage","@id":"https:\/\/pharmadreams.shop\/index.php\/product\/biolane-shampooing-douceur\/","url":"https:\/\/pharmadreams.shop\/index.php\/product\/biolane-shampooing-douceur\/","name":"Biolane shampooing douceur - pharmadreams","isPartOf":{"@id":"https:\/\/pharmadreams.shop\/#website"},"primaryImageOfPage":{"@id":"https:\/\/pharmadreams.shop\/index.php\/product\/biolane-shampooing-douceur\/#primaryimage"},"image":{"@id":"https:\/\/pharmadreams.shop\/index.php\/product\/biolane-shampooing-douceur\/#primaryimage"},"thumbnailUrl":"https:\/\/pharmadreams.shop\/wp-content\/uploads\/2023\/12\/Sans-titre-177.png","datePublished":"2023-12-19T18:43:42+00:00","dateModified":"2023-12-19T18:44:23+00:00","breadcrumb":{"@id":"https:\/\/pharmadreams.shop\/index.php\/product\/biolane-shampooing-douceur\/#breadcrumb"},"inLanguage":"fr-FR","potentialAction":[{"@type":"ReadAction","target":["https:\/\/pharmadreams.shop\/index.php\/product\/biolane-shampooing-douceur\/"]}]},{"@type":"ImageObject","inLanguage":"fr-FR","@id":"https:\/\/pharmadreams.shop\/index.php\/product\/biolane-shampooing-douceur\/#primaryimage","url":"https:\/\/pharmadreams.shop\/wp-content\/uploads\/2023\/12\/Sans-titre-177.png","contentUrl":"https:\/\/pharmadreams.shop\/wp-content\/uploads\/2023\/12\/Sans-titre-177.png","width":748,"height":820},{"@type":"BreadcrumbList","@id":"https:\/\/pharmadreams.shop\/index.php\/product\/biolane-shampooing-douceur\/#breadcrumb","itemListElement":[{"@type":"ListItem","position":1,"name":"Accueil","item":"https:\/\/pharmadreams.shop\/"},{"@type":"ListItem","position":2,"name":"Shop","item":"https:\/\/pharmadreams.shop\/index.php\/shop\/"},{"@type":"ListItem","position":3,"name":"Biolane shampooing douceur"}]},{"@type":"WebSite","@id":"https:\/\/pharmadreams.shop\/#website","url":"https:\/\/pharmadreams.shop\/","name":"pharmadreams","description":"Parapharmacie en ligne","potentialAction":[{"@type":"SearchAction","target":{"@type":"EntryPoint","urlTemplate":"https:\/\/pharmadreams.shop\/?s={search_term_string}"},"query-input":"required name=search_term_string"}],"inLanguage":"fr-FR"}]}},"_links":{"self":[{"href":"https:\/\/pharmadreams.shop\/index.php\/wp-json\/wp\/v2\/product\/17248","targetHints":{"allow":["GET"]}}],"collection":[{"href":"https:\/\/pharmadreams.shop\/index.php\/wp-json\/wp\/v2\/product"}],"about":[{"href":"https:\/\/pharmadreams.shop\/index.php\/wp-json\/wp\/v2\/types\/product"}],"replies":[{"embeddable":true,"href":"https:\/\/pharmadreams.shop\/index.php\/wp-json\/wp\/v2\/comments?post=17248"}],"version-history":[{"count":0,"href":"https:\/\/pharmadreams.shop\/index.php\/wp-json\/wp\/v2\/product\/17248\/revisions"}],"wp:featuredmedia":[{"embeddable":true,"href":"https:\/\/pharmadreams.shop\/index.php\/wp-json\/wp\/v2\/media\/17310"}],"wp:attachment":[{"href":"https:\/\/pharmadreams.shop\/index.php\/wp-json\/wp\/v2\/media?parent=17248"}],"wp:term":[{"taxonomy":"product_brand","embeddable":true,"href":"https:\/\/pharmadreams.shop\/index.php\/wp-json\/wp\/v2\/product_brand?post=17248"},{"taxonomy":"product_cat","embeddable":true,"href":"https:\/\/pharmadreams.shop\/index.php\/wp-json\/wp\/v2\/product_cat?post=17248"},{"taxonomy":"product_tag","embeddable":true,"href":"https:\/\/pharmadreams.shop\/index.php\/wp-json\/wp\/v2\/product_tag?post=17248"}],"curies":[{"name":"wp","href":"https:\/\/api.w.org\/{rel}","templated":true}]}}