{"id":17249,"date":"2023-12-19T19:43:42","date_gmt":"2023-12-19T18:43:42","guid":{"rendered":"https:\/\/venuspara.com\/?post_type=product&#038;p=17249"},"modified":"2023-12-19T19:44:25","modified_gmt":"2023-12-19T18:44:25","slug":"biolane-gel-lavant-corps-et-cheveux-2en1-750ml","status":"publish","type":"product","link":"https:\/\/pharmadreams.shop\/index.php\/product\/biolane-gel-lavant-corps-et-cheveux-2en1-750ml\/","title":{"rendered":"Biolane gel lavant corps et cheveux 2en1 750ml"},"content":{"rendered":"","protected":false},"excerpt":{"rendered":"<p>Le\u00a0<strong>gel lavant corps et cheveux Biolane<\/strong>\u00a0nettoie en douceur et pr\u00e9serve la peau fragile de votre b\u00e9b\u00e9 pour qu\u2019elle reste souple, douce et confortable.<\/p>\n<p>Un\u00a0<strong>gel lavant<\/strong>\u00a0\u00e0 97% d\u2019ingr\u00e9dients d\u2019origine naturelle, enrichi d\u2019un agent surgraissant qui \u00e9vite les sensations d\u2019inconfort et de tiraillement.<br \/>\nUne formule test\u00e9e cliniquement sous contr\u00f4le m\u00e9dical pour la plus grande s\u00e9curit\u00e9 des nouveau-n\u00e9s.<\/p>\n","protected":false},"featured_media":17312,"comment_status":"open","ping_status":"closed","template":"","meta":[],"product_brand":[],"product_cat":[163],"product_tag":[],"class_list":{"0":"post-17249","1":"product","2":"type-product","3":"status-publish","4":"has-post-thumbnail","6":"product_cat-gel-lavant","8":"first","9":"instock","10":"shipping-taxable","11":"purchasable","12":"product-type-simple"},"yoast_head":"<!-- This site is optimized with the Yoast SEO plugin v23.0 - https:\/\/yoast.com\/wordpress\/plugins\/seo\/ -->\n<title>Biolane gel lavant corps et cheveux 2en1 750ml - pharmadreams<\/title>\n<meta name=\"robots\" content=\"index, follow, max-snippet:-1, max-image-preview:large, max-video-preview:-1\" \/>\n<link rel=\"canonical\" href=\"https:\/\/pharmadreams.shop\/index.php\/product\/biolane-gel-lavant-corps-et-cheveux-2en1-750ml\/\" \/>\n<meta property=\"og:locale\" content=\"fr_FR\" \/>\n<meta property=\"og:type\" content=\"article\" \/>\n<meta property=\"og:title\" content=\"Biolane gel lavant corps et cheveux 2en1 750ml - pharmadreams\" \/>\n<meta property=\"og:description\" content=\"Le\u00a0gel lavant corps et cheveux Biolane\u00a0nettoie en douceur et pr\u00e9serve la peau fragile de votre b\u00e9b\u00e9 pour qu\u2019elle reste souple, douce et confortable.  Un\u00a0gel lavant\u00a0\u00e0 97% d\u2019ingr\u00e9dients d\u2019origine naturelle, enrichi d\u2019un agent surgraissant qui \u00e9vite les sensations d\u2019inconfort et de tiraillement. Une formule test\u00e9e cliniquement sous contr\u00f4le m\u00e9dical pour la plus grande s\u00e9curit\u00e9 des nouveau-n\u00e9s.\" \/>\n<meta property=\"og:url\" content=\"https:\/\/pharmadreams.shop\/index.php\/product\/biolane-gel-lavant-corps-et-cheveux-2en1-750ml\/\" \/>\n<meta property=\"og:site_name\" content=\"pharmadreams\" \/>\n<meta property=\"article:modified_time\" content=\"2023-12-19T18:44:25+00:00\" \/>\n<meta property=\"og:image\" content=\"https:\/\/pharmadreams.shop\/wp-content\/uploads\/2023\/12\/Sans-titre-178.png\" \/>\n\t<meta property=\"og:image:width\" content=\"875\" \/>\n\t<meta property=\"og:image:height\" content=\"1084\" \/>\n\t<meta property=\"og:image:type\" content=\"image\/png\" \/>\n<meta name=\"twitter:card\" content=\"summary_large_image\" \/>\n<script type=\"application\/ld+json\" class=\"yoast-schema-graph\">{\"@context\":\"https:\/\/schema.org\",\"@graph\":[{\"@type\":\"WebPage\",\"@id\":\"https:\/\/pharmadreams.shop\/index.php\/product\/biolane-gel-lavant-corps-et-cheveux-2en1-750ml\/\",\"url\":\"https:\/\/pharmadreams.shop\/index.php\/product\/biolane-gel-lavant-corps-et-cheveux-2en1-750ml\/\",\"name\":\"Biolane gel lavant corps et cheveux 2en1 750ml - pharmadreams\",\"isPartOf\":{\"@id\":\"https:\/\/pharmadreams.shop\/#website\"},\"primaryImageOfPage\":{\"@id\":\"https:\/\/pharmadreams.shop\/index.php\/product\/biolane-gel-lavant-corps-et-cheveux-2en1-750ml\/#primaryimage\"},\"image\":{\"@id\":\"https:\/\/pharmadreams.shop\/index.php\/product\/biolane-gel-lavant-corps-et-cheveux-2en1-750ml\/#primaryimage\"},\"thumbnailUrl\":\"https:\/\/pharmadreams.shop\/wp-content\/uploads\/2023\/12\/Sans-titre-178.png\",\"datePublished\":\"2023-12-19T18:43:42+00:00\",\"dateModified\":\"2023-12-19T18:44:25+00:00\",\"breadcrumb\":{\"@id\":\"https:\/\/pharmadreams.shop\/index.php\/product\/biolane-gel-lavant-corps-et-cheveux-2en1-750ml\/#breadcrumb\"},\"inLanguage\":\"fr-FR\",\"potentialAction\":[{\"@type\":\"ReadAction\",\"target\":[\"https:\/\/pharmadreams.shop\/index.php\/product\/biolane-gel-lavant-corps-et-cheveux-2en1-750ml\/\"]}]},{\"@type\":\"ImageObject\",\"inLanguage\":\"fr-FR\",\"@id\":\"https:\/\/pharmadreams.shop\/index.php\/product\/biolane-gel-lavant-corps-et-cheveux-2en1-750ml\/#primaryimage\",\"url\":\"https:\/\/pharmadreams.shop\/wp-content\/uploads\/2023\/12\/Sans-titre-178.png\",\"contentUrl\":\"https:\/\/pharmadreams.shop\/wp-content\/uploads\/2023\/12\/Sans-titre-178.png\",\"width\":875,\"height\":1084},{\"@type\":\"BreadcrumbList\",\"@id\":\"https:\/\/pharmadreams.shop\/index.php\/product\/biolane-gel-lavant-corps-et-cheveux-2en1-750ml\/#breadcrumb\",\"itemListElement\":[{\"@type\":\"ListItem\",\"position\":1,\"name\":\"Accueil\",\"item\":\"https:\/\/pharmadreams.shop\/\"},{\"@type\":\"ListItem\",\"position\":2,\"name\":\"Shop\",\"item\":\"https:\/\/pharmadreams.shop\/index.php\/shop\/\"},{\"@type\":\"ListItem\",\"position\":3,\"name\":\"Biolane gel lavant corps et cheveux 2en1 750ml\"}]},{\"@type\":\"WebSite\",\"@id\":\"https:\/\/pharmadreams.shop\/#website\",\"url\":\"https:\/\/pharmadreams.shop\/\",\"name\":\"pharmadreams\",\"description\":\"Parapharmacie en ligne\",\"potentialAction\":[{\"@type\":\"SearchAction\",\"target\":{\"@type\":\"EntryPoint\",\"urlTemplate\":\"https:\/\/pharmadreams.shop\/?s={search_term_string}\"},\"query-input\":\"required name=search_term_string\"}],\"inLanguage\":\"fr-FR\"}]}<\/script>\n<!-- \/ Yoast SEO plugin. -->","yoast_head_json":{"title":"Biolane gel lavant corps et cheveux 2en1 750ml - pharmadreams","robots":{"index":"index","follow":"follow","max-snippet":"max-snippet:-1","max-image-preview":"max-image-preview:large","max-video-preview":"max-video-preview:-1"},"canonical":"https:\/\/pharmadreams.shop\/index.php\/product\/biolane-gel-lavant-corps-et-cheveux-2en1-750ml\/","og_locale":"fr_FR","og_type":"article","og_title":"Biolane gel lavant corps et cheveux 2en1 750ml - pharmadreams","og_description":"Le\u00a0gel lavant corps et cheveux Biolane\u00a0nettoie en douceur et pr\u00e9serve la peau fragile de votre b\u00e9b\u00e9 pour qu\u2019elle reste souple, douce et confortable.  Un\u00a0gel lavant\u00a0\u00e0 97% d\u2019ingr\u00e9dients d\u2019origine naturelle, enrichi d\u2019un agent surgraissant qui \u00e9vite les sensations d\u2019inconfort et de tiraillement. Une formule test\u00e9e cliniquement sous contr\u00f4le m\u00e9dical pour la plus grande s\u00e9curit\u00e9 des nouveau-n\u00e9s.","og_url":"https:\/\/pharmadreams.shop\/index.php\/product\/biolane-gel-lavant-corps-et-cheveux-2en1-750ml\/","og_site_name":"pharmadreams","article_modified_time":"2023-12-19T18:44:25+00:00","og_image":[{"width":875,"height":1084,"url":"https:\/\/pharmadreams.shop\/wp-content\/uploads\/2023\/12\/Sans-titre-178.png","type":"image\/png"}],"twitter_card":"summary_large_image","schema":{"@context":"https:\/\/schema.org","@graph":[{"@type":"WebPage","@id":"https:\/\/pharmadreams.shop\/index.php\/product\/biolane-gel-lavant-corps-et-cheveux-2en1-750ml\/","url":"https:\/\/pharmadreams.shop\/index.php\/product\/biolane-gel-lavant-corps-et-cheveux-2en1-750ml\/","name":"Biolane gel lavant corps et cheveux 2en1 750ml - pharmadreams","isPartOf":{"@id":"https:\/\/pharmadreams.shop\/#website"},"primaryImageOfPage":{"@id":"https:\/\/pharmadreams.shop\/index.php\/product\/biolane-gel-lavant-corps-et-cheveux-2en1-750ml\/#primaryimage"},"image":{"@id":"https:\/\/pharmadreams.shop\/index.php\/product\/biolane-gel-lavant-corps-et-cheveux-2en1-750ml\/#primaryimage"},"thumbnailUrl":"https:\/\/pharmadreams.shop\/wp-content\/uploads\/2023\/12\/Sans-titre-178.png","datePublished":"2023-12-19T18:43:42+00:00","dateModified":"2023-12-19T18:44:25+00:00","breadcrumb":{"@id":"https:\/\/pharmadreams.shop\/index.php\/product\/biolane-gel-lavant-corps-et-cheveux-2en1-750ml\/#breadcrumb"},"inLanguage":"fr-FR","potentialAction":[{"@type":"ReadAction","target":["https:\/\/pharmadreams.shop\/index.php\/product\/biolane-gel-lavant-corps-et-cheveux-2en1-750ml\/"]}]},{"@type":"ImageObject","inLanguage":"fr-FR","@id":"https:\/\/pharmadreams.shop\/index.php\/product\/biolane-gel-lavant-corps-et-cheveux-2en1-750ml\/#primaryimage","url":"https:\/\/pharmadreams.shop\/wp-content\/uploads\/2023\/12\/Sans-titre-178.png","contentUrl":"https:\/\/pharmadreams.shop\/wp-content\/uploads\/2023\/12\/Sans-titre-178.png","width":875,"height":1084},{"@type":"BreadcrumbList","@id":"https:\/\/pharmadreams.shop\/index.php\/product\/biolane-gel-lavant-corps-et-cheveux-2en1-750ml\/#breadcrumb","itemListElement":[{"@type":"ListItem","position":1,"name":"Accueil","item":"https:\/\/pharmadreams.shop\/"},{"@type":"ListItem","position":2,"name":"Shop","item":"https:\/\/pharmadreams.shop\/index.php\/shop\/"},{"@type":"ListItem","position":3,"name":"Biolane gel lavant corps et cheveux 2en1 750ml"}]},{"@type":"WebSite","@id":"https:\/\/pharmadreams.shop\/#website","url":"https:\/\/pharmadreams.shop\/","name":"pharmadreams","description":"Parapharmacie en ligne","potentialAction":[{"@type":"SearchAction","target":{"@type":"EntryPoint","urlTemplate":"https:\/\/pharmadreams.shop\/?s={search_term_string}"},"query-input":"required name=search_term_string"}],"inLanguage":"fr-FR"}]}},"_links":{"self":[{"href":"https:\/\/pharmadreams.shop\/index.php\/wp-json\/wp\/v2\/product\/17249","targetHints":{"allow":["GET"]}}],"collection":[{"href":"https:\/\/pharmadreams.shop\/index.php\/wp-json\/wp\/v2\/product"}],"about":[{"href":"https:\/\/pharmadreams.shop\/index.php\/wp-json\/wp\/v2\/types\/product"}],"replies":[{"embeddable":true,"href":"https:\/\/pharmadreams.shop\/index.php\/wp-json\/wp\/v2\/comments?post=17249"}],"version-history":[{"count":0,"href":"https:\/\/pharmadreams.shop\/index.php\/wp-json\/wp\/v2\/product\/17249\/revisions"}],"wp:featuredmedia":[{"embeddable":true,"href":"https:\/\/pharmadreams.shop\/index.php\/wp-json\/wp\/v2\/media\/17312"}],"wp:attachment":[{"href":"https:\/\/pharmadreams.shop\/index.php\/wp-json\/wp\/v2\/media?parent=17249"}],"wp:term":[{"taxonomy":"product_brand","embeddable":true,"href":"https:\/\/pharmadreams.shop\/index.php\/wp-json\/wp\/v2\/product_brand?post=17249"},{"taxonomy":"product_cat","embeddable":true,"href":"https:\/\/pharmadreams.shop\/index.php\/wp-json\/wp\/v2\/product_cat?post=17249"},{"taxonomy":"product_tag","embeddable":true,"href":"https:\/\/pharmadreams.shop\/index.php\/wp-json\/wp\/v2\/product_tag?post=17249"}],"curies":[{"name":"wp","href":"https:\/\/api.w.org\/{rel}","templated":true}]}}