{"id":17286,"date":"2023-12-19T19:44:10","date_gmt":"2023-12-19T18:44:10","guid":{"rendered":"https:\/\/venuspara.com\/?post_type=product&#038;p=17286"},"modified":"2024-05-03T16:48:16","modified_gmt":"2024-05-03T15:48:16","slug":"clinic-way-contour-yeux-12","status":"publish","type":"product","link":"https:\/\/pharmadreams.shop\/index.php\/product\/clinic-way-contour-yeux-12\/","title":{"rendered":"Clinic way contour yeux 1+2"},"content":{"rendered":"","protected":false},"excerpt":{"rendered":"<p><strong>1\u00b0+2\u00b0\u00a0<\/strong>Rides d&rsquo;expressions et rides statiques<\/p>\n<p><strong>Hyaluronique\u00a0<\/strong>hydrate, emp\u00eache le dess\u00e8chement.<\/p>\n<p>Prot\u00e9ines v\u00e9g\u00e9tales am\u00e9liorent la microcirculation, r\u00e9duisent les cernes et les poches sous les yeux.<\/p>\n<p>CLINIC WAY Dermocr\u00e8me anti-rides 1\u00b0+2\u00b0 contour des yeux est un soin anti-rides contour des yeux pour les femmes de 30 ans et plus, grace \u00e0 :<\/p>\n<ul>\n<li>R\u00e9activateur de renouvellement cutan\u00e9 FGF1 LMS\u2122 avec un transport dermique unique<\/li>\n<li>Technologie Lipo-Sphere : inhibe le processus de vieillissement cutan\u00e9 en r\u00e9activant les propri\u00e9t\u00e9s r\u00e9g\u00e9n\u00e9ratrices et le potentiel d&rsquo;auto-renouvellement \u00e0 trois niveaux.<\/li>\n<li>Acide hyaluronique : procure une hydratation intense de la peau, formant \u00e0 sa surface une protection naturelle qui limite consid\u00e9rablement l&rsquo;\u00e9vaporation de l&rsquo;eau et la prot\u00e8ge des agressions ext\u00e9rieures.<\/li>\n<li>Prot\u00e9ines v\u00e9g\u00e9tales : r\u00e9duire les effets nocifs des rayons UV en inhibant la d\u00e9gradation de la structure de soutien de la peau. Ils am\u00e9liorent la microcirculation, ce qui r\u00e9duit les cernes et les poches sous les yeux.<\/li>\n<li>Aqua Calcis : L&rsquo;eau de chaux de la pharmacop\u00e9e, gr\u00e2ce \u00e0 ses propri\u00e9t\u00e9s antiseptiques, apaisantes et anti-irritations, offre un soin s\u00fbr et confortable pour les peaux sensibles.<\/li>\n<\/ul>\n","protected":false},"featured_media":17351,"comment_status":"open","ping_status":"closed","template":"","meta":[],"product_brand":[],"product_cat":[100,97,98,80],"product_tag":[],"class_list":{"0":"post-17286","1":"product","2":"type-product","3":"status-publish","4":"has-post-thumbnail","6":"product_cat-anti-age","7":"product_cat-anti-imperfection","8":"product_cat-hydratation","9":"product_cat-soins","11":"first","12":"instock","13":"sale","14":"shipping-taxable","15":"purchasable","16":"product-type-simple"},"yoast_head":"<!-- This site is optimized with the Yoast SEO plugin v23.0 - https:\/\/yoast.com\/wordpress\/plugins\/seo\/ -->\n<title>Clinic way contour yeux 1+2 - pharmadreams<\/title>\n<meta name=\"robots\" content=\"index, follow, max-snippet:-1, max-image-preview:large, max-video-preview:-1\" \/>\n<link rel=\"canonical\" href=\"https:\/\/pharmadreams.shop\/index.php\/product\/clinic-way-contour-yeux-12\/\" \/>\n<meta property=\"og:locale\" content=\"fr_FR\" \/>\n<meta property=\"og:type\" content=\"article\" \/>\n<meta property=\"og:title\" content=\"Clinic way contour yeux 1+2 - pharmadreams\" \/>\n<meta property=\"og:description\" content=\"1\u00b0+2\u00b0\u00a0Rides d&#039;expressions et rides statiques  Hyaluronique\u00a0hydrate, emp\u00eache le dess\u00e8chement.  Prot\u00e9ines v\u00e9g\u00e9tales am\u00e9liorent la microcirculation, r\u00e9duisent les cernes et les poches sous les yeux.  CLINIC WAY Dermocr\u00e8me anti-rides 1\u00b0+2\u00b0 contour des yeux est un soin anti-rides contour des yeux pour les femmes de 30 ans et plus, grace \u00e0 :   R\u00e9activateur de renouvellement cutan\u00e9 FGF1 LMS\u2122 avec un transport dermique unique  Technologie Lipo-Sphere : inhibe le processus de vieillissement cutan\u00e9 en r\u00e9activant les propri\u00e9t\u00e9s r\u00e9g\u00e9n\u00e9ratrices et le potentiel d&#039;auto-renouvellement \u00e0 trois niveaux.  Acide hyaluronique : procure une hydratation intense de la peau, formant \u00e0 sa surface une protection naturelle qui limite consid\u00e9rablement l&#039;\u00e9vaporation de l&#039;eau et la prot\u00e8ge des agressions ext\u00e9rieures.  Prot\u00e9ines v\u00e9g\u00e9tales : r\u00e9duire les effets nocifs des rayons UV en inhibant la d\u00e9gradation de la structure de soutien de la peau. Ils am\u00e9liorent la microcirculation, ce qui r\u00e9duit les cernes et les poches sous les yeux.  Aqua Calcis : L&#039;eau de chaux de la pharmacop\u00e9e, gr\u00e2ce \u00e0 ses propri\u00e9t\u00e9s antiseptiques, apaisantes et anti-irritations, offre un soin s\u00fbr et confortable pour les peaux sensibles.\" \/>\n<meta property=\"og:url\" content=\"https:\/\/pharmadreams.shop\/index.php\/product\/clinic-way-contour-yeux-12\/\" \/>\n<meta property=\"og:site_name\" content=\"pharmadreams\" \/>\n<meta property=\"article:modified_time\" content=\"2024-05-03T15:48:16+00:00\" \/>\n<meta property=\"og:image\" content=\"https:\/\/pharmadreams.shop\/wp-content\/uploads\/2023\/12\/Sans-titre-191.png\" \/>\n\t<meta property=\"og:image:width\" content=\"923\" \/>\n\t<meta property=\"og:image:height\" content=\"821\" \/>\n\t<meta property=\"og:image:type\" content=\"image\/png\" \/>\n<meta name=\"twitter:card\" content=\"summary_large_image\" \/>\n<script type=\"application\/ld+json\" class=\"yoast-schema-graph\">{\"@context\":\"https:\/\/schema.org\",\"@graph\":[{\"@type\":\"WebPage\",\"@id\":\"https:\/\/pharmadreams.shop\/index.php\/product\/clinic-way-contour-yeux-12\/\",\"url\":\"https:\/\/pharmadreams.shop\/index.php\/product\/clinic-way-contour-yeux-12\/\",\"name\":\"Clinic way contour yeux 1+2 - pharmadreams\",\"isPartOf\":{\"@id\":\"https:\/\/pharmadreams.shop\/#website\"},\"primaryImageOfPage\":{\"@id\":\"https:\/\/pharmadreams.shop\/index.php\/product\/clinic-way-contour-yeux-12\/#primaryimage\"},\"image\":{\"@id\":\"https:\/\/pharmadreams.shop\/index.php\/product\/clinic-way-contour-yeux-12\/#primaryimage\"},\"thumbnailUrl\":\"https:\/\/pharmadreams.shop\/wp-content\/uploads\/2023\/12\/Sans-titre-191.png\",\"datePublished\":\"2023-12-19T18:44:10+00:00\",\"dateModified\":\"2024-05-03T15:48:16+00:00\",\"breadcrumb\":{\"@id\":\"https:\/\/pharmadreams.shop\/index.php\/product\/clinic-way-contour-yeux-12\/#breadcrumb\"},\"inLanguage\":\"fr-FR\",\"potentialAction\":[{\"@type\":\"ReadAction\",\"target\":[\"https:\/\/pharmadreams.shop\/index.php\/product\/clinic-way-contour-yeux-12\/\"]}]},{\"@type\":\"ImageObject\",\"inLanguage\":\"fr-FR\",\"@id\":\"https:\/\/pharmadreams.shop\/index.php\/product\/clinic-way-contour-yeux-12\/#primaryimage\",\"url\":\"https:\/\/pharmadreams.shop\/wp-content\/uploads\/2023\/12\/Sans-titre-191.png\",\"contentUrl\":\"https:\/\/pharmadreams.shop\/wp-content\/uploads\/2023\/12\/Sans-titre-191.png\",\"width\":923,\"height\":821},{\"@type\":\"BreadcrumbList\",\"@id\":\"https:\/\/pharmadreams.shop\/index.php\/product\/clinic-way-contour-yeux-12\/#breadcrumb\",\"itemListElement\":[{\"@type\":\"ListItem\",\"position\":1,\"name\":\"Accueil\",\"item\":\"https:\/\/pharmadreams.shop\/\"},{\"@type\":\"ListItem\",\"position\":2,\"name\":\"Shop\",\"item\":\"https:\/\/pharmadreams.shop\/index.php\/shop\/\"},{\"@type\":\"ListItem\",\"position\":3,\"name\":\"Clinic way contour yeux 1+2\"}]},{\"@type\":\"WebSite\",\"@id\":\"https:\/\/pharmadreams.shop\/#website\",\"url\":\"https:\/\/pharmadreams.shop\/\",\"name\":\"pharmadreams\",\"description\":\"Parapharmacie en ligne\",\"potentialAction\":[{\"@type\":\"SearchAction\",\"target\":{\"@type\":\"EntryPoint\",\"urlTemplate\":\"https:\/\/pharmadreams.shop\/?s={search_term_string}\"},\"query-input\":\"required name=search_term_string\"}],\"inLanguage\":\"fr-FR\"}]}<\/script>\n<!-- \/ Yoast SEO plugin. -->","yoast_head_json":{"title":"Clinic way contour yeux 1+2 - pharmadreams","robots":{"index":"index","follow":"follow","max-snippet":"max-snippet:-1","max-image-preview":"max-image-preview:large","max-video-preview":"max-video-preview:-1"},"canonical":"https:\/\/pharmadreams.shop\/index.php\/product\/clinic-way-contour-yeux-12\/","og_locale":"fr_FR","og_type":"article","og_title":"Clinic way contour yeux 1+2 - pharmadreams","og_description":"1\u00b0+2\u00b0\u00a0Rides d'expressions et rides statiques  Hyaluronique\u00a0hydrate, emp\u00eache le dess\u00e8chement.  Prot\u00e9ines v\u00e9g\u00e9tales am\u00e9liorent la microcirculation, r\u00e9duisent les cernes et les poches sous les yeux.  CLINIC WAY Dermocr\u00e8me anti-rides 1\u00b0+2\u00b0 contour des yeux est un soin anti-rides contour des yeux pour les femmes de 30 ans et plus, grace \u00e0 :   R\u00e9activateur de renouvellement cutan\u00e9 FGF1 LMS\u2122 avec un transport dermique unique  Technologie Lipo-Sphere : inhibe le processus de vieillissement cutan\u00e9 en r\u00e9activant les propri\u00e9t\u00e9s r\u00e9g\u00e9n\u00e9ratrices et le potentiel d'auto-renouvellement \u00e0 trois niveaux.  Acide hyaluronique : procure une hydratation intense de la peau, formant \u00e0 sa surface une protection naturelle qui limite consid\u00e9rablement l'\u00e9vaporation de l'eau et la prot\u00e8ge des agressions ext\u00e9rieures.  Prot\u00e9ines v\u00e9g\u00e9tales : r\u00e9duire les effets nocifs des rayons UV en inhibant la d\u00e9gradation de la structure de soutien de la peau. Ils am\u00e9liorent la microcirculation, ce qui r\u00e9duit les cernes et les poches sous les yeux.  Aqua Calcis : L'eau de chaux de la pharmacop\u00e9e, gr\u00e2ce \u00e0 ses propri\u00e9t\u00e9s antiseptiques, apaisantes et anti-irritations, offre un soin s\u00fbr et confortable pour les peaux sensibles.","og_url":"https:\/\/pharmadreams.shop\/index.php\/product\/clinic-way-contour-yeux-12\/","og_site_name":"pharmadreams","article_modified_time":"2024-05-03T15:48:16+00:00","og_image":[{"width":923,"height":821,"url":"https:\/\/pharmadreams.shop\/wp-content\/uploads\/2023\/12\/Sans-titre-191.png","type":"image\/png"}],"twitter_card":"summary_large_image","schema":{"@context":"https:\/\/schema.org","@graph":[{"@type":"WebPage","@id":"https:\/\/pharmadreams.shop\/index.php\/product\/clinic-way-contour-yeux-12\/","url":"https:\/\/pharmadreams.shop\/index.php\/product\/clinic-way-contour-yeux-12\/","name":"Clinic way contour yeux 1+2 - pharmadreams","isPartOf":{"@id":"https:\/\/pharmadreams.shop\/#website"},"primaryImageOfPage":{"@id":"https:\/\/pharmadreams.shop\/index.php\/product\/clinic-way-contour-yeux-12\/#primaryimage"},"image":{"@id":"https:\/\/pharmadreams.shop\/index.php\/product\/clinic-way-contour-yeux-12\/#primaryimage"},"thumbnailUrl":"https:\/\/pharmadreams.shop\/wp-content\/uploads\/2023\/12\/Sans-titre-191.png","datePublished":"2023-12-19T18:44:10+00:00","dateModified":"2024-05-03T15:48:16+00:00","breadcrumb":{"@id":"https:\/\/pharmadreams.shop\/index.php\/product\/clinic-way-contour-yeux-12\/#breadcrumb"},"inLanguage":"fr-FR","potentialAction":[{"@type":"ReadAction","target":["https:\/\/pharmadreams.shop\/index.php\/product\/clinic-way-contour-yeux-12\/"]}]},{"@type":"ImageObject","inLanguage":"fr-FR","@id":"https:\/\/pharmadreams.shop\/index.php\/product\/clinic-way-contour-yeux-12\/#primaryimage","url":"https:\/\/pharmadreams.shop\/wp-content\/uploads\/2023\/12\/Sans-titre-191.png","contentUrl":"https:\/\/pharmadreams.shop\/wp-content\/uploads\/2023\/12\/Sans-titre-191.png","width":923,"height":821},{"@type":"BreadcrumbList","@id":"https:\/\/pharmadreams.shop\/index.php\/product\/clinic-way-contour-yeux-12\/#breadcrumb","itemListElement":[{"@type":"ListItem","position":1,"name":"Accueil","item":"https:\/\/pharmadreams.shop\/"},{"@type":"ListItem","position":2,"name":"Shop","item":"https:\/\/pharmadreams.shop\/index.php\/shop\/"},{"@type":"ListItem","position":3,"name":"Clinic way contour yeux 1+2"}]},{"@type":"WebSite","@id":"https:\/\/pharmadreams.shop\/#website","url":"https:\/\/pharmadreams.shop\/","name":"pharmadreams","description":"Parapharmacie en ligne","potentialAction":[{"@type":"SearchAction","target":{"@type":"EntryPoint","urlTemplate":"https:\/\/pharmadreams.shop\/?s={search_term_string}"},"query-input":"required name=search_term_string"}],"inLanguage":"fr-FR"}]}},"_links":{"self":[{"href":"https:\/\/pharmadreams.shop\/index.php\/wp-json\/wp\/v2\/product\/17286","targetHints":{"allow":["GET"]}}],"collection":[{"href":"https:\/\/pharmadreams.shop\/index.php\/wp-json\/wp\/v2\/product"}],"about":[{"href":"https:\/\/pharmadreams.shop\/index.php\/wp-json\/wp\/v2\/types\/product"}],"replies":[{"embeddable":true,"href":"https:\/\/pharmadreams.shop\/index.php\/wp-json\/wp\/v2\/comments?post=17286"}],"version-history":[{"count":0,"href":"https:\/\/pharmadreams.shop\/index.php\/wp-json\/wp\/v2\/product\/17286\/revisions"}],"wp:featuredmedia":[{"embeddable":true,"href":"https:\/\/pharmadreams.shop\/index.php\/wp-json\/wp\/v2\/media\/17351"}],"wp:attachment":[{"href":"https:\/\/pharmadreams.shop\/index.php\/wp-json\/wp\/v2\/media?parent=17286"}],"wp:term":[{"taxonomy":"product_brand","embeddable":true,"href":"https:\/\/pharmadreams.shop\/index.php\/wp-json\/wp\/v2\/product_brand?post=17286"},{"taxonomy":"product_cat","embeddable":true,"href":"https:\/\/pharmadreams.shop\/index.php\/wp-json\/wp\/v2\/product_cat?post=17286"},{"taxonomy":"product_tag","embeddable":true,"href":"https:\/\/pharmadreams.shop\/index.php\/wp-json\/wp\/v2\/product_tag?post=17286"}],"curies":[{"name":"wp","href":"https:\/\/api.w.org\/{rel}","templated":true}]}}